{"id":5080,"date":"2022-05-05T16:06:43","date_gmt":"2022-05-05T14:06:43","guid":{"rendered":"https:\/\/agora.xtec.cat\/ceip-angelguimera\/?page_id=5080"},"modified":"2022-06-02T10:17:55","modified_gmt":"2022-06-02T08:17:55","slug":"part-estrategica","status":"publish","type":"page","link":"https:\/\/agora.xtec.cat\/ceip-angelguimera\/estrategia-digital\/part-estrategica\/","title":{"rendered":"Part estrat\u00e8gica"},"content":{"rendered":"<div class=\"entry-content\">\n<p dir=\"ltr\">Seguint les indicacions del document definici\u00f3 de l&#8217;EDC, s&#8217;ha estructurat aquesta part en 4 fases:<\/p>\n<p dir=\"ltr\"><strong>Diagnosi<\/strong>: en aquesta fase es tracta de recopilar informaci\u00f3 sobre com treballa el centre l&#8217;\u00e0mbit digital. Es pret\u00e9n obtenir informaci\u00f3 de tots els procediments relacionats amb la digitalitzaci\u00f3, i tamb\u00e9 el domini de les eines digitals de cada grup de la comunitat educativa.<\/p>\n<p dir=\"ltr\"><strong>Objectius:<\/strong> cal veure de quina manera les fortaleses i les debilitats detectades en la diagnosi poden contribuir en la consecuci\u00f3 dels objectius que es planteja el centre en aquest \u00e0mbit.<\/p>\n<p dir=\"ltr\"><strong>Planificaci\u00f3 i Seguiment:<\/strong> definir accions concretes que permetin acabar assolint aquests objectius. Caldr\u00e0 definir en quin curs es desenvoluparan les actuacions i tamb\u00e9 ser\u00e0 necessari establir la seva temporitzaci\u00f3, els seus responsables, els recursos necessaris i la seva avaluaci\u00f3.<\/p>\n<p><strong>Avaluaci\u00f3 i millora<\/strong>: cal determinar si el que s\u2019ha planificat s\u2019est\u00e0 desenvolupant de la manera prevista i, d\u2019aquesta manera, adaptar les accions futures. Aquesta avaluaci\u00f3 \u00e9s la que permetr\u00e0 adaptar l\u2019EDC a l\u2019evoluci\u00f3 del centre.<\/p>\n<\/div>\n","protected":false},"excerpt":{"rendered":"<p>Seguint les indicacions del document definici\u00f3 de l&#8217;EDC, s&#8217;ha estructurat aquesta part en 4 fases: Diagnosi: en aquesta fase es tracta de recopilar informaci\u00f3 sobre com treballa el centre l&#8217;\u00e0mbit digital. Es pret\u00e9n obtenir informaci\u00f3 de tots els procediments relacionats amb la digitalitzaci\u00f3, i tamb\u00e9 el domini de les eines digitals de cada grup de [&hellip;]<\/p>\n","protected":false},"author":1,"featured_media":0,"parent":5084,"menu_order":0,"comment_status":"closed","ping_status":"closed","template":"page-templates\/side-menu.php","meta":{"_bbp_topic_count":0,"_bbp_reply_count":0,"_bbp_total_topic_count":0,"_bbp_total_reply_count":0,"_bbp_voice_count":0,"_bbp_anonymous_reply_count":0,"_bbp_topic_count_hidden":0,"_bbp_reply_count_hidden":0,"_bbp_forum_subforum_count":0,"site-sidebar-layout":"default","site-content-layout":"","ast-site-content-layout":"","site-content-style":"default","site-sidebar-style":"default","ast-global-header-display":"","ast-banner-title-visibility":"","ast-main-header-display":"","ast-hfb-above-header-display":"","ast-hfb-below-header-display":"","ast-hfb-mobile-header-display":"","site-post-title":"","ast-breadcrumbs-content":"","ast-featured-img":"","footer-sml-layout":"","theme-transparent-header-meta":"","adv-header-id-meta":"","stick-header-meta":"","header-above-stick-meta":"","header-main-stick-meta":"","header-below-stick-meta":"","astra-migrate-meta-layouts":"default","ast-page-background-enabled":"default","ast-page-background-meta":{"desktop":{"background-color":"var(--ast-global-color-4)","background-image":"","background-repeat":"repeat","background-position":"center center","background-size":"auto","background-attachment":"scroll","background-type":"","background-media":"","overlay-type":"","overlay-color":"","overlay-opacity":"","overlay-gradient":""},"tablet":{"background-color":"","background-image":"","background-repeat":"repeat","background-position":"center center","background-size":"auto","background-attachment":"scroll","background-type":"","background-media":"","overlay-type":"","overlay-color":"","overlay-opacity":"","overlay-gradient":""},"mobile":{"background-color":"","background-image":"","background-repeat":"repeat","background-position":"center center","background-size":"auto","background-attachment":"scroll","background-type":"","background-media":"","overlay-type":"","overlay-color":"","overlay-opacity":"","overlay-gradient":""}},"ast-content-background-meta":{"desktop":{"background-color":"var(--ast-global-color-5)","background-image":"","background-repeat":"repeat","background-position":"center center","background-size":"auto","background-attachment":"scroll","background-type":"","background-media":"","overlay-type":"","overlay-color":"","overlay-opacity":"","overlay-gradient":""},"tablet":{"background-color":"var(--ast-global-color-5)","background-image":"","background-repeat":"repeat","background-position":"center center","background-size":"auto","background-attachment":"scroll","background-type":"","background-media":"","overlay-type":"","overlay-color":"","overlay-opacity":"","overlay-gradient":""},"mobile":{"background-color":"var(--ast-global-color-5)","background-image":"","background-repeat":"repeat","background-position":"center center","background-size":"auto","background-attachment":"scroll","background-type":"","background-media":"","overlay-type":"","overlay-color":"","overlay-opacity":"","overlay-gradient":""}},"footnotes":""},"class_list":["post-5080","page","type-page","status-publish","hentry"],"post_mailing_queue_ids":[],"_links":{"self":[{"href":"https:\/\/agora.xtec.cat\/ceip-angelguimera\/wp-json\/wp\/v2\/pages\/5080","targetHints":{"allow":["GET"]}}],"collection":[{"href":"https:\/\/agora.xtec.cat\/ceip-angelguimera\/wp-json\/wp\/v2\/pages"}],"about":[{"href":"https:\/\/agora.xtec.cat\/ceip-angelguimera\/wp-json\/wp\/v2\/types\/page"}],"author":[{"embeddable":true,"href":"https:\/\/agora.xtec.cat\/ceip-angelguimera\/wp-json\/wp\/v2\/users\/1"}],"replies":[{"embeddable":true,"href":"https:\/\/agora.xtec.cat\/ceip-angelguimera\/wp-json\/wp\/v2\/comments?post=5080"}],"version-history":[{"count":3,"href":"https:\/\/agora.xtec.cat\/ceip-angelguimera\/wp-json\/wp\/v2\/pages\/5080\/revisions"}],"predecessor-version":[{"id":5568,"href":"https:\/\/agora.xtec.cat\/ceip-angelguimera\/wp-json\/wp\/v2\/pages\/5080\/revisions\/5568"}],"up":[{"embeddable":true,"href":"https:\/\/agora.xtec.cat\/ceip-angelguimera\/wp-json\/wp\/v2\/pages\/5084"}],"wp:attachment":[{"href":"https:\/\/agora.xtec.cat\/ceip-angelguimera\/wp-json\/wp\/v2\/media?parent=5080"}],"curies":[{"name":"wp","href":"https:\/\/api.w.org\/{rel}","templated":true}]}}