{"id":34,"date":"2014-09-18T12:32:18","date_gmt":"2014-09-18T11:32:18","guid":{"rendered":"http:\/\/agora.xtec.cat\/ceip-angelguimera\/?page_id=34"},"modified":"2025-08-29T11:55:39","modified_gmt":"2025-08-29T09:55:39","slug":"oferta-educativa","status":"publish","type":"page","link":"https:\/\/agora.xtec.cat\/ceip-angelguimera\/lescola\/oferta-educativa\/","title":{"rendered":"Oferta educativa"},"content":{"rendered":"<p>L&#8217;Escola \u00c0ngel Guimer\u00e0 \u00e9s un centre educatiu de car\u00e0cter p\u00fablic i est\u00e0 ubicat al barri del Cor de Maria de T\u00e0rrega. \u00c9s una escola p\u00fablica, depenent del Departament d&#8217;Ensenyament de la Generalitat de Catalunya. \u00c9s un centre d&#8217;Educaci\u00f3 Infantil i Prim\u00e0ria de dues l\u00ednies que acull infants de 3 a 12 anys.<\/p>\n<p>L&#8217;Escola es mostra compromesa amb una educaci\u00f3 en valors fomentan la solidaritat, el respecte als drets individuals i col\u00b7lectius, la cultura de la pau, la toler\u00e0ncia entre tots els components de la comunitat educativa, la participaci\u00f3, la cohesi\u00f3 social i el respecte a la diversitat de cultures en un marc de di\u00e0leg i conv\u00e8ncia, i el respecte, el reciclatge i la conservaci\u00f3 del medi ambient.<\/p>\n<p>El nostres servei educatiu t\u00e9 com a finalitat que el nostre alumnat esdevingui ciutadans de ra\u00f3, responsables, competents i amb esperit cr\u00edtic, capa\u00e7os de contribuir al progr\u00e9s i desenvolpupament de la nostra societat.<\/p>\n<p><strong>Educaci\u00f3 Infantil<\/strong><\/p>\n<p>3 grups de 3 anys<\/p>\n<p>2 grups de 4 anys<\/p>\n<p>2 grups de 5 anys<\/p>\n<p><strong>Educaci\u00f3 Prim\u00e0ria<\/strong><\/p>\n<p>2 grups de 1r<\/p>\n<p>2 grups de 2n<\/p>\n<p>2 grups de 3r<\/p>\n<p>2 grups de 4t<\/p>\n<p>2 grups de 5\u00e8<\/p>\n<p>2 grups de 6\u00e8<\/p>\n","protected":false},"excerpt":{"rendered":"<p>L&#8217;Escola \u00c0ngel Guimer\u00e0 \u00e9s un centre educatiu de car\u00e0cter p\u00fablic i est\u00e0 ubicat al barri del Cor de Maria de T\u00e0rrega. \u00c9s una escola p\u00fablica, depenent del Departament d&#8217;Ensenyament de la Generalitat de Catalunya. \u00c9s un centre d&#8217;Educaci\u00f3 Infantil i Prim\u00e0ria de dues l\u00ednies que acull infants de 3 a 12 anys. L&#8217;Escola es mostra [&hellip;]<\/p>\n","protected":false},"author":1,"featured_media":0,"parent":22,"menu_order":60,"comment_status":"closed","ping_status":"closed","template":"","meta":{"_bbp_topic_count":0,"_bbp_reply_count":0,"_bbp_total_topic_count":0,"_bbp_total_reply_count":0,"_bbp_voice_count":0,"_bbp_anonymous_reply_count":0,"_bbp_topic_count_hidden":0,"_bbp_reply_count_hidden":0,"_bbp_forum_subforum_count":0,"site-sidebar-layout":"default","site-content-layout":"","ast-site-content-layout":"default","site-content-style":"default","site-sidebar-style":"default","ast-global-header-display":"","ast-banner-title-visibility":"","ast-main-header-display":"","ast-hfb-above-header-display":"","ast-hfb-below-header-display":"","ast-hfb-mobile-header-display":"","site-post-title":"","ast-breadcrumbs-content":"","ast-featured-img":"","footer-sml-layout":"","theme-transparent-header-meta":"","adv-header-id-meta":"","stick-header-meta":"","header-above-stick-meta":"","header-main-stick-meta":"","header-below-stick-meta":"","astra-migrate-meta-layouts":"set","ast-page-background-enabled":"default","ast-page-background-meta":{"desktop":{"background-color":"var(--ast-global-color-4)","background-image":"","background-repeat":"repeat","background-position":"center center","background-size":"auto","background-attachment":"scroll","background-type":"","background-media":"","overlay-type":"","overlay-color":"","overlay-opacity":"","overlay-gradient":""},"tablet":{"background-color":"","background-image":"","background-repeat":"repeat","background-position":"center center","background-size":"auto","background-attachment":"scroll","background-type":"","background-media":"","overlay-type":"","overlay-color":"","overlay-opacity":"","overlay-gradient":""},"mobile":{"background-color":"","background-image":"","background-repeat":"repeat","background-position":"center center","background-size":"auto","background-attachment":"scroll","background-type":"","background-media":"","overlay-type":"","overlay-color":"","overlay-opacity":"","overlay-gradient":""}},"ast-content-background-meta":{"desktop":{"background-color":"var(--ast-global-color-5)","background-image":"","background-repeat":"repeat","background-position":"center center","background-size":"auto","background-attachment":"scroll","background-type":"","background-media":"","overlay-type":"","overlay-color":"","overlay-opacity":"","overlay-gradient":""},"tablet":{"background-color":"var(--ast-global-color-5)","background-image":"","background-repeat":"repeat","background-position":"center center","background-size":"auto","background-attachment":"scroll","background-type":"","background-media":"","overlay-type":"","overlay-color":"","overlay-opacity":"","overlay-gradient":""},"mobile":{"background-color":"var(--ast-global-color-5)","background-image":"","background-repeat":"repeat","background-position":"center center","background-size":"auto","background-attachment":"scroll","background-type":"","background-media":"","overlay-type":"","overlay-color":"","overlay-opacity":"","overlay-gradient":""}},"footnotes":""},"class_list":["post-34","page","type-page","status-publish","hentry"],"post_mailing_queue_ids":[],"_links":{"self":[{"href":"https:\/\/agora.xtec.cat\/ceip-angelguimera\/wp-json\/wp\/v2\/pages\/34","targetHints":{"allow":["GET"]}}],"collection":[{"href":"https:\/\/agora.xtec.cat\/ceip-angelguimera\/wp-json\/wp\/v2\/pages"}],"about":[{"href":"https:\/\/agora.xtec.cat\/ceip-angelguimera\/wp-json\/wp\/v2\/types\/page"}],"author":[{"embeddable":true,"href":"https:\/\/agora.xtec.cat\/ceip-angelguimera\/wp-json\/wp\/v2\/users\/1"}],"replies":[{"embeddable":true,"href":"https:\/\/agora.xtec.cat\/ceip-angelguimera\/wp-json\/wp\/v2\/comments?post=34"}],"version-history":[{"count":3,"href":"https:\/\/agora.xtec.cat\/ceip-angelguimera\/wp-json\/wp\/v2\/pages\/34\/revisions"}],"predecessor-version":[{"id":9963,"href":"https:\/\/agora.xtec.cat\/ceip-angelguimera\/wp-json\/wp\/v2\/pages\/34\/revisions\/9963"}],"up":[{"embeddable":true,"href":"https:\/\/agora.xtec.cat\/ceip-angelguimera\/wp-json\/wp\/v2\/pages\/22"}],"wp:attachment":[{"href":"https:\/\/agora.xtec.cat\/ceip-angelguimera\/wp-json\/wp\/v2\/media?parent=34"}],"curies":[{"name":"wp","href":"https:\/\/api.w.org\/{rel}","templated":true}]}}