{"id":30,"date":"2014-09-18T12:30:23","date_gmt":"2014-09-18T11:30:23","guid":{"rendered":"http:\/\/agora.xtec.cat\/ceip-angelguimera\/?page_id=30"},"modified":"2024-08-01T11:53:11","modified_gmt":"2024-08-01T09:53:11","slug":"instal%c2%b7lacions","status":"publish","type":"page","link":"https:\/\/agora.xtec.cat\/ceip-angelguimera\/lescola\/instal%c2%b7lacions\/","title":{"rendered":"Instal\u00b7lacions"},"content":{"rendered":"<p><span style=\"font-weight: 400;\">Despr\u00e9s de diverses ampliacions, el centre est\u00e0 format per un edifici amb dues aules per nivell, aula d\u2019inform\u00e0tica, laboratori, aula d\u2019idiomes, de m\u00fasica i biblioteca, i 4 aules petites per atenci\u00f3 m\u00e9s individualitzada.<\/span><\/p>\n<p><span style=\"font-weight: 400;\">Comptem amb un gran gimn\u00e0s que\u00a0 comen\u00e7a a ser multifuncional. Hi ha cuina pr\u00f2pia i menjador, amb gesti\u00f3 de l\u2019AMPA. Els passadissos estan passant a ser, cada cop m\u00e9s, espai d\u2019aprenentatge i estem immersos en un projecte de reforma del gran pati que obrir\u00e0 m\u00e9s l\u2019aprenentatge a l\u2019exterior. A fora, hi ha hort i pista poliesportiva.\u00a0<\/span><\/p>\n<p><span style=\"font-weight: 400;\">Respecte als equipaments, el Cicle Superior disposa d\u2019ordinadors personals per a tot l\u2019alumnat. Hi ha una aula d\u2019inform\u00e0tica amb 16 ordinadors, 16 tauletes d\u2019\u00fas general. Estem enmig de la planificaci\u00f3 del Pla Digital per fer dotacions inform\u00e0tiques a tota l\u2019escola en els propers anys, que inclour\u00e0 pantalles interactives a totes les aules, material de rob\u00f2tica i audiovisual, i ampliaci\u00f3 de tauletes i port\u00e0tils. Tamb\u00e9 disposem d\u2019una bona dotaci\u00f3 de material esportiu.<\/span><\/p>\n<table style=\"width: 100%; border-collapse: collapse; border-style: solid; border-color: #ffffff;\">\n<tbody>\n<tr style=\"height: 144px;\">\n<td style=\"width: 50%; height: 144px; text-align: center; border-color: #ffffff;\"><a href=\"https:\/\/agora.xtec.cat\/ceip-angelguimera\/wp-content\/uploads\/usu637\/2024\/07\/IMG_20240130_111527-scaled.jpg\"><img loading=\"lazy\" decoding=\"async\" class=\"aligncenter wp-image-8637\" src=\"https:\/\/agora.xtec.cat\/ceip-angelguimera\/wp-content\/uploads\/usu637\/2024\/07\/IMG_20240130_111527-300x225.jpg\" alt=\"\" width=\"356\" height=\"267\" srcset=\"https:\/\/agora.xtec.cat\/ceip-angelguimera\/wp-content\/uploads\/usu637\/2024\/07\/IMG_20240130_111527-300x225.jpg 300w, https:\/\/agora.xtec.cat\/ceip-angelguimera\/wp-content\/uploads\/usu637\/2024\/07\/IMG_20240130_111527-1024x768.jpg 1024w, https:\/\/agora.xtec.cat\/ceip-angelguimera\/wp-content\/uploads\/usu637\/2024\/07\/IMG_20240130_111527-768x576.jpg 768w, https:\/\/agora.xtec.cat\/ceip-angelguimera\/wp-content\/uploads\/usu637\/2024\/07\/IMG_20240130_111527-1536x1152.jpg 1536w, https:\/\/agora.xtec.cat\/ceip-angelguimera\/wp-content\/uploads\/usu637\/2024\/07\/IMG_20240130_111527-2048x1536.jpg 2048w, https:\/\/agora.xtec.cat\/ceip-angelguimera\/wp-content\/uploads\/usu637\/2024\/07\/IMG_20240130_111527-200x150.jpg 200w\" sizes=\"auto, (max-width: 356px) 100vw, 356px\" \/><\/a><\/td>\n<td style=\"width: 50%; height: 144px; text-align: center; border-color: #ffffff;\"><a href=\"https:\/\/agora.xtec.cat\/ceip-angelguimera\/wp-content\/uploads\/usu637\/2024\/07\/AAFslIGJGKc_1718877866694-1.png\"><img loading=\"lazy\" decoding=\"async\" class=\"aligncenter wp-image-8635\" src=\"https:\/\/agora.xtec.cat\/ceip-angelguimera\/wp-content\/uploads\/usu637\/2024\/07\/AAFslIGJGKc_1718877866694-1-300x225.png\" alt=\"\" width=\"352\" height=\"264\" srcset=\"https:\/\/agora.xtec.cat\/ceip-angelguimera\/wp-content\/uploads\/usu637\/2024\/07\/AAFslIGJGKc_1718877866694-1-300x225.png 300w, https:\/\/agora.xtec.cat\/ceip-angelguimera\/wp-content\/uploads\/usu637\/2024\/07\/AAFslIGJGKc_1718877866694-1-1024x768.png 1024w, https:\/\/agora.xtec.cat\/ceip-angelguimera\/wp-content\/uploads\/usu637\/2024\/07\/AAFslIGJGKc_1718877866694-1-768x576.png 768w, https:\/\/agora.xtec.cat\/ceip-angelguimera\/wp-content\/uploads\/usu637\/2024\/07\/AAFslIGJGKc_1718877866694-1-1536x1152.png 1536w, https:\/\/agora.xtec.cat\/ceip-angelguimera\/wp-content\/uploads\/usu637\/2024\/07\/AAFslIGJGKc_1718877866694-1-2048x1536.png 2048w, https:\/\/agora.xtec.cat\/ceip-angelguimera\/wp-content\/uploads\/usu637\/2024\/07\/AAFslIGJGKc_1718877866694-1-200x150.png 200w\" sizes=\"auto, (max-width: 352px) 100vw, 352px\" \/><\/a><\/td>\n<\/tr>\n<tr style=\"height: 32px;\">\n<td style=\"width: 50%; height: 32px; text-align: center; border-color: #ffffff; background-color: #ffffff;\">Aules d&#8217;educaci\u00f3 Infantil<\/td>\n<td style=\"width: 50%; height: 32px; text-align: center; border-color: #ffffff; background-color: #ffffff;\">Biblioteca<\/td>\n<\/tr>\n<tr style=\"height: 37px;\">\n<td style=\"width: 50%; height: 37px; border-color: #ffffff;\"><a href=\"https:\/\/agora.xtec.cat\/ceip-angelguimera\/wp-content\/uploads\/usu637\/2024\/07\/1706526389335-scaled.jpg\"><img loading=\"lazy\" decoding=\"async\" class=\"aligncenter wp-image-8633\" src=\"https:\/\/agora.xtec.cat\/ceip-angelguimera\/wp-content\/uploads\/usu637\/2024\/07\/1706526389335-300x225.jpg\" alt=\"\" width=\"352\" height=\"264\" srcset=\"https:\/\/agora.xtec.cat\/ceip-angelguimera\/wp-content\/uploads\/usu637\/2024\/07\/1706526389335-300x225.jpg 300w, https:\/\/agora.xtec.cat\/ceip-angelguimera\/wp-content\/uploads\/usu637\/2024\/07\/1706526389335-1024x768.jpg 1024w, https:\/\/agora.xtec.cat\/ceip-angelguimera\/wp-content\/uploads\/usu637\/2024\/07\/1706526389335-768x576.jpg 768w, https:\/\/agora.xtec.cat\/ceip-angelguimera\/wp-content\/uploads\/usu637\/2024\/07\/1706526389335-1536x1152.jpg 1536w, https:\/\/agora.xtec.cat\/ceip-angelguimera\/wp-content\/uploads\/usu637\/2024\/07\/1706526389335-2048x1536.jpg 2048w, https:\/\/agora.xtec.cat\/ceip-angelguimera\/wp-content\/uploads\/usu637\/2024\/07\/1706526389335-200x150.jpg 200w\" sizes=\"auto, (max-width: 352px) 100vw, 352px\" \/><\/a><\/td>\n<td style=\"width: 50%; height: 37px; border-color: #ffffff;\"><a href=\"https:\/\/agora.xtec.cat\/ceip-angelguimera\/wp-content\/uploads\/usu637\/2024\/07\/1706185357082-scaled.jpg\"><img loading=\"lazy\" decoding=\"async\" class=\"aligncenter wp-image-8631\" src=\"https:\/\/agora.xtec.cat\/ceip-angelguimera\/wp-content\/uploads\/usu637\/2024\/07\/1706185357082-300x225.jpg\" alt=\"\" width=\"352\" height=\"264\" srcset=\"https:\/\/agora.xtec.cat\/ceip-angelguimera\/wp-content\/uploads\/usu637\/2024\/07\/1706185357082-300x225.jpg 300w, https:\/\/agora.xtec.cat\/ceip-angelguimera\/wp-content\/uploads\/usu637\/2024\/07\/1706185357082-1024x768.jpg 1024w, https:\/\/agora.xtec.cat\/ceip-angelguimera\/wp-content\/uploads\/usu637\/2024\/07\/1706185357082-768x576.jpg 768w, https:\/\/agora.xtec.cat\/ceip-angelguimera\/wp-content\/uploads\/usu637\/2024\/07\/1706185357082-1536x1152.jpg 1536w, https:\/\/agora.xtec.cat\/ceip-angelguimera\/wp-content\/uploads\/usu637\/2024\/07\/1706185357082-2048x1536.jpg 2048w, https:\/\/agora.xtec.cat\/ceip-angelguimera\/wp-content\/uploads\/usu637\/2024\/07\/1706185357082-200x150.jpg 200w\" sizes=\"auto, (max-width: 352px) 100vw, 352px\" \/><\/a><\/td>\n<\/tr>\n<tr style=\"height: 32px;\">\n<td style=\"width: 50%; text-align: center; height: 32px; border-color: #ffffff; background-color: #ffffff;\">Aula d&#8217;Inform\u00e0tica\/rob\u00f2tica<\/td>\n<td style=\"width: 50%; text-align: center; height: 32px; border-color: #ffffff; background-color: #ffffff;\">Biblioteca<\/td>\n<\/tr>\n<tr style=\"height: 37px;\">\n<td style=\"width: 50%; height: 37px; border-color: #ffffff; text-align: center;\"><a href=\"https:\/\/agora.xtec.cat\/ceip-angelguimera\/wp-content\/uploads\/usu637\/2024\/07\/IMG_20240130_093605-scaled.jpg\"><img loading=\"lazy\" decoding=\"async\" class=\"aligncenter wp-image-8636\" src=\"https:\/\/agora.xtec.cat\/ceip-angelguimera\/wp-content\/uploads\/usu637\/2024\/07\/IMG_20240130_093605-300x225.jpg\" alt=\"\" width=\"359\" height=\"269\" srcset=\"https:\/\/agora.xtec.cat\/ceip-angelguimera\/wp-content\/uploads\/usu637\/2024\/07\/IMG_20240130_093605-300x225.jpg 300w, https:\/\/agora.xtec.cat\/ceip-angelguimera\/wp-content\/uploads\/usu637\/2024\/07\/IMG_20240130_093605-1024x768.jpg 1024w, https:\/\/agora.xtec.cat\/ceip-angelguimera\/wp-content\/uploads\/usu637\/2024\/07\/IMG_20240130_093605-768x576.jpg 768w, https:\/\/agora.xtec.cat\/ceip-angelguimera\/wp-content\/uploads\/usu637\/2024\/07\/IMG_20240130_093605-1536x1152.jpg 1536w, https:\/\/agora.xtec.cat\/ceip-angelguimera\/wp-content\/uploads\/usu637\/2024\/07\/IMG_20240130_093605-2048x1536.jpg 2048w, https:\/\/agora.xtec.cat\/ceip-angelguimera\/wp-content\/uploads\/usu637\/2024\/07\/IMG_20240130_093605-200x150.jpg 200w\" sizes=\"auto, (max-width: 359px) 100vw, 359px\" \/><\/a><\/td>\n<td style=\"width: 50%; height: 37px; border-color: #ffffff; text-align: center;\"><a href=\"https:\/\/agora.xtec.cat\/ceip-angelguimera\/wp-content\/uploads\/usu637\/2024\/07\/1706526965230-scaled.jpg\"><img loading=\"lazy\" decoding=\"async\" class=\"aligncenter wp-image-8634\" src=\"https:\/\/agora.xtec.cat\/ceip-angelguimera\/wp-content\/uploads\/usu637\/2024\/07\/1706526965230-300x225.jpg\" alt=\"\" width=\"367\" height=\"275\" srcset=\"https:\/\/agora.xtec.cat\/ceip-angelguimera\/wp-content\/uploads\/usu637\/2024\/07\/1706526965230-300x225.jpg 300w, https:\/\/agora.xtec.cat\/ceip-angelguimera\/wp-content\/uploads\/usu637\/2024\/07\/1706526965230-1024x768.jpg 1024w, https:\/\/agora.xtec.cat\/ceip-angelguimera\/wp-content\/uploads\/usu637\/2024\/07\/1706526965230-768x576.jpg 768w, https:\/\/agora.xtec.cat\/ceip-angelguimera\/wp-content\/uploads\/usu637\/2024\/07\/1706526965230-1536x1152.jpg 1536w, https:\/\/agora.xtec.cat\/ceip-angelguimera\/wp-content\/uploads\/usu637\/2024\/07\/1706526965230-2048x1536.jpg 2048w, https:\/\/agora.xtec.cat\/ceip-angelguimera\/wp-content\/uploads\/usu637\/2024\/07\/1706526965230-200x150.jpg 200w\" sizes=\"auto, (max-width: 367px) 100vw, 367px\" \/><\/a><\/td>\n<\/tr>\n<tr style=\"height: 32px;\">\n<td style=\"width: 50%; height: 32px; border-color: #ffffff; text-align: center; background-color: #fcfcfc;\">Gimn\u00e0s<\/td>\n<td style=\"width: 50%; height: 32px; border-color: #ffffff; text-align: center; background-color: #fcfcfc;\">Menjador<\/td>\n<\/tr>\n<tr style=\"height: 37px;\">\n<td style=\"width: 50%; height: 37px; border-color: #ffffff;\"><a href=\"https:\/\/agora.xtec.cat\/ceip-angelguimera\/wp-content\/uploads\/usu637\/2024\/07\/1706526389312-scaled.jpg\"><img loading=\"lazy\" decoding=\"async\" class=\"aligncenter wp-image-8632\" src=\"https:\/\/agora.xtec.cat\/ceip-angelguimera\/wp-content\/uploads\/usu637\/2024\/07\/1706526389312-300x225.jpg\" alt=\"\" width=\"348\" height=\"261\" srcset=\"https:\/\/agora.xtec.cat\/ceip-angelguimera\/wp-content\/uploads\/usu637\/2024\/07\/1706526389312-300x225.jpg 300w, https:\/\/agora.xtec.cat\/ceip-angelguimera\/wp-content\/uploads\/usu637\/2024\/07\/1706526389312-1024x768.jpg 1024w, https:\/\/agora.xtec.cat\/ceip-angelguimera\/wp-content\/uploads\/usu637\/2024\/07\/1706526389312-768x576.jpg 768w, https:\/\/agora.xtec.cat\/ceip-angelguimera\/wp-content\/uploads\/usu637\/2024\/07\/1706526389312-1536x1152.jpg 1536w, https:\/\/agora.xtec.cat\/ceip-angelguimera\/wp-content\/uploads\/usu637\/2024\/07\/1706526389312-2048x1536.jpg 2048w, https:\/\/agora.xtec.cat\/ceip-angelguimera\/wp-content\/uploads\/usu637\/2024\/07\/1706526389312-200x150.jpg 200w\" sizes=\"auto, (max-width: 348px) 100vw, 348px\" \/><\/a><\/td>\n<td style=\"width: 50%; height: 37px; border-color: #ffffff;\"><\/td>\n<\/tr>\n<tr style=\"height: 32px;\">\n<td style=\"width: 50%; text-align: center; height: 32px; border-color: #ffffff; background-color: #fcfcfc;\">Aula de m\u00fasica<\/td>\n<td style=\"width: 50%; height: 32px; border-color: #ffffff; background-color: #fcfcfc;\"><\/td>\n<\/tr>\n<\/tbody>\n<\/table>\n<p>&nbsp;<\/p>\n","protected":false},"excerpt":{"rendered":"<p>Despr\u00e9s de diverses ampliacions, el centre est\u00e0 format per un edifici amb dues aules per nivell, aula d\u2019inform\u00e0tica, laboratori, aula d\u2019idiomes, de m\u00fasica i biblioteca, i 4 aules petites per atenci\u00f3 m\u00e9s individualitzada. Comptem amb un gran gimn\u00e0s que\u00a0 comen\u00e7a a ser multifuncional. Hi ha cuina pr\u00f2pia i menjador, amb gesti\u00f3 de l\u2019AMPA. Els passadissos [&hellip;]<\/p>\n","protected":false},"author":1,"featured_media":0,"parent":22,"menu_order":40,"comment_status":"closed","ping_status":"closed","template":"page-templates\/side-menu.php","meta":{"_bbp_topic_count":0,"_bbp_reply_count":0,"_bbp_total_topic_count":0,"_bbp_total_reply_count":0,"_bbp_voice_count":0,"_bbp_anonymous_reply_count":0,"_bbp_topic_count_hidden":0,"_bbp_reply_count_hidden":0,"_bbp_forum_subforum_count":0,"site-sidebar-layout":"default","site-content-layout":"","ast-site-content-layout":"","site-content-style":"default","site-sidebar-style":"default","ast-global-header-display":"","ast-banner-title-visibility":"","ast-main-header-display":"","ast-hfb-above-header-display":"","ast-hfb-below-header-display":"","ast-hfb-mobile-header-display":"","site-post-title":"","ast-breadcrumbs-content":"","ast-featured-img":"","footer-sml-layout":"","theme-transparent-header-meta":"","adv-header-id-meta":"","stick-header-meta":"","header-above-stick-meta":"","header-main-stick-meta":"","header-below-stick-meta":"","astra-migrate-meta-layouts":"default","ast-page-background-enabled":"default","ast-page-background-meta":{"desktop":{"background-color":"var(--ast-global-color-4)","background-image":"","background-repeat":"repeat","background-position":"center center","background-size":"auto","background-attachment":"scroll","background-type":"","background-media":"","overlay-type":"","overlay-color":"","overlay-opacity":"","overlay-gradient":""},"tablet":{"background-color":"","background-image":"","background-repeat":"repeat","background-position":"center center","background-size":"auto","background-attachment":"scroll","background-type":"","background-media":"","overlay-type":"","overlay-color":"","overlay-opacity":"","overlay-gradient":""},"mobile":{"background-color":"","background-image":"","background-repeat":"repeat","background-position":"center center","background-size":"auto","background-attachment":"scroll","background-type":"","background-media":"","overlay-type":"","overlay-color":"","overlay-opacity":"","overlay-gradient":""}},"ast-content-background-meta":{"desktop":{"background-color":"var(--ast-global-color-5)","background-image":"","background-repeat":"repeat","background-position":"center center","background-size":"auto","background-attachment":"scroll","background-type":"","background-media":"","overlay-type":"","overlay-color":"","overlay-opacity":"","overlay-gradient":""},"tablet":{"background-color":"var(--ast-global-color-5)","background-image":"","background-repeat":"repeat","background-position":"center center","background-size":"auto","background-attachment":"scroll","background-type":"","background-media":"","overlay-type":"","overlay-color":"","overlay-opacity":"","overlay-gradient":""},"mobile":{"background-color":"var(--ast-global-color-5)","background-image":"","background-repeat":"repeat","background-position":"center center","background-size":"auto","background-attachment":"scroll","background-type":"","background-media":"","overlay-type":"","overlay-color":"","overlay-opacity":"","overlay-gradient":""}},"footnotes":""},"class_list":["post-30","page","type-page","status-publish","hentry"],"post_mailing_queue_ids":[],"_links":{"self":[{"href":"https:\/\/agora.xtec.cat\/ceip-angelguimera\/wp-json\/wp\/v2\/pages\/30","targetHints":{"allow":["GET"]}}],"collection":[{"href":"https:\/\/agora.xtec.cat\/ceip-angelguimera\/wp-json\/wp\/v2\/pages"}],"about":[{"href":"https:\/\/agora.xtec.cat\/ceip-angelguimera\/wp-json\/wp\/v2\/types\/page"}],"author":[{"embeddable":true,"href":"https:\/\/agora.xtec.cat\/ceip-angelguimera\/wp-json\/wp\/v2\/users\/1"}],"replies":[{"embeddable":true,"href":"https:\/\/agora.xtec.cat\/ceip-angelguimera\/wp-json\/wp\/v2\/comments?post=30"}],"version-history":[{"count":7,"href":"https:\/\/agora.xtec.cat\/ceip-angelguimera\/wp-json\/wp\/v2\/pages\/30\/revisions"}],"predecessor-version":[{"id":8655,"href":"https:\/\/agora.xtec.cat\/ceip-angelguimera\/wp-json\/wp\/v2\/pages\/30\/revisions\/8655"}],"up":[{"embeddable":true,"href":"https:\/\/agora.xtec.cat\/ceip-angelguimera\/wp-json\/wp\/v2\/pages\/22"}],"wp:attachment":[{"href":"https:\/\/agora.xtec.cat\/ceip-angelguimera\/wp-json\/wp\/v2\/media?parent=30"}],"curies":[{"name":"wp","href":"https:\/\/api.w.org\/{rel}","templated":true}]}}