{"id":28,"date":"2014-09-18T12:29:35","date_gmt":"2014-09-18T10:29:35","guid":{"rendered":"http:\/\/agora.xtec.cat\/ceip-angelguimera\/?page_id=28"},"modified":"2026-04-13T16:55:16","modified_gmt":"2026-04-13T14:55:16","slug":"consell-escolar","status":"publish","type":"page","link":"https:\/\/agora.xtec.cat\/ceip-angelguimera\/lescola\/consell-escolar\/","title":{"rendered":"Consell escolar"},"content":{"rendered":"\n<p><strong>ELECCIONS 2025 PER TRIAR MEMBRES DEL CONSELL ESCOLAR<\/strong><\/p>\n\n\n\n<div class=\"wp-block-columns is-layout-flex wp-container-core-columns-is-layout-1 wp-block-columns-is-layout-flex\">\n<div class=\"wp-block-column is-layout-flow wp-block-column-is-layout-flow\" style=\"flex-basis:50%\">\n<p><strong>Per qu\u00e8 participar al Consell Escolar?<\/strong><\/p>\n\n\n\n<p>\u00c9s una manera de mostrar <strong>comprom\u00eds i esperit de millora <\/strong>per l&#8217;escola dels nostres infants. Podeu contribuir en les decisions que s&#8217;hi debaten hi aproven respecte a:<\/p>\n\n\n\n<ul class=\"wp-block-list\">\n<li><strong>Aprovaci\u00f3 i Planificaci\u00f3 Educativa<\/strong> a llarg termini o mig termini<\/li>\n\n\n\n<li><strong>Organitzaci\u00f3 i Gesti\u00f3<\/strong>: aprovaci\u00f3 dels documents b\u00e0sics, del rendiment de comptes, dels convenis\u2026<\/li>\n\n\n\n<li><strong>Avaluaci\u00f3 i Seguiment:<\/strong> avaluar el desenvolupament i els resultats de la programaci\u00f3 general anual, de les activitats complement\u00e0ries i extraescolars. Participar en l&#8217;an\u00e0lisi i avaluaci\u00f3 del funcionament general i el rendiment escolar.<\/li>\n\n\n\n<li><strong>En relaci\u00f3 amb l&#8217;entorn: <\/strong>Aprovar els criteris de col\u00b7laboraci\u00f3 amb altres centres i amb l&#8217;entorn.<\/li>\n\n\n\n<li><strong>Qualsevol altra <\/strong>atribu\u00efda per les normes legals o reglament\u00e0ries.<\/li>\n<\/ul>\n<\/div>\n<\/div>\n\n\n\n\n\n<p><\/p>\n\n\n\n<div class=\"wp-block-columns is-layout-flex wp-container-core-columns-is-layout-2 wp-block-columns-is-layout-flex\">\n<div class=\"wp-block-column is-layout-flow wp-block-column-is-layout-flow\" style=\"flex-basis:100%\">\n<figure class=\"wp-block-table alignleft\"><table><tbody><tr><td>DOCENTS<\/td><td class=\"has-text-align-left\" data-align=\"left\">Gonzalo C<br>Carme C<br>Dolors E<br>Sandra F<br>Vanesa G<br>Anna R<\/td><\/tr><tr><td>PAS &#8211; PAE<\/td><td class=\"has-text-align-left\" data-align=\"left\">Saray M. <br><strong>Mireia B.<\/strong> <\/td><\/tr><tr><td>FAM\u00cdLIES<\/td><td class=\"has-text-align-left\" data-align=\"left\">Patricia G <br>Ariadna G <br>Xavier G<br>Montse P<br>Laia P<br>N\u00faria V<\/td><\/tr><tr><td>AJUNTAMENT<\/td><td class=\"has-text-align-left\" data-align=\"left\">Emili Gilabert<br>(Mar L.)<\/td><\/tr><tr><td>EQUIP DIRECTIU<\/td><td class=\"has-text-align-left\" data-align=\"left\">Dolors Pla<br>Sergi Bertran<br>Lola Cantacorps<\/td><\/tr><\/tbody><\/table><\/figure>\n\n\n\n<p>Actual Consell Escolar<\/p>\n<\/div>\n<\/div>\n\n\n\n<p><\/p>\n","protected":false},"excerpt":{"rendered":"<p>ELECCIONS 2025 PER TRIAR MEMBRES DEL CONSELL ESCOLAR Per qu\u00e8 participar al Consell Escolar? \u00c9s una manera de mostrar comprom\u00eds i esperit de millora per l&#8217;escola dels nostres infants. Podeu contribuir en les decisions que s&#8217;hi debaten hi aproven respecte a: DOCENTS Gonzalo CCarme CDolors ESandra FVanesa GAnna R PAS &#8211; PAE Saray M. Mireia [&hellip;]<\/p>\n","protected":false},"author":1,"featured_media":0,"parent":22,"menu_order":30,"comment_status":"closed","ping_status":"closed","template":"","meta":{"_bbp_topic_count":0,"_bbp_reply_count":0,"_bbp_total_topic_count":0,"_bbp_total_reply_count":0,"_bbp_voice_count":0,"_bbp_anonymous_reply_count":0,"_bbp_topic_count_hidden":0,"_bbp_reply_count_hidden":0,"_bbp_forum_subforum_count":0,"site-sidebar-layout":"default","site-content-layout":"","ast-site-content-layout":"default","site-content-style":"default","site-sidebar-style":"default","ast-global-header-display":"","ast-banner-title-visibility":"","ast-main-header-display":"","ast-hfb-above-header-display":"","ast-hfb-below-header-display":"","ast-hfb-mobile-header-display":"","site-post-title":"","ast-breadcrumbs-content":"","ast-featured-img":"","footer-sml-layout":"","theme-transparent-header-meta":"","adv-header-id-meta":"","stick-header-meta":"","header-above-stick-meta":"","header-main-stick-meta":"","header-below-stick-meta":"","astra-migrate-meta-layouts":"set","ast-page-background-enabled":"default","ast-page-background-meta":{"desktop":{"background-color":"var(--ast-global-color-4)","background-image":"","background-repeat":"repeat","background-position":"center center","background-size":"auto","background-attachment":"scroll","background-type":"","background-media":"","overlay-type":"","overlay-color":"","overlay-opacity":"","overlay-gradient":""},"tablet":{"background-color":"","background-image":"","background-repeat":"repeat","background-position":"center center","background-size":"auto","background-attachment":"scroll","background-type":"","background-media":"","overlay-type":"","overlay-color":"","overlay-opacity":"","overlay-gradient":""},"mobile":{"background-color":"","background-image":"","background-repeat":"repeat","background-position":"center center","background-size":"auto","background-attachment":"scroll","background-type":"","background-media":"","overlay-type":"","overlay-color":"","overlay-opacity":"","overlay-gradient":""}},"ast-content-background-meta":{"desktop":{"background-color":"var(--ast-global-color-5)","background-image":"","background-repeat":"repeat","background-position":"center center","background-size":"auto","background-attachment":"scroll","background-type":"","background-media":"","overlay-type":"","overlay-color":"","overlay-opacity":"","overlay-gradient":""},"tablet":{"background-color":"var(--ast-global-color-5)","background-image":"","background-repeat":"repeat","background-position":"center center","background-size":"auto","background-attachment":"scroll","background-type":"","background-media":"","overlay-type":"","overlay-color":"","overlay-opacity":"","overlay-gradient":""},"mobile":{"background-color":"var(--ast-global-color-5)","background-image":"","background-repeat":"repeat","background-position":"center center","background-size":"auto","background-attachment":"scroll","background-type":"","background-media":"","overlay-type":"","overlay-color":"","overlay-opacity":"","overlay-gradient":""}},"footnotes":""},"class_list":["post-28","page","type-page","status-publish","hentry"],"post_mailing_queue_ids":[],"_links":{"self":[{"href":"https:\/\/agora.xtec.cat\/ceip-angelguimera\/wp-json\/wp\/v2\/pages\/28","targetHints":{"allow":["GET"]}}],"collection":[{"href":"https:\/\/agora.xtec.cat\/ceip-angelguimera\/wp-json\/wp\/v2\/pages"}],"about":[{"href":"https:\/\/agora.xtec.cat\/ceip-angelguimera\/wp-json\/wp\/v2\/types\/page"}],"author":[{"embeddable":true,"href":"https:\/\/agora.xtec.cat\/ceip-angelguimera\/wp-json\/wp\/v2\/users\/1"}],"replies":[{"embeddable":true,"href":"https:\/\/agora.xtec.cat\/ceip-angelguimera\/wp-json\/wp\/v2\/comments?post=28"}],"version-history":[{"count":5,"href":"https:\/\/agora.xtec.cat\/ceip-angelguimera\/wp-json\/wp\/v2\/pages\/28\/revisions"}],"predecessor-version":[{"id":10774,"href":"https:\/\/agora.xtec.cat\/ceip-angelguimera\/wp-json\/wp\/v2\/pages\/28\/revisions\/10774"}],"up":[{"embeddable":true,"href":"https:\/\/agora.xtec.cat\/ceip-angelguimera\/wp-json\/wp\/v2\/pages\/22"}],"wp:attachment":[{"href":"https:\/\/agora.xtec.cat\/ceip-angelguimera\/wp-json\/wp\/v2\/media?parent=28"}],"curies":[{"name":"wp","href":"https:\/\/api.w.org\/{rel}","templated":true}]}}