{"id":10425,"date":"2026-02-03T10:19:13","date_gmt":"2026-02-03T09:19:13","guid":{"rendered":"https:\/\/agora.xtec.cat\/ceip-angelguimera\/?page_id=10425"},"modified":"2026-02-03T10:19:13","modified_gmt":"2026-02-03T09:19:13","slug":"%f0%9f%9b%91-aquiproubullying","status":"publish","type":"page","link":"https:\/\/agora.xtec.cat\/ceip-angelguimera\/%f0%9f%9b%91-aquiproubullying\/","title":{"rendered":"\ud83d\uded1 #aquiproubullying"},"content":{"rendered":"\n<p>Aquest curs es repr\u00e8n el programa <strong>#aquiproubullying<\/strong>, amb una nova formaci\u00f3 per a la Comissi\u00f3 de Coeducaci\u00f3, Conviv\u00e8ncia i Benestar de l\u2019Alumnat.<\/p>\n\n\n\n<p>Les principals l\u00ednies d\u2019actuaci\u00f3 s\u00f3n:<\/p>\n\n\n\n<ul class=\"wp-block-list\">\n<li>Reactivaci\u00f3 de les accions de mediaci\u00f3 entre iguals<\/li>\n\n\n\n<li>Formaci\u00f3 de l\u2019alumnat i de les fam\u00edlies<\/li>\n\n\n\n<li>Creaci\u00f3 d\u2019Equips de conviv\u00e8ncia amb alumnat<\/li>\n\n\n\n<li>Acc\u00e9s i \u00fas dels materials del programa<\/li>\n<\/ul>\n","protected":false},"excerpt":{"rendered":"<p>Aquest curs es repr\u00e8n el programa #aquiproubullying, amb una nova formaci\u00f3 per a la Comissi\u00f3 de Coeducaci\u00f3, Conviv\u00e8ncia i Benestar de l\u2019Alumnat. Les principals l\u00ednies d\u2019actuaci\u00f3 s\u00f3n:<\/p>\n","protected":false},"author":1,"featured_media":0,"parent":0,"menu_order":0,"comment_status":"closed","ping_status":"close","template":"","meta":{"_bbp_topic_count":0,"_bbp_reply_count":0,"_bbp_total_topic_count":0,"_bbp_total_reply_count":0,"_bbp_voice_count":0,"_bbp_anonymous_reply_count":0,"_bbp_topic_count_hidden":0,"_bbp_reply_count_hidden":0,"_bbp_forum_subforum_count":0,"site-sidebar-layout":"default","site-content-layout":"","ast-site-content-layout":"default","site-content-style":"default","site-sidebar-style":"default","ast-global-header-display":"","ast-banner-title-visibility":"","ast-main-header-display":"","ast-hfb-above-header-display":"","ast-hfb-below-header-display":"","ast-hfb-mobile-header-display":"","site-post-title":"","ast-breadcrumbs-content":"","ast-featured-img":"","footer-sml-layout":"","theme-transparent-header-meta":"","adv-header-id-meta":"","stick-header-meta":"","header-above-stick-meta":"","header-main-stick-meta":"","header-below-stick-meta":"","astra-migrate-meta-layouts":"set","ast-page-background-enabled":"default","ast-page-background-meta":{"desktop":{"background-color":"var(--ast-global-color-4)","background-image":"","background-repeat":"repeat","background-position":"center center","background-size":"auto","background-attachment":"scroll","background-type":"","background-media":"","overlay-type":"","overlay-color":"","overlay-opacity":"","overlay-gradient":""},"tablet":{"background-color":"","background-image":"","background-repeat":"repeat","background-position":"center center","background-size":"auto","background-attachment":"scroll","background-type":"","background-media":"","overlay-type":"","overlay-color":"","overlay-opacity":"","overlay-gradient":""},"mobile":{"background-color":"","background-image":"","background-repeat":"repeat","background-position":"center center","background-size":"auto","background-attachment":"scroll","background-type":"","background-media":"","overlay-type":"","overlay-color":"","overlay-opacity":"","overlay-gradient":""}},"ast-content-background-meta":{"desktop":{"background-color":"var(--ast-global-color-5)","background-image":"","background-repeat":"repeat","background-position":"center center","background-size":"auto","background-attachment":"scroll","background-type":"","background-media":"","overlay-type":"","overlay-color":"","overlay-opacity":"","overlay-gradient":""},"tablet":{"background-color":"var(--ast-global-color-5)","background-image":"","background-repeat":"repeat","background-position":"center center","background-size":"auto","background-attachment":"scroll","background-type":"","background-media":"","overlay-type":"","overlay-color":"","overlay-opacity":"","overlay-gradient":""},"mobile":{"background-color":"var(--ast-global-color-5)","background-image":"","background-repeat":"repeat","background-position":"center center","background-size":"auto","background-attachment":"scroll","background-type":"","background-media":"","overlay-type":"","overlay-color":"","overlay-opacity":"","overlay-gradient":""}},"footnotes":""},"class_list":["post-10425","page","type-page","status-publish","hentry"],"post_mailing_queue_ids":[],"_links":{"self":[{"href":"https:\/\/agora.xtec.cat\/ceip-angelguimera\/wp-json\/wp\/v2\/pages\/10425","targetHints":{"allow":["GET"]}}],"collection":[{"href":"https:\/\/agora.xtec.cat\/ceip-angelguimera\/wp-json\/wp\/v2\/pages"}],"about":[{"href":"https:\/\/agora.xtec.cat\/ceip-angelguimera\/wp-json\/wp\/v2\/types\/page"}],"author":[{"embeddable":true,"href":"https:\/\/agora.xtec.cat\/ceip-angelguimera\/wp-json\/wp\/v2\/users\/1"}],"replies":[{"embeddable":true,"href":"https:\/\/agora.xtec.cat\/ceip-angelguimera\/wp-json\/wp\/v2\/comments?post=10425"}],"version-history":[{"count":1,"href":"https:\/\/agora.xtec.cat\/ceip-angelguimera\/wp-json\/wp\/v2\/pages\/10425\/revisions"}],"predecessor-version":[{"id":10426,"href":"https:\/\/agora.xtec.cat\/ceip-angelguimera\/wp-json\/wp\/v2\/pages\/10425\/revisions\/10426"}],"wp:attachment":[{"href":"https:\/\/agora.xtec.cat\/ceip-angelguimera\/wp-json\/wp\/v2\/media?parent=10425"}],"curies":[{"name":"wp","href":"https:\/\/api.w.org\/{rel}","templated":true}]}}