{"id":10350,"date":"2026-02-03T09:01:24","date_gmt":"2026-02-03T08:01:24","guid":{"rendered":"https:\/\/agora.xtec.cat\/ceip-angelguimera\/?page_id=10350"},"modified":"2026-02-03T09:01:25","modified_gmt":"2026-02-03T08:01:25","slug":"%f0%9f%94%8d-projecte-interdisciplinari","status":"publish","type":"page","link":"https:\/\/agora.xtec.cat\/ceip-angelguimera\/%f0%9f%94%8d-projecte-interdisciplinari\/","title":{"rendered":"\ud83d\udd0d Projecte interdisciplinari"},"content":{"rendered":"\n<p>Cada curs es desenvolupa un <strong>projecte interdisciplinari<\/strong> que implica tot el centre. El tema del projecte <strong>sorgeix de les propostes de l\u2019alumnat<\/strong> i es decideix mitjan\u00e7ant una <strong>votaci\u00f3 al Consell d\u2019Infants<\/strong>, on participen els delegats i delegades de cada classe.<\/p>\n\n\n\n<p>A partir de l\u2019eix escollit, l\u2019alumnat treballa continguts de diverses \u00e0rees de manera globalitzada, fomentant la recerca, el treball cooperatiu, el pensament cr\u00edtic i l\u2019aprenentatge significatiu, aix\u00ed com la participaci\u00f3 activa i el sentiment de pertinen\u00e7a al centre.<\/p>\n\n\n\n<ul class=\"wp-block-list\">\n<li><strong>El curs passat<\/strong>, el projecte interdisciplinari va girar entorn de <strong>l\u2019\u00c0ngel Guimer\u00e0<\/strong>, apropant l\u2019alumnat a la figura i a l\u2019obra de l\u2019autor i refor\u00e7ant el vincle amb la identitat del centre.<\/li>\n\n\n\n<li><strong>Aquest curs<\/strong>, el projecte interdisciplinari t\u00e9 com a eix <strong>els esports<\/strong>, treballant valors com l\u2019esfor\u00e7, el treball en equip, el respecte, la superaci\u00f3 personal i els h\u00e0bits de vida saludables.<\/li>\n<\/ul>\n\n\n\n<p>Aquest proc\u00e9s afavoreix una escola participativa, democr\u00e0tica i compromesa amb l\u2019aprenentatge significatiu.<\/p>\n","protected":false},"excerpt":{"rendered":"<p>Cada curs es desenvolupa un projecte interdisciplinari que implica tot el centre. El tema del projecte sorgeix de les propostes de l\u2019alumnat i es decideix mitjan\u00e7ant una votaci\u00f3 al Consell d\u2019Infants, on participen els delegats i delegades de cada classe. A partir de l\u2019eix escollit, l\u2019alumnat treballa continguts de diverses \u00e0rees de manera globalitzada, fomentant [&hellip;]<\/p>\n","protected":false},"author":1,"featured_media":0,"parent":0,"menu_order":0,"comment_status":"closed","ping_status":"close","template":"","meta":{"_bbp_topic_count":0,"_bbp_reply_count":0,"_bbp_total_topic_count":0,"_bbp_total_reply_count":0,"_bbp_voice_count":0,"_bbp_anonymous_reply_count":0,"_bbp_topic_count_hidden":0,"_bbp_reply_count_hidden":0,"_bbp_forum_subforum_count":0,"site-sidebar-layout":"default","site-content-layout":"","ast-site-content-layout":"default","site-content-style":"default","site-sidebar-style":"default","ast-global-header-display":"","ast-banner-title-visibility":"","ast-main-header-display":"","ast-hfb-above-header-display":"","ast-hfb-below-header-display":"","ast-hfb-mobile-header-display":"","site-post-title":"","ast-breadcrumbs-content":"","ast-featured-img":"","footer-sml-layout":"","theme-transparent-header-meta":"","adv-header-id-meta":"","stick-header-meta":"","header-above-stick-meta":"","header-main-stick-meta":"","header-below-stick-meta":"","astra-migrate-meta-layouts":"set","ast-page-background-enabled":"default","ast-page-background-meta":{"desktop":{"background-color":"var(--ast-global-color-4)","background-image":"","background-repeat":"repeat","background-position":"center center","background-size":"auto","background-attachment":"scroll","background-type":"","background-media":"","overlay-type":"","overlay-color":"","overlay-opacity":"","overlay-gradient":""},"tablet":{"background-color":"","background-image":"","background-repeat":"repeat","background-position":"center center","background-size":"auto","background-attachment":"scroll","background-type":"","background-media":"","overlay-type":"","overlay-color":"","overlay-opacity":"","overlay-gradient":""},"mobile":{"background-color":"","background-image":"","background-repeat":"repeat","background-position":"center center","background-size":"auto","background-attachment":"scroll","background-type":"","background-media":"","overlay-type":"","overlay-color":"","overlay-opacity":"","overlay-gradient":""}},"ast-content-background-meta":{"desktop":{"background-color":"var(--ast-global-color-5)","background-image":"","background-repeat":"repeat","background-position":"center center","background-size":"auto","background-attachment":"scroll","background-type":"","background-media":"","overlay-type":"","overlay-color":"","overlay-opacity":"","overlay-gradient":""},"tablet":{"background-color":"var(--ast-global-color-5)","background-image":"","background-repeat":"repeat","background-position":"center center","background-size":"auto","background-attachment":"scroll","background-type":"","background-media":"","overlay-type":"","overlay-color":"","overlay-opacity":"","overlay-gradient":""},"mobile":{"background-color":"var(--ast-global-color-5)","background-image":"","background-repeat":"repeat","background-position":"center center","background-size":"auto","background-attachment":"scroll","background-type":"","background-media":"","overlay-type":"","overlay-color":"","overlay-opacity":"","overlay-gradient":""}},"footnotes":""},"class_list":["post-10350","page","type-page","status-publish","hentry"],"post_mailing_queue_ids":[],"_links":{"self":[{"href":"https:\/\/agora.xtec.cat\/ceip-angelguimera\/wp-json\/wp\/v2\/pages\/10350","targetHints":{"allow":["GET"]}}],"collection":[{"href":"https:\/\/agora.xtec.cat\/ceip-angelguimera\/wp-json\/wp\/v2\/pages"}],"about":[{"href":"https:\/\/agora.xtec.cat\/ceip-angelguimera\/wp-json\/wp\/v2\/types\/page"}],"author":[{"embeddable":true,"href":"https:\/\/agora.xtec.cat\/ceip-angelguimera\/wp-json\/wp\/v2\/users\/1"}],"replies":[{"embeddable":true,"href":"https:\/\/agora.xtec.cat\/ceip-angelguimera\/wp-json\/wp\/v2\/comments?post=10350"}],"version-history":[{"count":1,"href":"https:\/\/agora.xtec.cat\/ceip-angelguimera\/wp-json\/wp\/v2\/pages\/10350\/revisions"}],"predecessor-version":[{"id":10351,"href":"https:\/\/agora.xtec.cat\/ceip-angelguimera\/wp-json\/wp\/v2\/pages\/10350\/revisions\/10351"}],"wp:attachment":[{"href":"https:\/\/agora.xtec.cat\/ceip-angelguimera\/wp-json\/wp\/v2\/media?parent=10350"}],"curies":[{"name":"wp","href":"https:\/\/api.w.org\/{rel}","templated":true}]}}