{"id":10346,"date":"2026-02-03T08:57:04","date_gmt":"2026-02-03T07:57:04","guid":{"rendered":"https:\/\/agora.xtec.cat\/ceip-angelguimera\/?page_id=10346"},"modified":"2026-02-04T15:07:03","modified_gmt":"2026-02-04T14:07:03","slug":"%f0%9f%93%96-foment-de-la-lectura","status":"publish","type":"page","link":"https:\/\/agora.xtec.cat\/ceip-angelguimera\/%f0%9f%93%96-foment-de-la-lectura\/","title":{"rendered":"\ud83d\udcd6 Foment de la lectura"},"content":{"rendered":"\n<p>Fomentem el gust per la lectura mitjan\u00e7ant diferents actuacions:<\/p>\n\n\n\n<ul class=\"wp-block-list\">\n<li><strong>Ganes de llegir<\/strong>, amb propostes motivadores adaptades a les edats i interessos de l\u2019alumnat.<\/li>\n\n\n\n<li><strong>Lectura di\u00e0ria<\/strong>, dedicant mitja hora cada dia a la lectura com a eina clau per al desenvolupament ling\u00fc\u00edstic i emocional.<\/li>\n\n\n\n<li><strong>Apadrinament lector<\/strong>, amb propostes de millora seguint les indicacions de la XCL. T\u00e9 lloc entre 6\u00e8 i I5, i entre 5\u00e8 i 1r, un dia a la setmana. El projecte s\u2019inicia a l\u2019octubre amb un acte inaugural al vest\u00edbul del centre i finalitza al maig amb una cloenda i el lliurament de diplomes.<\/li>\n\n\n\n<li><strong>Biblioreptes<\/strong>, cada mes es proposen dos biblioreptes que s&#8217;han de resoldre a la biblioteca. Els reptes estan relacionats amb els esdeveniments m\u00e9s importants del mes i hi ha dues categories. Una per infantil i cicle inicial, i una altra per cicle mitj\u00e0 i superior. <\/li>\n<\/ul>\n\n\n\n<div class=\"wp-block-getwid-images-slider has-arrows-inside has-dots-inside has-images-center has-fitted-images has-fixed-height\"><div class=\"wp-block-getwid-images-slider__wrapper\" data-effect=\"slide\" data-slides-show=\"1\" data-slides-show-laptop=\"1\" data-slides-show-tablet=\"1\" data-slides-show-mobile=\"1\" data-slides-scroll=\"1\" data-autoplay=\"true\" data-pause-hover=\"true\" data-autoplay-speed=\"4000\" data-infinite=\"true\" data-animation-speed=\"800\" data-center-mode=\"false\" data-variable-width=\"false\" data-arrows=\"inside\" data-dots=\"inside\" data-spacing=\"none\"><div class=\"wp-block-getwid-images-slider__item\" style=\"height:1000px\"><figure><img loading=\"lazy\" decoding=\"async\" width=\"768\" height=\"768\" src=\"https:\/\/agora.xtec.cat\/ceip-angelguimera\/wp-content\/uploads\/usu637\/2026\/02\/IMG_20231027_155428_545.webp\" alt=\"\" data-id=\"10396\" data-link=\"https:\/\/agora.xtec.cat\/ceip-angelguimera\/%f0%9f%93%96-foment-de-la-lectura\/attachment\/img_20231027_155428_545-2\/\" data-original-link=\"https:\/\/agora.xtec.cat\/ceip-angelguimera\/wp-content\/uploads\/usu637\/2026\/02\/IMG_20231027_155428_545.webp\" class=\"wp-block-getwid-images-slider__image wp-image-10396\" srcset=\"https:\/\/agora.xtec.cat\/ceip-angelguimera\/wp-content\/uploads\/usu637\/2026\/02\/IMG_20231027_155428_545.webp 768w, https:\/\/agora.xtec.cat\/ceip-angelguimera\/wp-content\/uploads\/usu637\/2026\/02\/IMG_20231027_155428_545-300x300.webp 300w, https:\/\/agora.xtec.cat\/ceip-angelguimera\/wp-content\/uploads\/usu637\/2026\/02\/IMG_20231027_155428_545-150x150.webp 150w\" sizes=\"auto, (max-width: 768px) 100vw, 768px\" \/><\/figure><\/div><div class=\"wp-block-getwid-images-slider__item\" style=\"height:1000px\"><figure><img loading=\"lazy\" decoding=\"async\" width=\"768\" height=\"768\" src=\"https:\/\/agora.xtec.cat\/ceip-angelguimera\/wp-content\/uploads\/usu637\/2026\/02\/IMG_20231027_155428_572.webp\" alt=\"\" data-id=\"10397\" data-link=\"https:\/\/agora.xtec.cat\/ceip-angelguimera\/%f0%9f%93%96-foment-de-la-lectura\/attachment\/img_20231027_155428_572-2\/\" data-original-link=\"https:\/\/agora.xtec.cat\/ceip-angelguimera\/wp-content\/uploads\/usu637\/2026\/02\/IMG_20231027_155428_572.webp\" class=\"wp-block-getwid-images-slider__image wp-image-10397\" srcset=\"https:\/\/agora.xtec.cat\/ceip-angelguimera\/wp-content\/uploads\/usu637\/2026\/02\/IMG_20231027_155428_572.webp 768w, https:\/\/agora.xtec.cat\/ceip-angelguimera\/wp-content\/uploads\/usu637\/2026\/02\/IMG_20231027_155428_572-300x300.webp 300w, https:\/\/agora.xtec.cat\/ceip-angelguimera\/wp-content\/uploads\/usu637\/2026\/02\/IMG_20231027_155428_572-150x150.webp 150w\" sizes=\"auto, (max-width: 768px) 100vw, 768px\" \/><\/figure><\/div><div class=\"wp-block-getwid-images-slider__item\" style=\"height:1000px\"><figure><img loading=\"lazy\" decoding=\"async\" width=\"768\" height=\"768\" src=\"https:\/\/agora.xtec.cat\/ceip-angelguimera\/wp-content\/uploads\/usu637\/2026\/02\/IMG_20231027_155428_604.webp\" alt=\"\" data-id=\"10398\" data-link=\"https:\/\/agora.xtec.cat\/ceip-angelguimera\/%f0%9f%93%96-foment-de-la-lectura\/attachment\/img_20231027_155428_604\/\" data-original-link=\"https:\/\/agora.xtec.cat\/ceip-angelguimera\/wp-content\/uploads\/usu637\/2026\/02\/IMG_20231027_155428_604.webp\" class=\"wp-block-getwid-images-slider__image wp-image-10398\" srcset=\"https:\/\/agora.xtec.cat\/ceip-angelguimera\/wp-content\/uploads\/usu637\/2026\/02\/IMG_20231027_155428_604.webp 768w, https:\/\/agora.xtec.cat\/ceip-angelguimera\/wp-content\/uploads\/usu637\/2026\/02\/IMG_20231027_155428_604-300x300.webp 300w, https:\/\/agora.xtec.cat\/ceip-angelguimera\/wp-content\/uploads\/usu637\/2026\/02\/IMG_20231027_155428_604-150x150.webp 150w\" sizes=\"auto, (max-width: 768px) 100vw, 768px\" \/><\/figure><\/div><div class=\"wp-block-getwid-images-slider__item\" style=\"height:1000px\"><figure><img loading=\"lazy\" decoding=\"async\" width=\"768\" height=\"576\" src=\"https:\/\/agora.xtec.cat\/ceip-angelguimera\/wp-content\/uploads\/usu637\/2026\/02\/IMG-20231020-WA00061-768x576.jpg\" alt=\"\" data-id=\"10399\" data-link=\"https:\/\/agora.xtec.cat\/ceip-angelguimera\/%f0%9f%93%96-foment-de-la-lectura\/attachment\/img-20231020-wa00061\/\" data-original-link=\"https:\/\/agora.xtec.cat\/ceip-angelguimera\/wp-content\/uploads\/usu637\/2026\/02\/IMG-20231020-WA00061-rotated.jpg\" class=\"wp-block-getwid-images-slider__image wp-image-10399\" srcset=\"https:\/\/agora.xtec.cat\/ceip-angelguimera\/wp-content\/uploads\/usu637\/2026\/02\/IMG-20231020-WA00061-768x576.jpg 768w, https:\/\/agora.xtec.cat\/ceip-angelguimera\/wp-content\/uploads\/usu637\/2026\/02\/IMG-20231020-WA00061-300x225.jpg 300w, https:\/\/agora.xtec.cat\/ceip-angelguimera\/wp-content\/uploads\/usu637\/2026\/02\/IMG-20231020-WA00061-rotated.jpg 1024w\" sizes=\"auto, (max-width: 768px) 100vw, 768px\" \/><\/figure><\/div><\/div><\/div>\n","protected":false},"excerpt":{"rendered":"<p>Fomentem el gust per la lectura mitjan\u00e7ant diferents actuacions:<\/p>\n","protected":false},"author":1,"featured_media":0,"parent":0,"menu_order":0,"comment_status":"closed","ping_status":"close","template":"","meta":{"_bbp_topic_count":0,"_bbp_reply_count":0,"_bbp_total_topic_count":0,"_bbp_total_reply_count":0,"_bbp_voice_count":0,"_bbp_anonymous_reply_count":0,"_bbp_topic_count_hidden":0,"_bbp_reply_count_hidden":0,"_bbp_forum_subforum_count":0,"site-sidebar-layout":"default","site-content-layout":"","ast-site-content-layout":"default","site-content-style":"default","site-sidebar-style":"default","ast-global-header-display":"","ast-banner-title-visibility":"","ast-main-header-display":"","ast-hfb-above-header-display":"","ast-hfb-below-header-display":"","ast-hfb-mobile-header-display":"","site-post-title":"","ast-breadcrumbs-content":"","ast-featured-img":"","footer-sml-layout":"","theme-transparent-header-meta":"","adv-header-id-meta":"","stick-header-meta":"","header-above-stick-meta":"","header-main-stick-meta":"","header-below-stick-meta":"","astra-migrate-meta-layouts":"set","ast-page-background-enabled":"default","ast-page-background-meta":{"desktop":{"background-color":"var(--ast-global-color-4)","background-image":"","background-repeat":"repeat","background-position":"center center","background-size":"auto","background-attachment":"scroll","background-type":"","background-media":"","overlay-type":"","overlay-color":"","overlay-opacity":"","overlay-gradient":""},"tablet":{"background-color":"","background-image":"","background-repeat":"repeat","background-position":"center center","background-size":"auto","background-attachment":"scroll","background-type":"","background-media":"","overlay-type":"","overlay-color":"","overlay-opacity":"","overlay-gradient":""},"mobile":{"background-color":"","background-image":"","background-repeat":"repeat","background-position":"center center","background-size":"auto","background-attachment":"scroll","background-type":"","background-media":"","overlay-type":"","overlay-color":"","overlay-opacity":"","overlay-gradient":""}},"ast-content-background-meta":{"desktop":{"background-color":"var(--ast-global-color-5)","background-image":"","background-repeat":"repeat","background-position":"center center","background-size":"auto","background-attachment":"scroll","background-type":"","background-media":"","overlay-type":"","overlay-color":"","overlay-opacity":"","overlay-gradient":""},"tablet":{"background-color":"var(--ast-global-color-5)","background-image":"","background-repeat":"repeat","background-position":"center center","background-size":"auto","background-attachment":"scroll","background-type":"","background-media":"","overlay-type":"","overlay-color":"","overlay-opacity":"","overlay-gradient":""},"mobile":{"background-color":"var(--ast-global-color-5)","background-image":"","background-repeat":"repeat","background-position":"center center","background-size":"auto","background-attachment":"scroll","background-type":"","background-media":"","overlay-type":"","overlay-color":"","overlay-opacity":"","overlay-gradient":""}},"footnotes":""},"class_list":["post-10346","page","type-page","status-publish","hentry"],"post_mailing_queue_ids":[],"_links":{"self":[{"href":"https:\/\/agora.xtec.cat\/ceip-angelguimera\/wp-json\/wp\/v2\/pages\/10346","targetHints":{"allow":["GET"]}}],"collection":[{"href":"https:\/\/agora.xtec.cat\/ceip-angelguimera\/wp-json\/wp\/v2\/pages"}],"about":[{"href":"https:\/\/agora.xtec.cat\/ceip-angelguimera\/wp-json\/wp\/v2\/types\/page"}],"author":[{"embeddable":true,"href":"https:\/\/agora.xtec.cat\/ceip-angelguimera\/wp-json\/wp\/v2\/users\/1"}],"replies":[{"embeddable":true,"href":"https:\/\/agora.xtec.cat\/ceip-angelguimera\/wp-json\/wp\/v2\/comments?post=10346"}],"version-history":[{"count":5,"href":"https:\/\/agora.xtec.cat\/ceip-angelguimera\/wp-json\/wp\/v2\/pages\/10346\/revisions"}],"predecessor-version":[{"id":10495,"href":"https:\/\/agora.xtec.cat\/ceip-angelguimera\/wp-json\/wp\/v2\/pages\/10346\/revisions\/10495"}],"wp:attachment":[{"href":"https:\/\/agora.xtec.cat\/ceip-angelguimera\/wp-json\/wp\/v2\/media?parent=10346"}],"curies":[{"name":"wp","href":"https:\/\/api.w.org\/{rel}","templated":true}]}}