{"id":10342,"date":"2026-02-03T08:56:39","date_gmt":"2026-02-03T07:56:39","guid":{"rendered":"https:\/\/agora.xtec.cat\/ceip-angelguimera\/?page_id=10342"},"modified":"2026-02-03T08:56:40","modified_gmt":"2026-02-03T07:56:40","slug":"%f0%9f%91%a5-desdoblaments-diversos","status":"publish","type":"page","link":"https:\/\/agora.xtec.cat\/ceip-angelguimera\/%f0%9f%91%a5-desdoblaments-diversos\/","title":{"rendered":"\ud83d\udc65 Desdoblaments diversos"},"content":{"rendered":"\n<p>Es realitzen desdoblaments com a estrat\u00e8gia organitzativa per afavorir una atenci\u00f3 m\u00e9s individualitzada i un aprenentatge de qualitat mitjan\u00e7ant <strong>grups m\u00e9s redu\u00efts<\/strong>.<\/p>\n\n\n\n<p>Els desdoblaments es duen a terme en les seg\u00fcents \u00e0rees i moments:<\/p>\n\n\n\n<ul class=\"wp-block-list\">\n<li><strong>Llengua catalana i matem\u00e0tiques<\/strong>: es realitzen desdoblaments per treballar aquestes \u00e0rees amb grups m\u00e9s petits, fet que permet un millor acompanyament, una major adaptaci\u00f3 als ritmes d\u2019aprenentatge i un aprofundiment en els continguts treballats.<\/li>\n\n\n\n<li><strong>Expressi\u00f3 escrita i eines digitals<\/strong>: de <strong>1r a 4t de prim\u00e0ria<\/strong>, es realitzen desdoblaments per potenciar el treball de l\u2019expressi\u00f3 escrita i el desenvolupament de les compet\u00e8ncies digitals, facilitant un seguiment m\u00e9s proper i personalitzat.<\/li>\n\n\n\n<li><strong>Llengua anglesa<\/strong>: a <strong>tots els cursos<\/strong>, es duu a terme un desdoblament d\u2019una hora setmanal per treballar especialment l\u2019<strong>expressi\u00f3 oral<\/strong>, afavorint la participaci\u00f3 activa i l\u2019\u00fas funcional de la llengua.<\/li>\n<\/ul>\n\n\n\n<p>Aquesta organitzaci\u00f3 permet adaptar millor les propostes educatives, refor\u00e7ar els aprenentatges i donar resposta a la diversitat de l\u2019alumnat.<\/p>\n","protected":false},"excerpt":{"rendered":"<p>Es realitzen desdoblaments com a estrat\u00e8gia organitzativa per afavorir una atenci\u00f3 m\u00e9s individualitzada i un aprenentatge de qualitat mitjan\u00e7ant grups m\u00e9s redu\u00efts. Els desdoblaments es duen a terme en les seg\u00fcents \u00e0rees i moments: Aquesta organitzaci\u00f3 permet adaptar millor les propostes educatives, refor\u00e7ar els aprenentatges i donar resposta a la diversitat de l\u2019alumnat.<\/p>\n","protected":false},"author":1,"featured_media":0,"parent":0,"menu_order":0,"comment_status":"closed","ping_status":"close","template":"","meta":{"_bbp_topic_count":0,"_bbp_reply_count":0,"_bbp_total_topic_count":0,"_bbp_total_reply_count":0,"_bbp_voice_count":0,"_bbp_anonymous_reply_count":0,"_bbp_topic_count_hidden":0,"_bbp_reply_count_hidden":0,"_bbp_forum_subforum_count":0,"site-sidebar-layout":"default","site-content-layout":"","ast-site-content-layout":"default","site-content-style":"default","site-sidebar-style":"default","ast-global-header-display":"","ast-banner-title-visibility":"","ast-main-header-display":"","ast-hfb-above-header-display":"","ast-hfb-below-header-display":"","ast-hfb-mobile-header-display":"","site-post-title":"","ast-breadcrumbs-content":"","ast-featured-img":"","footer-sml-layout":"","theme-transparent-header-meta":"","adv-header-id-meta":"","stick-header-meta":"","header-above-stick-meta":"","header-main-stick-meta":"","header-below-stick-meta":"","astra-migrate-meta-layouts":"set","ast-page-background-enabled":"default","ast-page-background-meta":{"desktop":{"background-color":"var(--ast-global-color-4)","background-image":"","background-repeat":"repeat","background-position":"center center","background-size":"auto","background-attachment":"scroll","background-type":"","background-media":"","overlay-type":"","overlay-color":"","overlay-opacity":"","overlay-gradient":""},"tablet":{"background-color":"","background-image":"","background-repeat":"repeat","background-position":"center center","background-size":"auto","background-attachment":"scroll","background-type":"","background-media":"","overlay-type":"","overlay-color":"","overlay-opacity":"","overlay-gradient":""},"mobile":{"background-color":"","background-image":"","background-repeat":"repeat","background-position":"center center","background-size":"auto","background-attachment":"scroll","background-type":"","background-media":"","overlay-type":"","overlay-color":"","overlay-opacity":"","overlay-gradient":""}},"ast-content-background-meta":{"desktop":{"background-color":"var(--ast-global-color-5)","background-image":"","background-repeat":"repeat","background-position":"center center","background-size":"auto","background-attachment":"scroll","background-type":"","background-media":"","overlay-type":"","overlay-color":"","overlay-opacity":"","overlay-gradient":""},"tablet":{"background-color":"var(--ast-global-color-5)","background-image":"","background-repeat":"repeat","background-position":"center center","background-size":"auto","background-attachment":"scroll","background-type":"","background-media":"","overlay-type":"","overlay-color":"","overlay-opacity":"","overlay-gradient":""},"mobile":{"background-color":"var(--ast-global-color-5)","background-image":"","background-repeat":"repeat","background-position":"center center","background-size":"auto","background-attachment":"scroll","background-type":"","background-media":"","overlay-type":"","overlay-color":"","overlay-opacity":"","overlay-gradient":""}},"footnotes":""},"class_list":["post-10342","page","type-page","status-publish","hentry"],"post_mailing_queue_ids":[],"_links":{"self":[{"href":"https:\/\/agora.xtec.cat\/ceip-angelguimera\/wp-json\/wp\/v2\/pages\/10342","targetHints":{"allow":["GET"]}}],"collection":[{"href":"https:\/\/agora.xtec.cat\/ceip-angelguimera\/wp-json\/wp\/v2\/pages"}],"about":[{"href":"https:\/\/agora.xtec.cat\/ceip-angelguimera\/wp-json\/wp\/v2\/types\/page"}],"author":[{"embeddable":true,"href":"https:\/\/agora.xtec.cat\/ceip-angelguimera\/wp-json\/wp\/v2\/users\/1"}],"replies":[{"embeddable":true,"href":"https:\/\/agora.xtec.cat\/ceip-angelguimera\/wp-json\/wp\/v2\/comments?post=10342"}],"version-history":[{"count":1,"href":"https:\/\/agora.xtec.cat\/ceip-angelguimera\/wp-json\/wp\/v2\/pages\/10342\/revisions"}],"predecessor-version":[{"id":10343,"href":"https:\/\/agora.xtec.cat\/ceip-angelguimera\/wp-json\/wp\/v2\/pages\/10342\/revisions\/10343"}],"wp:attachment":[{"href":"https:\/\/agora.xtec.cat\/ceip-angelguimera\/wp-json\/wp\/v2\/media?parent=10342"}],"curies":[{"name":"wp","href":"https:\/\/api.w.org\/{rel}","templated":true}]}}