{"id":10338,"date":"2026-02-03T08:56:05","date_gmt":"2026-02-03T07:56:05","guid":{"rendered":"https:\/\/agora.xtec.cat\/ceip-angelguimera\/?page_id=10338"},"modified":"2026-02-04T15:05:30","modified_gmt":"2026-02-04T14:05:30","slug":"%f0%9f%8f%ab-espais-daprenentatge","status":"publish","type":"page","link":"https:\/\/agora.xtec.cat\/ceip-angelguimera\/%f0%9f%8f%ab-espais-daprenentatge\/","title":{"rendered":"\ud83c\udfeb Espais d\u2019aprenentatge"},"content":{"rendered":"\n<p>El treball mitjan\u00e7ant els espais d\u2019aprenentatge consisteix en una manera diferent d\u2019organitzar els alumnes, l\u2019espai i els materials per propiciar i construir entorns d\u2019aprenentatge que sorgeixen de manera espont\u00e0nia, activa i significativa.<\/p>\n\n\n\n<p>L\u2019infant \u00e9s el constructor del seu propi aprenentatge: investiga, prova, assaja, modifica, construeix, destrueix, parla, raona, explica, inventa i crea a partir de l\u2019experi\u00e8ncia directa. Els infants accedeixen als espais de manera lliure, escollint les propostes segons els seus interessos, necessitats i ritmes.<\/p>\n\n\n\n<p>Donem molta import\u00e0ncia als espais i a la seva organitzaci\u00f3, utilitzant tota mena de materials i creant entorns atractius i motivadors.<\/p>\n\n\n\n<p><strong>El paper del mestre<\/strong> \u00e9s fer de guia, organitzador i mediador, observant i facilitant el proc\u00e9s d\u2019aprenentatge.<\/p>\n\n\n\n<p>Als espais es treballen:<\/p>\n\n\n\n<ul class=\"wp-block-list\">\n<li>Descoberta d\u2019un mateix i dels altres (autoconeixement, emocions, joc, relacions, autonomia)<\/li>\n\n\n\n<li>Descoberta de l\u2019entorn (exploraci\u00f3, experimentaci\u00f3, raonament i representaci\u00f3)<\/li>\n\n\n\n<li>Comunicaci\u00f3 i llenguatges (observar, parlar, expressar, interpretar, crear)<\/li>\n\n\n\n<li>\u00c0mbits com l\u2019experimentaci\u00f3, la lectoescriptura, la pl\u00e0stica, el cos i el llenguatge matem\u00e0tic<\/li>\n<\/ul>\n\n\n\n<div class=\"wp-block-getwid-images-slider has-arrows-inside has-dots-inside has-images-center has-fitted-images has-fixed-height\"><div class=\"wp-block-getwid-images-slider__wrapper\" data-effect=\"slide\" data-slides-show=\"1\" data-slides-show-laptop=\"1\" data-slides-show-tablet=\"1\" data-slides-show-mobile=\"1\" data-slides-scroll=\"1\" data-autoplay=\"true\" data-pause-hover=\"true\" data-autoplay-speed=\"4000\" data-infinite=\"true\" data-animation-speed=\"800\" data-center-mode=\"false\" data-variable-width=\"false\" data-arrows=\"inside\" data-dots=\"inside\" data-spacing=\"none\"><div class=\"wp-block-getwid-images-slider__item\" style=\"height:1000px\"><figure><img loading=\"lazy\" decoding=\"async\" width=\"1964\" height=\"2560\" src=\"https:\/\/agora.xtec.cat\/ceip-angelguimera\/wp-content\/uploads\/usu637\/2026\/02\/20251204_152203-scaled.jpg\" alt=\"\" data-id=\"10482\" data-link=\"https:\/\/agora.xtec.cat\/ceip-angelguimera\/%f0%9f%8f%ab-espais-daprenentatge\/attachment\/20251204_152203\/\" data-original-link=\"https:\/\/agora.xtec.cat\/ceip-angelguimera\/wp-content\/uploads\/usu637\/2026\/02\/20251204_152203-scaled.jpg\" class=\"wp-block-getwid-images-slider__image wp-image-10482\" srcset=\"https:\/\/agora.xtec.cat\/ceip-angelguimera\/wp-content\/uploads\/usu637\/2026\/02\/20251204_152203-scaled.jpg 1964w, https:\/\/agora.xtec.cat\/ceip-angelguimera\/wp-content\/uploads\/usu637\/2026\/02\/20251204_152203-230x300.jpg 230w, https:\/\/agora.xtec.cat\/ceip-angelguimera\/wp-content\/uploads\/usu637\/2026\/02\/20251204_152203-786x1024.jpg 786w, https:\/\/agora.xtec.cat\/ceip-angelguimera\/wp-content\/uploads\/usu637\/2026\/02\/20251204_152203-768x1001.jpg 768w, https:\/\/agora.xtec.cat\/ceip-angelguimera\/wp-content\/uploads\/usu637\/2026\/02\/20251204_152203-1178x1536.jpg 1178w, https:\/\/agora.xtec.cat\/ceip-angelguimera\/wp-content\/uploads\/usu637\/2026\/02\/20251204_152203-1571x2048.jpg 1571w\" sizes=\"auto, (max-width: 1964px) 100vw, 1964px\" \/><\/figure><\/div><div class=\"wp-block-getwid-images-slider__item\" style=\"height:1000px\"><figure><img loading=\"lazy\" decoding=\"async\" width=\"2560\" height=\"1920\" src=\"https:\/\/agora.xtec.cat\/ceip-angelguimera\/wp-content\/uploads\/usu637\/2026\/02\/IMG_20250926_094004-scaled.jpg\" alt=\"\" data-id=\"10481\" data-link=\"https:\/\/agora.xtec.cat\/ceip-angelguimera\/%f0%9f%8f%ab-espais-daprenentatge\/attachment\/img_20250926_094004\/\" data-original-link=\"https:\/\/agora.xtec.cat\/ceip-angelguimera\/wp-content\/uploads\/usu637\/2026\/02\/IMG_20250926_094004-scaled.jpg\" class=\"wp-block-getwid-images-slider__image wp-image-10481\" srcset=\"https:\/\/agora.xtec.cat\/ceip-angelguimera\/wp-content\/uploads\/usu637\/2026\/02\/IMG_20250926_094004-scaled.jpg 2560w, https:\/\/agora.xtec.cat\/ceip-angelguimera\/wp-content\/uploads\/usu637\/2026\/02\/IMG_20250926_094004-300x225.jpg 300w, https:\/\/agora.xtec.cat\/ceip-angelguimera\/wp-content\/uploads\/usu637\/2026\/02\/IMG_20250926_094004-1024x768.jpg 1024w, https:\/\/agora.xtec.cat\/ceip-angelguimera\/wp-content\/uploads\/usu637\/2026\/02\/IMG_20250926_094004-768x576.jpg 768w, https:\/\/agora.xtec.cat\/ceip-angelguimera\/wp-content\/uploads\/usu637\/2026\/02\/IMG_20250926_094004-1536x1152.jpg 1536w, https:\/\/agora.xtec.cat\/ceip-angelguimera\/wp-content\/uploads\/usu637\/2026\/02\/IMG_20250926_094004-2048x1536.jpg 2048w\" sizes=\"auto, (max-width: 2560px) 100vw, 2560px\" \/><\/figure><\/div><div class=\"wp-block-getwid-images-slider__item\" style=\"height:1000px\"><figure><img loading=\"lazy\" decoding=\"async\" width=\"2560\" height=\"1920\" src=\"https:\/\/agora.xtec.cat\/ceip-angelguimera\/wp-content\/uploads\/usu637\/2026\/02\/IMG_20250919_093536-scaled.jpg\" alt=\"\" data-id=\"10480\" data-link=\"https:\/\/agora.xtec.cat\/ceip-angelguimera\/%f0%9f%8f%ab-espais-daprenentatge\/attachment\/img_20250919_093536\/\" data-original-link=\"https:\/\/agora.xtec.cat\/ceip-angelguimera\/wp-content\/uploads\/usu637\/2026\/02\/IMG_20250919_093536-scaled.jpg\" class=\"wp-block-getwid-images-slider__image wp-image-10480\" srcset=\"https:\/\/agora.xtec.cat\/ceip-angelguimera\/wp-content\/uploads\/usu637\/2026\/02\/IMG_20250919_093536-scaled.jpg 2560w, https:\/\/agora.xtec.cat\/ceip-angelguimera\/wp-content\/uploads\/usu637\/2026\/02\/IMG_20250919_093536-300x225.jpg 300w, https:\/\/agora.xtec.cat\/ceip-angelguimera\/wp-content\/uploads\/usu637\/2026\/02\/IMG_20250919_093536-1024x768.jpg 1024w, https:\/\/agora.xtec.cat\/ceip-angelguimera\/wp-content\/uploads\/usu637\/2026\/02\/IMG_20250919_093536-768x576.jpg 768w, https:\/\/agora.xtec.cat\/ceip-angelguimera\/wp-content\/uploads\/usu637\/2026\/02\/IMG_20250919_093536-1536x1152.jpg 1536w, https:\/\/agora.xtec.cat\/ceip-angelguimera\/wp-content\/uploads\/usu637\/2026\/02\/IMG_20250919_093536-2048x1536.jpg 2048w\" sizes=\"auto, (max-width: 2560px) 100vw, 2560px\" \/><\/figure><\/div><div class=\"wp-block-getwid-images-slider__item\" style=\"height:1000px\"><figure><img loading=\"lazy\" decoding=\"async\" width=\"1920\" height=\"2560\" src=\"https:\/\/agora.xtec.cat\/ceip-angelguimera\/wp-content\/uploads\/usu637\/2026\/02\/IMG_20250919_093509-scaled.jpg\" alt=\"\" data-id=\"10479\" data-link=\"https:\/\/agora.xtec.cat\/ceip-angelguimera\/%f0%9f%8f%ab-espais-daprenentatge\/attachment\/img_20250919_093509\/\" data-original-link=\"https:\/\/agora.xtec.cat\/ceip-angelguimera\/wp-content\/uploads\/usu637\/2026\/02\/IMG_20250919_093509-scaled.jpg\" class=\"wp-block-getwid-images-slider__image wp-image-10479\" srcset=\"https:\/\/agora.xtec.cat\/ceip-angelguimera\/wp-content\/uploads\/usu637\/2026\/02\/IMG_20250919_093509-scaled.jpg 1920w, https:\/\/agora.xtec.cat\/ceip-angelguimera\/wp-content\/uploads\/usu637\/2026\/02\/IMG_20250919_093509-225x300.jpg 225w, https:\/\/agora.xtec.cat\/ceip-angelguimera\/wp-content\/uploads\/usu637\/2026\/02\/IMG_20250919_093509-768x1024.jpg 768w, https:\/\/agora.xtec.cat\/ceip-angelguimera\/wp-content\/uploads\/usu637\/2026\/02\/IMG_20250919_093509-1152x1536.jpg 1152w, https:\/\/agora.xtec.cat\/ceip-angelguimera\/wp-content\/uploads\/usu637\/2026\/02\/IMG_20250919_093509-1536x2048.jpg 1536w\" sizes=\"auto, (max-width: 1920px) 100vw, 1920px\" \/><\/figure><\/div><div class=\"wp-block-getwid-images-slider__item\" style=\"height:1000px\"><figure><img loading=\"lazy\" decoding=\"async\" width=\"1920\" height=\"2560\" src=\"https:\/\/agora.xtec.cat\/ceip-angelguimera\/wp-content\/uploads\/usu637\/2026\/02\/IMG_20250917_093547-scaled.jpg\" alt=\"\" data-id=\"10478\" data-link=\"https:\/\/agora.xtec.cat\/ceip-angelguimera\/%f0%9f%8f%ab-espais-daprenentatge\/attachment\/img_20250917_093547\/\" data-original-link=\"https:\/\/agora.xtec.cat\/ceip-angelguimera\/wp-content\/uploads\/usu637\/2026\/02\/IMG_20250917_093547-scaled.jpg\" class=\"wp-block-getwid-images-slider__image wp-image-10478\" srcset=\"https:\/\/agora.xtec.cat\/ceip-angelguimera\/wp-content\/uploads\/usu637\/2026\/02\/IMG_20250917_093547-scaled.jpg 1920w, https:\/\/agora.xtec.cat\/ceip-angelguimera\/wp-content\/uploads\/usu637\/2026\/02\/IMG_20250917_093547-225x300.jpg 225w, https:\/\/agora.xtec.cat\/ceip-angelguimera\/wp-content\/uploads\/usu637\/2026\/02\/IMG_20250917_093547-768x1024.jpg 768w, https:\/\/agora.xtec.cat\/ceip-angelguimera\/wp-content\/uploads\/usu637\/2026\/02\/IMG_20250917_093547-1152x1536.jpg 1152w, https:\/\/agora.xtec.cat\/ceip-angelguimera\/wp-content\/uploads\/usu637\/2026\/02\/IMG_20250917_093547-1536x2048.jpg 1536w\" sizes=\"auto, (max-width: 1920px) 100vw, 1920px\" \/><\/figure><\/div><div class=\"wp-block-getwid-images-slider__item\" style=\"height:1000px\"><figure><img loading=\"lazy\" decoding=\"async\" width=\"2560\" height=\"1920\" src=\"https:\/\/agora.xtec.cat\/ceip-angelguimera\/wp-content\/uploads\/usu637\/2026\/02\/IMG_20260204_101059-scaled.jpg\" alt=\"\" data-id=\"10470\" data-link=\"https:\/\/agora.xtec.cat\/ceip-angelguimera\/%f0%9f%8f%ab-espais-daprenentatge\/attachment\/img_20260204_101059\/\" data-original-link=\"https:\/\/agora.xtec.cat\/ceip-angelguimera\/wp-content\/uploads\/usu637\/2026\/02\/IMG_20260204_101059-scaled.jpg\" class=\"wp-block-getwid-images-slider__image wp-image-10470\" srcset=\"https:\/\/agora.xtec.cat\/ceip-angelguimera\/wp-content\/uploads\/usu637\/2026\/02\/IMG_20260204_101059-scaled.jpg 2560w, https:\/\/agora.xtec.cat\/ceip-angelguimera\/wp-content\/uploads\/usu637\/2026\/02\/IMG_20260204_101059-300x225.jpg 300w, https:\/\/agora.xtec.cat\/ceip-angelguimera\/wp-content\/uploads\/usu637\/2026\/02\/IMG_20260204_101059-1024x768.jpg 1024w, https:\/\/agora.xtec.cat\/ceip-angelguimera\/wp-content\/uploads\/usu637\/2026\/02\/IMG_20260204_101059-768x576.jpg 768w, https:\/\/agora.xtec.cat\/ceip-angelguimera\/wp-content\/uploads\/usu637\/2026\/02\/IMG_20260204_101059-1536x1152.jpg 1536w, https:\/\/agora.xtec.cat\/ceip-angelguimera\/wp-content\/uploads\/usu637\/2026\/02\/IMG_20260204_101059-2048x1536.jpg 2048w\" sizes=\"auto, (max-width: 2560px) 100vw, 2560px\" \/><\/figure><\/div><div class=\"wp-block-getwid-images-slider__item\" style=\"height:1000px\"><figure><img loading=\"lazy\" decoding=\"async\" width=\"2560\" height=\"1920\" src=\"https:\/\/agora.xtec.cat\/ceip-angelguimera\/wp-content\/uploads\/usu637\/2026\/02\/IMG_20260204_101033-scaled.jpg\" alt=\"\" data-id=\"10471\" data-link=\"https:\/\/agora.xtec.cat\/ceip-angelguimera\/%f0%9f%8f%ab-espais-daprenentatge\/attachment\/img_20260204_101033\/\" data-original-link=\"https:\/\/agora.xtec.cat\/ceip-angelguimera\/wp-content\/uploads\/usu637\/2026\/02\/IMG_20260204_101033-scaled.jpg\" class=\"wp-block-getwid-images-slider__image wp-image-10471\" srcset=\"https:\/\/agora.xtec.cat\/ceip-angelguimera\/wp-content\/uploads\/usu637\/2026\/02\/IMG_20260204_101033-scaled.jpg 2560w, https:\/\/agora.xtec.cat\/ceip-angelguimera\/wp-content\/uploads\/usu637\/2026\/02\/IMG_20260204_101033-300x225.jpg 300w, https:\/\/agora.xtec.cat\/ceip-angelguimera\/wp-content\/uploads\/usu637\/2026\/02\/IMG_20260204_101033-1024x768.jpg 1024w, https:\/\/agora.xtec.cat\/ceip-angelguimera\/wp-content\/uploads\/usu637\/2026\/02\/IMG_20260204_101033-768x576.jpg 768w, https:\/\/agora.xtec.cat\/ceip-angelguimera\/wp-content\/uploads\/usu637\/2026\/02\/IMG_20260204_101033-1536x1152.jpg 1536w, https:\/\/agora.xtec.cat\/ceip-angelguimera\/wp-content\/uploads\/usu637\/2026\/02\/IMG_20260204_101033-2048x1536.jpg 2048w\" sizes=\"auto, (max-width: 2560px) 100vw, 2560px\" \/><\/figure><\/div><div class=\"wp-block-getwid-images-slider__item\" style=\"height:1000px\"><figure><img loading=\"lazy\" decoding=\"async\" width=\"2560\" height=\"1920\" src=\"https:\/\/agora.xtec.cat\/ceip-angelguimera\/wp-content\/uploads\/usu637\/2026\/02\/IMG_20260204_101116-scaled.jpg\" alt=\"\" data-id=\"10472\" data-link=\"https:\/\/agora.xtec.cat\/ceip-angelguimera\/%f0%9f%8f%ab-espais-daprenentatge\/attachment\/img_20260204_101116\/\" data-original-link=\"https:\/\/agora.xtec.cat\/ceip-angelguimera\/wp-content\/uploads\/usu637\/2026\/02\/IMG_20260204_101116-scaled.jpg\" class=\"wp-block-getwid-images-slider__image wp-image-10472\" srcset=\"https:\/\/agora.xtec.cat\/ceip-angelguimera\/wp-content\/uploads\/usu637\/2026\/02\/IMG_20260204_101116-scaled.jpg 2560w, https:\/\/agora.xtec.cat\/ceip-angelguimera\/wp-content\/uploads\/usu637\/2026\/02\/IMG_20260204_101116-300x225.jpg 300w, https:\/\/agora.xtec.cat\/ceip-angelguimera\/wp-content\/uploads\/usu637\/2026\/02\/IMG_20260204_101116-1024x768.jpg 1024w, https:\/\/agora.xtec.cat\/ceip-angelguimera\/wp-content\/uploads\/usu637\/2026\/02\/IMG_20260204_101116-768x576.jpg 768w, https:\/\/agora.xtec.cat\/ceip-angelguimera\/wp-content\/uploads\/usu637\/2026\/02\/IMG_20260204_101116-1536x1152.jpg 1536w, https:\/\/agora.xtec.cat\/ceip-angelguimera\/wp-content\/uploads\/usu637\/2026\/02\/IMG_20260204_101116-2048x1536.jpg 2048w\" sizes=\"auto, (max-width: 2560px) 100vw, 2560px\" \/><\/figure><\/div><div class=\"wp-block-getwid-images-slider__item\" style=\"height:1000px\"><figure><img loading=\"lazy\" decoding=\"async\" width=\"2560\" height=\"1920\" src=\"https:\/\/agora.xtec.cat\/ceip-angelguimera\/wp-content\/uploads\/usu637\/2026\/02\/IMG_20260204_101225-scaled.jpg\" alt=\"\" data-id=\"10473\" data-link=\"https:\/\/agora.xtec.cat\/ceip-angelguimera\/%f0%9f%8f%ab-espais-daprenentatge\/attachment\/img_20260204_101225\/\" data-original-link=\"https:\/\/agora.xtec.cat\/ceip-angelguimera\/wp-content\/uploads\/usu637\/2026\/02\/IMG_20260204_101225-scaled.jpg\" class=\"wp-block-getwid-images-slider__image wp-image-10473\" srcset=\"https:\/\/agora.xtec.cat\/ceip-angelguimera\/wp-content\/uploads\/usu637\/2026\/02\/IMG_20260204_101225-scaled.jpg 2560w, https:\/\/agora.xtec.cat\/ceip-angelguimera\/wp-content\/uploads\/usu637\/2026\/02\/IMG_20260204_101225-300x225.jpg 300w, https:\/\/agora.xtec.cat\/ceip-angelguimera\/wp-content\/uploads\/usu637\/2026\/02\/IMG_20260204_101225-1024x768.jpg 1024w, https:\/\/agora.xtec.cat\/ceip-angelguimera\/wp-content\/uploads\/usu637\/2026\/02\/IMG_20260204_101225-768x576.jpg 768w, https:\/\/agora.xtec.cat\/ceip-angelguimera\/wp-content\/uploads\/usu637\/2026\/02\/IMG_20260204_101225-1536x1152.jpg 1536w, https:\/\/agora.xtec.cat\/ceip-angelguimera\/wp-content\/uploads\/usu637\/2026\/02\/IMG_20260204_101225-2048x1536.jpg 2048w\" sizes=\"auto, (max-width: 2560px) 100vw, 2560px\" \/><\/figure><\/div><div class=\"wp-block-getwid-images-slider__item\" style=\"height:1000px\"><figure><img loading=\"lazy\" decoding=\"async\" width=\"2560\" height=\"1920\" src=\"https:\/\/agora.xtec.cat\/ceip-angelguimera\/wp-content\/uploads\/usu637\/2026\/02\/IMG_20260204_101047-scaled.jpg\" alt=\"\" data-id=\"10474\" data-link=\"https:\/\/agora.xtec.cat\/ceip-angelguimera\/%f0%9f%8f%ab-espais-daprenentatge\/attachment\/img_20260204_101047\/\" data-original-link=\"https:\/\/agora.xtec.cat\/ceip-angelguimera\/wp-content\/uploads\/usu637\/2026\/02\/IMG_20260204_101047-scaled.jpg\" class=\"wp-block-getwid-images-slider__image wp-image-10474\" srcset=\"https:\/\/agora.xtec.cat\/ceip-angelguimera\/wp-content\/uploads\/usu637\/2026\/02\/IMG_20260204_101047-scaled.jpg 2560w, https:\/\/agora.xtec.cat\/ceip-angelguimera\/wp-content\/uploads\/usu637\/2026\/02\/IMG_20260204_101047-300x225.jpg 300w, https:\/\/agora.xtec.cat\/ceip-angelguimera\/wp-content\/uploads\/usu637\/2026\/02\/IMG_20260204_101047-1024x768.jpg 1024w, https:\/\/agora.xtec.cat\/ceip-angelguimera\/wp-content\/uploads\/usu637\/2026\/02\/IMG_20260204_101047-768x576.jpg 768w, https:\/\/agora.xtec.cat\/ceip-angelguimera\/wp-content\/uploads\/usu637\/2026\/02\/IMG_20260204_101047-1536x1152.jpg 1536w, https:\/\/agora.xtec.cat\/ceip-angelguimera\/wp-content\/uploads\/usu637\/2026\/02\/IMG_20260204_101047-2048x1536.jpg 2048w\" sizes=\"auto, (max-width: 2560px) 100vw, 2560px\" \/><\/figure><\/div><div class=\"wp-block-getwid-images-slider__item\" style=\"height:1000px\"><figure><img loading=\"lazy\" decoding=\"async\" width=\"2560\" height=\"1920\" src=\"https:\/\/agora.xtec.cat\/ceip-angelguimera\/wp-content\/uploads\/usu637\/2026\/02\/IMG_20260204_100955-scaled.jpg\" alt=\"\" data-id=\"10475\" data-link=\"https:\/\/agora.xtec.cat\/ceip-angelguimera\/%f0%9f%8f%ab-espais-daprenentatge\/attachment\/img_20260204_100955\/\" data-original-link=\"https:\/\/agora.xtec.cat\/ceip-angelguimera\/wp-content\/uploads\/usu637\/2026\/02\/IMG_20260204_100955-scaled.jpg\" class=\"wp-block-getwid-images-slider__image wp-image-10475\" srcset=\"https:\/\/agora.xtec.cat\/ceip-angelguimera\/wp-content\/uploads\/usu637\/2026\/02\/IMG_20260204_100955-scaled.jpg 2560w, https:\/\/agora.xtec.cat\/ceip-angelguimera\/wp-content\/uploads\/usu637\/2026\/02\/IMG_20260204_100955-300x225.jpg 300w, https:\/\/agora.xtec.cat\/ceip-angelguimera\/wp-content\/uploads\/usu637\/2026\/02\/IMG_20260204_100955-1024x768.jpg 1024w, https:\/\/agora.xtec.cat\/ceip-angelguimera\/wp-content\/uploads\/usu637\/2026\/02\/IMG_20260204_100955-768x576.jpg 768w, https:\/\/agora.xtec.cat\/ceip-angelguimera\/wp-content\/uploads\/usu637\/2026\/02\/IMG_20260204_100955-1536x1152.jpg 1536w, https:\/\/agora.xtec.cat\/ceip-angelguimera\/wp-content\/uploads\/usu637\/2026\/02\/IMG_20260204_100955-2048x1536.jpg 2048w\" sizes=\"auto, (max-width: 2560px) 100vw, 2560px\" \/><\/figure><\/div><div class=\"wp-block-getwid-images-slider__item\" style=\"height:1000px\"><figure><img loading=\"lazy\" decoding=\"async\" width=\"2560\" height=\"1920\" src=\"https:\/\/agora.xtec.cat\/ceip-angelguimera\/wp-content\/uploads\/usu637\/2026\/02\/IMG_20260204_101137-scaled.jpg\" alt=\"\" data-id=\"10476\" data-link=\"https:\/\/agora.xtec.cat\/ceip-angelguimera\/%f0%9f%8f%ab-espais-daprenentatge\/attachment\/img_20260204_101137\/\" data-original-link=\"https:\/\/agora.xtec.cat\/ceip-angelguimera\/wp-content\/uploads\/usu637\/2026\/02\/IMG_20260204_101137-scaled.jpg\" class=\"wp-block-getwid-images-slider__image wp-image-10476\" srcset=\"https:\/\/agora.xtec.cat\/ceip-angelguimera\/wp-content\/uploads\/usu637\/2026\/02\/IMG_20260204_101137-scaled.jpg 2560w, https:\/\/agora.xtec.cat\/ceip-angelguimera\/wp-content\/uploads\/usu637\/2026\/02\/IMG_20260204_101137-300x225.jpg 300w, https:\/\/agora.xtec.cat\/ceip-angelguimera\/wp-content\/uploads\/usu637\/2026\/02\/IMG_20260204_101137-1024x768.jpg 1024w, https:\/\/agora.xtec.cat\/ceip-angelguimera\/wp-content\/uploads\/usu637\/2026\/02\/IMG_20260204_101137-768x576.jpg 768w, https:\/\/agora.xtec.cat\/ceip-angelguimera\/wp-content\/uploads\/usu637\/2026\/02\/IMG_20260204_101137-1536x1152.jpg 1536w, https:\/\/agora.xtec.cat\/ceip-angelguimera\/wp-content\/uploads\/usu637\/2026\/02\/IMG_20260204_101137-2048x1536.jpg 2048w\" sizes=\"auto, (max-width: 2560px) 100vw, 2560px\" \/><\/figure><\/div><div class=\"wp-block-getwid-images-slider__item\" style=\"height:1000px\"><figure><img loading=\"lazy\" decoding=\"async\" width=\"2560\" height=\"1920\" src=\"https:\/\/agora.xtec.cat\/ceip-angelguimera\/wp-content\/uploads\/usu637\/2026\/02\/IMG_20260204_101019-scaled.jpg\" alt=\"\" data-id=\"10477\" data-link=\"https:\/\/agora.xtec.cat\/ceip-angelguimera\/%f0%9f%8f%ab-espais-daprenentatge\/attachment\/img_20260204_101019\/\" data-original-link=\"https:\/\/agora.xtec.cat\/ceip-angelguimera\/wp-content\/uploads\/usu637\/2026\/02\/IMG_20260204_101019-scaled.jpg\" class=\"wp-block-getwid-images-slider__image wp-image-10477\" srcset=\"https:\/\/agora.xtec.cat\/ceip-angelguimera\/wp-content\/uploads\/usu637\/2026\/02\/IMG_20260204_101019-scaled.jpg 2560w, https:\/\/agora.xtec.cat\/ceip-angelguimera\/wp-content\/uploads\/usu637\/2026\/02\/IMG_20260204_101019-300x225.jpg 300w, https:\/\/agora.xtec.cat\/ceip-angelguimera\/wp-content\/uploads\/usu637\/2026\/02\/IMG_20260204_101019-1024x768.jpg 1024w, https:\/\/agora.xtec.cat\/ceip-angelguimera\/wp-content\/uploads\/usu637\/2026\/02\/IMG_20260204_101019-768x576.jpg 768w, https:\/\/agora.xtec.cat\/ceip-angelguimera\/wp-content\/uploads\/usu637\/2026\/02\/IMG_20260204_101019-1536x1152.jpg 1536w, https:\/\/agora.xtec.cat\/ceip-angelguimera\/wp-content\/uploads\/usu637\/2026\/02\/IMG_20260204_101019-2048x1536.jpg 2048w\" sizes=\"auto, (max-width: 2560px) 100vw, 2560px\" \/><\/figure><\/div><\/div><\/div>\n","protected":false},"excerpt":{"rendered":"<p>El treball mitjan\u00e7ant els espais d\u2019aprenentatge consisteix en una manera diferent d\u2019organitzar els alumnes, l\u2019espai i els materials per propiciar i construir entorns d\u2019aprenentatge que sorgeixen de manera espont\u00e0nia, activa i significativa. L\u2019infant \u00e9s el constructor del seu propi aprenentatge: investiga, prova, assaja, modifica, construeix, destrueix, parla, raona, explica, inventa i crea a partir de [&hellip;]<\/p>\n","protected":false},"author":1,"featured_media":0,"parent":0,"menu_order":0,"comment_status":"closed","ping_status":"close","template":"","meta":{"_bbp_topic_count":0,"_bbp_reply_count":0,"_bbp_total_topic_count":0,"_bbp_total_reply_count":0,"_bbp_voice_count":0,"_bbp_anonymous_reply_count":0,"_bbp_topic_count_hidden":0,"_bbp_reply_count_hidden":0,"_bbp_forum_subforum_count":0,"site-sidebar-layout":"default","site-content-layout":"","ast-site-content-layout":"default","site-content-style":"default","site-sidebar-style":"default","ast-global-header-display":"","ast-banner-title-visibility":"","ast-main-header-display":"","ast-hfb-above-header-display":"","ast-hfb-below-header-display":"","ast-hfb-mobile-header-display":"","site-post-title":"","ast-breadcrumbs-content":"","ast-featured-img":"","footer-sml-layout":"","theme-transparent-header-meta":"","adv-header-id-meta":"","stick-header-meta":"","header-above-stick-meta":"","header-main-stick-meta":"","header-below-stick-meta":"","astra-migrate-meta-layouts":"set","ast-page-background-enabled":"default","ast-page-background-meta":{"desktop":{"background-color":"var(--ast-global-color-4)","background-image":"","background-repeat":"repeat","background-position":"center center","background-size":"auto","background-attachment":"scroll","background-type":"","background-media":"","overlay-type":"","overlay-color":"","overlay-opacity":"","overlay-gradient":""},"tablet":{"background-color":"","background-image":"","background-repeat":"repeat","background-position":"center center","background-size":"auto","background-attachment":"scroll","background-type":"","background-media":"","overlay-type":"","overlay-color":"","overlay-opacity":"","overlay-gradient":""},"mobile":{"background-color":"","background-image":"","background-repeat":"repeat","background-position":"center center","background-size":"auto","background-attachment":"scroll","background-type":"","background-media":"","overlay-type":"","overlay-color":"","overlay-opacity":"","overlay-gradient":""}},"ast-content-background-meta":{"desktop":{"background-color":"var(--ast-global-color-5)","background-image":"","background-repeat":"repeat","background-position":"center center","background-size":"auto","background-attachment":"scroll","background-type":"","background-media":"","overlay-type":"","overlay-color":"","overlay-opacity":"","overlay-gradient":""},"tablet":{"background-color":"var(--ast-global-color-5)","background-image":"","background-repeat":"repeat","background-position":"center center","background-size":"auto","background-attachment":"scroll","background-type":"","background-media":"","overlay-type":"","overlay-color":"","overlay-opacity":"","overlay-gradient":""},"mobile":{"background-color":"var(--ast-global-color-5)","background-image":"","background-repeat":"repeat","background-position":"center center","background-size":"auto","background-attachment":"scroll","background-type":"","background-media":"","overlay-type":"","overlay-color":"","overlay-opacity":"","overlay-gradient":""}},"footnotes":""},"class_list":["post-10338","page","type-page","status-publish","hentry"],"post_mailing_queue_ids":[],"_links":{"self":[{"href":"https:\/\/agora.xtec.cat\/ceip-angelguimera\/wp-json\/wp\/v2\/pages\/10338","targetHints":{"allow":["GET"]}}],"collection":[{"href":"https:\/\/agora.xtec.cat\/ceip-angelguimera\/wp-json\/wp\/v2\/pages"}],"about":[{"href":"https:\/\/agora.xtec.cat\/ceip-angelguimera\/wp-json\/wp\/v2\/types\/page"}],"author":[{"embeddable":true,"href":"https:\/\/agora.xtec.cat\/ceip-angelguimera\/wp-json\/wp\/v2\/users\/1"}],"replies":[{"embeddable":true,"href":"https:\/\/agora.xtec.cat\/ceip-angelguimera\/wp-json\/wp\/v2\/comments?post=10338"}],"version-history":[{"count":4,"href":"https:\/\/agora.xtec.cat\/ceip-angelguimera\/wp-json\/wp\/v2\/pages\/10338\/revisions"}],"predecessor-version":[{"id":10492,"href":"https:\/\/agora.xtec.cat\/ceip-angelguimera\/wp-json\/wp\/v2\/pages\/10338\/revisions\/10492"}],"wp:attachment":[{"href":"https:\/\/agora.xtec.cat\/ceip-angelguimera\/wp-json\/wp\/v2\/media?parent=10338"}],"curies":[{"name":"wp","href":"https:\/\/api.w.org\/{rel}","templated":true}]}}