{"id":26,"date":"2014-09-18T12:24:32","date_gmt":"2014-09-18T11:24:32","guid":{"rendered":"http:\/\/agora.xtec.cat\/ceip-angela-bransuela\/?page_id=26"},"modified":"2025-10-21T13:02:44","modified_gmt":"2025-10-21T11:02:44","slug":"historia","status":"publish","type":"page","link":"https:\/\/agora.xtec.cat\/ceip-angela-bransuela\/lescola\/historia\/","title":{"rendered":"Hist\u00f2ria"},"content":{"rendered":"<p><strong>HIST\u00d2RIA DE L&#8217;ESCOLA\u00a0<\/strong><\/p>\n<p><strong>\u00c0ngela Bransuela i Nonell<\/strong> (2-8-1883 &#8211; 14-11-1965) va n\u00e9ixer a Matar\u00f3 el 2 d\u2019Agost de 1883. Quan nom\u00e9s tenia cinc anys va morir la seva mare i poc despr\u00e9s les seves dues germanes grans. L\u2019any 1905 es va casar amb Manuel Plana i Boneri i nou anys m\u00e9s tard va quedar v\u00eddua amb cinc fills. \u00c0ngela Bransuela, \u201cl\u2019Angeleta\u201d, es va posar a treballar per poder agombolar la mainada. A tots ells els va donar una infantesa curulla d\u2019afecte i d\u2019amor, malgrat la dissort i les privacions de tot tipus que va haver de patir. Gr\u00e0cies al suport econ\u00f2mic de molta gent, va poder escolaritzar els seus fills i donar-los una educaci\u00f3 adient a l\u2019\u00e8poca. Anys m\u00e9s tard el seu fill Manuel Plana Bransuela, farmac\u00e8utic, en agra\u00efment a tota la gent , que de manera an\u00f2nima havia ajudat la seva mare, va donar uns terrenys a la ciutat. El seu desig era que s\u2019hi constru\u00eds un col\u00b7legi i que perpetu\u00e9s el nom de la seva mare: \u00c0ngela Bransuela.<\/p>\n<p>Despr\u00e9s de 42 anys com a centre de prim\u00e0ria, el curs 2018-2019 el centre s&#8217;ha convertit en l&#8217;<strong>Institut Escola \u00c0ngela Bransuela <\/strong>amb l&#8217;orgull de seguir educant infants i recordant l&#8217;Angeleta com un model d&#8217;esfor\u00e7 i agra\u00efment.<\/p>\n<p><a href=\"https:\/\/agora.xtec.cat\/ceip-angela-bransuela\/wp-content\/uploads\/usu746\/2025\/10\/ESCOLA.jpg\"><img loading=\"lazy\" decoding=\"async\" class=\"aligncenter size-large wp-image-8510\" src=\"https:\/\/agora.xtec.cat\/ceip-angela-bransuela\/wp-content\/uploads\/usu746\/2025\/10\/ESCOLA-1024x768.jpg\" alt=\"\" width=\"1024\" height=\"768\" srcset=\"https:\/\/agora.xtec.cat\/ceip-angela-bransuela\/wp-content\/uploads\/usu746\/2025\/10\/ESCOLA-1024x768.jpg 1024w, https:\/\/agora.xtec.cat\/ceip-angela-bransuela\/wp-content\/uploads\/usu746\/2025\/10\/ESCOLA-300x225.jpg 300w, https:\/\/agora.xtec.cat\/ceip-angela-bransuela\/wp-content\/uploads\/usu746\/2025\/10\/ESCOLA-768x576.jpg 768w, https:\/\/agora.xtec.cat\/ceip-angela-bransuela\/wp-content\/uploads\/usu746\/2025\/10\/ESCOLA-200x150.jpg 200w, https:\/\/agora.xtec.cat\/ceip-angela-bransuela\/wp-content\/uploads\/usu746\/2025\/10\/ESCOLA.jpg 1536w\" sizes=\"auto, (max-width: 1024px) 100vw, 1024px\" \/><\/a><\/p>\n","protected":false},"excerpt":{"rendered":"<p>HIST\u00d2RIA DE L&#8217;ESCOLA\u00a0<br \/>\n\u00c0ngela Bransuela i Nonell (2-8-1883 &#8211; 14-11-1965) va n\u00e9ixer a Matar\u00f3 el 2 d\u2019Agost de 1883. Quan nom\u00e9s tenia cinc anys va morir la seva mare i poc despr\u00e9s les seves dues germanes grans. L\u2019any 1905 es va casar amb Manuel Plana i&hellip;  <a href=\"https:\/\/agora.xtec.cat\/ceip-angela-bransuela\/lescola\/historia\/\" title=\"Read Hist\u00f2ria\">Llegeix m\u00e9s\u00bb<\/a><\/p>\n","protected":false},"author":1,"featured_media":0,"parent":22,"menu_order":1,"comment_status":"closed","ping_status":"closed","template":"page-templates\/side-menu.php","meta":{"_bbp_topic_count":0,"_bbp_reply_count":0,"_bbp_total_topic_count":0,"_bbp_total_reply_count":0,"_bbp_voice_count":0,"_bbp_anonymous_reply_count":0,"_bbp_topic_count_hidden":0,"_bbp_reply_count_hidden":0,"_bbp_forum_subforum_count":0,"footnotes":""},"class_list":["post-26","page","type-page","status-publish","hentry"],"post_mailing_queue_ids":[],"_links":{"self":[{"href":"https:\/\/agora.xtec.cat\/ceip-angela-bransuela\/wp-json\/wp\/v2\/pages\/26","targetHints":{"allow":["GET"]}}],"collection":[{"href":"https:\/\/agora.xtec.cat\/ceip-angela-bransuela\/wp-json\/wp\/v2\/pages"}],"about":[{"href":"https:\/\/agora.xtec.cat\/ceip-angela-bransuela\/wp-json\/wp\/v2\/types\/page"}],"author":[{"embeddable":true,"href":"https:\/\/agora.xtec.cat\/ceip-angela-bransuela\/wp-json\/wp\/v2\/users\/1"}],"replies":[{"embeddable":true,"href":"https:\/\/agora.xtec.cat\/ceip-angela-bransuela\/wp-json\/wp\/v2\/comments?post=26"}],"version-history":[{"count":6,"href":"https:\/\/agora.xtec.cat\/ceip-angela-bransuela\/wp-json\/wp\/v2\/pages\/26\/revisions"}],"predecessor-version":[{"id":8512,"href":"https:\/\/agora.xtec.cat\/ceip-angela-bransuela\/wp-json\/wp\/v2\/pages\/26\/revisions\/8512"}],"up":[{"embeddable":true,"href":"https:\/\/agora.xtec.cat\/ceip-angela-bransuela\/wp-json\/wp\/v2\/pages\/22"}],"wp:attachment":[{"href":"https:\/\/agora.xtec.cat\/ceip-angela-bransuela\/wp-json\/wp\/v2\/media?parent=26"}],"curies":[{"name":"wp","href":"https:\/\/api.w.org\/{rel}","templated":true}]}}