{"id":34712,"date":"2019-09-27T12:11:22","date_gmt":"2019-09-27T10:11:22","guid":{"rendered":"http:\/\/agora.xtec.cat\/ceip-angel-serafi-casanovas\/?page_id=34712"},"modified":"2022-10-13T09:02:34","modified_gmt":"2022-10-13T07:02:34","slug":"instancia-de-peticio","status":"publish","type":"page","link":"https:\/\/agora.xtec.cat\/ceip-angel-serafi-casanovas\/lescola\/activitat\/instancia-de-peticio\/","title":{"rendered":"Nou Curr\u00edculum: compet\u00e8ncies i criteris d&#8217;avaluaci\u00f3"},"content":{"rendered":"<p><iframe loading=\"lazy\" style=\"border: 1px solid #CCC; border-width: 1px; margin-bottom: 5px; max-width: 100%;\" src=\"\/\/www.slideshare.net\/slideshow\/embed_code\/key\/2LjWWmhikS4i0Q\" width=\"595\" height=\"485\" frameborder=\"0\" marginwidth=\"0\" marginheight=\"0\" scrolling=\"no\" allowfullscreen=\"allowfullscreen\"><span data-mce-type=\"bookmark\" style=\"display: inline-block; width: 0px; overflow: hidden; line-height: 0;\" class=\"mce_SELRES_start\">\ufeff<\/span> <\/iframe><\/p>\n<div style=\"margin-bottom: 5px; text-align: center;\"><strong> <a title=\"COMPET\u00c8NCIES CRITERIS D'AVALUACI\u00d3 PRIM\u00c0RIA.pdf\" href=\"\/\/www.slideshare.net\/escoladesort\/competncies-criteris-davaluaci-primriapdf\" target=\"_blank\" rel=\"noopener\">COMPET\u00c8NCIES CRITERIS D&#8217;AVALUACI\u00d3 PRIM\u00c0RIA.pdf<\/a> <\/strong> from <strong><a href=\"\/\/www.slideshare.net\/escoladesort\" target=\"_blank\" rel=\"noopener\">Escola \u00c0ngel Seraf\u00ed Casanovas<\/a><\/strong><\/div>\n<p><iframe loading=\"lazy\" src=\"https:\/\/www.slideshare.net\/slideshow\/embed_code\/key\/H6Hs5IvmbZ0UFw?hostedIn=slideshare&amp;page=upload\" width=\"476\" height=\"400\" frameborder=\"0\" marginwidth=\"0\" marginheight=\"0\" scrolling=\"no\"><\/iframe><\/p>\n","protected":false},"excerpt":{"rendered":"<p>\ufeff COMPET\u00c8NCIES CRITERIS D&#8217;AVALUACI\u00d3 PRIM\u00c0RIA.pdf from Escola \u00c0ngel Seraf\u00ed Casanovas<\/p>\n","protected":false},"author":1,"featured_media":0,"parent":30189,"menu_order":0,"comment_status":"closed","ping_status":"closed","template":"page-templates\/side-menu.php","meta":{"_bbp_topic_count":0,"_bbp_reply_count":0,"_bbp_total_topic_count":0,"_bbp_total_reply_count":0,"_bbp_voice_count":0,"_bbp_anonymous_reply_count":0,"_bbp_topic_count_hidden":0,"_bbp_reply_count_hidden":0,"_bbp_forum_subforum_count":0,"site-sidebar-layout":"default","site-content-layout":"","ast-site-content-layout":"","site-content-style":"default","site-sidebar-style":"default","ast-global-header-display":"","ast-banner-title-visibility":"","ast-main-header-display":"","ast-hfb-above-header-display":"","ast-hfb-below-header-display":"","ast-hfb-mobile-header-display":"","site-post-title":"","ast-breadcrumbs-content":"","ast-featured-img":"","footer-sml-layout":"","theme-transparent-header-meta":"","adv-header-id-meta":"","stick-header-meta":"","header-above-stick-meta":"","header-main-stick-meta":"","header-below-stick-meta":"","astra-migrate-meta-layouts":"default","ast-page-background-enabled":"default","ast-page-background-meta":{"desktop":{"background-color":"var(--ast-global-color-4)","background-image":"","background-repeat":"repeat","background-position":"center center","background-size":"auto","background-attachment":"scroll","background-type":"","background-media":"","overlay-type":"","overlay-color":"","overlay-opacity":"","overlay-gradient":""},"tablet":{"background-color":"","background-image":"","background-repeat":"repeat","background-position":"center center","background-size":"auto","background-attachment":"scroll","background-type":"","background-media":"","overlay-type":"","overlay-color":"","overlay-opacity":"","overlay-gradient":""},"mobile":{"background-color":"","background-image":"","background-repeat":"repeat","background-position":"center center","background-size":"auto","background-attachment":"scroll","background-type":"","background-media":"","overlay-type":"","overlay-color":"","overlay-opacity":"","overlay-gradient":""}},"ast-content-background-meta":{"desktop":{"background-color":"var(--ast-global-color-5)","background-image":"","background-repeat":"repeat","background-position":"center center","background-size":"auto","background-attachment":"scroll","background-type":"","background-media":"","overlay-type":"","overlay-color":"","overlay-opacity":"","overlay-gradient":""},"tablet":{"background-color":"var(--ast-global-color-5)","background-image":"","background-repeat":"repeat","background-position":"center center","background-size":"auto","background-attachment":"scroll","background-type":"","background-media":"","overlay-type":"","overlay-color":"","overlay-opacity":"","overlay-gradient":""},"mobile":{"background-color":"var(--ast-global-color-5)","background-image":"","background-repeat":"repeat","background-position":"center center","background-size":"auto","background-attachment":"scroll","background-type":"","background-media":"","overlay-type":"","overlay-color":"","overlay-opacity":"","overlay-gradient":""}},"footnotes":""},"class_list":["post-34712","page","type-page","status-publish","hentry"],"post_mailing_queue_ids":[],"_links":{"self":[{"href":"https:\/\/agora.xtec.cat\/ceip-angel-serafi-casanovas\/wp-json\/wp\/v2\/pages\/34712","targetHints":{"allow":["GET"]}}],"collection":[{"href":"https:\/\/agora.xtec.cat\/ceip-angel-serafi-casanovas\/wp-json\/wp\/v2\/pages"}],"about":[{"href":"https:\/\/agora.xtec.cat\/ceip-angel-serafi-casanovas\/wp-json\/wp\/v2\/types\/page"}],"author":[{"embeddable":true,"href":"https:\/\/agora.xtec.cat\/ceip-angel-serafi-casanovas\/wp-json\/wp\/v2\/users\/1"}],"replies":[{"embeddable":true,"href":"https:\/\/agora.xtec.cat\/ceip-angel-serafi-casanovas\/wp-json\/wp\/v2\/comments?post=34712"}],"version-history":[{"count":4,"href":"https:\/\/agora.xtec.cat\/ceip-angel-serafi-casanovas\/wp-json\/wp\/v2\/pages\/34712\/revisions"}],"predecessor-version":[{"id":41587,"href":"https:\/\/agora.xtec.cat\/ceip-angel-serafi-casanovas\/wp-json\/wp\/v2\/pages\/34712\/revisions\/41587"}],"up":[{"embeddable":true,"href":"https:\/\/agora.xtec.cat\/ceip-angel-serafi-casanovas\/wp-json\/wp\/v2\/pages\/30189"}],"wp:attachment":[{"href":"https:\/\/agora.xtec.cat\/ceip-angel-serafi-casanovas\/wp-json\/wp\/v2\/media?parent=34712"}],"curies":[{"name":"wp","href":"https:\/\/api.w.org\/{rel}","templated":true}]}}