{"id":34650,"date":"2026-03-17T12:20:50","date_gmt":"2026-03-17T11:20:50","guid":{"rendered":"http:\/\/agora.xtec.cat\/ceip-angel-serafi-casanovas\/?page_id=34650"},"modified":"2026-03-17T12:59:47","modified_gmt":"2026-03-17T11:59:47","slug":"codi-de-barres-per-a-pagaments","status":"publish","type":"page","link":"https:\/\/agora.xtec.cat\/ceip-angel-serafi-casanovas\/","title":{"rendered":"ACTUALITAT"},"content":{"rendered":"<p><a href=\"https:\/\/drive.google.com\/file\/d\/1-FkLjsBKffvdZxKjdwZJnqifsZ7umpuF\/view\" rel=\"attachment wp-att-43962\">\u00a0 \u00a0 \u00a0 \u00a0 \u00a0 \u00a0 \u00a0 \u00a0 \u00a0 \u00a0 \u00a0 \u00a0 \u00a0 \u00a0 \u00a0 \u00a0 \u00a0 \u00a0 \u00a0 \u00a0 \u00a0 \u00a0 \u00a0 \u00a0 \u00a0 \u00a0 \u00a0 \u00a0 \u00a0 <\/a><a href=\"https:\/\/agora.xtec.cat\/ceip-angel-serafi-casanovas\/lescola\/codi-de-barres-per-a-pagaments\/attachment\/beige-and-pink-hand-drawn-event-program-flyer\/\" rel=\"attachment wp-att-43976\"><img loading=\"lazy\" decoding=\"async\" class=\"aligncenter size-large wp-image-43976\" src=\"https:\/\/agora.xtec.cat\/ceip-angel-serafi-casanovas\/wp-content\/uploads\/usu78\/2026\/03\/Beige-and-Pink-Hand-Drawn-Event-Program-Flyer-724x1024.jpg\" alt=\"\" width=\"724\" height=\"1024\" srcset=\"https:\/\/agora.xtec.cat\/ceip-angel-serafi-casanovas\/wp-content\/uploads\/usu78\/2026\/03\/Beige-and-Pink-Hand-Drawn-Event-Program-Flyer-724x1024.jpg 724w, https:\/\/agora.xtec.cat\/ceip-angel-serafi-casanovas\/wp-content\/uploads\/usu78\/2026\/03\/Beige-and-Pink-Hand-Drawn-Event-Program-Flyer-212x300.jpg 212w, https:\/\/agora.xtec.cat\/ceip-angel-serafi-casanovas\/wp-content\/uploads\/usu78\/2026\/03\/Beige-and-Pink-Hand-Drawn-Event-Program-Flyer-768x1086.jpg 768w, https:\/\/agora.xtec.cat\/ceip-angel-serafi-casanovas\/wp-content\/uploads\/usu78\/2026\/03\/Beige-and-Pink-Hand-Drawn-Event-Program-Flyer-1086x1536.jpg 1086w, https:\/\/agora.xtec.cat\/ceip-angel-serafi-casanovas\/wp-content\/uploads\/usu78\/2026\/03\/Beige-and-Pink-Hand-Drawn-Event-Program-Flyer.jpg 1414w\" sizes=\"auto, (max-width: 724px) 100vw, 724px\" \/><\/a><a href=\"https:\/\/drive.google.com\/file\/d\/1-FkLjsBKffvdZxKjdwZJnqifsZ7umpuF\/view\" rel=\"attachment wp-att-43962\"> \u00a0 \u00a0 \u00a0 \u00a0 \u00a0 \u00a0 \u00a0 \u00a0 \u00a0 \u00a0 \u00a0 \u00a0 \u00a0 \u00a0 \u00a0 \u00a0 \u00a0 \u00a0 \u00a0 \u00a0 \u00a0 \u00a0 \u00a0 \u00a0 \u00a0 \u00a0 \u00a0 \u00a0 \u00a0 \u00a0 \u00a0 \u00a0 \u00a0 \u00a0 \u00a0 \u00a0 \u00a0 \u00a0 \u00a0 \u00a0 \u00a0 \u00a0 \u00a0 \u00a0 \u00a0 \u00a0 \u00a0 \u00a0 \u00a0 \u00a0 \u00a0 \u00a0 \u00a0 \u00a0 \u00a0 \u00a0 \u00a0 \u00a0 \u00a0 \u00a0 <\/a><\/p>\n<p><a href=\"https:\/\/agora.xtec.cat\/ceip-angel-serafi-casanovas\/lescola\/codi-de-barres-per-a-pagaments\/attachment\/generalitat_preinscripcio_escolar_infantil_generalitat\/\" rel=\"attachment wp-att-43974\"><img loading=\"lazy\" decoding=\"async\" class=\"size-large wp-image-43974 aligncenter\" src=\"https:\/\/agora.xtec.cat\/ceip-angel-serafi-casanovas\/wp-content\/uploads\/usu78\/2026\/02\/Generalitat_Preinscripcio_Escolar_Infantil_Generalitat-724x1024.jpg\" alt=\"\" width=\"724\" height=\"1024\" srcset=\"https:\/\/agora.xtec.cat\/ceip-angel-serafi-casanovas\/wp-content\/uploads\/usu78\/2026\/02\/Generalitat_Preinscripcio_Escolar_Infantil_Generalitat-724x1024.jpg 724w, https:\/\/agora.xtec.cat\/ceip-angel-serafi-casanovas\/wp-content\/uploads\/usu78\/2026\/02\/Generalitat_Preinscripcio_Escolar_Infantil_Generalitat-212x300.jpg 212w, https:\/\/agora.xtec.cat\/ceip-angel-serafi-casanovas\/wp-content\/uploads\/usu78\/2026\/02\/Generalitat_Preinscripcio_Escolar_Infantil_Generalitat-768x1086.jpg 768w, https:\/\/agora.xtec.cat\/ceip-angel-serafi-casanovas\/wp-content\/uploads\/usu78\/2026\/02\/Generalitat_Preinscripcio_Escolar_Infantil_Generalitat-1086x1536.jpg 1086w, https:\/\/agora.xtec.cat\/ceip-angel-serafi-casanovas\/wp-content\/uploads\/usu78\/2026\/02\/Generalitat_Preinscripcio_Escolar_Infantil_Generalitat-1448x2048.jpg 1448w, https:\/\/agora.xtec.cat\/ceip-angel-serafi-casanovas\/wp-content\/uploads\/usu78\/2026\/02\/Generalitat_Preinscripcio_Escolar_Infantil_Generalitat.jpg 1684w\" sizes=\"auto, (max-width: 724px) 100vw, 724px\" \/><\/a><\/p>\n<p><a href=\"https:\/\/agora.xtec.cat\/ceip-angel-serafi-casanovas\/lescola\/codi-de-barres-per-a-pagaments\/attachment\/consignes-carnaval-2026\/\" rel=\"attachment wp-att-43967\"><img loading=\"lazy\" decoding=\"async\" class=\"aligncenter size-full wp-image-43967\" src=\"https:\/\/agora.xtec.cat\/ceip-angel-serafi-casanovas\/wp-content\/uploads\/usu78\/2026\/02\/Consignes-carnaval-2026.png\" alt=\"\" width=\"598\" height=\"838\" srcset=\"https:\/\/agora.xtec.cat\/ceip-angel-serafi-casanovas\/wp-content\/uploads\/usu78\/2026\/02\/Consignes-carnaval-2026.png 598w, https:\/\/agora.xtec.cat\/ceip-angel-serafi-casanovas\/wp-content\/uploads\/usu78\/2026\/02\/Consignes-carnaval-2026-214x300.png 214w\" sizes=\"auto, (max-width: 598px) 100vw, 598px\" \/><\/a><\/p>\n<p>&nbsp;<\/p>\n<p style=\"text-align: center;\"><a href=\"https:\/\/drive.google.com\/file\/d\/1-FkLjsBKffvdZxKjdwZJnqifsZ7umpuF\/view\" rel=\"attachment wp-att-43962\">\u00a0 \u00a0 \u00a0Constituci\u00f3 consell escolar<img loading=\"lazy\" decoding=\"async\" class=\"aligncenter size-large wp-image-43962\" src=\"https:\/\/agora.xtec.cat\/ceip-angel-serafi-casanovas\/wp-content\/uploads\/usu78\/2026\/01\/20251217-_-Acords-consell-escolar_angelseraficasanovas_page-0001-725x1024.jpg\" alt=\"\" width=\"725\" height=\"1024\" srcset=\"https:\/\/agora.xtec.cat\/ceip-angel-serafi-casanovas\/wp-content\/uploads\/usu78\/2026\/01\/20251217-_-Acords-consell-escolar_angelseraficasanovas_page-0001-725x1024.jpg 725w, https:\/\/agora.xtec.cat\/ceip-angel-serafi-casanovas\/wp-content\/uploads\/usu78\/2026\/01\/20251217-_-Acords-consell-escolar_angelseraficasanovas_page-0001-212x300.jpg 212w, https:\/\/agora.xtec.cat\/ceip-angel-serafi-casanovas\/wp-content\/uploads\/usu78\/2026\/01\/20251217-_-Acords-consell-escolar_angelseraficasanovas_page-0001-768x1085.jpg 768w, https:\/\/agora.xtec.cat\/ceip-angel-serafi-casanovas\/wp-content\/uploads\/usu78\/2026\/01\/20251217-_-Acords-consell-escolar_angelseraficasanovas_page-0001-1087x1536.jpg 1087w, https:\/\/agora.xtec.cat\/ceip-angel-serafi-casanovas\/wp-content\/uploads\/usu78\/2026\/01\/20251217-_-Acords-consell-escolar_angelseraficasanovas_page-0001.jpg 1242w\" sizes=\"auto, (max-width: 725px) 100vw, 725px\" \/><\/a><a href=\"https:\/\/agora.xtec.cat\/ceip-angel-serafi-casanovas\/lescola\/codi-de-barres-per-a-pagaments\/attachment\/laurence_page-0001\/\" rel=\"attachment wp-att-43958\"><img loading=\"lazy\" decoding=\"async\" class=\"aligncenter size-large wp-image-43958\" src=\"https:\/\/agora.xtec.cat\/ceip-angel-serafi-casanovas\/wp-content\/uploads\/usu78\/2026\/01\/Laurence_page-0001-724x1024.jpg\" alt=\"\" width=\"724\" height=\"1024\" srcset=\"https:\/\/agora.xtec.cat\/ceip-angel-serafi-casanovas\/wp-content\/uploads\/usu78\/2026\/01\/Laurence_page-0001-724x1024.jpg 724w, https:\/\/agora.xtec.cat\/ceip-angel-serafi-casanovas\/wp-content\/uploads\/usu78\/2026\/01\/Laurence_page-0001-212x300.jpg 212w, https:\/\/agora.xtec.cat\/ceip-angel-serafi-casanovas\/wp-content\/uploads\/usu78\/2026\/01\/Laurence_page-0001-768x1086.jpg 768w, https:\/\/agora.xtec.cat\/ceip-angel-serafi-casanovas\/wp-content\/uploads\/usu78\/2026\/01\/Laurence_page-0001-1086x1536.jpg 1086w, https:\/\/agora.xtec.cat\/ceip-angel-serafi-casanovas\/wp-content\/uploads\/usu78\/2026\/01\/Laurence_page-0001.jpg 1241w\" sizes=\"auto, (max-width: 724px) 100vw, 724px\" \/><\/a><\/p>\n<p>&nbsp;<\/p>\n<p>&nbsp;<\/p>\n<p><a href=\"https:\/\/agora.xtec.cat\/ceip-angel-serafi-casanovas\/lescola\/codi-de-barres-per-a-pagaments\/attachment\/sollicitud-dadmision\/\" rel=\"attachment wp-att-43955\"><img loading=\"lazy\" decoding=\"async\" class=\"aligncenter size-full wp-image-43955\" src=\"https:\/\/agora.xtec.cat\/ceip-angel-serafi-casanovas\/wp-content\/uploads\/usu78\/2025\/11\/Sollicitud-dadmision.png\" alt=\"\" width=\"834\" height=\"837\" srcset=\"https:\/\/agora.xtec.cat\/ceip-angel-serafi-casanovas\/wp-content\/uploads\/usu78\/2025\/11\/Sollicitud-dadmision.png 834w, https:\/\/agora.xtec.cat\/ceip-angel-serafi-casanovas\/wp-content\/uploads\/usu78\/2025\/11\/Sollicitud-dadmision-300x300.png 300w, https:\/\/agora.xtec.cat\/ceip-angel-serafi-casanovas\/wp-content\/uploads\/usu78\/2025\/11\/Sollicitud-dadmision-150x150.png 150w, https:\/\/agora.xtec.cat\/ceip-angel-serafi-casanovas\/wp-content\/uploads\/usu78\/2025\/11\/Sollicitud-dadmision-768x771.png 768w\" sizes=\"auto, (max-width: 834px) 100vw, 834px\" \/><\/a><\/p>\n<p>Cal anar a l\u2019enlla\u00e7 seg\u00fcent\u00a0<a href=\"https:\/\/educacio.gencat.cat\/ca\/tramits\/tramits-temes\/admissio-centre-fora-proces-preinscripcio?category=\" target=\"_blank\" rel=\"noopener\" data-saferedirecturl=\"https:\/\/www.google.com\/url?q=https:\/\/educacio.gencat.cat\/ca\/tramits\/tramits-temes\/admissio-centre-fora-proces-preinscripcio?category%3D&amp;source=gmail&amp;ust=1683874263622000&amp;usg=AOvVaw0RnGEcFtKn_JE4zD6kNGHl\">Admissi\u00f3 a un centre educatiu fora del proc\u00e9s de preinscripci\u00f3.<\/a><\/p>\n<p>&nbsp;<\/p>\n<p><a href=\"https:\/\/agora.xtec.cat\/ceip-angel-serafi-casanovas\/lescola\/codi-de-barres-per-a-pagaments\/attachment\/1762162173165\/\" rel=\"attachment wp-att-43952\"><img loading=\"lazy\" decoding=\"async\" class=\"aligncenter size-large wp-image-43952\" src=\"https:\/\/agora.xtec.cat\/ceip-angel-serafi-casanovas\/wp-content\/uploads\/usu78\/2025\/11\/1762162173165-725x1024.jpg\" alt=\"\" width=\"725\" height=\"1024\" srcset=\"https:\/\/agora.xtec.cat\/ceip-angel-serafi-casanovas\/wp-content\/uploads\/usu78\/2025\/11\/1762162173165-725x1024.jpg 725w, https:\/\/agora.xtec.cat\/ceip-angel-serafi-casanovas\/wp-content\/uploads\/usu78\/2025\/11\/1762162173165-212x300.jpg 212w, https:\/\/agora.xtec.cat\/ceip-angel-serafi-casanovas\/wp-content\/uploads\/usu78\/2025\/11\/1762162173165-768x1085.jpg 768w, https:\/\/agora.xtec.cat\/ceip-angel-serafi-casanovas\/wp-content\/uploads\/usu78\/2025\/11\/1762162173165-1087x1536.jpg 1087w, https:\/\/agora.xtec.cat\/ceip-angel-serafi-casanovas\/wp-content\/uploads\/usu78\/2025\/11\/1762162173165.jpg 1242w\" sizes=\"auto, (max-width: 725px) 100vw, 725px\" \/><\/a><\/p>\n<p>&nbsp;<\/p>\n<p><a href=\"https:\/\/agora.xtec.cat\/ceip-angel-serafi-casanovas\/lescola\/codi-de-barres-per-a-pagaments\/attachment\/img-20250919-wa0007\/\" rel=\"attachment wp-att-43941\"><img loading=\"lazy\" decoding=\"async\" class=\"aligncenter size-large wp-image-43941\" src=\"https:\/\/agora.xtec.cat\/ceip-angel-serafi-casanovas\/wp-content\/uploads\/usu78\/2025\/09\/IMG-20250919-WA0007-768x1024.jpg\" alt=\"\" width=\"768\" height=\"1024\" srcset=\"https:\/\/agora.xtec.cat\/ceip-angel-serafi-casanovas\/wp-content\/uploads\/usu78\/2025\/09\/IMG-20250919-WA0007-768x1024.jpg 768w, https:\/\/agora.xtec.cat\/ceip-angel-serafi-casanovas\/wp-content\/uploads\/usu78\/2025\/09\/IMG-20250919-WA0007-225x300.jpg 225w, https:\/\/agora.xtec.cat\/ceip-angel-serafi-casanovas\/wp-content\/uploads\/usu78\/2025\/09\/IMG-20250919-WA0007-1152x1536.jpg 1152w, https:\/\/agora.xtec.cat\/ceip-angel-serafi-casanovas\/wp-content\/uploads\/usu78\/2025\/09\/IMG-20250919-WA0007.jpg 1241w\" sizes=\"auto, (max-width: 768px) 100vw, 768px\" \/><\/a><a href=\"https:\/\/agora.xtec.cat\/ceip-angel-serafi-casanovas\/lescola\/codi-de-barres-per-a-pagaments\/attachment\/cartel-regreso-a-clases-ilustrativo-creativo-multicolor-1\/\" rel=\"attachment wp-att-43921\"><img loading=\"lazy\" decoding=\"async\" class=\"aligncenter wp-image-43921\" src=\"https:\/\/agora.xtec.cat\/ceip-angel-serafi-casanovas\/wp-content\/uploads\/usu78\/2025\/09\/Cartel-regreso-a-clases-ilustrativo-creativo-multicolor-1-724x1024.jpg\" alt=\"\" width=\"807\" height=\"1141\" srcset=\"https:\/\/agora.xtec.cat\/ceip-angel-serafi-casanovas\/wp-content\/uploads\/usu78\/2025\/09\/Cartel-regreso-a-clases-ilustrativo-creativo-multicolor-1-724x1024.jpg 724w, https:\/\/agora.xtec.cat\/ceip-angel-serafi-casanovas\/wp-content\/uploads\/usu78\/2025\/09\/Cartel-regreso-a-clases-ilustrativo-creativo-multicolor-1-212x300.jpg 212w, https:\/\/agora.xtec.cat\/ceip-angel-serafi-casanovas\/wp-content\/uploads\/usu78\/2025\/09\/Cartel-regreso-a-clases-ilustrativo-creativo-multicolor-1-768x1086.jpg 768w, https:\/\/agora.xtec.cat\/ceip-angel-serafi-casanovas\/wp-content\/uploads\/usu78\/2025\/09\/Cartel-regreso-a-clases-ilustrativo-creativo-multicolor-1-1086x1536.jpg 1086w, https:\/\/agora.xtec.cat\/ceip-angel-serafi-casanovas\/wp-content\/uploads\/usu78\/2025\/09\/Cartel-regreso-a-clases-ilustrativo-creativo-multicolor-1.jpg 1414w\" sizes=\"auto, (max-width: 807px) 100vw, 807px\" \/><\/a><\/p>\n<p>&nbsp;<\/p>\n","protected":false},"excerpt":{"rendered":"<p>\u00a0 \u00a0 \u00a0 \u00a0 \u00a0 \u00a0 \u00a0 \u00a0 \u00a0 \u00a0 \u00a0 \u00a0 \u00a0 \u00a0 \u00a0 \u00a0 \u00a0 \u00a0 \u00a0 \u00a0 \u00a0 \u00a0 \u00a0 \u00a0 \u00a0 \u00a0 \u00a0 \u00a0 \u00a0 \u00a0 \u00a0 \u00a0 \u00a0 \u00a0 \u00a0 \u00a0 \u00a0 \u00a0 \u00a0 \u00a0 \u00a0 \u00a0 \u00a0 \u00a0 \u00a0 \u00a0 \u00a0 \u00a0 \u00a0 \u00a0 \u00a0 \u00a0 \u00a0 \u00a0 \u00a0 [&hellip;]<\/p>\n","protected":false},"author":1,"featured_media":0,"parent":22,"menu_order":0,"comment_status":"closed","ping_status":"closed","template":"","meta":{"_bbp_topic_count":0,"_bbp_reply_count":0,"_bbp_total_topic_count":0,"_bbp_total_reply_count":0,"_bbp_voice_count":0,"_bbp_anonymous_reply_count":0,"_bbp_topic_count_hidden":0,"_bbp_reply_count_hidden":0,"_bbp_forum_subforum_count":0,"site-sidebar-layout":"default","site-content-layout":"","ast-site-content-layout":"default","site-content-style":"default","site-sidebar-style":"default","ast-global-header-display":"","ast-banner-title-visibility":"","ast-main-header-display":"","ast-hfb-above-header-display":"","ast-hfb-below-header-display":"","ast-hfb-mobile-header-display":"","site-post-title":"","ast-breadcrumbs-content":"","ast-featured-img":"","footer-sml-layout":"","theme-transparent-header-meta":"default","adv-header-id-meta":"","stick-header-meta":"","header-above-stick-meta":"","header-main-stick-meta":"","header-below-stick-meta":"","astra-migrate-meta-layouts":"set","ast-page-background-enabled":"default","ast-page-background-meta":{"desktop":{"background-color":"var(--ast-global-color-4)","background-image":"","background-repeat":"repeat","background-position":"center center","background-size":"auto","background-attachment":"scroll","background-type":"","background-media":"","overlay-type":"","overlay-color":"","overlay-opacity":"","overlay-gradient":""},"tablet":{"background-color":"","background-image":"","background-repeat":"repeat","background-position":"center center","background-size":"auto","background-attachment":"scroll","background-type":"","background-media":"","overlay-type":"","overlay-color":"","overlay-opacity":"","overlay-gradient":""},"mobile":{"background-color":"","background-image":"","background-repeat":"repeat","background-position":"center center","background-size":"auto","background-attachment":"scroll","background-type":"","background-media":"","overlay-type":"","overlay-color":"","overlay-opacity":"","overlay-gradient":""}},"ast-content-background-meta":{"desktop":{"background-color":"var(--ast-global-color-5)","background-image":"","background-repeat":"repeat","background-position":"center center","background-size":"auto","background-attachment":"scroll","background-type":"","background-media":"","overlay-type":"","overlay-color":"","overlay-opacity":"","overlay-gradient":""},"tablet":{"background-color":"var(--ast-global-color-5)","background-image":"","background-repeat":"repeat","background-position":"center center","background-size":"auto","background-attachment":"scroll","background-type":"","background-media":"","overlay-type":"","overlay-color":"","overlay-opacity":"","overlay-gradient":""},"mobile":{"background-color":"var(--ast-global-color-5)","background-image":"","background-repeat":"repeat","background-position":"center center","background-size":"auto","background-attachment":"scroll","background-type":"","background-media":"","overlay-type":"","overlay-color":"","overlay-opacity":"","overlay-gradient":""}},"footnotes":""},"class_list":["post-34650","page","type-page","status-publish","hentry"],"post_mailing_queue_ids":[],"_links":{"self":[{"href":"https:\/\/agora.xtec.cat\/ceip-angel-serafi-casanovas\/wp-json\/wp\/v2\/pages\/34650","targetHints":{"allow":["GET"]}}],"collection":[{"href":"https:\/\/agora.xtec.cat\/ceip-angel-serafi-casanovas\/wp-json\/wp\/v2\/pages"}],"about":[{"href":"https:\/\/agora.xtec.cat\/ceip-angel-serafi-casanovas\/wp-json\/wp\/v2\/types\/page"}],"author":[{"embeddable":true,"href":"https:\/\/agora.xtec.cat\/ceip-angel-serafi-casanovas\/wp-json\/wp\/v2\/users\/1"}],"replies":[{"embeddable":true,"href":"https:\/\/agora.xtec.cat\/ceip-angel-serafi-casanovas\/wp-json\/wp\/v2\/comments?post=34650"}],"version-history":[{"count":8,"href":"https:\/\/agora.xtec.cat\/ceip-angel-serafi-casanovas\/wp-json\/wp\/v2\/pages\/34650\/revisions"}],"predecessor-version":[{"id":43978,"href":"https:\/\/agora.xtec.cat\/ceip-angel-serafi-casanovas\/wp-json\/wp\/v2\/pages\/34650\/revisions\/43978"}],"up":[{"embeddable":true,"href":"https:\/\/agora.xtec.cat\/ceip-angel-serafi-casanovas\/wp-json\/wp\/v2\/pages\/22"}],"wp:attachment":[{"href":"https:\/\/agora.xtec.cat\/ceip-angel-serafi-casanovas\/wp-json\/wp\/v2\/media?parent=34650"}],"curies":[{"name":"wp","href":"https:\/\/api.w.org\/{rel}","templated":true}]}}