{"id":33034,"date":"2018-12-21T10:46:23","date_gmt":"2018-12-21T09:46:23","guid":{"rendered":"http:\/\/agora.xtec.cat\/ceip-angel-serafi-casanovas\/?page_id=33034"},"modified":"2021-12-08T19:55:41","modified_gmt":"2021-12-08T18:55:41","slug":"continguts-educacio-infantil","status":"publish","type":"page","link":"https:\/\/agora.xtec.cat\/ceip-angel-serafi-casanovas\/lescola\/continguts-educacio-infantil\/","title":{"rendered":"Continguts, capacitats i criteris d&#8217;avaluaci\u00f3 d&#8217;Educaci\u00f3 Infantil"},"content":{"rendered":"<p>En aquestes revistes digitals podreu veure tots els continguts, capacitats i criteris d&#8217;avaluaci\u00f3 de P-3, P-4 i P-5.<br \/>\n<iframe loading=\"lazy\" src=\"\/\/www.slideshare.net\/slideshow\/embed_code\/key\/EclM5yqqvbKmUk\" width=\"595\" height=\"485\" frameborder=\"0\"> <\/iframe><\/p>\n<div style=\"margin-bottom: 5px;\"><strong> <a title=\"Continguts educaci\u00f3 infantil\" href=\"\/\/www.slideshare.net\/escoladesort\/continguts-educaci-infantil\" target=\"_blank\" rel=\"noopener noreferrer\">Continguts educaci\u00f3 infantil<\/a> <\/strong> from <strong><a href=\"https:\/\/www.slideshare.net\/escoladesort\" target=\"_blank\" rel=\"noopener noreferrer\">Escola \u00c0ngel Seraf\u00ed Casanovas<\/a><\/strong><\/div>\n<p>&nbsp;<\/p>\n<div class=\"ast-oembed-container \" style=\"height: 100%;\"><iframe loading=\"lazy\" title=\"Criteris d&#039;avaluaci\u00f3\" src=\"https:\/\/www.slideshare.net\/slideshow\/embed_code\/key\/GiZ71OkIPvwszq\" width=\"479\" height=\"511\" frameborder=\"0\" marginwidth=\"0\" marginheight=\"0\" scrolling=\"no\" style=\"border:1px solid #CCC; border-width:1px; margin-bottom:5px; max-width: 100%;\" allowfullscreen> <\/iframe> <\/p>\n<div style=\"margin-bottom:5px\"> <strong> <a href=\"https:\/\/www.slideshare.net\/slideshow\/criteris-davaluaci-250806403\/250806403\" title=\"Criteris d&#39;avaluaci\u00f3\" target=\"_blank\">Criteris d&#39;avaluaci\u00f3<\/a> <\/strong> from <strong><a href=\"https:\/\/www.slideshare.net\/diggory14\" target=\"_blank\">diggory14<\/a><\/strong> <\/div>\n<\/div>\n<p>&nbsp;<\/p>\n","protected":false},"excerpt":{"rendered":"<p>En aquestes revistes digitals podreu veure tots els continguts, capacitats i criteris d&#8217;avaluaci\u00f3 de P-3, P-4 i P-5. Continguts educaci\u00f3 infantil from Escola \u00c0ngel Seraf\u00ed Casanovas &nbsp; Criteris d&#39;avaluaci\u00f3 from diggory14 &nbsp;<\/p>\n","protected":false},"author":1,"featured_media":0,"parent":22,"menu_order":0,"comment_status":"open","ping_status":"closed","template":"","meta":{"_bbp_topic_count":0,"_bbp_reply_count":0,"_bbp_total_topic_count":0,"_bbp_total_reply_count":0,"_bbp_voice_count":0,"_bbp_anonymous_reply_count":0,"_bbp_topic_count_hidden":0,"_bbp_reply_count_hidden":0,"_bbp_forum_subforum_count":0,"site-sidebar-layout":"default","site-content-layout":"","ast-site-content-layout":"","site-content-style":"default","site-sidebar-style":"default","ast-global-header-display":"","ast-banner-title-visibility":"","ast-main-header-display":"","ast-hfb-above-header-display":"","ast-hfb-below-header-display":"","ast-hfb-mobile-header-display":"","site-post-title":"","ast-breadcrumbs-content":"","ast-featured-img":"","footer-sml-layout":"","theme-transparent-header-meta":"","adv-header-id-meta":"","stick-header-meta":"","header-above-stick-meta":"","header-main-stick-meta":"","header-below-stick-meta":"","astra-migrate-meta-layouts":"default","ast-page-background-enabled":"default","ast-page-background-meta":{"desktop":{"background-color":"var(--ast-global-color-4)","background-image":"","background-repeat":"repeat","background-position":"center center","background-size":"auto","background-attachment":"scroll","background-type":"","background-media":"","overlay-type":"","overlay-color":"","overlay-opacity":"","overlay-gradient":""},"tablet":{"background-color":"","background-image":"","background-repeat":"repeat","background-position":"center center","background-size":"auto","background-attachment":"scroll","background-type":"","background-media":"","overlay-type":"","overlay-color":"","overlay-opacity":"","overlay-gradient":""},"mobile":{"background-color":"","background-image":"","background-repeat":"repeat","background-position":"center center","background-size":"auto","background-attachment":"scroll","background-type":"","background-media":"","overlay-type":"","overlay-color":"","overlay-opacity":"","overlay-gradient":""}},"ast-content-background-meta":{"desktop":{"background-color":"var(--ast-global-color-5)","background-image":"","background-repeat":"repeat","background-position":"center center","background-size":"auto","background-attachment":"scroll","background-type":"","background-media":"","overlay-type":"","overlay-color":"","overlay-opacity":"","overlay-gradient":""},"tablet":{"background-color":"var(--ast-global-color-5)","background-image":"","background-repeat":"repeat","background-position":"center center","background-size":"auto","background-attachment":"scroll","background-type":"","background-media":"","overlay-type":"","overlay-color":"","overlay-opacity":"","overlay-gradient":""},"mobile":{"background-color":"var(--ast-global-color-5)","background-image":"","background-repeat":"repeat","background-position":"center center","background-size":"auto","background-attachment":"scroll","background-type":"","background-media":"","overlay-type":"","overlay-color":"","overlay-opacity":"","overlay-gradient":""}},"footnotes":""},"class_list":["post-33034","page","type-page","status-publish","hentry"],"post_mailing_queue_ids":[],"_links":{"self":[{"href":"https:\/\/agora.xtec.cat\/ceip-angel-serafi-casanovas\/wp-json\/wp\/v2\/pages\/33034","targetHints":{"allow":["GET"]}}],"collection":[{"href":"https:\/\/agora.xtec.cat\/ceip-angel-serafi-casanovas\/wp-json\/wp\/v2\/pages"}],"about":[{"href":"https:\/\/agora.xtec.cat\/ceip-angel-serafi-casanovas\/wp-json\/wp\/v2\/types\/page"}],"author":[{"embeddable":true,"href":"https:\/\/agora.xtec.cat\/ceip-angel-serafi-casanovas\/wp-json\/wp\/v2\/users\/1"}],"replies":[{"embeddable":true,"href":"https:\/\/agora.xtec.cat\/ceip-angel-serafi-casanovas\/wp-json\/wp\/v2\/comments?post=33034"}],"version-history":[{"count":5,"href":"https:\/\/agora.xtec.cat\/ceip-angel-serafi-casanovas\/wp-json\/wp\/v2\/pages\/33034\/revisions"}],"predecessor-version":[{"id":40526,"href":"https:\/\/agora.xtec.cat\/ceip-angel-serafi-casanovas\/wp-json\/wp\/v2\/pages\/33034\/revisions\/40526"}],"up":[{"embeddable":true,"href":"https:\/\/agora.xtec.cat\/ceip-angel-serafi-casanovas\/wp-json\/wp\/v2\/pages\/22"}],"wp:attachment":[{"href":"https:\/\/agora.xtec.cat\/ceip-angel-serafi-casanovas\/wp-json\/wp\/v2\/media?parent=33034"}],"curies":[{"name":"wp","href":"https:\/\/api.w.org\/{rel}","templated":true}]}}