{"id":32748,"date":"2024-05-30T07:28:40","date_gmt":"2024-05-30T05:28:40","guid":{"rendered":"http:\/\/agora.xtec.cat\/ceip-angel-serafi-casanovas\/?page_id=32748"},"modified":"2024-05-30T21:48:53","modified_gmt":"2024-05-30T19:48:53","slug":"projecte-erasmus","status":"publish","type":"page","link":"https:\/\/agora.xtec.cat\/ceip-angel-serafi-casanovas\/lescola\/projecte-erasmus\/","title":{"rendered":"Acreditaci\u00f3 Erasmus 2021-2027"},"content":{"rendered":"<h1><a href=\"https:\/\/agora.xtec.cat\/ceip-angel-serafi-casanovas\/language-and-culture-assistants-program\/attachment\/colorful-doodle-business-mind-map\/\" rel=\"attachment wp-att-43381\"><img loading=\"lazy\" decoding=\"async\" class=\"aligncenter size-full wp-image-43381\" src=\"https:\/\/agora.xtec.cat\/ceip-angel-serafi-casanovas\/wp-content\/uploads\/usu78\/2024\/05\/Colorful-Doodle-Business-Mind-Map-.png\" alt=\"\" width=\"1024\" height=\"768\" srcset=\"https:\/\/agora.xtec.cat\/ceip-angel-serafi-casanovas\/wp-content\/uploads\/usu78\/2024\/05\/Colorful-Doodle-Business-Mind-Map-.png 1024w, https:\/\/agora.xtec.cat\/ceip-angel-serafi-casanovas\/wp-content\/uploads\/usu78\/2024\/05\/Colorful-Doodle-Business-Mind-Map--300x225.png 300w, https:\/\/agora.xtec.cat\/ceip-angel-serafi-casanovas\/wp-content\/uploads\/usu78\/2024\/05\/Colorful-Doodle-Business-Mind-Map--768x576.png 768w, https:\/\/agora.xtec.cat\/ceip-angel-serafi-casanovas\/wp-content\/uploads\/usu78\/2024\/05\/Colorful-Doodle-Business-Mind-Map--200x150.png 200w\" sizes=\"auto, (max-width: 1024px) 100vw, 1024px\" \/><\/a><\/h1>\n<h1><\/h1>\n<h1 style=\"text-align: center;\"><span style=\"color: #0000ff;\"><strong>LE MANS<\/strong><\/span><\/h1>\n<p>La N\u00faria i la Gemma, mestres de l&#8217;escola, han viatjat fins a Le Mans, al nord de Fran\u00e7a per preparar la mobilitat Erasmus que es portar\u00e0 a terme amb l&#8217;alumnat de 6\u00e8. El professorat de <a href=\"https:\/\/www.education.gouv.fr\/annuaire\/72000\/le-mans\/ecole\/0721253w\/ecole-primaire-publique-pierre-de-ronsard.html\">l&#8217;Escola Pierre de Ronsard<\/a> ens han rebut amb els bra\u00e7os oberts. Estem molt emocionades per compartir l&#8217;experi\u00e8ncia amb el nostre alumnat, segur que ser\u00e0 molt emocionant i profit\u00f3s!<\/p>\n<p><a href=\"https:\/\/agora.xtec.cat\/ceip-angel-serafi-casanovas\/lescola\/projecte-erasmus\/attachment\/captura-de-pantalla-2022-11-28-181754\/\" rel=\"attachment wp-att-41755\"><img loading=\"lazy\" decoding=\"async\" class=\"aligncenter size-full wp-image-41755\" src=\"https:\/\/agora.xtec.cat\/ceip-angel-serafi-casanovas\/wp-content\/uploads\/usu78\/2022\/11\/Captura-de-pantalla-2022-11-28-181754.jpg\" alt=\"\" width=\"712\" height=\"675\" srcset=\"https:\/\/agora.xtec.cat\/ceip-angel-serafi-casanovas\/wp-content\/uploads\/usu78\/2022\/11\/Captura-de-pantalla-2022-11-28-181754.jpg 712w, https:\/\/agora.xtec.cat\/ceip-angel-serafi-casanovas\/wp-content\/uploads\/usu78\/2022\/11\/Captura-de-pantalla-2022-11-28-181754-300x284.jpg 300w\" sizes=\"auto, (max-width: 712px) 100vw, 712px\" \/><\/a><\/p>\n<p>&nbsp;<\/p>\n<h1 style=\"text-align: center;\"><span style=\"color: #0000ff;\"><strong>TORINO<\/strong><\/span><\/h1>\n<p><span style=\"font-weight: 400;\">Durant la visita a l&#8217;<a href=\"https:\/\/www.icbrunocaccia.it\/\">Istituto comprensivo IC Bruno Caccia<\/a> l&#8217;alumnat de la nostra escola va fer d&#8217;ambaixador de la cultura i tradicions locals a l&#8217;escola amfitriona\u00a0 i va donar a con\u00e8ixer els productes de la nostra zona a la comunitat educativa piemontesa.<\/span><\/p>\n<p><iframe loading=\"lazy\" src=\"\/\/www.youtube.com\/embed\/1eXEk_8GRsw\" width=\"860\" height=\"614\" allowfullscreen=\"allowfullscreen\"><span data-mce-type=\"bookmark\" style=\"display: inline-block; width: 0px; overflow: hidden; line-height: 0;\" class=\"mce_SELRES_start\">\ufeff<\/span><\/iframe><\/p>\n<p>&nbsp;<\/p>\n<p>&nbsp;<\/p>\n<p><a href=\"https:\/\/agora.xtec.cat\/ceip-angel-serafi-casanovas\/wp-content\/uploads\/usu78\/2023\/05\/My-best-moment-in-Torino.jpg\"><img loading=\"lazy\" decoding=\"async\" class=\"alignnone size-large wp-image-42180\" src=\"https:\/\/agora.xtec.cat\/ceip-angel-serafi-casanovas\/wp-content\/uploads\/usu78\/2023\/05\/My-best-moment-in-Torino-1024x1024.jpg\" alt=\"\" width=\"1024\" height=\"1024\" srcset=\"https:\/\/agora.xtec.cat\/ceip-angel-serafi-casanovas\/wp-content\/uploads\/usu78\/2023\/05\/My-best-moment-in-Torino-1024x1024.jpg 1024w, https:\/\/agora.xtec.cat\/ceip-angel-serafi-casanovas\/wp-content\/uploads\/usu78\/2023\/05\/My-best-moment-in-Torino-300x300.jpg 300w, https:\/\/agora.xtec.cat\/ceip-angel-serafi-casanovas\/wp-content\/uploads\/usu78\/2023\/05\/My-best-moment-in-Torino-150x150.jpg 150w, https:\/\/agora.xtec.cat\/ceip-angel-serafi-casanovas\/wp-content\/uploads\/usu78\/2023\/05\/My-best-moment-in-Torino-768x768.jpg 768w, https:\/\/agora.xtec.cat\/ceip-angel-serafi-casanovas\/wp-content\/uploads\/usu78\/2023\/05\/My-best-moment-in-Torino.jpg 1080w\" sizes=\"auto, (max-width: 1024px) 100vw, 1024px\" \/><\/a><\/p>\n<h1><\/h1>\n<h1 style=\"text-align: center;\"><span style=\"color: #0000ff;\"><strong>PIRKKALA<\/strong><\/span><\/h1>\n<p><span style=\"font-weight: 400;\">Alumnat de 6\u00e8 de prim\u00e0ria de l\u2019escola \u00c0ngel Seraf\u00ed Casanovas de Sort van viatjar a Finl\u00e0ndia el passat mes de maig. Durant els 5 dies d\u2019estada al pa\u00eds n\u00f2rdic l\u2019alumnat va visitar les escoles <\/span><a href=\"https:\/\/peda.net\/pirkkala\/peruskoulut\/naistenmatkankoulu\/naistenmatka-school\"><i><span style=\"font-weight: 400;\">Naistenmatkan koulu<\/span><\/i><\/a><span style=\"font-weight: 400;\">\u00a0 i <\/span><a href=\"https:\/\/peda.net\/pirkkala\/peruskoulut\/kirkonkylankoulu\/iel\/luonnos\"><i><span style=\"font-weight: 400;\">Kirkonkyl\u00e4n koulu<\/span><\/i><\/a><span style=\"font-weight: 400;\"> de la ciutat de Pirkkala i va poder participar en un seguit d\u2019activitats enfocades a la pr\u00e0ctica de la comunicaci\u00f3 oral en llengua anglesa.<\/span><\/p>\n<div style=\"width: 1920px;\" class=\"wp-video\"><!--[if lt IE 9]><script>document.createElement('video');<\/script><![endif]-->\n<video class=\"wp-video-shortcode\" id=\"video-32748-1\" width=\"1920\" height=\"1080\" preload=\"metadata\" controls=\"controls\"><source type=\"video\/mp4\" src=\"https:\/\/agora.xtec.cat\/ceip-angel-serafi-casanovas\/wp-content\/uploads\/usu78\/2023\/05\/best-moments-pirkkala.mp4?_=1\" \/><a href=\"https:\/\/agora.xtec.cat\/ceip-angel-serafi-casanovas\/wp-content\/uploads\/usu78\/2023\/05\/best-moments-pirkkala.mp4\">https:\/\/agora.xtec.cat\/ceip-angel-serafi-casanovas\/wp-content\/uploads\/usu78\/2023\/05\/best-moments-pirkkala.mp4<\/a><\/video><\/div>\n<p>&nbsp;<\/p>\n<p><a href=\"https:\/\/agora.xtec.cat\/ceip-angel-serafi-casanovas\/wp-content\/uploads\/usu78\/2023\/05\/MY-BEST-MOMENT-IN-LE-MANS.jpg\"><img loading=\"lazy\" decoding=\"async\" class=\"wp-image-42252 aligncenter\" src=\"https:\/\/agora.xtec.cat\/ceip-angel-serafi-casanovas\/wp-content\/uploads\/usu78\/2023\/05\/MY-BEST-MOMENT-IN-LE-MANS-1024x1024.jpg\" alt=\"\" width=\"535\" height=\"535\" srcset=\"https:\/\/agora.xtec.cat\/ceip-angel-serafi-casanovas\/wp-content\/uploads\/usu78\/2023\/05\/MY-BEST-MOMENT-IN-LE-MANS-1024x1024.jpg 1024w, https:\/\/agora.xtec.cat\/ceip-angel-serafi-casanovas\/wp-content\/uploads\/usu78\/2023\/05\/MY-BEST-MOMENT-IN-LE-MANS-300x300.jpg 300w, https:\/\/agora.xtec.cat\/ceip-angel-serafi-casanovas\/wp-content\/uploads\/usu78\/2023\/05\/MY-BEST-MOMENT-IN-LE-MANS-150x150.jpg 150w, https:\/\/agora.xtec.cat\/ceip-angel-serafi-casanovas\/wp-content\/uploads\/usu78\/2023\/05\/MY-BEST-MOMENT-IN-LE-MANS-768x768.jpg 768w, https:\/\/agora.xtec.cat\/ceip-angel-serafi-casanovas\/wp-content\/uploads\/usu78\/2023\/05\/MY-BEST-MOMENT-IN-LE-MANS.jpg 1080w\" sizes=\"auto, (max-width: 535px) 100vw, 535px\" \/><\/a><\/p>\n<h1 style=\"text-align: center;\"><span style=\"color: #0000ff;\"><strong>#ERASMUSDAY<\/strong><\/span><\/h1>\n<div style=\"width: 1920px;\" class=\"wp-video\"><video class=\"wp-video-shortcode\" id=\"video-32748-2\" width=\"1920\" height=\"1080\" preload=\"metadata\" controls=\"controls\"><source type=\"video\/mp4\" src=\"https:\/\/agora.xtec.cat\/ceip-angel-serafi-casanovas\/wp-content\/uploads\/usu78\/2023\/05\/Erasmus-day.mp4?_=2\" \/><a href=\"https:\/\/agora.xtec.cat\/ceip-angel-serafi-casanovas\/wp-content\/uploads\/usu78\/2023\/05\/Erasmus-day.mp4\">https:\/\/agora.xtec.cat\/ceip-angel-serafi-casanovas\/wp-content\/uploads\/usu78\/2023\/05\/Erasmus-day.mp4<\/a><\/video><\/div>\n<p>&nbsp;<\/p>\n<p><a href=\"https:\/\/agora.xtec.cat\/ceip-angel-serafi-casanovas\/wp-content\/uploads\/usu78\/2023\/05\/MY-BEST-MOMENT-IN-PIRKKALA.jpg\"><img loading=\"lazy\" decoding=\"async\" class=\"alignnone size-large wp-image-42302\" src=\"https:\/\/agora.xtec.cat\/ceip-angel-serafi-casanovas\/wp-content\/uploads\/usu78\/2023\/05\/MY-BEST-MOMENT-IN-PIRKKALA-1024x1024.jpg\" alt=\"\" width=\"1024\" height=\"1024\" srcset=\"https:\/\/agora.xtec.cat\/ceip-angel-serafi-casanovas\/wp-content\/uploads\/usu78\/2023\/05\/MY-BEST-MOMENT-IN-PIRKKALA-1024x1024.jpg 1024w, https:\/\/agora.xtec.cat\/ceip-angel-serafi-casanovas\/wp-content\/uploads\/usu78\/2023\/05\/MY-BEST-MOMENT-IN-PIRKKALA-300x300.jpg 300w, https:\/\/agora.xtec.cat\/ceip-angel-serafi-casanovas\/wp-content\/uploads\/usu78\/2023\/05\/MY-BEST-MOMENT-IN-PIRKKALA-150x150.jpg 150w, https:\/\/agora.xtec.cat\/ceip-angel-serafi-casanovas\/wp-content\/uploads\/usu78\/2023\/05\/MY-BEST-MOMENT-IN-PIRKKALA-768x768.jpg 768w, https:\/\/agora.xtec.cat\/ceip-angel-serafi-casanovas\/wp-content\/uploads\/usu78\/2023\/05\/MY-BEST-MOMENT-IN-PIRKKALA.jpg 1080w\" sizes=\"auto, (max-width: 1024px) 100vw, 1024px\" \/><\/a><\/p>\n<p>&nbsp;<\/p>\n<p><img loading=\"lazy\" decoding=\"async\" class=\"aligncenter size-full wp-image-41725\" src=\"https:\/\/agora.xtec.cat\/ceip-angel-serafi-casanovas\/wp-content\/uploads\/usu78\/2022\/11\/ERASMSU-LOGOTIP.jpg\" alt=\"\" width=\"990\" height=\"495\" srcset=\"https:\/\/agora.xtec.cat\/ceip-angel-serafi-casanovas\/wp-content\/uploads\/usu78\/2022\/11\/ERASMSU-LOGOTIP.jpg 990w, https:\/\/agora.xtec.cat\/ceip-angel-serafi-casanovas\/wp-content\/uploads\/usu78\/2022\/11\/ERASMSU-LOGOTIP-300x150.jpg 300w, https:\/\/agora.xtec.cat\/ceip-angel-serafi-casanovas\/wp-content\/uploads\/usu78\/2022\/11\/ERASMSU-LOGOTIP-768x384.jpg 768w\" sizes=\"auto, (max-width: 990px) 100vw, 990px\" \/><a href=\"https:\/\/agora.xtec.cat\/ceip-angel-serafi-casanovas\/lescola\/projecte-erasmus\/attachment\/logotip-cofinanciacio-europea\/\" rel=\"attachment wp-att-41726\"><img loading=\"lazy\" decoding=\"async\" class=\"aligncenter size-large wp-image-41726\" src=\"https:\/\/agora.xtec.cat\/ceip-angel-serafi-casanovas\/wp-content\/uploads\/usu78\/2022\/11\/LOGOTIP-COFINANCIACIO-EUROPEA.png\" alt=\"\" width=\"481\" height=\"105\" srcset=\"https:\/\/agora.xtec.cat\/ceip-angel-serafi-casanovas\/wp-content\/uploads\/usu78\/2022\/11\/LOGOTIP-COFINANCIACIO-EUROPEA.png 481w, https:\/\/agora.xtec.cat\/ceip-angel-serafi-casanovas\/wp-content\/uploads\/usu78\/2022\/11\/LOGOTIP-COFINANCIACIO-EUROPEA-300x65.png 300w\" sizes=\"auto, (max-width: 481px) 100vw, 481px\" \/><\/a><\/p>\n","protected":false},"excerpt":{"rendered":"<p>LE MANS La N\u00faria i la Gemma, mestres de l&#8217;escola, han viatjat fins a Le Mans, al nord de Fran\u00e7a per preparar la mobilitat Erasmus que es portar\u00e0 a terme amb l&#8217;alumnat de 6\u00e8. El professorat de l&#8217;Escola Pierre de Ronsard ens han rebut amb els bra\u00e7os oberts. Estem molt emocionades per compartir l&#8217;experi\u00e8ncia amb [&hellip;]<\/p>\n","protected":false},"author":1,"featured_media":0,"parent":22,"menu_order":0,"comment_status":"closed","ping_status":"closed","template":"","meta":{"_bbp_topic_count":0,"_bbp_reply_count":0,"_bbp_total_topic_count":0,"_bbp_total_reply_count":0,"_bbp_voice_count":0,"_bbp_anonymous_reply_count":0,"_bbp_topic_count_hidden":0,"_bbp_reply_count_hidden":0,"_bbp_forum_subforum_count":0,"site-sidebar-layout":"default","site-content-layout":"","ast-site-content-layout":"","site-content-style":"default","site-sidebar-style":"default","ast-global-header-display":"","ast-banner-title-visibility":"","ast-main-header-display":"","ast-hfb-above-header-display":"","ast-hfb-below-header-display":"","ast-hfb-mobile-header-display":"","site-post-title":"","ast-breadcrumbs-content":"","ast-featured-img":"","footer-sml-layout":"","theme-transparent-header-meta":"","adv-header-id-meta":"","stick-header-meta":"","header-above-stick-meta":"","header-main-stick-meta":"","header-below-stick-meta":"","astra-migrate-meta-layouts":"default","ast-page-background-enabled":"default","ast-page-background-meta":{"desktop":{"background-color":"var(--ast-global-color-4)","background-image":"","background-repeat":"repeat","background-position":"center center","background-size":"auto","background-attachment":"scroll","background-type":"","background-media":"","overlay-type":"","overlay-color":"","overlay-opacity":"","overlay-gradient":""},"tablet":{"background-color":"","background-image":"","background-repeat":"repeat","background-position":"center center","background-size":"auto","background-attachment":"scroll","background-type":"","background-media":"","overlay-type":"","overlay-color":"","overlay-opacity":"","overlay-gradient":""},"mobile":{"background-color":"","background-image":"","background-repeat":"repeat","background-position":"center center","background-size":"auto","background-attachment":"scroll","background-type":"","background-media":"","overlay-type":"","overlay-color":"","overlay-opacity":"","overlay-gradient":""}},"ast-content-background-meta":{"desktop":{"background-color":"var(--ast-global-color-5)","background-image":"","background-repeat":"repeat","background-position":"center center","background-size":"auto","background-attachment":"scroll","background-type":"","background-media":"","overlay-type":"","overlay-color":"","overlay-opacity":"","overlay-gradient":""},"tablet":{"background-color":"var(--ast-global-color-5)","background-image":"","background-repeat":"repeat","background-position":"center center","background-size":"auto","background-attachment":"scroll","background-type":"","background-media":"","overlay-type":"","overlay-color":"","overlay-opacity":"","overlay-gradient":""},"mobile":{"background-color":"var(--ast-global-color-5)","background-image":"","background-repeat":"repeat","background-position":"center center","background-size":"auto","background-attachment":"scroll","background-type":"","background-media":"","overlay-type":"","overlay-color":"","overlay-opacity":"","overlay-gradient":""}},"footnotes":""},"class_list":["post-32748","page","type-page","status-publish","hentry"],"post_mailing_queue_ids":[],"_links":{"self":[{"href":"https:\/\/agora.xtec.cat\/ceip-angel-serafi-casanovas\/wp-json\/wp\/v2\/pages\/32748","targetHints":{"allow":["GET"]}}],"collection":[{"href":"https:\/\/agora.xtec.cat\/ceip-angel-serafi-casanovas\/wp-json\/wp\/v2\/pages"}],"about":[{"href":"https:\/\/agora.xtec.cat\/ceip-angel-serafi-casanovas\/wp-json\/wp\/v2\/types\/page"}],"author":[{"embeddable":true,"href":"https:\/\/agora.xtec.cat\/ceip-angel-serafi-casanovas\/wp-json\/wp\/v2\/users\/1"}],"replies":[{"embeddable":true,"href":"https:\/\/agora.xtec.cat\/ceip-angel-serafi-casanovas\/wp-json\/wp\/v2\/comments?post=32748"}],"version-history":[{"count":5,"href":"https:\/\/agora.xtec.cat\/ceip-angel-serafi-casanovas\/wp-json\/wp\/v2\/pages\/32748\/revisions"}],"predecessor-version":[{"id":43384,"href":"https:\/\/agora.xtec.cat\/ceip-angel-serafi-casanovas\/wp-json\/wp\/v2\/pages\/32748\/revisions\/43384"}],"up":[{"embeddable":true,"href":"https:\/\/agora.xtec.cat\/ceip-angel-serafi-casanovas\/wp-json\/wp\/v2\/pages\/22"}],"wp:attachment":[{"href":"https:\/\/agora.xtec.cat\/ceip-angel-serafi-casanovas\/wp-json\/wp\/v2\/media?parent=32748"}],"curies":[{"name":"wp","href":"https:\/\/api.w.org\/{rel}","templated":true}]}}