{"id":30443,"date":"2017-01-09T13:19:09","date_gmt":"2017-01-09T12:19:09","guid":{"rendered":"http:\/\/agora.xtec.cat\/ceip-angel-serafi-casanovas\/?page_id=30443"},"modified":"2020-07-09T11:20:03","modified_gmt":"2020-07-09T09:20:03","slug":"programa-esport-blanc-escolar-pebe","status":"publish","type":"page","link":"https:\/\/agora.xtec.cat\/ceip-angel-serafi-casanovas\/programa-esport-blanc-escolar-pebe\/","title":{"rendered":"Programa Esport Blanc Escolar 2012-2022  (PEBE)"},"content":{"rendered":"<p><strong>\u00a0 \u00a0 \u00a0<\/strong><strong>\u00a0 \u00a0 \u00a0 \u00a0 \u00a0 \u00a0 \u00a0 \u00a0 \u00a0 \u00a0 \u00a0 \u00a0 \u00a0 \u00a0 \u00a0\u00a0<\/strong><\/p>\n<p><strong>PROMOCI\u00d3 ESCOLAR DELS ESPORTS DE NEU<\/strong><\/p>\n<p>El programa va destinat a la promoci\u00f3 de l\u2019esqu\u00ed escolar (en les seves diferents modalitats) als alumnes de cicle mitj\u00e0 de les escoles de les comarques del Pirineu. Aquest programa s\u2019ha dissenyat a partir d\u2019un an\u00e0lisi molt detallat dels centres d\u2019ensenyament actuals de les comarques pirinenques per atendre les seves singularitats i necessitats.<\/p>\n<p><strong>Objectius<\/strong><\/p>\n<ul>\n<li>Ajudar en la formaci\u00f3 integral dels<\/li>\n<li>Educar mitjan\u00e7ant l\u2019esport a l\u2019aire lliure a respectar i gaudir de la muntanya.<\/li>\n<li>Adquisici\u00f3 d\u2019habilitats com la coordinaci\u00f3, l\u2019equilibri, valor i confian\u00e7a que ajudaran als alumnes al desenvolupament de les aptituds f\u00edsiques<\/li>\n<li>Aprendre la t\u00e8cnica dels esports de neu.<\/li>\n<li>Aconseguir que tots els alumnes que viuen a les comarques pirinenques tinguin l\u2019oportunitat d\u2019aprendre a esquiar.<\/li>\n<\/ul>\n<p><strong>Objectius t\u00e8cnics<\/strong><\/p>\n<ul>\n<li>Desenvolupament b\u00e0sic de l\u2019agilitat, l\u2019equilibri i la coordinaci\u00f3.<\/li>\n<li>Desenvolupament de les capacitats f\u00edsiques mitjan\u00e7ant activitats l\u00fadiques i jocs per a afavorir la pr\u00e0ctica de l\u2019esqu\u00ed.<\/li>\n<\/ul>\n<p><strong>Caracter\u00edstiques Programa<\/strong><\/p>\n<ul>\n<li>Esqu\u00ed alp\u00ed (3 dies: 2h\/dia), Esqu\u00ed de fons (3 dies: 3h\/dia) i surf de neu (2 dies: 2h\/dia)<\/li>\n<li>Integrat al programa d\u2019Educaci\u00f3 F\u00edsica. Horari lectiu (dimecres del 21 de gener a l\u201911 de mar\u00e7).<\/li>\n<li>Coordinaci\u00f3: CCE + FCEH + CONSELL ESPORTIU + ESCOLA<\/li>\n<li>Forfait (acord estacions)<\/li>\n<li>Transport (Consell Comarcal del Pallars Sobir\u00e0)<\/li>\n<li>T\u00e8cnics (FCEH + Consell Esportiu del Pallars Sobir\u00e0)<\/li>\n<li>Material (Acord amb les estacions)<\/li>\n<\/ul>\n<p><strong>Cost:<\/strong> Programa subvencionat pel CCE, Diputaci\u00f3 de Lleida, Consell Comarcal i Estacions d\u2019Esqu\u00ed. <strong>Les fam\u00edlies nom\u00e9s pagaran el 50% del cost del lloguer del material de les activitats que no en tinguin (m\u00e0x 25\u20ac).<\/strong><\/p>\n<p><u>LLISTAT MATERIAL<\/u><u> QUE CAL PORTAR <\/u><\/p>\n<ul>\n<li><strong>CASC PROTECTOR<\/strong> (OBLIGATORI)<\/li>\n<li><strong>ULLERES DE SOL<\/strong><\/li>\n<li><strong>ROBA T\u00c8RMICA<\/strong> PER SOTA<\/li>\n<li><strong>PANTAL\u00d3 I ANORAK D\u2019ESQU\u00cd <\/strong><\/li>\n<li><strong>UN MITJ\u00d3<\/strong> LLARG FINS A SOTA DEL GENOLL I SENSE ESTRIES (LLIS)<\/li>\n<li><strong>PORTAR CREMA SOLAR PER LA CARA I LLAVIS<\/strong>.<\/li>\n<li><strong>MOTXILLA<\/strong> PELS ENTREPANS<\/li>\n<li><strong>BOSSA PER LES BOTES D\u2019ESQU\u00cd QUE NO SIGUI DE PAPER.<\/strong><\/li>\n<\/ul>\n<p><strong><span style=\"color: #ff0000;\">El calendari de les activitats es far\u00e0 arribar a les families abans de comen\u00e7ar <\/span><\/strong><\/p>\n<p><strong><span style=\"color: #ff0000;\">l&#8217;acativitat.<\/span><\/strong><\/p>\n<p><em>* Sortida i arribada a l\u2019escola<\/em><\/p>\n<p>&nbsp;<\/p>\n","protected":false},"excerpt":{"rendered":"<p>\u00a0 \u00a0 \u00a0\u00a0 \u00a0 \u00a0 \u00a0 \u00a0 \u00a0 \u00a0 \u00a0 \u00a0 \u00a0 \u00a0 \u00a0 \u00a0 \u00a0 \u00a0\u00a0 PROMOCI\u00d3 ESCOLAR DELS ESPORTS DE NEU El programa va destinat a la promoci\u00f3 de l\u2019esqu\u00ed escolar (en les seves diferents modalitats) als alumnes de cicle mitj\u00e0 de les escoles de les comarques del Pirineu. Aquest programa s\u2019ha dissenyat [&hellip;]<\/p>\n","protected":false},"author":1,"featured_media":0,"parent":0,"menu_order":0,"comment_status":"closed","ping_status":"closed","template":"","meta":{"_bbp_topic_count":0,"_bbp_reply_count":0,"_bbp_total_topic_count":0,"_bbp_total_reply_count":0,"_bbp_voice_count":0,"_bbp_anonymous_reply_count":0,"_bbp_topic_count_hidden":0,"_bbp_reply_count_hidden":0,"_bbp_forum_subforum_count":0,"site-sidebar-layout":"default","site-content-layout":"","ast-site-content-layout":"","site-content-style":"default","site-sidebar-style":"default","ast-global-header-display":"","ast-banner-title-visibility":"","ast-main-header-display":"","ast-hfb-above-header-display":"","ast-hfb-below-header-display":"","ast-hfb-mobile-header-display":"","site-post-title":"","ast-breadcrumbs-content":"","ast-featured-img":"","footer-sml-layout":"","theme-transparent-header-meta":"","adv-header-id-meta":"","stick-header-meta":"","header-above-stick-meta":"","header-main-stick-meta":"","header-below-stick-meta":"","astra-migrate-meta-layouts":"default","ast-page-background-enabled":"default","ast-page-background-meta":{"desktop":{"background-color":"var(--ast-global-color-4)","background-image":"","background-repeat":"repeat","background-position":"center center","background-size":"auto","background-attachment":"scroll","background-type":"","background-media":"","overlay-type":"","overlay-color":"","overlay-opacity":"","overlay-gradient":""},"tablet":{"background-color":"","background-image":"","background-repeat":"repeat","background-position":"center center","background-size":"auto","background-attachment":"scroll","background-type":"","background-media":"","overlay-type":"","overlay-color":"","overlay-opacity":"","overlay-gradient":""},"mobile":{"background-color":"","background-image":"","background-repeat":"repeat","background-position":"center center","background-size":"auto","background-attachment":"scroll","background-type":"","background-media":"","overlay-type":"","overlay-color":"","overlay-opacity":"","overlay-gradient":""}},"ast-content-background-meta":{"desktop":{"background-color":"var(--ast-global-color-5)","background-image":"","background-repeat":"repeat","background-position":"center center","background-size":"auto","background-attachment":"scroll","background-type":"","background-media":"","overlay-type":"","overlay-color":"","overlay-opacity":"","overlay-gradient":""},"tablet":{"background-color":"var(--ast-global-color-5)","background-image":"","background-repeat":"repeat","background-position":"center center","background-size":"auto","background-attachment":"scroll","background-type":"","background-media":"","overlay-type":"","overlay-color":"","overlay-opacity":"","overlay-gradient":""},"mobile":{"background-color":"var(--ast-global-color-5)","background-image":"","background-repeat":"repeat","background-position":"center center","background-size":"auto","background-attachment":"scroll","background-type":"","background-media":"","overlay-type":"","overlay-color":"","overlay-opacity":"","overlay-gradient":""}},"footnotes":""},"class_list":["post-30443","page","type-page","status-publish","hentry"],"post_mailing_queue_ids":[],"_links":{"self":[{"href":"https:\/\/agora.xtec.cat\/ceip-angel-serafi-casanovas\/wp-json\/wp\/v2\/pages\/30443","targetHints":{"allow":["GET"]}}],"collection":[{"href":"https:\/\/agora.xtec.cat\/ceip-angel-serafi-casanovas\/wp-json\/wp\/v2\/pages"}],"about":[{"href":"https:\/\/agora.xtec.cat\/ceip-angel-serafi-casanovas\/wp-json\/wp\/v2\/types\/page"}],"author":[{"embeddable":true,"href":"https:\/\/agora.xtec.cat\/ceip-angel-serafi-casanovas\/wp-json\/wp\/v2\/users\/1"}],"replies":[{"embeddable":true,"href":"https:\/\/agora.xtec.cat\/ceip-angel-serafi-casanovas\/wp-json\/wp\/v2\/comments?post=30443"}],"version-history":[{"count":3,"href":"https:\/\/agora.xtec.cat\/ceip-angel-serafi-casanovas\/wp-json\/wp\/v2\/pages\/30443\/revisions"}],"predecessor-version":[{"id":37829,"href":"https:\/\/agora.xtec.cat\/ceip-angel-serafi-casanovas\/wp-json\/wp\/v2\/pages\/30443\/revisions\/37829"}],"wp:attachment":[{"href":"https:\/\/agora.xtec.cat\/ceip-angel-serafi-casanovas\/wp-json\/wp\/v2\/media?parent=30443"}],"curies":[{"name":"wp","href":"https:\/\/api.w.org\/{rel}","templated":true}]}}