{"id":30158,"date":"2016-10-26T11:19:31","date_gmt":"2016-10-26T09:19:31","guid":{"rendered":"http:\/\/agora.xtec.cat\/ceip-angel-serafi-casanovas\/?page_id=30158"},"modified":"2017-01-11T16:40:13","modified_gmt":"2017-01-11T15:40:13","slug":"apadrinament-lector-2","status":"publish","type":"page","link":"https:\/\/agora.xtec.cat\/ceip-angel-serafi-casanovas\/apadrinament-lector-2\/","title":{"rendered":"Apadrinament lector"},"content":{"rendered":"<p>&nbsp;<\/p>\n<p style=\"text-align: justify;\">L&#8217;<span style=\"color: #0000ff;\"><strong>Apadrinament Lector<\/strong><\/span> \u00e9s una activitat que es realitza quinzenalment i consisteix en qu\u00e8 els padrins lectors, preparen diferents lectures per fer-les als seus fillols. Aquests gaudeixen escoltant un bon model de lectura d\u2019un nen o d\u2019una nena m\u00e9s gran i \u00e9s un refor\u00e7 molt positiu per tots plegats, ja que ajuda a fomentar el gust per la lectura dels m\u00e9s petits i aprofundeix en la preparaci\u00f3 de textos i treball de lectura dels m\u00e9s grans. A m\u00e9s , ajudar\u00e0 a establir vincles afectius entre els nens i les nenes de l\u2019escola de diferents cursos.<\/p>\n<p style=\"text-align: justify;\">Fam\u00edlia, us animem a participar de l\u2019activitat parlant amb els vostre fills i filles d\u2019aquesta experi\u00e8ncia i donar-li la import\u00e0ncia necess\u00e0ria per fomentar el gust per la lectura de tots plegats.<\/p>\n","protected":false},"excerpt":{"rendered":"<p>&nbsp; L&#8217;Apadrinament Lector \u00e9s una activitat que es realitza quinzenalment i consisteix en qu\u00e8 els padrins lectors, preparen diferents lectures per fer-les als seus fillols. Aquests gaudeixen escoltant un bon model de lectura d\u2019un nen o d\u2019una nena m\u00e9s gran i \u00e9s un refor\u00e7 molt positiu per tots plegats, ja que ajuda a fomentar el [&hellip;]<\/p>\n","protected":false},"author":1,"featured_media":0,"parent":0,"menu_order":0,"comment_status":"closed","ping_status":"closed","template":"","meta":{"_bbp_topic_count":0,"_bbp_reply_count":0,"_bbp_total_topic_count":0,"_bbp_total_reply_count":0,"_bbp_voice_count":0,"_bbp_anonymous_reply_count":0,"_bbp_topic_count_hidden":0,"_bbp_reply_count_hidden":0,"_bbp_forum_subforum_count":0,"site-sidebar-layout":"default","site-content-layout":"","ast-site-content-layout":"","site-content-style":"default","site-sidebar-style":"default","ast-global-header-display":"","ast-banner-title-visibility":"","ast-main-header-display":"","ast-hfb-above-header-display":"","ast-hfb-below-header-display":"","ast-hfb-mobile-header-display":"","site-post-title":"","ast-breadcrumbs-content":"","ast-featured-img":"","footer-sml-layout":"","theme-transparent-header-meta":"","adv-header-id-meta":"","stick-header-meta":"","header-above-stick-meta":"","header-main-stick-meta":"","header-below-stick-meta":"","astra-migrate-meta-layouts":"default","ast-page-background-enabled":"default","ast-page-background-meta":{"desktop":{"background-color":"var(--ast-global-color-4)","background-image":"","background-repeat":"repeat","background-position":"center center","background-size":"auto","background-attachment":"scroll","background-type":"","background-media":"","overlay-type":"","overlay-color":"","overlay-opacity":"","overlay-gradient":""},"tablet":{"background-color":"","background-image":"","background-repeat":"repeat","background-position":"center center","background-size":"auto","background-attachment":"scroll","background-type":"","background-media":"","overlay-type":"","overlay-color":"","overlay-opacity":"","overlay-gradient":""},"mobile":{"background-color":"","background-image":"","background-repeat":"repeat","background-position":"center center","background-size":"auto","background-attachment":"scroll","background-type":"","background-media":"","overlay-type":"","overlay-color":"","overlay-opacity":"","overlay-gradient":""}},"ast-content-background-meta":{"desktop":{"background-color":"var(--ast-global-color-5)","background-image":"","background-repeat":"repeat","background-position":"center center","background-size":"auto","background-attachment":"scroll","background-type":"","background-media":"","overlay-type":"","overlay-color":"","overlay-opacity":"","overlay-gradient":""},"tablet":{"background-color":"var(--ast-global-color-5)","background-image":"","background-repeat":"repeat","background-position":"center center","background-size":"auto","background-attachment":"scroll","background-type":"","background-media":"","overlay-type":"","overlay-color":"","overlay-opacity":"","overlay-gradient":""},"mobile":{"background-color":"var(--ast-global-color-5)","background-image":"","background-repeat":"repeat","background-position":"center center","background-size":"auto","background-attachment":"scroll","background-type":"","background-media":"","overlay-type":"","overlay-color":"","overlay-opacity":"","overlay-gradient":""}},"footnotes":""},"class_list":["post-30158","page","type-page","status-publish","hentry"],"post_mailing_queue_ids":[],"_links":{"self":[{"href":"https:\/\/agora.xtec.cat\/ceip-angel-serafi-casanovas\/wp-json\/wp\/v2\/pages\/30158","targetHints":{"allow":["GET"]}}],"collection":[{"href":"https:\/\/agora.xtec.cat\/ceip-angel-serafi-casanovas\/wp-json\/wp\/v2\/pages"}],"about":[{"href":"https:\/\/agora.xtec.cat\/ceip-angel-serafi-casanovas\/wp-json\/wp\/v2\/types\/page"}],"author":[{"embeddable":true,"href":"https:\/\/agora.xtec.cat\/ceip-angel-serafi-casanovas\/wp-json\/wp\/v2\/users\/1"}],"replies":[{"embeddable":true,"href":"https:\/\/agora.xtec.cat\/ceip-angel-serafi-casanovas\/wp-json\/wp\/v2\/comments?post=30158"}],"version-history":[{"count":2,"href":"https:\/\/agora.xtec.cat\/ceip-angel-serafi-casanovas\/wp-json\/wp\/v2\/pages\/30158\/revisions"}],"predecessor-version":[{"id":30164,"href":"https:\/\/agora.xtec.cat\/ceip-angel-serafi-casanovas\/wp-json\/wp\/v2\/pages\/30158\/revisions\/30164"}],"wp:attachment":[{"href":"https:\/\/agora.xtec.cat\/ceip-angel-serafi-casanovas\/wp-json\/wp\/v2\/media?parent=30158"}],"curies":[{"name":"wp","href":"https:\/\/api.w.org\/{rel}","templated":true}]}}