{"id":30148,"date":"2016-10-26T10:46:36","date_gmt":"2016-10-26T08:46:36","guid":{"rendered":"http:\/\/agora.xtec.cat\/ceip-angel-serafi-casanovas\/?page_id=30148"},"modified":"2016-10-26T11:06:53","modified_gmt":"2016-10-26T09:06:53","slug":"pla-catala-de-lesport-escolar-pcee","status":"publish","type":"page","link":"https:\/\/agora.xtec.cat\/ceip-angel-serafi-casanovas\/pla-catala-de-lesport-escolar-pcee\/","title":{"rendered":"Pla Catal\u00e0 de l&#8217;Esport Escolar  (PCEE)"},"content":{"rendered":"<p>L\u2019Escola \u00a0participa en el projecte Pla Catal\u00e0 de l\u2019Esport a l\u2019Escola (PCEE).<br \/>\nEl Projecte PCEE \u00e9s un programa impulsat per la Secretaria general de l\u2019Esport del Departament de Presid\u00e8ncia de la Generalitat de Catalunya, en col\u00b7laboraci\u00f3 amb el Departament d\u2019ensenyament, per tal de promoure un estil de vida saludable en els infants i joves del pa\u00eds a trav\u00e9s de la seva participaci\u00f3 en activitats esportives extraescolars que fomentin la pr\u00e0ctica regular de les activitats f\u00edsiques i\/o esportives, potenciant l\u2019educaci\u00f3 en valors i la integraci\u00f3 i la cohesi\u00f3 social.<\/p>\n<p>Aix\u00ed doncs, per tal de fomentar la participaci\u00f3 esportiva del nostre alumnat (de nens i nenes), tant dins com fora de l\u2019escola, en horari escolar com extraescolar, fem un seguit d\u2019activitats anuals.<\/p>\n<p>Creiem que a trav\u00e9s de l\u2019esport es poden transmetre valors, cohesionar la poblaci\u00f3 i crear h\u00e0bits esportius saludables, i l\u2019escola ho promou a trav\u00e9s de PCEE.<\/p>\n","protected":false},"excerpt":{"rendered":"<p>L\u2019Escola \u00a0participa en el projecte Pla Catal\u00e0 de l\u2019Esport a l\u2019Escola (PCEE). El Projecte PCEE \u00e9s un programa impulsat per la Secretaria general de l\u2019Esport del Departament de Presid\u00e8ncia de la Generalitat de Catalunya, en col\u00b7laboraci\u00f3 amb el Departament d\u2019ensenyament, per tal de promoure un estil de vida saludable en els infants i joves del [&hellip;]<\/p>\n","protected":false},"author":1,"featured_media":0,"parent":0,"menu_order":0,"comment_status":"closed","ping_status":"closed","template":"","meta":{"_bbp_topic_count":0,"_bbp_reply_count":0,"_bbp_total_topic_count":0,"_bbp_total_reply_count":0,"_bbp_voice_count":0,"_bbp_anonymous_reply_count":0,"_bbp_topic_count_hidden":0,"_bbp_reply_count_hidden":0,"_bbp_forum_subforum_count":0,"site-sidebar-layout":"default","site-content-layout":"","ast-site-content-layout":"","site-content-style":"default","site-sidebar-style":"default","ast-global-header-display":"","ast-banner-title-visibility":"","ast-main-header-display":"","ast-hfb-above-header-display":"","ast-hfb-below-header-display":"","ast-hfb-mobile-header-display":"","site-post-title":"","ast-breadcrumbs-content":"","ast-featured-img":"","footer-sml-layout":"","theme-transparent-header-meta":"","adv-header-id-meta":"","stick-header-meta":"","header-above-stick-meta":"","header-main-stick-meta":"","header-below-stick-meta":"","astra-migrate-meta-layouts":"default","ast-page-background-enabled":"default","ast-page-background-meta":{"desktop":{"background-color":"var(--ast-global-color-4)","background-image":"","background-repeat":"repeat","background-position":"center center","background-size":"auto","background-attachment":"scroll","background-type":"","background-media":"","overlay-type":"","overlay-color":"","overlay-opacity":"","overlay-gradient":""},"tablet":{"background-color":"","background-image":"","background-repeat":"repeat","background-position":"center center","background-size":"auto","background-attachment":"scroll","background-type":"","background-media":"","overlay-type":"","overlay-color":"","overlay-opacity":"","overlay-gradient":""},"mobile":{"background-color":"","background-image":"","background-repeat":"repeat","background-position":"center center","background-size":"auto","background-attachment":"scroll","background-type":"","background-media":"","overlay-type":"","overlay-color":"","overlay-opacity":"","overlay-gradient":""}},"ast-content-background-meta":{"desktop":{"background-color":"var(--ast-global-color-5)","background-image":"","background-repeat":"repeat","background-position":"center center","background-size":"auto","background-attachment":"scroll","background-type":"","background-media":"","overlay-type":"","overlay-color":"","overlay-opacity":"","overlay-gradient":""},"tablet":{"background-color":"var(--ast-global-color-5)","background-image":"","background-repeat":"repeat","background-position":"center center","background-size":"auto","background-attachment":"scroll","background-type":"","background-media":"","overlay-type":"","overlay-color":"","overlay-opacity":"","overlay-gradient":""},"mobile":{"background-color":"var(--ast-global-color-5)","background-image":"","background-repeat":"repeat","background-position":"center center","background-size":"auto","background-attachment":"scroll","background-type":"","background-media":"","overlay-type":"","overlay-color":"","overlay-opacity":"","overlay-gradient":""}},"footnotes":""},"class_list":["post-30148","page","type-page","status-publish","hentry"],"post_mailing_queue_ids":[],"_links":{"self":[{"href":"https:\/\/agora.xtec.cat\/ceip-angel-serafi-casanovas\/wp-json\/wp\/v2\/pages\/30148","targetHints":{"allow":["GET"]}}],"collection":[{"href":"https:\/\/agora.xtec.cat\/ceip-angel-serafi-casanovas\/wp-json\/wp\/v2\/pages"}],"about":[{"href":"https:\/\/agora.xtec.cat\/ceip-angel-serafi-casanovas\/wp-json\/wp\/v2\/types\/page"}],"author":[{"embeddable":true,"href":"https:\/\/agora.xtec.cat\/ceip-angel-serafi-casanovas\/wp-json\/wp\/v2\/users\/1"}],"replies":[{"embeddable":true,"href":"https:\/\/agora.xtec.cat\/ceip-angel-serafi-casanovas\/wp-json\/wp\/v2\/comments?post=30148"}],"version-history":[{"count":2,"href":"https:\/\/agora.xtec.cat\/ceip-angel-serafi-casanovas\/wp-json\/wp\/v2\/pages\/30148\/revisions"}],"predecessor-version":[{"id":30157,"href":"https:\/\/agora.xtec.cat\/ceip-angel-serafi-casanovas\/wp-json\/wp\/v2\/pages\/30148\/revisions\/30157"}],"wp:attachment":[{"href":"https:\/\/agora.xtec.cat\/ceip-angel-serafi-casanovas\/wp-json\/wp\/v2\/media?parent=30148"}],"curies":[{"name":"wp","href":"https:\/\/api.w.org\/{rel}","templated":true}]}}