{"id":28,"date":"2026-02-24T14:15:35","date_gmt":"2026-02-24T13:15:35","guid":{"rendered":"http:\/\/agora.xtec.cat\/ceip-angel-serafi-casanovas\/?page_id=28"},"modified":"2026-02-24T14:29:44","modified_gmt":"2026-02-24T13:29:44","slug":"consell-escolar","status":"publish","type":"page","link":"https:\/\/agora.xtec.cat\/ceip-angel-serafi-casanovas\/lescola\/consell-escolar\/","title":{"rendered":"Consell escolar"},"content":{"rendered":"<p><a href=\"https:\/\/drive.google.com\/file\/d\/1a7Pad3vJ5VVUlWoJtsztbDek9UxqWZ5B\/view\" rel=\"attachment wp-att-43971\"><img loading=\"lazy\" decoding=\"async\" class=\"aligncenter size-large wp-image-43971\" src=\"https:\/\/agora.xtec.cat\/ceip-angel-serafi-casanovas\/wp-content\/uploads\/usu78\/2026\/02\/20260121_-Acords-consell-escolar_angelseraficasanovas-im\u251cigenes-0-725x1024.jpg\" alt=\"\" width=\"725\" height=\"1024\" srcset=\"https:\/\/agora.xtec.cat\/ceip-angel-serafi-casanovas\/wp-content\/uploads\/usu78\/2026\/02\/20260121_-Acords-consell-escolar_angelseraficasanovas-im\u251cigenes-0-725x1024.jpg 725w, https:\/\/agora.xtec.cat\/ceip-angel-serafi-casanovas\/wp-content\/uploads\/usu78\/2026\/02\/20260121_-Acords-consell-escolar_angelseraficasanovas-im\u251cigenes-0-212x300.jpg 212w, https:\/\/agora.xtec.cat\/ceip-angel-serafi-casanovas\/wp-content\/uploads\/usu78\/2026\/02\/20260121_-Acords-consell-escolar_angelseraficasanovas-im\u251cigenes-0-768x1085.jpg 768w, https:\/\/agora.xtec.cat\/ceip-angel-serafi-casanovas\/wp-content\/uploads\/usu78\/2026\/02\/20260121_-Acords-consell-escolar_angelseraficasanovas-im\u251cigenes-0-1087x1536.jpg 1087w, https:\/\/agora.xtec.cat\/ceip-angel-serafi-casanovas\/wp-content\/uploads\/usu78\/2026\/02\/20260121_-Acords-consell-escolar_angelseraficasanovas-im\u251cigenes-0-1450x2048.jpg 1450w, https:\/\/agora.xtec.cat\/ceip-angel-serafi-casanovas\/wp-content\/uploads\/usu78\/2026\/02\/20260121_-Acords-consell-escolar_angelseraficasanovas-im\u251cigenes-0-scaled.jpg 1812w\" sizes=\"auto, (max-width: 725px) 100vw, 725px\" \/><\/a><\/p>\n<p><a href=\"https:\/\/drive.google.com\/file\/d\/1a7Pad3vJ5VVUlWoJtsztbDek9UxqWZ5B\/view\" rel=\"attachment wp-att-43971\">Enlla\u00e7 acta 139<\/a><\/p>\n<p><a href=\"https:\/\/drive.google.com\/file\/d\/10RCQVCuxH-V1WVeipQ4tqjsMsJHu1zUV\/view\">Enlla\u00e7 pressupost 2026<\/a><\/p>\n<p><a href=\"https:\/\/drive.google.com\/file\/d\/1l8ldvS6i-JUdXR5xSx2cCUoruKDxz7nL\/view\">Enlla\u00e7 informe modificaci\u00f3 pressupost<\/a><\/p>\n<p><a href=\"https:\/\/drive.google.com\/file\/d\/18Wosov8bBeDPo0nf0fA0k3cfKy2mbrKj\/view\">Enlla\u00e7 liquidaci\u00f3 pressupost<\/a><\/p>\n<p>&nbsp;<\/p>\n<p><a href=\"https:\/\/drive.google.com\/file\/d\/1-FkLjsBKffvdZxKjdwZJnqifsZ7umpuF\/view\">Acta constituci\u00f3<\/a><\/p>\n<p><a href=\"https:\/\/agora.xtec.cat\/ceip-angel-serafi-casanovas\/lescola\/consell-escolar\/attachment\/captura-de-pantalla-2026-02-08-201222\/\" rel=\"attachment wp-att-43969\"><img loading=\"lazy\" decoding=\"async\" class=\"aligncenter size-full wp-image-43969\" src=\"https:\/\/agora.xtec.cat\/ceip-angel-serafi-casanovas\/wp-content\/uploads\/usu78\/2026\/02\/Captura-de-pantalla-2026-02-08-201222.png\" alt=\"\" width=\"853\" height=\"532\" srcset=\"https:\/\/agora.xtec.cat\/ceip-angel-serafi-casanovas\/wp-content\/uploads\/usu78\/2026\/02\/Captura-de-pantalla-2026-02-08-201222.png 853w, https:\/\/agora.xtec.cat\/ceip-angel-serafi-casanovas\/wp-content\/uploads\/usu78\/2026\/02\/Captura-de-pantalla-2026-02-08-201222-300x187.png 300w, https:\/\/agora.xtec.cat\/ceip-angel-serafi-casanovas\/wp-content\/uploads\/usu78\/2026\/02\/Captura-de-pantalla-2026-02-08-201222-768x479.png 768w\" sizes=\"auto, (max-width: 853px) 100vw, 853px\" \/><\/a><\/p>\n<p>&nbsp;<\/p>\n<p style=\"text-align: center;\"><a href=\"https:\/\/drive.google.com\/file\/d\/1-FkLjsBKffvdZxKjdwZJnqifsZ7umpuF\/view\"> \u00a0 \u00a0 \u00a0 Constituci\u00f3 consell Escolar.<\/a><\/p>\n<p><a href=\"https:\/\/agora.xtec.cat\/ceip-angel-serafi-casanovas\/lescola\/codi-de-barres-per-a-pagaments\/attachment\/_20251217-_-acords-consell-escolar_angelseraficasanovas_page-0001\/\" rel=\"attachment wp-att-43962\"><img loading=\"lazy\" decoding=\"async\" class=\"aligncenter size-large wp-image-43962\" src=\"https:\/\/agora.xtec.cat\/ceip-angel-serafi-casanovas\/wp-content\/uploads\/usu78\/2026\/01\/20251217-_-Acords-consell-escolar_angelseraficasanovas_page-0001-725x1024.jpg\" alt=\"\" width=\"725\" height=\"1024\" srcset=\"https:\/\/agora.xtec.cat\/ceip-angel-serafi-casanovas\/wp-content\/uploads\/usu78\/2026\/01\/20251217-_-Acords-consell-escolar_angelseraficasanovas_page-0001-725x1024.jpg 725w, https:\/\/agora.xtec.cat\/ceip-angel-serafi-casanovas\/wp-content\/uploads\/usu78\/2026\/01\/20251217-_-Acords-consell-escolar_angelseraficasanovas_page-0001-212x300.jpg 212w, https:\/\/agora.xtec.cat\/ceip-angel-serafi-casanovas\/wp-content\/uploads\/usu78\/2026\/01\/20251217-_-Acords-consell-escolar_angelseraficasanovas_page-0001-768x1085.jpg 768w, https:\/\/agora.xtec.cat\/ceip-angel-serafi-casanovas\/wp-content\/uploads\/usu78\/2026\/01\/20251217-_-Acords-consell-escolar_angelseraficasanovas_page-0001-1087x1536.jpg 1087w, https:\/\/agora.xtec.cat\/ceip-angel-serafi-casanovas\/wp-content\/uploads\/usu78\/2026\/01\/20251217-_-Acords-consell-escolar_angelseraficasanovas_page-0001.jpg 1242w\" sizes=\"auto, (max-width: 725px) 100vw, 725px\" \/><\/a><a href=\"https:\/\/agora.xtec.cat\/ceip-angel-serafi-casanovas\/lescola\/codi-de-barres-per-a-pagaments\/attachment\/1762162173165\/\" rel=\"attachment wp-att-43952\"><img loading=\"lazy\" decoding=\"async\" class=\"aligncenter size-large wp-image-43952\" src=\"https:\/\/agora.xtec.cat\/ceip-angel-serafi-casanovas\/wp-content\/uploads\/usu78\/2025\/11\/1762162173165-725x1024.jpg\" alt=\"\" width=\"725\" height=\"1024\" srcset=\"https:\/\/agora.xtec.cat\/ceip-angel-serafi-casanovas\/wp-content\/uploads\/usu78\/2025\/11\/1762162173165-725x1024.jpg 725w, https:\/\/agora.xtec.cat\/ceip-angel-serafi-casanovas\/wp-content\/uploads\/usu78\/2025\/11\/1762162173165-212x300.jpg 212w, https:\/\/agora.xtec.cat\/ceip-angel-serafi-casanovas\/wp-content\/uploads\/usu78\/2025\/11\/1762162173165-768x1085.jpg 768w, https:\/\/agora.xtec.cat\/ceip-angel-serafi-casanovas\/wp-content\/uploads\/usu78\/2025\/11\/1762162173165-1087x1536.jpg 1087w, https:\/\/agora.xtec.cat\/ceip-angel-serafi-casanovas\/wp-content\/uploads\/usu78\/2025\/11\/1762162173165.jpg 1242w\" sizes=\"auto, (max-width: 725px) 100vw, 725px\" \/><\/a><\/p>\n<p>&nbsp;<\/p>\n<p>&nbsp;<\/p>\n<pre><a href=\"https:\/\/agora.xtec.cat\/ceip-angel-serafi-casanovas\/lescola\/consell-escolar\/attachment\/composicio-del-consell-escolar\/\" rel=\"attachment wp-att-43371\"><img loading=\"lazy\" decoding=\"async\" class=\"aligncenter size-large wp-image-43371\" src=\"https:\/\/agora.xtec.cat\/ceip-angel-serafi-casanovas\/wp-content\/uploads\/usu78\/2024\/05\/Composicio-del-Consell-Escolar-724x1024.png\" alt=\"\" width=\"724\" height=\"1024\" srcset=\"https:\/\/agora.xtec.cat\/ceip-angel-serafi-casanovas\/wp-content\/uploads\/usu78\/2024\/05\/Composicio-del-Consell-Escolar-724x1024.png 724w, https:\/\/agora.xtec.cat\/ceip-angel-serafi-casanovas\/wp-content\/uploads\/usu78\/2024\/05\/Composicio-del-Consell-Escolar-212x300.png 212w, https:\/\/agora.xtec.cat\/ceip-angel-serafi-casanovas\/wp-content\/uploads\/usu78\/2024\/05\/Composicio-del-Consell-Escolar-768x1086.png 768w, https:\/\/agora.xtec.cat\/ceip-angel-serafi-casanovas\/wp-content\/uploads\/usu78\/2024\/05\/Composicio-del-Consell-Escolar-1086x1536.png 1086w, https:\/\/agora.xtec.cat\/ceip-angel-serafi-casanovas\/wp-content\/uploads\/usu78\/2024\/05\/Composicio-del-Consell-Escolar-1448x2048.png 1448w, https:\/\/agora.xtec.cat\/ceip-angel-serafi-casanovas\/wp-content\/uploads\/usu78\/2024\/05\/Composicio-del-Consell-Escolar.png 1587w\" sizes=\"auto, (max-width: 724px) 100vw, 724px\" \/><\/a><\/pre>\n<p>ACORDS<\/p>\n<h3><strong>\u00a0 \u00a0 \u00a0 \u00a0 \u00a0 \u00a0 \u00a0 Per accedir als enlla\u00e7os del document cliqueu a <a href=\"https:\/\/drive.google.com\/file\/d\/1XWKnejrx8aNf--Uf00vsRyUXIMloNJZz\/view?usp=sharing\">Acords consell 15-05-24<\/a><\/strong> <a href=\"https:\/\/agora.xtec.cat\/ceip-angel-serafi-casanovas\/lescola\/consell-escolar\/attachment\/disseny-sense-titol-5\/\" rel=\"attachment wp-att-43368\"><img loading=\"lazy\" decoding=\"async\" class=\"aligncenter wp-image-43368\" src=\"https:\/\/agora.xtec.cat\/ceip-angel-serafi-casanovas\/wp-content\/uploads\/usu78\/2024\/05\/Disseny-sense-titol-724x1024.png\" alt=\"\" width=\"764\" height=\"1081\" srcset=\"https:\/\/agora.xtec.cat\/ceip-angel-serafi-casanovas\/wp-content\/uploads\/usu78\/2024\/05\/Disseny-sense-titol-724x1024.png 724w, https:\/\/agora.xtec.cat\/ceip-angel-serafi-casanovas\/wp-content\/uploads\/usu78\/2024\/05\/Disseny-sense-titol-212x300.png 212w, https:\/\/agora.xtec.cat\/ceip-angel-serafi-casanovas\/wp-content\/uploads\/usu78\/2024\/05\/Disseny-sense-titol-768x1086.png 768w, https:\/\/agora.xtec.cat\/ceip-angel-serafi-casanovas\/wp-content\/uploads\/usu78\/2024\/05\/Disseny-sense-titol-1086x1536.png 1086w, https:\/\/agora.xtec.cat\/ceip-angel-serafi-casanovas\/wp-content\/uploads\/usu78\/2024\/05\/Disseny-sense-titol-1448x2048.png 1448w, https:\/\/agora.xtec.cat\/ceip-angel-serafi-casanovas\/wp-content\/uploads\/usu78\/2024\/05\/Disseny-sense-titol.png 1587w\" sizes=\"auto, (max-width: 764px) 100vw, 764px\" \/><\/a> <a href=\"https:\/\/agora.xtec.cat\/ceip-angel-serafi-casanovas\/lescola\/consell-escolar\/attachment\/20240124_-acords-consell-escolar_angelseraficasanovas-2\/\" rel=\"attachment wp-att-43073\"><img loading=\"lazy\" decoding=\"async\" class=\"aligncenter size-large wp-image-43073\" src=\"https:\/\/agora.xtec.cat\/ceip-angel-serafi-casanovas\/wp-content\/uploads\/usu78\/2024\/02\/20240124_-Acords-consell-escolar_angelseraficasanovas-725x1024.jpg\" alt=\"\" width=\"725\" height=\"1024\" srcset=\"https:\/\/agora.xtec.cat\/ceip-angel-serafi-casanovas\/wp-content\/uploads\/usu78\/2024\/02\/20240124_-Acords-consell-escolar_angelseraficasanovas-725x1024.jpg 725w, https:\/\/agora.xtec.cat\/ceip-angel-serafi-casanovas\/wp-content\/uploads\/usu78\/2024\/02\/20240124_-Acords-consell-escolar_angelseraficasanovas-212x300.jpg 212w, https:\/\/agora.xtec.cat\/ceip-angel-serafi-casanovas\/wp-content\/uploads\/usu78\/2024\/02\/20240124_-Acords-consell-escolar_angelseraficasanovas-768x1085.jpg 768w, https:\/\/agora.xtec.cat\/ceip-angel-serafi-casanovas\/wp-content\/uploads\/usu78\/2024\/02\/20240124_-Acords-consell-escolar_angelseraficasanovas-1087x1536.jpg 1087w, https:\/\/agora.xtec.cat\/ceip-angel-serafi-casanovas\/wp-content\/uploads\/usu78\/2024\/02\/20240124_-Acords-consell-escolar_angelseraficasanovas.jpg 1242w\" sizes=\"auto, (max-width: 725px) 100vw, 725px\" \/><\/a><\/h3>\n<p>&nbsp;<\/p>\n","protected":false},"excerpt":{"rendered":"<p>Enlla\u00e7 acta 139 Enlla\u00e7 pressupost 2026 Enlla\u00e7 informe modificaci\u00f3 pressupost Enlla\u00e7 liquidaci\u00f3 pressupost &nbsp; Acta constituci\u00f3 &nbsp; \u00a0 \u00a0 \u00a0 Constituci\u00f3 consell Escolar. &nbsp; &nbsp; ACORDS \u00a0 \u00a0 \u00a0 \u00a0 \u00a0 \u00a0 \u00a0 Per accedir als enlla\u00e7os del document cliqueu a Acords consell 15-05-24 &nbsp;<\/p>\n","protected":false},"author":1,"featured_media":0,"parent":22,"menu_order":30,"comment_status":"closed","ping_status":"closed","template":"","meta":{"_bbp_topic_count":0,"_bbp_reply_count":0,"_bbp_total_topic_count":0,"_bbp_total_reply_count":0,"_bbp_voice_count":0,"_bbp_anonymous_reply_count":0,"_bbp_topic_count_hidden":0,"_bbp_reply_count_hidden":0,"_bbp_forum_subforum_count":0,"site-sidebar-layout":"default","site-content-layout":"","ast-site-content-layout":"default","site-content-style":"default","site-sidebar-style":"default","ast-global-header-display":"","ast-banner-title-visibility":"","ast-main-header-display":"","ast-hfb-above-header-display":"","ast-hfb-below-header-display":"","ast-hfb-mobile-header-display":"","site-post-title":"","ast-breadcrumbs-content":"","ast-featured-img":"","footer-sml-layout":"","theme-transparent-header-meta":"default","adv-header-id-meta":"","stick-header-meta":"","header-above-stick-meta":"","header-main-stick-meta":"","header-below-stick-meta":"","astra-migrate-meta-layouts":"set","ast-page-background-enabled":"default","ast-page-background-meta":{"desktop":{"background-color":"var(--ast-global-color-4)","background-image":"","background-repeat":"repeat","background-position":"center center","background-size":"auto","background-attachment":"scroll","background-type":"","background-media":"","overlay-type":"","overlay-color":"","overlay-opacity":"","overlay-gradient":""},"tablet":{"background-color":"","background-image":"","background-repeat":"repeat","background-position":"center center","background-size":"auto","background-attachment":"scroll","background-type":"","background-media":"","overlay-type":"","overlay-color":"","overlay-opacity":"","overlay-gradient":""},"mobile":{"background-color":"","background-image":"","background-repeat":"repeat","background-position":"center center","background-size":"auto","background-attachment":"scroll","background-type":"","background-media":"","overlay-type":"","overlay-color":"","overlay-opacity":"","overlay-gradient":""}},"ast-content-background-meta":{"desktop":{"background-color":"var(--ast-global-color-5)","background-image":"","background-repeat":"repeat","background-position":"center center","background-size":"auto","background-attachment":"scroll","background-type":"","background-media":"","overlay-type":"","overlay-color":"","overlay-opacity":"","overlay-gradient":""},"tablet":{"background-color":"var(--ast-global-color-5)","background-image":"","background-repeat":"repeat","background-position":"center center","background-size":"auto","background-attachment":"scroll","background-type":"","background-media":"","overlay-type":"","overlay-color":"","overlay-opacity":"","overlay-gradient":""},"mobile":{"background-color":"var(--ast-global-color-5)","background-image":"","background-repeat":"repeat","background-position":"center center","background-size":"auto","background-attachment":"scroll","background-type":"","background-media":"","overlay-type":"","overlay-color":"","overlay-opacity":"","overlay-gradient":""}},"footnotes":""},"class_list":["post-28","page","type-page","status-publish","hentry"],"post_mailing_queue_ids":[],"_links":{"self":[{"href":"https:\/\/agora.xtec.cat\/ceip-angel-serafi-casanovas\/wp-json\/wp\/v2\/pages\/28","targetHints":{"allow":["GET"]}}],"collection":[{"href":"https:\/\/agora.xtec.cat\/ceip-angel-serafi-casanovas\/wp-json\/wp\/v2\/pages"}],"about":[{"href":"https:\/\/agora.xtec.cat\/ceip-angel-serafi-casanovas\/wp-json\/wp\/v2\/types\/page"}],"author":[{"embeddable":true,"href":"https:\/\/agora.xtec.cat\/ceip-angel-serafi-casanovas\/wp-json\/wp\/v2\/users\/1"}],"replies":[{"embeddable":true,"href":"https:\/\/agora.xtec.cat\/ceip-angel-serafi-casanovas\/wp-json\/wp\/v2\/comments?post=28"}],"version-history":[{"count":6,"href":"https:\/\/agora.xtec.cat\/ceip-angel-serafi-casanovas\/wp-json\/wp\/v2\/pages\/28\/revisions"}],"predecessor-version":[{"id":43972,"href":"https:\/\/agora.xtec.cat\/ceip-angel-serafi-casanovas\/wp-json\/wp\/v2\/pages\/28\/revisions\/43972"}],"up":[{"embeddable":true,"href":"https:\/\/agora.xtec.cat\/ceip-angel-serafi-casanovas\/wp-json\/wp\/v2\/pages\/22"}],"wp:attachment":[{"href":"https:\/\/agora.xtec.cat\/ceip-angel-serafi-casanovas\/wp-json\/wp\/v2\/media?parent=28"}],"curies":[{"name":"wp","href":"https:\/\/api.w.org\/{rel}","templated":true}]}}