{"id":7399,"date":"2021-02-01T13:12:37","date_gmt":"2021-02-01T12:12:37","guid":{"rendered":"http:\/\/agora.xtec.cat\/ceip-angel-guimera\/?page_id=7399"},"modified":"2026-02-28T18:24:04","modified_gmt":"2026-02-28T17:24:04","slug":"prova","status":"publish","type":"page","link":"https:\/\/agora.xtec.cat\/ceip-angel-guimera\/prova\/","title":{"rendered":"Pla de Consum de Fruita i Llet a les escoles"},"content":{"rendered":"<h1><\/h1>\n<h2><span style=\"color: #ff9900;\">Pla de Consum de Fruita<\/span><\/h2>\n<p>Com cada any, l\u2019escola participa al\u00a0<strong>Programa Escolar de Fruita<\/strong>\u00a0impulsat pel Departament d\u2019Agricultura, Ramaderia, Pesca i Alimentaci\u00f3 conjuntament amb el Departament d\u2019Ensenyament.<\/p>\n<p><img loading=\"lazy\" decoding=\"async\" class=\"size-medium wp-image-7393 alignleft\" src=\"https:\/\/agora.xtec.cat\/ceip-angel-guimera\/wp-content\/uploads\/usu698\/2021\/02\/cartell-programa-consum-fruita-hortalisses-escoles-unio-europea-750.jpg_1332006011-300x300.jpg\" alt=\"\" width=\"300\" height=\"300\" srcset=\"https:\/\/agora.xtec.cat\/ceip-angel-guimera\/wp-content\/uploads\/usu698\/2021\/02\/cartell-programa-consum-fruita-hortalisses-escoles-unio-europea-750.jpg_1332006011-300x300.jpg 300w, https:\/\/agora.xtec.cat\/ceip-angel-guimera\/wp-content\/uploads\/usu698\/2021\/02\/cartell-programa-consum-fruita-hortalisses-escoles-unio-europea-750.jpg_1332006011-150x150.jpg 150w, https:\/\/agora.xtec.cat\/ceip-angel-guimera\/wp-content\/uploads\/usu698\/2021\/02\/cartell-programa-consum-fruita-hortalisses-escoles-unio-europea-750.jpg_1332006011.jpg 750w\" sizes=\"auto, (max-width: 300px) 100vw, 300px\" \/><\/p>\n<p>&nbsp;<\/p>\n<p>Durant el curs escolar, una setmana de cada mes, es distribueix la fruita i verdura seleccionada en funci\u00f3 de l\u2019estaci\u00f3 de l\u2019any, la proximitat de producci\u00f3 i la qualitat.<\/p>\n<p>La fruita es reparteix cada dimarts entre els nens i les nenes a l&#8217;escola durant l&#8217;esmorzar.<\/p>\n<p>Aquesta \u00e9s una\u00a0iniciativa de la Uni\u00f3 Europea amb l&#8217;acci\u00f3 conjunta dels departaments d\u2019Agricultura, Salut i Ensenyament.<\/p>\n<h5><\/h5>\n<h5><\/h5>\n<h5><a href=\"http:\/\/agricultura.gencat.cat\/web\/.content\/04-alimentacio\/pla-consum-fruita-escoles\/enllacos-documents\/fitxers-binaris\/triptic-programa-consum-fruita-hortalisses-escoles-unio-europea.pdf\" target=\"_blank\" rel=\"noopener noreferrer\">Tr\u00edptic del programa<\/a><\/h5>\n<p>&nbsp;<\/p>\n<h4>Els objectius s\u00f3n:<\/h4>\n<ul>\n<li>Oferir fruita gratu\u00efta en els esmorzars i berenars dins del centre escolar.<\/li>\n<li>Informar sobre els beneficis de pujar el consum de fruites i verdures, i sobre la seva diversitat, trets, producci\u00f3, estacionalitat, etc.<\/li>\n<li>Proposar el consum de fruites com una alternativa excel\u00b7lent al consum d\u2019altres aliments amb menys qualitat nutricional.<\/li>\n<li>Es pret\u00e9n amb aix\u00f2 afavorir la salut dels infants i promoure el consum de fruites, verdures, fruita seca, llegums, aigua i joc actiu.<\/li>\n<li>I tamb\u00e9 reduir el consum llaminadures, begudes refrescants, brioxeria i videojocs sedentaris<\/li>\n<\/ul>\n<p>&nbsp;<\/p>\n<h2><span style=\"color: #ff9900;\">Pla de Consum de Llet<\/span><\/h2>\n<p><img loading=\"lazy\" decoding=\"async\" class=\"size-medium wp-image-7397 alignleft\" src=\"https:\/\/agora.xtec.cat\/ceip-angel-guimera\/wp-content\/uploads\/usu698\/2021\/02\/cartell-programa-consum-llet-escoles-unio-europea-750.jpg_1332006011-300x300.jpg\" alt=\"\" width=\"300\" height=\"300\" srcset=\"https:\/\/agora.xtec.cat\/ceip-angel-guimera\/wp-content\/uploads\/usu698\/2021\/02\/cartell-programa-consum-llet-escoles-unio-europea-750.jpg_1332006011-300x300.jpg 300w, https:\/\/agora.xtec.cat\/ceip-angel-guimera\/wp-content\/uploads\/usu698\/2021\/02\/cartell-programa-consum-llet-escoles-unio-europea-750.jpg_1332006011-150x150.jpg 150w, https:\/\/agora.xtec.cat\/ceip-angel-guimera\/wp-content\/uploads\/usu698\/2021\/02\/cartell-programa-consum-llet-escoles-unio-europea-750.jpg_1332006011.jpg 750w\" sizes=\"auto, (max-width: 300px) 100vw, 300px\" \/>El consum de lactis (llet, iogurts i formatges) recomanable \u00e9s de 2-3 racions\/dia. I a m\u00e9s cal tenir un estil de vida actiu: caminar, pujar escales, jugar, fer esport&#8230;<\/p>\n<p>A trav\u00e9s d&#8217;aquest programa es tracta d&#8217;oferir llet gratu\u00efta en els berenars dins del centre escolar de segon cicle d&#8217;educaci\u00f3 infantil i de prim\u00e0ria<\/p>\n<p>\u00c9s una iniciativa de la Uni\u00f3 Europea amb l&#8217;acci\u00f3 conjunta dels departaments d&#8217;Agricultura, Salut i Ensenyament.<\/p>\n<h4><\/h4>\n<h4><\/h4>\n<p>&nbsp;<\/p>\n<p>&nbsp;<\/p>\n<h5><a href=\"http:\/\/agricultura.gencat.cat\/web\/.content\/04-alimentacio\/pla-consum-llet-escoles\/enllacos-documents\/fitxers-binaris\/triptic-programa-consum-llet-escoles-unio-europea.pdf\" target=\"_blank\" rel=\"noopener noreferrer\">Tr\u00edptic del programa<\/a><\/h5>\n<h4><\/h4>\n<h4>Els objectius s\u00f3n:<\/h4>\n<ul>\n<li>Augmentar la sensibilitzaci\u00f3 per una\u00a0<strong>bona alimentaci\u00f3<\/strong>\u00a0i la transmissi\u00f3 de conductes d&#8217;h\u00e0bits saludables a trav\u00e9s de la\u00a0<strong>distribuci\u00f3 de llet sencer UHT<\/strong>\u00a0a l&#8217;alumnat d&#8217;1 a 2 anys.<\/li>\n<li>Donar a con\u00e8ixer el paper de la llet com a\u00a0<strong>aliment important<\/strong>\u00a0(o de consum diari) dins d&#8217;una\u00a0<strong>alimentaci\u00f3 variada i saludable<\/strong>, i de les seves propietats nutricionals.<\/li>\n<li>Implicar tota la comunitat educativa (alumnat, docents i fam\u00edlies), perqu\u00e8 els h\u00e0bits alimentaris adquirits en la inf\u00e0ncia s\u00f3n <strong>decisius en el comportament alimentari en l&#8217;edat adulta<\/strong>. Per aix\u00f2 s&#8217;organitzaran xerrades de difusi\u00f3 en els centres educatius.<\/li>\n<\/ul>\n<p>Durant el curs escolar, es lliuraran 10 racions de llet sencera UHT per nen\/a, a ra\u00f3 d\u2019una raci\u00f3 m\u00e0xima de 210 g\/nen\/a. La llet es reparteix a l&#8217;escola entre els nens i les nenes a l&#8217;escola durant l&#8217;esmorzar o el berenar.<\/p>\n<p>&nbsp;<\/p>\n<h4>Volem que el nostre alumnat&#8230;<\/h4>\n<ul>\n<li><strong>Siguin els protagonistes de l&#8217;aprenentatge dels h\u00e0bits alimentaris saludables<\/strong>\u00a0i en prenguin consci\u00e8ncia a trav\u00e9s del consum de la llet.<\/li>\n<li><strong>Adquireixin comportaments alimentaris saludables<\/strong>\u00a0i incorporin el &#8220;saber fer&#8221; sobre la seva aliment<\/li>\n<\/ul>\n","protected":false},"excerpt":{"rendered":"<p>Pla de Consum de Fruita<br \/>\nCom cada any, l\u2019escola participa al\u00a0Programa Escolar de Fruita\u00a0impulsat pel Departament d\u2019Agricultura, Ramaderia, Pesca i Alimentaci\u00f3 conjuntament amb el Departament d\u2019Ensenyament.<\/p>\n<p>&nbsp;<br \/>\nDurant el curs escolar, una setmana de cada mes, es distribueix la fruita i verdura seleccionada en funci\u00f3 de l\u2019estaci\u00f3 de&hellip;  <a href=\"https:\/\/agora.xtec.cat\/ceip-angel-guimera\/prova\/\" title=\"Read Pla de Consum de Fruita i Llet a les escoles\">Llegeix m\u00e9s\u00bb<\/a><\/p>\n","protected":false},"author":1,"featured_media":0,"parent":0,"menu_order":0,"comment_status":"closed","ping_status":"closed","template":"page-templates\/side-menu.php","meta":{"_bbp_topic_count":0,"_bbp_reply_count":0,"_bbp_total_topic_count":0,"_bbp_total_reply_count":0,"_bbp_voice_count":0,"_bbp_anonymous_reply_count":0,"_bbp_topic_count_hidden":0,"_bbp_reply_count_hidden":0,"_bbp_forum_subforum_count":0,"footnotes":""},"class_list":["post-7399","page","type-page","status-publish","hentry"],"post_mailing_queue_ids":[],"_links":{"self":[{"href":"https:\/\/agora.xtec.cat\/ceip-angel-guimera\/wp-json\/wp\/v2\/pages\/7399","targetHints":{"allow":["GET"]}}],"collection":[{"href":"https:\/\/agora.xtec.cat\/ceip-angel-guimera\/wp-json\/wp\/v2\/pages"}],"about":[{"href":"https:\/\/agora.xtec.cat\/ceip-angel-guimera\/wp-json\/wp\/v2\/types\/page"}],"author":[{"embeddable":true,"href":"https:\/\/agora.xtec.cat\/ceip-angel-guimera\/wp-json\/wp\/v2\/users\/1"}],"replies":[{"embeddable":true,"href":"https:\/\/agora.xtec.cat\/ceip-angel-guimera\/wp-json\/wp\/v2\/comments?post=7399"}],"version-history":[{"count":4,"href":"https:\/\/agora.xtec.cat\/ceip-angel-guimera\/wp-json\/wp\/v2\/pages\/7399\/revisions"}],"predecessor-version":[{"id":12972,"href":"https:\/\/agora.xtec.cat\/ceip-angel-guimera\/wp-json\/wp\/v2\/pages\/7399\/revisions\/12972"}],"wp:attachment":[{"href":"https:\/\/agora.xtec.cat\/ceip-angel-guimera\/wp-json\/wp\/v2\/media?parent=7399"}],"curies":[{"name":"wp","href":"https:\/\/api.w.org\/{rel}","templated":true}]}}