{"id":34,"date":"2014-09-18T12:32:18","date_gmt":"2014-09-18T11:32:18","guid":{"rendered":"http:\/\/agora.xtec.cat\/ceip-angel-guimera\/?page_id=34"},"modified":"2024-07-08T14:01:12","modified_gmt":"2024-07-08T12:01:12","slug":"oferta-educativa","status":"publish","type":"page","link":"https:\/\/agora.xtec.cat\/ceip-angel-guimera\/lescola\/oferta-educativa\/","title":{"rendered":"Oferta educativa"},"content":{"rendered":"<h5>Estudis (de 3 a 12 anys): Segon cicle d\u2019Educaci\u00f3 Infantil i Educaci\u00f3 Prim\u00e0ria.<\/h5>\n<p>Escola p\u00fablica d&#8217;una l\u00ednia.<\/p>\n<ul>\n<li>\n<h6>Horari Escolar:<\/h6>\n<ul>\n<li>Educaci\u00f3 Infantil: de 8.30h a 13:00 h i de 15:00 a 16.30h<\/li>\n<li>Educaci\u00f3 Prim\u00e0ria: de 8.30h a 13:00h i de 15:00 a 16.30h<\/li>\n<\/ul>\n<\/li>\n<\/ul>\n<ul>\n<li>\n<h6>\u00a0Extraescolar:<\/h6>\n<ul>\n<li>Activitats de tarda: de 16.30h a 17.30h<\/li>\n<\/ul>\n<\/li>\n<\/ul>\n<p>&nbsp;<\/p>\n","protected":false},"excerpt":{"rendered":"<p>Estudis (de 3 a 12 anys): Segon cicle d\u2019Educaci\u00f3 Infantil i Educaci\u00f3 Prim\u00e0ria.<br \/>\nEscola p\u00fablica d&#8217;una l\u00ednia.<\/p>\n<ul>\n<li>\nHorari Escolar:<\/p>\n<ul>\n<li>Educaci\u00f3 Infantil: de 8.30h a 13:00 h i de 15:00 a 16.30h<\/li>\n<li>Educaci\u00f3 Prim\u00e0ria: de 8.30h a 13:00h i de 15:00 a 16.30h<\/li>\n<\/ul>\n<\/li>\n<\/ul>\n<ul>\n<li>\n\u00a0Extraescolar:<\/p>\n<ul>\n<li>Activitats de tarda: de 16.30h a 17.30h<\/li>\n<\/ul>\n<\/li>\n<\/ul>\n<p>&nbsp;<\/p>\n","protected":false},"author":1,"featured_media":0,"parent":22,"menu_order":60,"comment_status":"closed","ping_status":"closed","template":"page-templates\/side-menu.php","meta":{"_bbp_topic_count":0,"_bbp_reply_count":0,"_bbp_total_topic_count":0,"_bbp_total_reply_count":0,"_bbp_voice_count":0,"_bbp_anonymous_reply_count":0,"_bbp_topic_count_hidden":0,"_bbp_reply_count_hidden":0,"_bbp_forum_subforum_count":0,"footnotes":""},"class_list":["post-34","page","type-page","status-publish","hentry"],"post_mailing_queue_ids":[],"_links":{"self":[{"href":"https:\/\/agora.xtec.cat\/ceip-angel-guimera\/wp-json\/wp\/v2\/pages\/34","targetHints":{"allow":["GET"]}}],"collection":[{"href":"https:\/\/agora.xtec.cat\/ceip-angel-guimera\/wp-json\/wp\/v2\/pages"}],"about":[{"href":"https:\/\/agora.xtec.cat\/ceip-angel-guimera\/wp-json\/wp\/v2\/types\/page"}],"author":[{"embeddable":true,"href":"https:\/\/agora.xtec.cat\/ceip-angel-guimera\/wp-json\/wp\/v2\/users\/1"}],"replies":[{"embeddable":true,"href":"https:\/\/agora.xtec.cat\/ceip-angel-guimera\/wp-json\/wp\/v2\/comments?post=34"}],"version-history":[{"count":6,"href":"https:\/\/agora.xtec.cat\/ceip-angel-guimera\/wp-json\/wp\/v2\/pages\/34\/revisions"}],"predecessor-version":[{"id":11665,"href":"https:\/\/agora.xtec.cat\/ceip-angel-guimera\/wp-json\/wp\/v2\/pages\/34\/revisions\/11665"}],"up":[{"embeddable":true,"href":"https:\/\/agora.xtec.cat\/ceip-angel-guimera\/wp-json\/wp\/v2\/pages\/22"}],"wp:attachment":[{"href":"https:\/\/agora.xtec.cat\/ceip-angel-guimera\/wp-json\/wp\/v2\/media?parent=34"}],"curies":[{"name":"wp","href":"https:\/\/api.w.org\/{rel}","templated":true}]}}