{"id":30,"date":"2014-09-18T12:30:23","date_gmt":"2014-09-18T11:30:23","guid":{"rendered":"http:\/\/agora.xtec.cat\/ceip-angel-guimera\/?page_id=30"},"modified":"2024-07-19T15:05:35","modified_gmt":"2024-07-19T13:05:35","slug":"instal%c2%b7lacions","status":"publish","type":"page","link":"https:\/\/agora.xtec.cat\/ceip-angel-guimera\/lescola\/instal%c2%b7lacions\/","title":{"rendered":"Instal\u00b7lacions"},"content":{"rendered":"<p>Som una escola d&#8217;una l\u00ednia i acull alumnes del segon cicle d&#8217;Educaci\u00f3 Infantil i d&#8217;Educaci\u00f3 Prim\u00e0ria.<\/p>\n<p>L&#8217;edifici es va reformar fa uns anys, aix\u00ed doncs la seva construcci\u00f3 \u00e9s actual i funcional.<\/p>\n<p><strong>Espais educatius:<\/strong><\/p>\n<ul>\n<li>Aules espaioses, exteriors i assolellades amb panells digitals.<\/li>\n<li>Aula de comunicaci\u00f3 digital.<\/li>\n<li>Aula multisensorial Snoezelen.<\/li>\n<li>Aula de ci\u00e8ncies.<\/li>\n<li>Biblioteca.<\/li>\n<li>Gimn\u00e0s amb vestuaris i dutxes.<\/li>\n<li>Menjador.<\/li>\n<li>Pati de sorra i pistes poliesportives.<\/li>\n<\/ul>\n<p>&nbsp;<\/p>\n<p>&nbsp;<\/p>\n","protected":false},"excerpt":{"rendered":"<p>Som una escola d&#8217;una l\u00ednia i acull alumnes del segon cicle d&#8217;Educaci\u00f3 Infantil i d&#8217;Educaci\u00f3 Prim\u00e0ria.<br \/>\nL&#8217;edifici es va reformar fa uns anys, aix\u00ed doncs la seva construcci\u00f3 \u00e9s actual i funcional.<br \/>\nEspais educatius:<\/p>\n<ul>\n<li>Aules espaioses, exteriors i assolellades amb panells digitals.<\/li>\n<li>Aula de comunicaci\u00f3 digital.<\/li>\n<li>Aula multisensorial Snoezelen.<\/li>\n<li>Aula de&hellip;  <a href=\"https:\/\/agora.xtec.cat\/ceip-angel-guimera\/lescola\/instal%c2%b7lacions\/\" title=\"Read Instal\u00b7lacions\">Llegeix m\u00e9s\u00bb<\/a><br \/>\n","protected":false},"author":1,"featured_media":0,"parent":22,"menu_order":40,"comment_status":"closed","ping_status":"closed","template":"page-templates\/side-menu.php","meta":{"_bbp_topic_count":0,"_bbp_reply_count":0,"_bbp_total_topic_count":0,"_bbp_total_reply_count":0,"_bbp_voice_count":0,"_bbp_anonymous_reply_count":0,"_bbp_topic_count_hidden":0,"_bbp_reply_count_hidden":0,"_bbp_forum_subforum_count":0,"footnotes":""},"class_list":["post-30","page","type-page","status-publish","hentry"],"post_mailing_queue_ids":[],"_links":{"self":[{"href":"https:\/\/agora.xtec.cat\/ceip-angel-guimera\/wp-json\/wp\/v2\/pages\/30","targetHints":{"allow":["GET"]}}],"collection":[{"href":"https:\/\/agora.xtec.cat\/ceip-angel-guimera\/wp-json\/wp\/v2\/pages"}],"about":[{"href":"https:\/\/agora.xtec.cat\/ceip-angel-guimera\/wp-json\/wp\/v2\/types\/page"}],"author":[{"embeddable":true,"href":"https:\/\/agora.xtec.cat\/ceip-angel-guimera\/wp-json\/wp\/v2\/users\/1"}],"replies":[{"embeddable":true,"href":"https:\/\/agora.xtec.cat\/ceip-angel-guimera\/wp-json\/wp\/v2\/comments?post=30"}],"version-history":[{"count":6,"href":"https:\/\/agora.xtec.cat\/ceip-angel-guimera\/wp-json\/wp\/v2\/pages\/30\/revisions"}],"predecessor-version":[{"id":11758,"href":"https:\/\/agora.xtec.cat\/ceip-angel-guimera\/wp-json\/wp\/v2\/pages\/30\/revisions\/11758"}],"up":[{"embeddable":true,"href":"https:\/\/agora.xtec.cat\/ceip-angel-guimera\/wp-json\/wp\/v2\/pages\/22"}],"wp:attachment":[{"href":"https:\/\/agora.xtec.cat\/ceip-angel-guimera\/wp-json\/wp\/v2\/media?parent=30"}],"curies":[{"name":"wp","href":"https:\/\/api.w.org\/{rel}","templated":true}]}}