{"id":28,"date":"2014-09-18T12:29:35","date_gmt":"2014-09-18T11:29:35","guid":{"rendered":"http:\/\/agora.xtec.cat\/ceip-angel-guimera\/?page_id=28"},"modified":"2025-10-26T18:47:14","modified_gmt":"2025-10-26T17:47:14","slug":"consell-escolar","status":"publish","type":"page","link":"https:\/\/agora.xtec.cat\/ceip-angel-guimera\/lescola\/consell-escolar\/","title":{"rendered":"Consell escolar"},"content":{"rendered":"<h3><span style=\"color: #339966;\">Certificats acords Consell Escolar<\/span><\/h3>\n<table style=\"border-collapse: collapse; width: 93.8362%; height: 95px;\">\n<tbody>\n<tr>\n<td style=\"width: 20%; background-color: #79ed9e;\">\n<h5>CURS 24-25<\/h5>\n<\/td>\n<td style=\"width: 16.0841%; text-align: center;\">\n<h5><a href=\"https:\/\/drive.google.com\/file\/d\/1hu4hAi_m29CuZJ0x0PkEPSNrehBcg2z7\/view?usp=sharing\" target=\"_blank\" rel=\"noopener\"><span style=\"color: #000000;\">Octubre 24<\/span><\/a><\/h5>\n<\/td>\n<td style=\"width: 16.3742%; text-align: center;\">\n<h5><a href=\"https:\/\/drive.google.com\/file\/d\/1MXrBd42UDLuUIiCvbN_iiSBCQNMqqR8E\/view?usp=sharing\" target=\"_blank\" rel=\"noopener\"><span style=\"color: #000000;\">Gener 25<\/span><\/a><\/h5>\n<\/td>\n<td style=\"width: 15.649%; text-align: center;\">\n<h5><a href=\"https:\/\/drive.google.com\/file\/d\/1MWwkKw4O3qgrVzliw9uOw7mojbLcFAJh\/view?usp=sharing\" target=\"_blank\" rel=\"noopener\"><span style=\"color: #000000;\">Mar\u00e7 25\u00a0<\/span><\/a><\/h5>\n<\/td>\n<td style=\"width: 14.206%; text-align: center;\">\n<h5><a href=\"https:\/\/drive.google.com\/file\/d\/1vpCQIpI0U87BeAychdkLp5A1rjbgCOx1\/view?usp=sharing\" target=\"_blank\" rel=\"noopener\"><span style=\"color: #000000;\">Maig 25\u00a0<\/span><\/a><\/h5>\n<\/td>\n<td style=\"width: 13.0457%; text-align: center;\">\n<h5><span style=\"color: #000000;\">\u00a0<\/span><\/h5>\n<\/td>\n<\/tr>\n<tr>\n<td style=\"width: 20%; background-color: #79ed9e;\">\n<h5>CURS 25-26<\/h5>\n<\/td>\n<td style=\"width: 16.0841%; text-align: center;\">\n<h5><a href=\"https:\/\/drive.google.com\/file\/d\/10rz7FHstsSsVGcCFhhf5rM2cgX7jDXJs\/view?usp=sharing\" target=\"_blank\" rel=\"noopener\"><span style=\"color: #000000;\">Octubre 25<\/span><\/a><\/h5>\n<\/td>\n<td style=\"width: 16.3742%; text-align: center;\">\n<h5><span style=\"color: #000000;\">\u00a0<\/span><\/h5>\n<\/td>\n<td style=\"width: 15.649%; text-align: center;\">\n<h5><span style=\"color: #000000;\">\u00a0<\/span><\/h5>\n<\/td>\n<td style=\"width: 14.206%; text-align: center;\">\n<h5><span style=\"color: #000000;\">\u00a0<\/span><\/h5>\n<\/td>\n<td style=\"width: 13.0457%; text-align: center;\">\n<h5><span style=\"color: #000000;\">\u00a0<\/span><\/h5>\n<\/td>\n<\/tr>\n<\/tbody>\n<\/table>\n<p>&nbsp;<\/p>\n<div class=\"entry-content\">\n<h3><span style=\"color: #339966;\"><a style=\"color: #339966;\" href=\"http:\/\/ensenyament.gencat.cat\/ca\/arees-actuacio\/centres-serveis-educatius\/centres\/consells-escolars-centres\/centres-publics\/#bloc1\">Funcions<\/a><\/span><\/h3>\n<p>Corresponen al consell escolar les funcions seg\u00fcents:<\/p>\n<ul>\n<li>Participar en l\u2019aprovaci\u00f3 del projecte educatiu i les seves modificacions. El consell escolar ha de ser consultat pel director de manera preceptiva per valorar la proposta del projecte educatiu i manifestar el seu suport amb una majoria de les tres cinquenes parts dels membres.<\/li>\n<li>Participar en l\u2019aprovaci\u00f3 de la programaci\u00f3 general anual, de les normes de funcionament i de la gesti\u00f3 econ\u00f2mica del centre. El consell escolar ha de ser consultat de manera preceptiva per valorar cada una de les propostes i manifestar el seu suport per majoria simple dels membres.<\/li>\n<li>Avaluar l\u2019aplicaci\u00f3 del projecte educatiu i de les seves modificacions aix\u00ed com de la resta de documents de gesti\u00f3 del centre.<\/li>\n<li>Aprovar les propostes d\u2019acords de coresponsabilitat, convenis i altres acords de col\u00b7laboraci\u00f3 del centre amb entitats i institucions.<\/li>\n<li>Intervenir en el procediment d\u2019admissi\u00f3 d\u2019alumnes.<\/li>\n<li>Participar en el procediment de selecci\u00f3 i en la proposta de cessament del director o directora.<\/li>\n<li>Intervenir en la resoluci\u00f3 dels conflictes i, si escau, revisar les sancions als alumnes.<\/li>\n<li>Aprovar les directrius per a la programaci\u00f3 d\u2019activitats escolars complement\u00e0ries i d\u2019activitats extraescolars, i avaluar-ne el desenvolupament.<\/li>\n<li>Participar en les an\u00e0lisis i les avaluacions del funcionament general del centre i con\u00e8ixer l\u2019evoluci\u00f3 del rendiment escolar.<\/li>\n<li>Aprovar els criteris de col\u00b7laboraci\u00f3 amb altres centres i amb l\u2019entorn.<\/li>\n<li>Qualsevol altre que li sigui atribu\u00efda per les normes legals o reglament\u00e0ries.<\/li>\n<\/ul>\n<h3><a href=\"http:\/\/ensenyament.gencat.cat\/ca\/arees-actuacio\/centres-serveis-educatius\/centres\/consells-escolars-centres\/centres-publics\/#bloc2\">Composici\u00f3 en els centres p\u00fablics<\/a><\/h3>\n<ol>\n<li>El consell escolar d\u2019un centre p\u00fablic est\u00e0 integrat per:\n<ol>\n<li>El director o directora, que el presideix.<\/li>\n<li>El cap o la cap d\u2019estudis.<\/li>\n<li>Un o una representant de l\u2019ajuntament de la localitat on es troba situat el centre.<\/li>\n<li>El secretari o secret\u00e0ria del centre que assisteix amb veu i sense vot i exerceix la secretaria del consell.<\/li>\n<li>Els i les representants del professorat s\u2019elegeixen pel claustre.<\/li>\n<li>Els i les representants de l\u2019alumnat i dels pares i mares o tutors, elegits respectivament per ells i entre ells.<\/li>\n<li>Un o una representant del personal d\u2019administraci\u00f3 i serveis, elegit per i entre aquest personal.<\/li>\n<\/ol>\n<\/li>\n<li>El nombre de representants del professorat no pot ser inferior a un ter\u00e7 del total de membres del consell, elegits pel claustre i en representaci\u00f3 d\u2019aquest.<\/li>\n<li>El nombre de representants de l\u2019alumnat i pares i mares o tutors, en conjunt, no pot ser inferior a un ter\u00e7 del total de persones membres del consell. Una de les persones representants dels progenitors la designa l\u2019associaci\u00f3 de pares i mares m\u00e9s representativa del centre.<\/li>\n<li>Cada centre determina la <strong>composici\u00f3 del consell escolar<\/strong>\u00a0que queda recollida a les seves normes d\u2019organitzaci\u00f3 i funcionament, d\u2019acord amb el que s\u2019estableix en el Decret 102\/2010, de 3 d\u2019agost, d\u2019autonomia dels centres educatius i la resta de legislaci\u00f3 vigent.<\/li>\n<li>El centre no pot modificar la configuraci\u00f3 del consell escolar dins dels tres cursos acad\u00e8mics seg\u00fcents a aquell en qu\u00e8 \u00e9s determinada. L\u2019aprovaci\u00f3 d\u2019una modificaci\u00f3 en la composici\u00f3 del consell escolar no entrar\u00e0 en vigor fins al primer proc\u00e9s electoral que es dugui a terme despr\u00e9s que s\u2019hagi aprovat. Un cop constitu\u00eft, el consell escolar del centre ha de designar una persona que impulsi mesures educatives de foment de la igualtat real i efectiva entre homes i dones.<\/li>\n<\/ol>\n<h3><a href=\"http:\/\/ensenyament.gencat.cat\/ca\/arees-actuacio\/centres-serveis-educatius\/centres\/consells-escolars-centres\/centres-publics\/#bloc5\">Funcionament<\/a><\/h3>\n<p>El Consell Escolar ha d\u2019aprovar les seves normes de funcionament. En all\u00f2 que no estigui previst s\u2019han d\u2019aplicar les normes reguladores dels \u00f2rgans col\u00b7legiats de l\u2019Administraci\u00f3 de la Generalitat.<\/p>\n<p>El consell escolar del centre es reuneix preceptivament una vegada al trimestre i sempre que el convoca el director o directora del centre o ho sol\u00b7licita al menys un ter\u00e7 de les seves persones membres. A m\u00e9s, s\u2019ha de fer una reuni\u00f3 a principi de curs i una altra a la seva finalitzaci\u00f3.<\/p>\n<p>El consell escolar actua normalment en ple. Es poden constituir comissions espec\u00edfiques d\u2019estudi i informaci\u00f3, a les quals, en tot cas, s\u2019hi ha d\u2019incorporar la direcci\u00f3 del centre, o en la seva representaci\u00f3, un altre \u00f2rgan\u00a0unipersonal de direcci\u00f3,\u00a0un professor o professora, i un alumne o alumna o un representant o una representant de les mares i els pares. Els centres de titularitat p\u00fablica, a m\u00e9s, hi ha d\u2019haver preceptivament\u00a0una\u00a0<strong>comissi\u00f3 econ\u00f2mica<\/strong>\u00a0que supervisa la gesti\u00f3 econ\u00f2mica del centre.<\/p>\n<h3><a href=\"http:\/\/ensenyament.gencat.cat\/ca\/arees-actuacio\/centres-serveis-educatius\/centres\/consells-escolars-centres\/centres-publics\/#bloc6\">Renovaci\u00f3 de membres<\/a><\/h3>\n<p>Les persones del consell escolar s\u00f3n elegides per\u00a0<strong>un per\u00edode de quatre anys<\/strong>\u00a0i es renoven per meitats cada dos anys.<\/p>\n<p>Les eleccions per a la constituci\u00f3 o renovaci\u00f3 de membres del consell escolar, les convoca el director o directora del centre p\u00fablic, amb quinze dies d\u2019antelaci\u00f3, dintre del per\u00edode que fixa el Departament d\u2019Educaci\u00f3.<\/p>\n<p>Les\u00a0<strong>vacants<\/strong>\u00a0del consell escolar s\u2019han d\u2019ocupar pel procediment establert a les normes d\u2019organitzaci\u00f3 i funcionament del centre; si aquestes no ho preveuen, les ha d\u2019ocupar la seg\u00fcent candidatura m\u00e9s votada en les darreres eleccions. Si no hi ha m\u00e9s candidats o candidates per cobrir-les, romanen sense cobrir fins a la propera renovaci\u00f3 del consell escolar.<\/p>\n<p>La condici\u00f3 de membre del consell escolar es perd quan es deixa el c\u00e0rrec que comporta ser-ne membre, quan es deixa de complir algun dels requisits per ser elegible o quan l\u2019\u00f2rgan que l\u2019ha designat en revoca la designaci\u00f3.<\/p>\n<\/div>\n<p>&nbsp;<\/p>\n","protected":false},"excerpt":{"rendered":"<p>Certificats acords Consell Escolar<\/p>\n<p>CURS 24-25<\/p>\n<p><a href=\"https:\/\/drive.google.com\/file\/d\/1hu4hAi_m29CuZJ0x0PkEPSNrehBcg2z7\/view?usp=sharing\" target=\"_blank\" rel=\"noopener\">Octubre 24<\/a><\/p>\n<p><a href=\"https:\/\/drive.google.com\/file\/d\/1MXrBd42UDLuUIiCvbN_iiSBCQNMqqR8E\/view?usp=sharing\" target=\"_blank\" rel=\"noopener\">Gener 25<\/a><\/p>\n<p><a href=\"https:\/\/drive.google.com\/file\/d\/1MWwkKw4O3qgrVzliw9uOw7mojbLcFAJh\/view?usp=sharing\" target=\"_blank\" rel=\"noopener\">Mar\u00e7 25\u00a0<\/a><\/p>\n<p><a href=\"https:\/\/drive.google.com\/file\/d\/1vpCQIpI0U87BeAychdkLp5A1rjbgCOx1\/view?usp=sharing\" target=\"_blank\" rel=\"noopener\">Maig 25\u00a0<\/a><\/p>\n<p>\u00a0<\/p>\n<p>CURS 25-26<\/p>\n<p><a href=\"https:\/\/drive.google.com\/file\/d\/10rz7FHstsSsVGcCFhhf5rM2cgX7jDXJs\/view?usp=sharing\" target=\"_blank\" rel=\"noopener\">Octubre 25<\/a><\/p>\n<p>\u00a0<\/p>\n<p>\u00a0<\/p>\n<p>\u00a0<\/p>\n<p>\u00a0<\/p>\n<p>&nbsp;<\/p>\n<p><a style=\"color: #339966;\" href=\"http:\/\/ensenyament.gencat.cat\/ca\/arees-actuacio\/centres-serveis-educatius\/centres\/consells-escolars-centres\/centres-publics\/#bloc1\">Funcions<\/a><br \/>\nCorresponen al consell escolar les funcions seg\u00fcents:<\/p>\n<ul>\n<li>Participar en l\u2019aprovaci\u00f3 del projecte educatiu i les seves modificacions. El&hellip;  <a href=\"https:\/\/agora.xtec.cat\/ceip-angel-guimera\/lescola\/consell-escolar\/\" title=\"Read Consell escolar\">Llegeix m\u00e9s\u00bb<\/a><br \/>\n","protected":false},"author":1,"featured_media":0,"parent":22,"menu_order":30,"comment_status":"closed","ping_status":"closed","template":"page-templates\/side-menu.php","meta":{"_bbp_topic_count":0,"_bbp_reply_count":0,"_bbp_total_topic_count":0,"_bbp_total_reply_count":0,"_bbp_voice_count":0,"_bbp_anonymous_reply_count":0,"_bbp_topic_count_hidden":0,"_bbp_reply_count_hidden":0,"_bbp_forum_subforum_count":0,"footnotes":""},"class_list":["post-28","page","type-page","status-publish","hentry"],"post_mailing_queue_ids":[],"_links":{"self":[{"href":"https:\/\/agora.xtec.cat\/ceip-angel-guimera\/wp-json\/wp\/v2\/pages\/28","targetHints":{"allow":["GET"]}}],"collection":[{"href":"https:\/\/agora.xtec.cat\/ceip-angel-guimera\/wp-json\/wp\/v2\/pages"}],"about":[{"href":"https:\/\/agora.xtec.cat\/ceip-angel-guimera\/wp-json\/wp\/v2\/types\/page"}],"author":[{"embeddable":true,"href":"https:\/\/agora.xtec.cat\/ceip-angel-guimera\/wp-json\/wp\/v2\/users\/1"}],"replies":[{"embeddable":true,"href":"https:\/\/agora.xtec.cat\/ceip-angel-guimera\/wp-json\/wp\/v2\/comments?post=28"}],"version-history":[{"count":7,"href":"https:\/\/agora.xtec.cat\/ceip-angel-guimera\/wp-json\/wp\/v2\/pages\/28\/revisions"}],"predecessor-version":[{"id":12622,"href":"https:\/\/agora.xtec.cat\/ceip-angel-guimera\/wp-json\/wp\/v2\/pages\/28\/revisions\/12622"}],"up":[{"embeddable":true,"href":"https:\/\/agora.xtec.cat\/ceip-angel-guimera\/wp-json\/wp\/v2\/pages\/22"}],"wp:attachment":[{"href":"https:\/\/agora.xtec.cat\/ceip-angel-guimera\/wp-json\/wp\/v2\/media?parent=28"}],"curies":[{"name":"wp","href":"https:\/\/api.w.org\/{rel}","templated":true}]}}