{"id":26,"date":"2014-09-18T12:24:32","date_gmt":"2014-09-18T11:24:32","guid":{"rendered":"http:\/\/agora.xtec.cat\/ceip-angel-guimera\/?page_id=26"},"modified":"2016-08-30T11:35:34","modified_gmt":"2016-08-30T10:35:34","slug":"historia","status":"publish","type":"page","link":"https:\/\/agora.xtec.cat\/ceip-angel-guimera\/lescola\/historia\/","title":{"rendered":"Hist\u00f2ria"},"content":{"rendered":"<p>L<strong>\u2019any 1919<\/strong>\u00a0 l\u2019Ajuntament de Balaguer encarrega un projecte de construcci\u00f3 d\u2019una escola p\u00fablica. Aix\u00ed el dia 5 d\u2019abril de l\u2019any 1927 es col\u00b7loca la primera pedra de l\u2019escola <strong>Grupo<\/strong> <strong>Escolar <\/strong><strong>Primo<\/strong><strong> de Rivera<\/strong>, en un acte multitudinari. Un any despr\u00e9s es d\u00f3na per inaugurada l\u2019escola.<\/p>\n<p>Durant la Guerra Civil aquest edifici va patir grans desperfectes, que foren reparats en anys posteriors. Aquells anys l\u2019escola es va convertir en hospital de ferits de guerra. Posteriorment, una part de l\u2019edifici va funcionar com a escola i l\u2019altra era un quarter militar. \u00c9s en aquesta \u00e8poca quan l\u2019escola pateix les majors mancances, tant de material escolar com de personal docent.<\/p>\n<p>Com a curiositats de l\u2019\u00e8poca cal destacar que els nens i nenes a l\u2019hora del pati no es podien barrejar i hi havia una ratlla al pati per separar-los. \u00c9s tamb\u00e9 en aquesta \u00e8poca que es fa distribuci\u00f3 entre els alumnes d\u2019un complement alimentari: un got de llet en pols per a cada alumne a l\u2019hora del pati i un tros de formatge a la tarda. Aix\u00f2 es feia a tota Espanya i era una donaci\u00f3 que feien els Estats Units.<\/p>\n<p>A la d\u00e8cada dels anys 80 la llengua catalana es comen\u00e7a a fer un forat dins l\u2019ensenyament aix\u00ed entre el 1982-1983 hi ha una normalitzaci\u00f3 de l\u2019\u00fas de les lleng\u00fces oficials, aplicant la <strong>\u201c Llei de Normalitzaci\u00f3 Ling\u00fc\u00edstica de 18 d\u2019abril de 1983\u201d.<\/strong><\/p>\n<p><strong>L\u2019any 1989<\/strong> l\u2019escola pateix un nou canvi i passa a dir-se <strong>Col\u00b7legi P\u00fablic \u00c0ngel Guimer\u00e0. <\/strong><\/p>\n<p>La hist\u00f2ria recent de l\u2019escola tamb\u00e9 ens mostra els canvis que es produeixen: augment d\u2019alumnes d\u2019\u00e8tnia gitana i la baixa d\u2019alumnes no gitanos, augment de matriculacions entre els magrebins i subsaharau\u00efs i les \u00faltimes obres de remodelaci\u00f3 que han suposat millores importants en la fa\u00e7ana de l\u2019edifici i en l\u2019interior.<\/p>\n<p>Actualment l\u2019escola consta de 25 mestres i professors i 192 alumnes.<\/p>\n<p>El fet de ser l\u2019\u00fanica escola p\u00fablica de la nostra ciutat durant molts anys ha suposat que la majoria de balaguerins i balaguerines passessin per les seves aules.<\/p>\n","protected":false},"excerpt":{"rendered":"<p>L\u2019any 1919\u00a0 l\u2019Ajuntament de Balaguer encarrega un projecte de construcci\u00f3 d\u2019una escola p\u00fablica. Aix\u00ed el dia 5 d\u2019abril de l\u2019any 1927 es col\u00b7loca la primera pedra de l\u2019escola Grupo Escolar Primo de Rivera, en un acte multitudinari. Un any despr\u00e9s es d\u00f3na per inaugurada l\u2019escola.<br \/>\nDurant&hellip;  <a href=\"https:\/\/agora.xtec.cat\/ceip-angel-guimera\/lescola\/historia\/\" title=\"Read Hist\u00f2ria\">Llegeix m\u00e9s\u00bb<\/a><\/p>\n","protected":false},"author":1,"featured_media":0,"parent":22,"menu_order":20,"comment_status":"closed","ping_status":"closed","template":"page-templates\/side-menu.php","meta":{"_bbp_topic_count":0,"_bbp_reply_count":0,"_bbp_total_topic_count":0,"_bbp_total_reply_count":0,"_bbp_voice_count":0,"_bbp_anonymous_reply_count":0,"_bbp_topic_count_hidden":0,"_bbp_reply_count_hidden":0,"_bbp_forum_subforum_count":0,"footnotes":""},"class_list":["post-26","page","type-page","status-publish","hentry"],"post_mailing_queue_ids":[],"_links":{"self":[{"href":"https:\/\/agora.xtec.cat\/ceip-angel-guimera\/wp-json\/wp\/v2\/pages\/26","targetHints":{"allow":["GET"]}}],"collection":[{"href":"https:\/\/agora.xtec.cat\/ceip-angel-guimera\/wp-json\/wp\/v2\/pages"}],"about":[{"href":"https:\/\/agora.xtec.cat\/ceip-angel-guimera\/wp-json\/wp\/v2\/types\/page"}],"author":[{"embeddable":true,"href":"https:\/\/agora.xtec.cat\/ceip-angel-guimera\/wp-json\/wp\/v2\/users\/1"}],"replies":[{"embeddable":true,"href":"https:\/\/agora.xtec.cat\/ceip-angel-guimera\/wp-json\/wp\/v2\/comments?post=26"}],"version-history":[{"count":3,"href":"https:\/\/agora.xtec.cat\/ceip-angel-guimera\/wp-json\/wp\/v2\/pages\/26\/revisions"}],"predecessor-version":[{"id":259,"href":"https:\/\/agora.xtec.cat\/ceip-angel-guimera\/wp-json\/wp\/v2\/pages\/26\/revisions\/259"}],"up":[{"embeddable":true,"href":"https:\/\/agora.xtec.cat\/ceip-angel-guimera\/wp-json\/wp\/v2\/pages\/22"}],"wp:attachment":[{"href":"https:\/\/agora.xtec.cat\/ceip-angel-guimera\/wp-json\/wp\/v2\/media?parent=26"}],"curies":[{"name":"wp","href":"https:\/\/api.w.org\/{rel}","templated":true}]}}