{"id":2123,"date":"2019-01-14T06:52:14","date_gmt":"2019-01-14T05:52:14","guid":{"rendered":"http:\/\/agora.xtec.cat\/ceip-angel-guimera\/?page_id=2123"},"modified":"2025-08-31T20:08:26","modified_gmt":"2025-08-31T18:08:26","slug":"apadrinament-lector","status":"publish","type":"page","link":"https:\/\/agora.xtec.cat\/ceip-angel-guimera\/apadrinament-lector\/","title":{"rendered":"Apadrinament lector"},"content":{"rendered":"<p><strong>L\u2019apadrinament lector<\/strong>\u00a0consisteix en compartir un espai en el qual els nens i les nenes m\u00e9s grans de l\u2019escola (alumnat de sis\u00e8 i de cinqu\u00e8) fan lectura i expliquen contes els petits de Prim\u00e0ria (alumnat de segon i primer). Amb aquest projecte s\u2019intenta que tant uns com els altres visquin una experi\u00e8ncia d\u2019aprenentatge lector, en el qual els nens i les nenes de sis\u00e8 i de cinqu\u00e8 de prim\u00e0ria de \u201cpadrins\u201d lectors i ajudin a aprendre a llegir als infants de segon i de primer, que seran els seus fillols, i que aquesta activitat sigui engrescadora i el m\u00e9s motivadora possible per tal que se\u2019ls hi encomani el plaer de llegir.<\/p>\n<p>A partir del segon trimestre es quan d\u00f3na inici aquests projecte.<\/p>\n<p>Amb aquesta activitat pretenem:<\/p>\n<ul>\n<li>Potenciar els aprenentatges per part de tots els participants (padrins i fillols).<\/li>\n<li>Crear contextos significatius d&#8217;aprenentatge (llegeixo perqu\u00e8 alg\u00fa m&#8217;entengui, llegeixo per alg\u00fa que li interessa escoltar-me).<\/li>\n<li>Establir lligams afectius entre padrins i fillols al voltant de la lectura.<\/li>\n<li>Generar una experi\u00e8ncia positiva i plaent de lectura.<\/li>\n<\/ul>\n<p>Un cop tornem de les vacances de Nadal es fa una primera presentaci\u00f3 del projecte als alumnes, on se\u2019ls recalca la import\u00e0ncia de la seva tasca, i posteriorment es concreten les parelles lectores. D\u2019aquesta primera trobada es fa un registre fotogr\u00e0fic, per, en l\u2019activitat de cloenda, donar uns diplomes de participaci\u00f3 i de bons lectors als m\u00e9s petits, i un power point del que han realitzat al llarg del curs.<\/p>\n<p>L&#8217;organitzaci\u00f3 es duu a terme de la seg\u00fcent manera:<\/p>\n<ul>\n<li>Infants d&#8217;I5 amb els padrins i padrines lectores de quart de prim\u00e0ria.<\/li>\n<li>Infants de primer amb nens i nenes de cinqu\u00e8 de prim\u00e0ria.<\/li>\n<li>Infants de segon amb els seus padrins i padrines de sis\u00e8 de prim\u00e0ria.<\/li>\n<\/ul>\n","protected":false},"excerpt":{"rendered":"<p>L\u2019apadrinament lector\u00a0consisteix en compartir un espai en el qual els nens i les nenes m\u00e9s grans de l\u2019escola (alumnat de sis\u00e8 i de cinqu\u00e8) fan lectura i expliquen contes els petits de Prim\u00e0ria (alumnat de segon i primer). Amb aquest projecte s\u2019intenta que tant uns&hellip;  <a href=\"https:\/\/agora.xtec.cat\/ceip-angel-guimera\/apadrinament-lector\/\" title=\"Read Apadrinament lector\">Llegeix m\u00e9s\u00bb<\/a><\/p>\n","protected":false},"author":1,"featured_media":0,"parent":0,"menu_order":0,"comment_status":"closed","ping_status":"closed","template":"","meta":{"_bbp_topic_count":0,"_bbp_reply_count":0,"_bbp_total_topic_count":0,"_bbp_total_reply_count":0,"_bbp_voice_count":0,"_bbp_anonymous_reply_count":0,"_bbp_topic_count_hidden":0,"_bbp_reply_count_hidden":0,"_bbp_forum_subforum_count":0,"footnotes":""},"class_list":["post-2123","page","type-page","status-publish","hentry"],"post_mailing_queue_ids":[],"_links":{"self":[{"href":"https:\/\/agora.xtec.cat\/ceip-angel-guimera\/wp-json\/wp\/v2\/pages\/2123","targetHints":{"allow":["GET"]}}],"collection":[{"href":"https:\/\/agora.xtec.cat\/ceip-angel-guimera\/wp-json\/wp\/v2\/pages"}],"about":[{"href":"https:\/\/agora.xtec.cat\/ceip-angel-guimera\/wp-json\/wp\/v2\/types\/page"}],"author":[{"embeddable":true,"href":"https:\/\/agora.xtec.cat\/ceip-angel-guimera\/wp-json\/wp\/v2\/users\/1"}],"replies":[{"embeddable":true,"href":"https:\/\/agora.xtec.cat\/ceip-angel-guimera\/wp-json\/wp\/v2\/comments?post=2123"}],"version-history":[{"count":3,"href":"https:\/\/agora.xtec.cat\/ceip-angel-guimera\/wp-json\/wp\/v2\/pages\/2123\/revisions"}],"predecessor-version":[{"id":12551,"href":"https:\/\/agora.xtec.cat\/ceip-angel-guimera\/wp-json\/wp\/v2\/pages\/2123\/revisions\/12551"}],"wp:attachment":[{"href":"https:\/\/agora.xtec.cat\/ceip-angel-guimera\/wp-json\/wp\/v2\/media?parent=2123"}],"curies":[{"name":"wp","href":"https:\/\/api.w.org\/{rel}","templated":true}]}}