{"id":2115,"date":"2019-01-14T06:48:02","date_gmt":"2019-01-14T05:48:02","guid":{"rendered":"http:\/\/agora.xtec.cat\/ceip-angel-guimera\/?page_id=2115"},"modified":"2023-04-14T16:33:02","modified_gmt":"2023-04-14T14:33:02","slug":"masterclass","status":"publish","type":"page","link":"https:\/\/agora.xtec.cat\/ceip-angel-guimera\/masterclass\/","title":{"rendered":"Masterclass"},"content":{"rendered":"<p>El fet de ser una escola de m\u00e0xima complexitat ens proporciona utilitzar la sisena hora per treballar algunes habilitats que dins l\u2019horari m\u00e9s curricular serien dif\u00edcils d\u2019organitzar.<\/p>\n<p>Els objectius <strong>prioritaris generals<\/strong> del projecte s\u00f3n els seg\u00fcents:<\/p>\n<ul>\n<li>Reduir el percentatge d\u2019abs\u00e8ncies.<\/li>\n<li>Aplicaci\u00f3 transversal de les compet\u00e8ncies b\u00e0siques mitjan\u00e7ant la creativitat i el pensament cr\u00edtic.<\/li>\n<li>Potenciar la compet\u00e8ncia ling\u00fc\u00edstica i comunicativa dels alumnes.<\/li>\n<li>Potenciar i desenvolupar el pensament computacional<\/li>\n<\/ul>\n<p>L\u2019eix vertebrador \u00e9s el d\u2019aconseguir que els nostres alumnes sentin que s\u00f3n, que fan i creen mentre coneixen i valoren diversos oficis que els ajudaran a con\u00e8ixer les seves pr\u00f2pies inquietuds, gustos i futures orientacions laborals.<\/p>\n<p>Les activitats es realitzen en tres tallers, Aix\u00ed doncs el nostres alumnes esdevenen <strong>periodistes<\/strong>, <strong>programadors<\/strong> i <strong>artistes<\/strong> al llarg d&#8217;un trimestre. Mitjan\u00e7ant aquest treball es pret\u00e9n que la fam\u00edlia participi i interactu\u00ef a casa amb els seus fills i filles.<\/p>\n<p>S\u2019inicien cada mes <strong>d\u2019octubre i finalitzen a finals del mes de maig<\/strong>.<\/p>\n<p>Tant a <strong>l\u2019educaci\u00f3 infantil<\/strong> com a<strong> l\u2019Educaci\u00f3 Prim\u00e0ria <\/strong>es realitzen <strong>dues sessions setmanals.<\/strong><\/p>\n<p>Els objectius proposats s\u2019assoleixen en funci\u00f3 de cada etapa i l\u2019avaluaci\u00f3 d\u2019aquests objectius es realitza a trav\u00e9s de r\u00fabriques utilitzant els seg\u00fcents indicadors:<\/p>\n<ul>\n<li>Actitud i Comportament dins l\u2019aula.<\/li>\n<li>Elaboraci\u00f3 del producte final<\/li>\n<\/ul>\n<p>&nbsp;<\/p>\n<p>&nbsp;<\/p>\n","protected":false},"excerpt":{"rendered":"<p>El fet de ser una escola de m\u00e0xima complexitat ens proporciona utilitzar la sisena hora per treballar algunes habilitats que dins l\u2019horari m\u00e9s curricular serien dif\u00edcils d\u2019organitzar.<br \/>\nEls objectius prioritaris generals del projecte s\u00f3n els seg\u00fcents:<\/p>\n<ul>\n<li>Reduir el percentatge d\u2019abs\u00e8ncies.<\/li>\n<li>Aplicaci\u00f3 transversal de les compet\u00e8ncies b\u00e0siques mitjan\u00e7ant la&hellip;  <a href=\"https:\/\/agora.xtec.cat\/ceip-angel-guimera\/masterclass\/\" title=\"Read Masterclass\">Llegeix m\u00e9s\u00bb<\/a><br \/>\n","protected":false},"author":1,"featured_media":0,"parent":0,"menu_order":0,"comment_status":"closed","ping_status":"closed","template":"page-templates\/side-menu.php","meta":{"_bbp_topic_count":0,"_bbp_reply_count":0,"_bbp_total_topic_count":0,"_bbp_total_reply_count":0,"_bbp_voice_count":0,"_bbp_anonymous_reply_count":0,"_bbp_topic_count_hidden":0,"_bbp_reply_count_hidden":0,"_bbp_forum_subforum_count":0,"footnotes":""},"class_list":["post-2115","page","type-page","status-publish","hentry"],"post_mailing_queue_ids":[],"_links":{"self":[{"href":"https:\/\/agora.xtec.cat\/ceip-angel-guimera\/wp-json\/wp\/v2\/pages\/2115","targetHints":{"allow":["GET"]}}],"collection":[{"href":"https:\/\/agora.xtec.cat\/ceip-angel-guimera\/wp-json\/wp\/v2\/pages"}],"about":[{"href":"https:\/\/agora.xtec.cat\/ceip-angel-guimera\/wp-json\/wp\/v2\/types\/page"}],"author":[{"embeddable":true,"href":"https:\/\/agora.xtec.cat\/ceip-angel-guimera\/wp-json\/wp\/v2\/users\/1"}],"replies":[{"embeddable":true,"href":"https:\/\/agora.xtec.cat\/ceip-angel-guimera\/wp-json\/wp\/v2\/comments?post=2115"}],"version-history":[{"count":3,"href":"https:\/\/agora.xtec.cat\/ceip-angel-guimera\/wp-json\/wp\/v2\/pages\/2115\/revisions"}],"predecessor-version":[{"id":10570,"href":"https:\/\/agora.xtec.cat\/ceip-angel-guimera\/wp-json\/wp\/v2\/pages\/2115\/revisions\/10570"}],"wp:attachment":[{"href":"https:\/\/agora.xtec.cat\/ceip-angel-guimera\/wp-json\/wp\/v2\/media?parent=2115"}],"curies":[{"name":"wp","href":"https:\/\/api.w.org\/{rel}","templated":true}]}}