{"id":2113,"date":"2019-01-14T06:47:17","date_gmt":"2019-01-14T05:47:17","guid":{"rendered":"http:\/\/agora.xtec.cat\/ceip-angel-guimera\/?page_id=2113"},"modified":"2025-08-31T20:05:28","modified_gmt":"2025-08-31T18:05:28","slug":"escoltam","status":"publish","type":"page","link":"https:\/\/agora.xtec.cat\/ceip-angel-guimera\/escoltam\/","title":{"rendered":"Guimerm\u00e0gics"},"content":{"rendered":"<p>En el marc de la setmana cultural de Sant Jordi es celebren els jocs florals <strong>Guimerm\u00e0gics<\/strong>.<\/p>\n<p>Aquesta proposta educativa la realitza tot l&#8217;alumnat de l&#8217;escola; des d&#8217;I3 fins a 6\u00e8. La comissi\u00f3 del projecte ling\u00fc\u00edstic incentiva i organitza aquest concurs literari per tal de fomentar l&#8217;escriptura i la lectura entre els infants.<\/p>\n<p>A continuaci\u00f3 us mostrem el resum de l&#8217;acte final amb els guanyadors i les guanyadores d&#8217;aquest curs escolar.<\/p>\n<p><iframe loading=\"lazy\" title=\"Premis Guimerm\u00e0gics 2025\" width=\"500\" height=\"281\" src=\"https:\/\/www.youtube.com\/embed\/t7lTZCd9JlI?feature=oembed\" frameborder=\"0\" allow=\"accelerometer; autoplay; clipboard-write; encrypted-media; gyroscope; picture-in-picture; web-share\" referrerpolicy=\"strict-origin-when-cross-origin\" allowfullscreen><\/iframe><\/p>\n","protected":false},"excerpt":{"rendered":"<p>En el marc de la setmana cultural de Sant Jordi es celebren els jocs florals Guimerm\u00e0gics.<br \/>\nAquesta proposta educativa la realitza tot l&#8217;alumnat de l&#8217;escola; des d&#8217;I3 fins a 6\u00e8. La comissi\u00f3 del projecte ling\u00fc\u00edstic incentiva i organitza aquest concurs literari per tal de fomentar l&#8217;escriptura&hellip;  <a href=\"https:\/\/agora.xtec.cat\/ceip-angel-guimera\/escoltam\/\" title=\"Read Guimerm\u00e0gics\">Llegeix m\u00e9s\u00bb<\/a><\/p>\n","protected":false},"author":1,"featured_media":0,"parent":0,"menu_order":0,"comment_status":"closed","ping_status":"closed","template":"","meta":{"_bbp_topic_count":0,"_bbp_reply_count":0,"_bbp_total_topic_count":0,"_bbp_total_reply_count":0,"_bbp_voice_count":0,"_bbp_anonymous_reply_count":0,"_bbp_topic_count_hidden":0,"_bbp_reply_count_hidden":0,"_bbp_forum_subforum_count":0,"footnotes":""},"class_list":["post-2113","page","type-page","status-publish","hentry"],"post_mailing_queue_ids":[],"_links":{"self":[{"href":"https:\/\/agora.xtec.cat\/ceip-angel-guimera\/wp-json\/wp\/v2\/pages\/2113","targetHints":{"allow":["GET"]}}],"collection":[{"href":"https:\/\/agora.xtec.cat\/ceip-angel-guimera\/wp-json\/wp\/v2\/pages"}],"about":[{"href":"https:\/\/agora.xtec.cat\/ceip-angel-guimera\/wp-json\/wp\/v2\/types\/page"}],"author":[{"embeddable":true,"href":"https:\/\/agora.xtec.cat\/ceip-angel-guimera\/wp-json\/wp\/v2\/users\/1"}],"replies":[{"embeddable":true,"href":"https:\/\/agora.xtec.cat\/ceip-angel-guimera\/wp-json\/wp\/v2\/comments?post=2113"}],"version-history":[{"count":7,"href":"https:\/\/agora.xtec.cat\/ceip-angel-guimera\/wp-json\/wp\/v2\/pages\/2113\/revisions"}],"predecessor-version":[{"id":12550,"href":"https:\/\/agora.xtec.cat\/ceip-angel-guimera\/wp-json\/wp\/v2\/pages\/2113\/revisions\/12550"}],"wp:attachment":[{"href":"https:\/\/agora.xtec.cat\/ceip-angel-guimera\/wp-json\/wp\/v2\/media?parent=2113"}],"curies":[{"name":"wp","href":"https:\/\/api.w.org\/{rel}","templated":true}]}}