{"id":12056,"date":"2025-02-07T16:00:08","date_gmt":"2025-02-07T15:00:08","guid":{"rendered":"https:\/\/agora.xtec.cat\/ceip-angel-guimera\/?page_id=12056"},"modified":"2026-04-15T09:14:08","modified_gmt":"2026-04-15T07:14:08","slug":"preinscripcio-2025-2026","status":"publish","type":"page","link":"https:\/\/agora.xtec.cat\/ceip-angel-guimera\/preinscripcio-2025-2026\/","title":{"rendered":"Preinscripci\u00f3 Escolar 2026-27"},"content":{"rendered":"<table style=\"width: 100%; height: 530px;\">\n<tbody>\n<tr style=\"height: 33px;\">\n<td class=\"has-text-align-center\" style=\"height: 33px; text-align: center;\" data-align=\"center\"><a href=\"https:\/\/preinscripcio.gencat.cat\/ca\/inici\/\" target=\"_blank\" rel=\"noopener\"><strong>Informaci\u00f3 general sobre la preinscripci\u00f3<\/strong><\/a><\/td>\n<\/tr>\n<tr style=\"height: 95px;\">\n<td style=\"text-align: center; height: 95px;\"><strong>Portes Obertes\u00a0 <\/strong>23 de febrer a les 9h<strong><strong> &#8211; Visites personalitzades Demaneu cita online, o al 973 445172<\/strong><\/strong><\/p>\n<hr \/>\n<p><a href=\"https:\/\/drive.google.com\/file\/d\/1tKhbd8eMKjLN0sGdoeGC0rm4Fr-kpWhN\/view?usp=sharing\" target=\"_blank\" rel=\"noopener\"><strong>Publicaci\u00f3 de la oferta inicial<\/strong><\/a><\/td>\n<\/tr>\n<tr style=\"height: 53px;\">\n<td style=\"text-align: center; height: 53px;\"><strong>Presentaci\u00f3 de sol\u00b7licituds\u00a0<a href=\"https:\/\/educacio.gencat.cat\/ca\/tramits\/tramits-temes\/perinscripcio-obligatoris?&amp;moda=1\" target=\"_blank\" rel=\"noreferrer noopener\">Infantil<\/a><a href=\"https:\/\/educacio.gencat.cat\/ca\/tramits\/tramits-temes\/perinscripcio-obligatoris?&amp;moda=1\">\u00a0<\/a>i\u00a0<a href=\"https:\/\/educacio.gencat.cat\/ca\/tramits\/tramits-temes\/perinscripcio-obligatoris?&amp;moda=2\" target=\"_blank\" rel=\"noreferrer noopener\">Prim\u00e0ria<\/a>.<\/strong>\u00a04 al 18 de mar\u00e7. Documentaci\u00f3 fins el 19 de mar\u00e7<br \/>\n<sub>Nom\u00e9s una preinscripci\u00f3 per alumne. Cada preinscripci\u00f3 pot incloure diverses peticions de centres. Quan es detecten dues preinscripcions diferents, s\u2019anul\u00b7len totes i es perd els drets de prioritat.<\/sub><\/td>\n<\/tr>\n<tr style=\"height: 53px;\">\n<td class=\"has-text-align-center\" style=\"height: 53px; text-align: center;\" data-align=\"center\"><a href=\"https:\/\/drive.google.com\/file\/d\/18LxgshqW8GdI3Q3WsjfQcFg652f52o2j\/view?usp=sharing\" target=\"_blank\" rel=\"noopener\"><strong>LLISTES: Sol\u00b7licituds de preinscripci\u00f3 al centre amb puntuaci\u00f3 provisional. 15 d&#8217;abril<\/strong><\/a><\/td>\n<\/tr>\n<tr style=\"height: 33px;\">\n<td class=\"has-text-align-center\" style=\"height: 33px; text-align: center;\" data-align=\"center\"><strong><a href=\"https:\/\/www.youtube.com\/watch?v=Y1HTJ25ueeY\">Reclamaci\u00f3 a la llista amb la puntuaci\u00f3 provisional.<\/a>\u00a0<\/strong>15 al 20 d\u2019abril<\/td>\n<\/tr>\n<tr style=\"height: 33px;\">\n<td class=\"has-text-align-center\" style=\"height: 33px; text-align: center;\" data-align=\"center\"><strong>LLISTES: Sol\u00b7licituds de preinscripci\u00f3 al centre amb reclamacions resoltes.<\/strong>\u00a023 d\u2019abril<\/td>\n<\/tr>\n<tr style=\"height: 33px;\">\n<td class=\"has-text-align-center\" style=\"height: 33px; text-align: center;\" data-align=\"center\"><strong>N\u00famero de desempat:<\/strong>\u00a0(sorteig 28 d\u2019abril)<\/td>\n<\/tr>\n<tr style=\"height: 33px;\">\n<td class=\"has-text-align-center\" style=\"height: 33px; text-align: center;\" data-align=\"center\"><strong>LLISTES: Llista ordenada de les preinscripcions al centre.<\/strong>\u00a029 d\u2019abril<\/td>\n<\/tr>\n<tr style=\"height: 33px;\">\n<td class=\"has-text-align-center\" style=\"height: 33px; text-align: center;\" data-align=\"center\"><strong>LLISTES: Oferta definitiva de llocs escolars.<\/strong>\u00a010 de juny<\/td>\n<\/tr>\n<tr style=\"height: 65px;\">\n<td class=\"has-text-align-center\" style=\"height: 65px; text-align: center;\" data-align=\"center\"><strong>LLISTES:\u00a0Alumnes assignats al centre amb indicaci\u00f3 de la primera petici\u00f3 i llista d\u2019espera.<\/strong><br \/>\nLlista d\u2019espera<br \/>\n10\u00a0de juny<\/td>\n<\/tr>\n<tr style=\"height: 33px;\">\n<td class=\"has-text-align-center\" style=\"height: 33px; text-align: center;\" data-align=\"center\"><strong>Reclamacions davant la comissi\u00f3 de garanties d\u2019admissi\u00f3.\u00a0<\/strong>10 al 12 de juny<\/td>\n<\/tr>\n<tr style=\"height: 33px;\">\n<td class=\"has-text-align-center\" style=\"height: 33px; text-align: center;\" data-align=\"center\"><strong>Matr\u00edcula:<\/strong>\u00a0del 22 al 30 de juny. Donarem hora a les fam\u00edlies per convocar-les a la matr\u00edcula i a les sessions informatives del juny.<\/td>\n<\/tr>\n<\/tbody>\n<\/table>\n","protected":false},"excerpt":{"rendered":"<p><a href=\"https:\/\/preinscripcio.gencat.cat\/ca\/inici\/\" target=\"_blank\" rel=\"noopener\">Informaci\u00f3 general sobre la preinscripci\u00f3<\/a><\/p>\n<p>Portes Obertes\u00a0 23 de febrer a les 9h &#8211; Visites personalitzades Demaneu cita online, o al 973 445172<\/p>\n<p><a href=\"https:\/\/drive.google.com\/file\/d\/1tKhbd8eMKjLN0sGdoeGC0rm4Fr-kpWhN\/view?usp=sharing\" target=\"_blank\" rel=\"noopener\">Publicaci\u00f3 de la oferta inicial<\/a><\/p>\n<p>Presentaci\u00f3 de sol\u00b7licituds\u00a0<a href=\"https:\/\/educacio.gencat.cat\/ca\/tramits\/tramits-temes\/perinscripcio-obligatoris?&amp;moda=1\" target=\"_blank\" rel=\"noreferrer noopener\">Infantil<\/a><a href=\"https:\/\/educacio.gencat.cat\/ca\/tramits\/tramits-temes\/perinscripcio-obligatoris?&amp;moda=1\">\u00a0<\/a>i\u00a0<a href=\"https:\/\/educacio.gencat.cat\/ca\/tramits\/tramits-temes\/perinscripcio-obligatoris?&amp;moda=2\" target=\"_blank\" rel=\"noreferrer noopener\">Prim\u00e0ria<\/a>.\u00a04 al 18&hellip;  <a href=\"https:\/\/agora.xtec.cat\/ceip-angel-guimera\/preinscripcio-2025-2026\/\" title=\"Read Preinscripci\u00f3 Escolar 2026-27\">Llegeix m\u00e9s\u00bb<\/a><\/p>\n","protected":false},"author":1,"featured_media":0,"parent":0,"menu_order":0,"comment_status":"closed","ping_status":"closed","template":"","meta":{"_bbp_topic_count":0,"_bbp_reply_count":0,"_bbp_total_topic_count":0,"_bbp_total_reply_count":0,"_bbp_voice_count":0,"_bbp_anonymous_reply_count":0,"_bbp_topic_count_hidden":0,"_bbp_reply_count_hidden":0,"_bbp_forum_subforum_count":0,"footnotes":""},"class_list":["post-12056","page","type-page","status-publish","hentry"],"post_mailing_queue_ids":[],"_links":{"self":[{"href":"https:\/\/agora.xtec.cat\/ceip-angel-guimera\/wp-json\/wp\/v2\/pages\/12056","targetHints":{"allow":["GET"]}}],"collection":[{"href":"https:\/\/agora.xtec.cat\/ceip-angel-guimera\/wp-json\/wp\/v2\/pages"}],"about":[{"href":"https:\/\/agora.xtec.cat\/ceip-angel-guimera\/wp-json\/wp\/v2\/types\/page"}],"author":[{"embeddable":true,"href":"https:\/\/agora.xtec.cat\/ceip-angel-guimera\/wp-json\/wp\/v2\/users\/1"}],"replies":[{"embeddable":true,"href":"https:\/\/agora.xtec.cat\/ceip-angel-guimera\/wp-json\/wp\/v2\/comments?post=12056"}],"version-history":[{"count":7,"href":"https:\/\/agora.xtec.cat\/ceip-angel-guimera\/wp-json\/wp\/v2\/pages\/12056\/revisions"}],"predecessor-version":[{"id":13019,"href":"https:\/\/agora.xtec.cat\/ceip-angel-guimera\/wp-json\/wp\/v2\/pages\/12056\/revisions\/13019"}],"wp:attachment":[{"href":"https:\/\/agora.xtec.cat\/ceip-angel-guimera\/wp-json\/wp\/v2\/media?parent=12056"}],"curies":[{"name":"wp","href":"https:\/\/api.w.org\/{rel}","templated":true}]}}