{"id":792,"date":"2021-09-29T16:00:30","date_gmt":"2021-09-29T14:00:30","guid":{"rendered":"https:\/\/agora.xtec.cat\/ceip-amadeuvives\/?page_id=792"},"modified":"2021-09-29T16:03:31","modified_gmt":"2021-09-29T14:03:31","slug":"menjador","status":"publish","type":"page","link":"https:\/\/agora.xtec.cat\/ceip-amadeuvives\/lescola\/serveis\/menjador\/","title":{"rendered":"Menjador escolar"},"content":{"rendered":"<section id=\"h.p_ID_3\">\n<div tabindex=\"-1\">\n<div id=\"h.p_ID_5\">\n<p>&nbsp;<\/p>\n<p>&nbsp;<\/p>\n<h1 id=\"h.p_ID_13\" style=\"text-align: center;\">Funcionament<\/h1>\n<\/div>\n<\/div>\n<\/section>\n<section id=\"h.p_ID_18\" class=\"yaqOZd\" style=\"display: table; box-sizing: border-box; background-size: cover; position: relative; table-layout: fixed; width: 1591px; padding-bottom: 1.5rem; padding-top: 1.5rem; font-family: sans-serif; font-size: 16px;\">\n<div class=\"yaqOZd IFuOkc\" style=\"box-sizing: border-box; background-size: cover; display: table-cell; position: absolute; table-layout: fixed; width: 1591px; height: 544px; left: 0px; pointer-events: none; top: 0px; padding-bottom: 1.5rem; padding-top: 1.5rem;\"><\/div>\n<div>\n<div tabindex=\"-1\">\n<div id=\"h.p_ID_24\">\n<p id=\"h.p_ID_32\">L&#8217;empresa <strong>SERHS<\/strong> en la seva divisi\u00f3 de col\u00b7lectivitats i concretament en el sector de l&#8217;educaci\u00f3, <strong>SERHS FOOD EDUCA<\/strong>, \u00e9s<\/p>\n<p>qui se&#8217;n fa c\u00e0rrec de la gesti\u00f3 i producci\u00f3 aliment\u00e0ria del servei de menjador, com a concession\u00e0ria de la\u00a0<strong>GESTI\u00d3 UNIFICADA <\/strong><\/p>\n<p><strong>DE MENJADORS ESCOLARS\u00a0<\/strong>de l&#8217;Ajuntament de Sabadell.<\/p>\n<p>Preu del men\u00fa fixe: <strong>6.33\u20ac<\/strong><\/p>\n<p>Preu del men\u00fa espor\u00e0dic: <strong>6.96\u20ac<\/strong><\/p>\n<p id=\"h.p_ID_38\">El servei de menjador t\u00e9 disponibles diferents opcions de men\u00fa, especials per malalties cr\u00f2niques del sistema digestiu, endocr\u00ed o metab\u00f2lic.<\/p>\n<p>Podeu consultar-les a l&#8217;apartat <strong>MEN\u00da<\/strong>\u00a0d&#8217;aquest mateix web, on trobareu el men\u00fa mensual en totes les seves variants.<\/p>\n<p id=\"h.p_ID_40\">El pagament del men\u00fa independentment del tipus d&#8217;usuari\/a, es far\u00e0 mitjan\u00e7ant tiquets i tamb\u00e9 hi haur\u00e0 possibilitat de domiciliaci\u00f3.<\/p>\n<p id=\"h.p_ID_42\">(En l&#8217;arxiu adjunt trobareu la informaci\u00f3 detallada per a la realitzaci\u00f3 de la compra a trav\u00e9s dels caixers autom\u00e0tics de les entitats banc\u00e0ries<\/p>\n<p>habilitades).<\/p>\n<p id=\"h.p_ID_44\">Un cop adquirits els tickets, haureu de dipositar el comprovant del pagament a la b\u00fastia de menjador situada a l&#8217;entrada de l&#8217;escola.<\/p>\n<p id=\"h.p_ID_46\">Els usuaris\/es espor\u00e0dics\/ques, cada dia que es quedin, hauran d&#8217;omplir una nota, que trobareu a consergeria, amb el NOM de l&#8217;alumne\/a,<\/p>\n<p>la DATA i el CURS i l&#8217;haureu de dipositar a la B\u00daSTIA DE MENJADOR.<\/p>\n<p id=\"h.p_ID_48\">Per a poder fer \u00fas del servei \u00e9s IMPRESCINDIBLE omplir la fitxa d&#8217;inscripci\u00f3 que us podreu descarregar des de l&#8217;\u00e0rea de fitxers<\/p>\n<p>i lliurar-la al centre..<\/p>\n<p id=\"h.p_ID_50\">*\u00c9s molt important que totes les fam\u00edlies l&#8217;ompliu, per si algun dia imprevist hagu\u00e9ssiu de fer \u00fas del servei de menjador.<\/p>\n<p><a href=\"http:\/\/www.google.com\/url?q=http%3A%2F%2Fwww.serhsfoodeduca.com%2F&amp;sa=D&amp;sntz=1&amp;usg=AFQjCNE2PAB2MgzZ-ArOwsF4FevEtQL_kA\" target=\"_blank\" rel=\"noopener noreferrer\">SERHS Food Educa<\/a><\/p>\n<p><strong>CONSULTA EL MEN\u00da DE CADA MES CLICANT A L&#8217;ENLLA\u00c7 CORRESPONENT:<\/strong><\/p>\n<p><strong><a href=\"https:\/\/drive.google.com\/file\/d\/1-BeriF9hgVt0aaED0y_06ltet9uviKdA\/view?usp=sharing\">MEN\u00daS OCTUBRE 2021<\/a><\/strong><\/p>\n<p><a href=\"https:\/\/drive.google.com\/file\/d\/1IPg4Zydu-B1buA0OI5UyjsWmvIeWdwDd\/view?usp=sharing\"><strong>MEN\u00daS SETEMBRE 2021<\/strong><\/a><\/p>\n<h3 id=\"h.p_ID_13\" style=\"text-align: left;\"><\/h3>\n<\/div>\n<\/div>\n<\/div>\n<\/section>\n","protected":false},"excerpt":{"rendered":"<p>&nbsp;<br \/>\n&nbsp;<br \/>\nFuncionament<\/p>\n<p>L&#8217;empresa SERHS en la seva divisi\u00f3 de col\u00b7lectivitats i concretament en el sector de l&#8217;educaci\u00f3, SERHS FOOD EDUCA, \u00e9s<br \/>\nqui se&#8217;n fa c\u00e0rrec de la gesti\u00f3 i producci\u00f3 aliment\u00e0ria del servei de menjador, com a concession\u00e0ria de la\u00a0GESTI\u00d3 UNIFICADA<br \/>\nDE MENJADORS ESCOLARS\u00a0de l&#8217;Ajuntament de Sabadell.<br \/>\nPreu del&hellip;  <a href=\"https:\/\/agora.xtec.cat\/ceip-amadeuvives\/lescola\/serveis\/menjador\/\" title=\"Read Menjador escolar\">Llegeix m\u00e9s\u00bb<\/a><\/p>\n","protected":false},"author":1,"featured_media":0,"parent":498,"menu_order":0,"comment_status":"closed","ping_status":"closed","template":"page-templates\/side-menu.php","meta":{"_bbp_topic_count":0,"_bbp_reply_count":0,"_bbp_total_topic_count":0,"_bbp_total_reply_count":0,"_bbp_voice_count":0,"_bbp_anonymous_reply_count":0,"_bbp_topic_count_hidden":0,"_bbp_reply_count_hidden":0,"_bbp_forum_subforum_count":0,"footnotes":""},"class_list":["post-792","page","type-page","status-publish","hentry"],"post_mailing_queue_ids":[],"_links":{"self":[{"href":"https:\/\/agora.xtec.cat\/ceip-amadeuvives\/wp-json\/wp\/v2\/pages\/792","targetHints":{"allow":["GET"]}}],"collection":[{"href":"https:\/\/agora.xtec.cat\/ceip-amadeuvives\/wp-json\/wp\/v2\/pages"}],"about":[{"href":"https:\/\/agora.xtec.cat\/ceip-amadeuvives\/wp-json\/wp\/v2\/types\/page"}],"author":[{"embeddable":true,"href":"https:\/\/agora.xtec.cat\/ceip-amadeuvives\/wp-json\/wp\/v2\/users\/1"}],"replies":[{"embeddable":true,"href":"https:\/\/agora.xtec.cat\/ceip-amadeuvives\/wp-json\/wp\/v2\/comments?post=792"}],"version-history":[{"count":4,"href":"https:\/\/agora.xtec.cat\/ceip-amadeuvives\/wp-json\/wp\/v2\/pages\/792\/revisions"}],"predecessor-version":[{"id":1988,"href":"https:\/\/agora.xtec.cat\/ceip-amadeuvives\/wp-json\/wp\/v2\/pages\/792\/revisions\/1988"}],"up":[{"embeddable":true,"href":"https:\/\/agora.xtec.cat\/ceip-amadeuvives\/wp-json\/wp\/v2\/pages\/498"}],"wp:attachment":[{"href":"https:\/\/agora.xtec.cat\/ceip-amadeuvives\/wp-json\/wp\/v2\/media?parent=792"}],"curies":[{"name":"wp","href":"https:\/\/api.w.org\/{rel}","templated":true}]}}