{"id":71,"date":"2014-09-18T12:44:56","date_gmt":"2014-09-18T11:44:56","guid":{"rendered":"http:\/\/agora.xtec.cat\/ceip-amadeuvives\/?page_id=71"},"modified":"2023-09-07T11:59:09","modified_gmt":"2023-09-07T09:59:09","slug":"serveis-digitals","status":"publish","type":"page","link":"https:\/\/agora.xtec.cat\/ceip-amadeuvives\/serveis\/serveis-digitals\/","title":{"rendered":"Serveis digitals"},"content":{"rendered":"<section id=\"h.p_XZTzPhxYMYBH\" class=\"yaqOZd\">\n<div class=\"mYVXT\">\n<div class=\"LS81yb VICjCf\" tabindex=\"-1\">\n<div class=\"hJDwNd-AhqUyc-uQSCkd purZT-AhqUyc-II5mzb pSzOP-AhqUyc-qWD73c JNdkSc\">\n<div class=\"JNdkSc-SmKAyb\">\n<div class=\"\">\n<div class=\"oKdM2c Kzv0Me\">\n<div id=\"h.p_u7obbuiWMYA-\" class=\"hJDwNd-AhqUyc-uQSCkd jXK9ad D2fZ2 OjCsFc wHaque GNzUNc\">\n<div class=\"jXK9ad-SmKAyb\">\n<div class=\"tyJCtd mGzaTb baZpAe\">\n<div>\n<h4 style=\"text-align: center;\"><strong>ToKApp School<\/strong> \u00e9s l&#8217;aplicaci\u00f3 que utilitzem per a realitzar comunicacions entre escola i fam\u00edlies.<\/h4>\n<h4 style=\"text-align: center;\">Tamb\u00e9 per fer efectiu els pagaments de forma r\u00e0pida, f\u00e0cil i segura.<\/h4>\n<p>&nbsp;<\/p>\n<p style=\"text-align: center;\">\u00c9s una <strong>aplicaci\u00f3 totalment gratu\u00efta<\/strong> per a tel\u00e8fons Android i iOS. La trobareu disponible a Google Play Store i a App Store.<\/p>\n<h5 id=\"h.p_-qxVDsZ5tW2L\" class=\"zfr3Q\" style=\"text-align: center;\">Assegureu-vos que teniu l&#8217;aplicaci\u00f3 descarregada <span style=\"color: #0000ff;\">i que l&#8217;escola disposa del n\u00famero de tel\u00e8fon on utilitzareu l&#8217;aplicaci\u00f3.<\/span><\/h5>\n<\/div>\n<p style=\"text-align: center;\">Podeu obtenir informaci\u00f3 de com descarregar l&#8217;aplicaci\u00f3 i donar-se d&#8217;alta a trav\u00e9s del seg\u00fcent enlla\u00e7: <strong><a href=\"https:\/\/tokapp.com\/es\/\">https:\/\/tokapp.com\/es\/<\/a> <\/strong>o b\u00e9 trucant al tel\u00e8fon <strong>917 372 901<\/strong><\/p>\n<div>\n<p style=\"text-align: center;\"><a href=\"https:\/\/agora.xtec.cat\/ceip-amadeuvives\/wp-content\/uploads\/usu2142\/2020\/04\/tokapp.png\"><img loading=\"lazy\" decoding=\"async\" class=\"alignnone size-full wp-image-507\" src=\"https:\/\/agora.xtec.cat\/ceip-amadeuvives\/wp-content\/uploads\/usu2142\/2020\/04\/tokapp.png\" alt=\"\" width=\"221\" height=\"229\" \/><\/a><\/p>\n<\/div>\n<div><\/div>\n<div><\/div>\n<\/div>\n<\/div>\n<\/div>\n<\/div>\n<\/div>\n<\/div>\n<\/div>\n<\/div>\n<\/div>\n<\/section>\n","protected":false},"excerpt":{"rendered":"<p>ToKApp School \u00e9s l&#8217;aplicaci\u00f3 que utilitzem per a realitzar comunicacions entre escola i fam\u00edlies.<br \/>\nTamb\u00e9 per fer efectiu els pagaments de forma r\u00e0pida, f\u00e0cil i segura.<br \/>\n&nbsp;<br \/>\n\u00c9s una aplicaci\u00f3 totalment gratu\u00efta per a tel\u00e8fons Android i iOS. La trobareu disponible a Google Play Store i a App&hellip;  <a href=\"https:\/\/agora.xtec.cat\/ceip-amadeuvives\/serveis\/serveis-digitals\/\" title=\"Read Serveis digitals\">Llegeix m\u00e9s\u00bb<\/a><\/p>\n","protected":false},"author":1,"featured_media":0,"parent":66,"menu_order":10,"comment_status":"closed","ping_status":"closed","template":"page-templates\/side-menu.php","meta":{"_bbp_topic_count":0,"_bbp_reply_count":0,"_bbp_total_topic_count":0,"_bbp_total_reply_count":0,"_bbp_voice_count":0,"_bbp_anonymous_reply_count":0,"_bbp_topic_count_hidden":0,"_bbp_reply_count_hidden":0,"_bbp_forum_subforum_count":0,"footnotes":""},"class_list":["post-71","page","type-page","status-publish","hentry"],"post_mailing_queue_ids":[],"_links":{"self":[{"href":"https:\/\/agora.xtec.cat\/ceip-amadeuvives\/wp-json\/wp\/v2\/pages\/71","targetHints":{"allow":["GET"]}}],"collection":[{"href":"https:\/\/agora.xtec.cat\/ceip-amadeuvives\/wp-json\/wp\/v2\/pages"}],"about":[{"href":"https:\/\/agora.xtec.cat\/ceip-amadeuvives\/wp-json\/wp\/v2\/types\/page"}],"author":[{"embeddable":true,"href":"https:\/\/agora.xtec.cat\/ceip-amadeuvives\/wp-json\/wp\/v2\/users\/1"}],"replies":[{"embeddable":true,"href":"https:\/\/agora.xtec.cat\/ceip-amadeuvives\/wp-json\/wp\/v2\/comments?post=71"}],"version-history":[{"count":3,"href":"https:\/\/agora.xtec.cat\/ceip-amadeuvives\/wp-json\/wp\/v2\/pages\/71\/revisions"}],"predecessor-version":[{"id":4010,"href":"https:\/\/agora.xtec.cat\/ceip-amadeuvives\/wp-json\/wp\/v2\/pages\/71\/revisions\/4010"}],"up":[{"embeddable":true,"href":"https:\/\/agora.xtec.cat\/ceip-amadeuvives\/wp-json\/wp\/v2\/pages\/66"}],"wp:attachment":[{"href":"https:\/\/agora.xtec.cat\/ceip-amadeuvives\/wp-json\/wp\/v2\/media?parent=71"}],"curies":[{"name":"wp","href":"https:\/\/api.w.org\/{rel}","templated":true}]}}