{"id":686,"date":"2020-04-16T14:00:56","date_gmt":"2020-04-16T12:00:56","guid":{"rendered":"https:\/\/agora.xtec.cat\/ceip-amadeuvives\/?page_id=686"},"modified":"2020-04-16T14:00:56","modified_gmt":"2020-04-16T12:00:56","slug":"ambients-daprenentatge","status":"publish","type":"page","link":"https:\/\/agora.xtec.cat\/ceip-amadeuvives\/projectes\/ambients-daprenentatge\/","title":{"rendered":"Ambients d&#8217;aprenentatge"},"content":{"rendered":"<p style=\"text-align: justify;\">Els <strong>AMBIENTS<\/strong> s\u00f3n diferents <strong>espais d\u2019aprenentatge<\/strong>, de relaci\u00f3 i comunicaci\u00f3 on a partir de diferents propostes els infants poden actuar, observar, experimentar, construir, inventar, imaginar, compartir, relacionar-se, emocionar-se\u2026i<br \/>\ninteractuar amb els altres.<br \/>\nAquest plantejament de treball \u00a0respon a la necessitat que mostren els infants de jugar i relacionar-se. \u00c9s una manera de poder donar resposta als interessos i necessitats dels infants i respectar els diferents ritmes d\u2019aprenentatge.<br \/>\nEls infants disposen d\u2019un temps d\u2019<strong>experi\u00e8ncia activa<\/strong>, constru\u00efda per l\u2019adult, per\u00f2 reconstru\u00efda per ells mateixos, on nens i nenes es reuneixen per explorar diverses possibilitats de joc i dels materials.<\/p>\n<p style=\"text-align: justify;\">Els ambients segueixen el <strong>model socioconstructivista<\/strong>, el qual parteix d\u2019un aprenentatge significatiu per part de l\u2019alumne, que t\u00e9 en compte els seus coneixements previs i en el qual destaca la gran import\u00e0ncia que t\u00e9 la relaci\u00f3 amb els companys\/es.<\/p>\n<p>Alguns dels Ambients amb que estem treballant al centre:<\/p>\n<p><a href=\"https:\/\/agora.xtec.cat\/ceip-amadeuvives\/wp-content\/uploads\/usu2142\/2020\/04\/ambients.png\"><img loading=\"lazy\" decoding=\"async\" class=\" wp-image-687 aligncenter\" src=\"https:\/\/agora.xtec.cat\/ceip-amadeuvives\/wp-content\/uploads\/usu2142\/2020\/04\/ambients.png\" alt=\"\" width=\"376\" height=\"581\" srcset=\"https:\/\/agora.xtec.cat\/ceip-amadeuvives\/wp-content\/uploads\/usu2142\/2020\/04\/ambients.png 311w, https:\/\/agora.xtec.cat\/ceip-amadeuvives\/wp-content\/uploads\/usu2142\/2020\/04\/ambients-194x300.png 194w\" sizes=\"auto, (max-width: 376px) 100vw, 376px\" \/><\/a><\/p>\n<p>&nbsp;<\/p>\n<p>&nbsp;<\/p>\n<p>&nbsp;<\/p>\n","protected":false},"excerpt":{"rendered":"<p>Els AMBIENTS s\u00f3n diferents espais d\u2019aprenentatge, de relaci\u00f3 i comunicaci\u00f3 on a partir de diferents propostes els infants poden actuar, observar, experimentar, construir, inventar, imaginar, compartir, relacionar-se, emocionar-se\u2026i<br \/>\ninteractuar amb els altres.<br \/>\nAquest plantejament de treball \u00a0respon a la necessitat que mostren els infants de jugar i&hellip;  <a href=\"https:\/\/agora.xtec.cat\/ceip-amadeuvives\/projectes\/ambients-daprenentatge\/\" title=\"Read Ambients d&#8217;aprenentatge\">Llegeix m\u00e9s\u00bb<\/a><\/p>\n","protected":false},"author":1,"featured_media":0,"parent":585,"menu_order":0,"comment_status":"closed","ping_status":"closed","template":"page-templates\/side-menu.php","meta":{"_bbp_topic_count":0,"_bbp_reply_count":0,"_bbp_total_topic_count":0,"_bbp_total_reply_count":0,"_bbp_voice_count":0,"_bbp_anonymous_reply_count":0,"_bbp_topic_count_hidden":0,"_bbp_reply_count_hidden":0,"_bbp_forum_subforum_count":0,"footnotes":""},"class_list":["post-686","page","type-page","status-publish","hentry"],"post_mailing_queue_ids":[],"_links":{"self":[{"href":"https:\/\/agora.xtec.cat\/ceip-amadeuvives\/wp-json\/wp\/v2\/pages\/686","targetHints":{"allow":["GET"]}}],"collection":[{"href":"https:\/\/agora.xtec.cat\/ceip-amadeuvives\/wp-json\/wp\/v2\/pages"}],"about":[{"href":"https:\/\/agora.xtec.cat\/ceip-amadeuvives\/wp-json\/wp\/v2\/types\/page"}],"author":[{"embeddable":true,"href":"https:\/\/agora.xtec.cat\/ceip-amadeuvives\/wp-json\/wp\/v2\/users\/1"}],"replies":[{"embeddable":true,"href":"https:\/\/agora.xtec.cat\/ceip-amadeuvives\/wp-json\/wp\/v2\/comments?post=686"}],"version-history":[{"count":1,"href":"https:\/\/agora.xtec.cat\/ceip-amadeuvives\/wp-json\/wp\/v2\/pages\/686\/revisions"}],"predecessor-version":[{"id":688,"href":"https:\/\/agora.xtec.cat\/ceip-amadeuvives\/wp-json\/wp\/v2\/pages\/686\/revisions\/688"}],"up":[{"embeddable":true,"href":"https:\/\/agora.xtec.cat\/ceip-amadeuvives\/wp-json\/wp\/v2\/pages\/585"}],"wp:attachment":[{"href":"https:\/\/agora.xtec.cat\/ceip-amadeuvives\/wp-json\/wp\/v2\/media?parent=686"}],"curies":[{"name":"wp","href":"https:\/\/api.w.org\/{rel}","templated":true}]}}