{"id":683,"date":"2020-04-16T13:30:07","date_gmt":"2020-04-16T11:30:07","guid":{"rendered":"https:\/\/agora.xtec.cat\/ceip-amadeuvives\/?page_id=683"},"modified":"2020-04-16T13:30:07","modified_gmt":"2020-04-16T11:30:07","slug":"padrins-lectors","status":"publish","type":"page","link":"https:\/\/agora.xtec.cat\/ceip-amadeuvives\/projectes\/padrins-lectors\/","title":{"rendered":"Padrins Lectors"},"content":{"rendered":"<header class=\"entry-header\">\n<h6 class=\"entry-title\"><\/h6>\n<\/header>\n<div class=\"entry-content\">\n<p data-canvas-width=\"423.39795\">Projecte de dinamitzaci\u00f3 de la lectura mitjan\u00e7ant una <strong>activitat cooperativa<\/strong>\u00a0<span lang=\"CA\">on els alumnes m\u00e9s grans de l&#8217;escola (5\u00e8 i 6\u00e8) s\u00f3n padrins lectors dels m\u00e9s petits de prim\u00e0ria &#8211; els fillols\/es &#8211; (1r i 2n) que estan en proc\u00e9s d&#8217;assolir la lectoescriptura. <\/span><\/p>\n<p data-canvas-width=\"423.39795\"><span lang=\"CA\">Els alumnes, padrins i fillols, adquireixen un<strong>\u00a0comprom\u00eds<\/strong> amb aquest projecte que queda reflectiti en un contracte.\u00a0<\/span><\/p>\n<p><span lang=\"CA\">\u00a0<strong>OBJECTIUS:<\/strong><\/span><\/p>\n<ul>\n<li><strong>Motivar<\/strong> a llegir als alumnes, tant gran com petits.<\/li>\n<li><strong>Responsabilitzar<\/strong> als m\u00e9s grans de la cura dels petits, i prendre consci\u00e8nica que ells poden ser el seu exemple.<\/li>\n<li>Millorar la <strong>conviv\u00e8ncia<\/strong>\u00a0dins el centre ja que es treballa de forma cooperativa.<\/li>\n<li><strong>Potenciar<\/strong> els aprenentatges per part de\u00a0<strong>tots<\/strong> els participants.<\/li>\n<\/ul>\n<p><img decoding=\"async\" class=\"aligncenter\" src=\"https:\/\/i.pinimg.com\/originals\/7b\/c0\/85\/7bc085a18024f701251db9093e78f220.jpg\" alt=\"dibuixos turu - Cerca amb Google | Turu, Frases ilustracion ...\" \/><\/p>\n<p style=\"text-align: right;\">Imatge: <strong>TURU<\/strong><\/p>\n<\/div>\n","protected":false},"excerpt":{"rendered":"<p>Projecte de dinamitzaci\u00f3 de la lectura mitjan\u00e7ant una activitat cooperativa\u00a0on els alumnes m\u00e9s grans de l&#8217;escola (5\u00e8 i 6\u00e8) s\u00f3n padrins lectors dels m\u00e9s petits de prim\u00e0ria &#8211; els fillols\/es &#8211; (1r i 2n) que estan en proc\u00e9s d&#8217;assolir la lectoescriptura.<br \/>\nEls alumnes, padrins i&hellip;  <a href=\"https:\/\/agora.xtec.cat\/ceip-amadeuvives\/projectes\/padrins-lectors\/\" title=\"Read Padrins Lectors\">Llegeix m\u00e9s\u00bb<\/a><\/p>\n","protected":false},"author":1,"featured_media":0,"parent":585,"menu_order":0,"comment_status":"closed","ping_status":"closed","template":"page-templates\/side-menu.php","meta":{"_bbp_topic_count":0,"_bbp_reply_count":0,"_bbp_total_topic_count":0,"_bbp_total_reply_count":0,"_bbp_voice_count":0,"_bbp_anonymous_reply_count":0,"_bbp_topic_count_hidden":0,"_bbp_reply_count_hidden":0,"_bbp_forum_subforum_count":0,"footnotes":""},"class_list":["post-683","page","type-page","status-publish","hentry"],"post_mailing_queue_ids":[],"_links":{"self":[{"href":"https:\/\/agora.xtec.cat\/ceip-amadeuvives\/wp-json\/wp\/v2\/pages\/683","targetHints":{"allow":["GET"]}}],"collection":[{"href":"https:\/\/agora.xtec.cat\/ceip-amadeuvives\/wp-json\/wp\/v2\/pages"}],"about":[{"href":"https:\/\/agora.xtec.cat\/ceip-amadeuvives\/wp-json\/wp\/v2\/types\/page"}],"author":[{"embeddable":true,"href":"https:\/\/agora.xtec.cat\/ceip-amadeuvives\/wp-json\/wp\/v2\/users\/1"}],"replies":[{"embeddable":true,"href":"https:\/\/agora.xtec.cat\/ceip-amadeuvives\/wp-json\/wp\/v2\/comments?post=683"}],"version-history":[{"count":1,"href":"https:\/\/agora.xtec.cat\/ceip-amadeuvives\/wp-json\/wp\/v2\/pages\/683\/revisions"}],"predecessor-version":[{"id":684,"href":"https:\/\/agora.xtec.cat\/ceip-amadeuvives\/wp-json\/wp\/v2\/pages\/683\/revisions\/684"}],"up":[{"embeddable":true,"href":"https:\/\/agora.xtec.cat\/ceip-amadeuvives\/wp-json\/wp\/v2\/pages\/585"}],"wp:attachment":[{"href":"https:\/\/agora.xtec.cat\/ceip-amadeuvives\/wp-json\/wp\/v2\/media?parent=683"}],"curies":[{"name":"wp","href":"https:\/\/api.w.org\/{rel}","templated":true}]}}