{"id":672,"date":"2020-04-16T12:49:56","date_gmt":"2020-04-16T10:49:56","guid":{"rendered":"https:\/\/agora.xtec.cat\/ceip-amadeuvives\/?page_id=672"},"modified":"2020-04-16T12:49:56","modified_gmt":"2020-04-16T10:49:56","slug":"sc-2001-02","status":"publish","type":"page","link":"https:\/\/agora.xtec.cat\/ceip-amadeuvives\/projectes\/setmana-cultural\/sc-2001-02\/","title":{"rendered":"SC 2001-02"},"content":{"rendered":"<h3 style=\"text-align: center;\"><strong>AMADEU VIVES<\/strong><\/h3>\n<div class=\"hJDwNd-AhqUyc-Clt0zb purZT-AhqUyc-II5mzb pSzOP-AhqUyc-qWD73c JNdkSc\">\n<div class=\"JNdkSc-SmKAyb\">\n<div class=\"\">\n<div class=\"oKdM2c Kzv0Me\">\n<div id=\"h.p_ID_24\" class=\"hJDwNd-AhqUyc-Clt0zb jXK9ad D2fZ2 OjCsFc wHaque GNzUNc\">\n<div class=\"jXK9ad-SmKAyb\">\n<div class=\"tyJCtd mGzaTb baZpAe\">\n<p id=\"h.p_ID_32\" class=\"zfr3Q\" style=\"text-align: justify;\">En el curs 01-02 v\u00e0rem inaugurar el treball de la Setmana Cultural pr\u00f2piament dita. Per aquesta data tant significativa v\u00e0rem escollir un tema for\u00e7a personal per la nostra escola: &#8220;Amadeu Vives i la seva \u00e8poca&#8221;.<\/p>\n<p id=\"h.p_ID_34\" class=\"zfr3Q\" style=\"text-align: justify;\">El motiu pel qual el v\u00e0rem triar pot semblar evident, ja que es pot considerar fins i tot necessari que els alumnes del centre coneguessin qui era, qu\u00e8 havia fet, quina \u00e8poca havia viscut&#8230;, el personatge gr\u00e0cies al qual l&#8217;escola havia pres el seu nom. Hi havia nois i noies que feia anys que venien al centre i no tenien cap tipus de coneixement sobre una de les persones m\u00e9s influents en la cultura catalana de finals de segle XIX i principis del XX.<\/p>\n<p id=\"h.p_ID_36\" class=\"zfr3Q\" style=\"text-align: justify;\">D&#8217;aquesta manera v\u00e0rem veure que Amadeu Vives i Roig va n\u00e9ixer a Collbat\u00f3 al 1971 i va morir a Madrid al 1932. Era un compositor i escriptor catal\u00e0 conegut fonamentalment per la seua obra l\u00edrica, d&#8217;entre la que cal destacar la sarsuela\u00a0<strong>Do\u00f1a Francisquita<\/strong>, considerada com una de les cimeres del g\u00e8nere. Va compondre tamb\u00e9 obres corals de gran difusi\u00f3 i repercussi\u00f3 popular, com\u00a0<strong>L&#8217;Emigrant<\/strong>\u00a0o\u00a0<strong>La Balanguera<\/strong>. La seva vida es va desenvolupar entre Barcelona i Madrid, i en ambdues ciutats va gaudir de vertadera fama i veneraci\u00f3. Persona de gran cultura, va deixar diversos assaigs sobre temes d&#8217;est\u00e8tica de la m\u00fasica.<\/p>\n<p id=\"h.p_ID_38\" class=\"zfr3Q\" style=\"text-align: justify;\">Tot aquest coneixement es va veure completat amb d&#8217;altres temes paral\u00b7lels propis de l&#8217;\u00e8poca, la qual estava centrada, fonamentalment, en el\u00a0<strong>Modernisme<\/strong>.<\/p>\n<p id=\"h.p_ID_40\" class=\"zfr3Q\" style=\"text-align: justify;\">Conjuntament amb la recerca d&#8217;informaci\u00f3, es van dur a terme diferents activitats com ara vitralls, mosaics, dossiers d&#8217;ampliaci\u00f3 dels coneixements&#8230;, i evidentment, es va completar la Setmana Cultural amb la visita al poble on va n\u00e9ixer Amadeu Vives, \u00e9s a dir, a Collbat\u00f3, visita que va servir tamb\u00e9 per tal de visitar les famoses coves que hi ha a la localitat.<\/p>\n<\/div>\n<\/div>\n<\/div>\n<\/div>\n<\/div>\n<\/div>\n<\/div>\n<div class=\"hJDwNd-AhqUyc-c5RTEf purZT-AhqUyc-c5RTEf pSzOP-AhqUyc-c5RTEf JNdkSc\">\n<div class=\"JNdkSc-SmKAyb\">\n<div class=\"\">\n<div class=\"oKdM2c Kzv0Me\">\n<div id=\"h.p_ID_57\" class=\"hJDwNd-AhqUyc-c5RTEf purZT-AhqUyc-c5RTEf pSzOP-AhqUyc-c5RTEf jXK9ad D2fZ2 OjCsFc wHaque\">\n<div class=\"jXK9ad-SmKAyb\">\n<div class=\"tyJCtd baZpAe\">\n<div class=\"t3iYD\" style=\"text-align: justify;\"><a href=\"http:\/\/www.google.com\/url?q=http%3A%2F%2Fwww.enciclopedia.cat%2Ffitxa_v2.jsp%3FNDCHEC%3D0071472&amp;sa=D&amp;sntz=1&amp;usg=AFQjCNEN9qGApT_lVI0ldsDHcxquQ9Zzng\" target=\"_blank\" rel=\"noopener noreferrer\"><img decoding=\"async\" class=\"CENy8b aligncenter\" src=\"https:\/\/lh6.googleusercontent.com\/nVFtenAKU6CnlwkQziu6KOKsX4VdHGOetu7OYNL8P1egOgYRLc9V0dN_6__IGmuXWk3MEYK8rJkWRaSf8JN6KSTEimPzrPrNHH9IxuAXEvT93nH3qMBb=w1280\" alt=\"Amadeu Vives\" \/><\/a><\/div>\n<\/div>\n<\/div>\n<\/div>\n<\/div>\n<\/div>\n<\/div>\n<\/div>\n","protected":false},"excerpt":{"rendered":"<p>AMADEU VIVES<\/p>\n<p>En el curs 01-02 v\u00e0rem inaugurar el treball de la Setmana Cultural pr\u00f2piament dita. Per aquesta data tant significativa v\u00e0rem escollir un tema for\u00e7a personal per la nostra escola: &#8220;Amadeu Vives i la seva \u00e8poca&#8221;.<br \/>\nEl motiu pel qual el v\u00e0rem triar pot semblar evident,&hellip;  <a href=\"https:\/\/agora.xtec.cat\/ceip-amadeuvives\/projectes\/setmana-cultural\/sc-2001-02\/\" title=\"Read SC 2001-02\">Llegeix m\u00e9s\u00bb<\/a><\/p>\n","protected":false},"author":1,"featured_media":0,"parent":596,"menu_order":0,"comment_status":"closed","ping_status":"closed","template":"page-templates\/side-menu.php","meta":{"_bbp_topic_count":0,"_bbp_reply_count":0,"_bbp_total_topic_count":0,"_bbp_total_reply_count":0,"_bbp_voice_count":0,"_bbp_anonymous_reply_count":0,"_bbp_topic_count_hidden":0,"_bbp_reply_count_hidden":0,"_bbp_forum_subforum_count":0,"footnotes":""},"class_list":["post-672","page","type-page","status-publish","hentry"],"post_mailing_queue_ids":[],"_links":{"self":[{"href":"https:\/\/agora.xtec.cat\/ceip-amadeuvives\/wp-json\/wp\/v2\/pages\/672","targetHints":{"allow":["GET"]}}],"collection":[{"href":"https:\/\/agora.xtec.cat\/ceip-amadeuvives\/wp-json\/wp\/v2\/pages"}],"about":[{"href":"https:\/\/agora.xtec.cat\/ceip-amadeuvives\/wp-json\/wp\/v2\/types\/page"}],"author":[{"embeddable":true,"href":"https:\/\/agora.xtec.cat\/ceip-amadeuvives\/wp-json\/wp\/v2\/users\/1"}],"replies":[{"embeddable":true,"href":"https:\/\/agora.xtec.cat\/ceip-amadeuvives\/wp-json\/wp\/v2\/comments?post=672"}],"version-history":[{"count":1,"href":"https:\/\/agora.xtec.cat\/ceip-amadeuvives\/wp-json\/wp\/v2\/pages\/672\/revisions"}],"predecessor-version":[{"id":673,"href":"https:\/\/agora.xtec.cat\/ceip-amadeuvives\/wp-json\/wp\/v2\/pages\/672\/revisions\/673"}],"up":[{"embeddable":true,"href":"https:\/\/agora.xtec.cat\/ceip-amadeuvives\/wp-json\/wp\/v2\/pages\/596"}],"wp:attachment":[{"href":"https:\/\/agora.xtec.cat\/ceip-amadeuvives\/wp-json\/wp\/v2\/media?parent=672"}],"curies":[{"name":"wp","href":"https:\/\/api.w.org\/{rel}","templated":true}]}}