{"id":670,"date":"2020-04-16T12:46:16","date_gmt":"2020-04-16T10:46:16","guid":{"rendered":"https:\/\/agora.xtec.cat\/ceip-amadeuvives\/?page_id=670"},"modified":"2020-04-16T12:46:16","modified_gmt":"2020-04-16T10:46:16","slug":"sc-2002-03","status":"publish","type":"page","link":"https:\/\/agora.xtec.cat\/ceip-amadeuvives\/projectes\/setmana-cultural\/sc-2002-03\/","title":{"rendered":"SC 2002-03"},"content":{"rendered":"<h3 style=\"text-align: center;\"><strong>INTERCULTURALITAT<\/strong><\/h3>\n<div class=\"hJDwNd-AhqUyc-OiUrBf purZT-AhqUyc-II5mzb pSzOP-AhqUyc-qWD73c JNdkSc\">\n<div class=\"JNdkSc-SmKAyb\">\n<div class=\"\">\n<div class=\"oKdM2c Kzv0Me\">\n<div id=\"h.p_ID_24\" class=\"hJDwNd-AhqUyc-OiUrBf jXK9ad D2fZ2 OjCsFc wHaque GNzUNc\">\n<div class=\"jXK9ad-SmKAyb\">\n<div class=\"tyJCtd mGzaTb baZpAe\">\n<p id=\"h.p_ID_32\" class=\"zfr3Q\" style=\"text-align: justify;\">La Setmana Cultural del curs 02-03 va estar dedicada a <strong>\u201cLa Interculturalitat\u201d<\/strong>. V\u00e0rem escollir aquest tema perqu\u00e8 des de feia temps est\u00e0vem observant que estaven arribant a la ciutat un nombre important de persones provinents d&#8217;altres pa\u00efsos. Aquest fet va provocar a l\u2019escola un inter\u00e8s i una necessitat de con\u00e8ixer m\u00e9s coses sobre el pa\u00eds i la cultura d&#8217;origen dels nous companys. Per aquest motiu vam pensar que dedicar uns dies a parlar i treballar sobre la interculturalitat que vivim a tot arreu podia engrescar als alumnes.<\/p>\n<p id=\"h.p_ID_34\" class=\"zfr3Q\" style=\"text-align: justify;\">Tamb\u00e9 v\u00e0rem aprofitar per treballar amb tots els alumnes, cada curs al seu nivell, el fet migratori com un fenomen que no era nou, sin\u00f3 que havia estat present al llarg de la hist\u00f2ria del nostre pa\u00eds i, segurament, de les fam\u00edlies de cada un dels nens.<\/p>\n<p id=\"h.p_ID_36\" class=\"zfr3Q\" style=\"text-align: justify;\">D\u2019aquesta manera al llarg de la setmana cultural v\u00e0rem buscar informaci\u00f3 sobre infinitat d&#8217;aspectes procurant partir sempre de la realitat que vivien les fam\u00edlies del centre, v\u00e0rem escoltar contes explicats en diferents lleng\u00fces, v\u00e0rem jugar a jocs d&#8217;arreu del m\u00f3n, vam acollir avis i pares de nens nouvinguts que ens van explicar les experi\u00e8ncies que havien viscut i com vivien als seus antics pa\u00efsos, i finalment, amb tot el treball efectuat v\u00e0rem efectuar una exposici\u00f3 final mostrant la feina realitzada.<\/p>\n<\/div>\n<\/div>\n<\/div>\n<\/div>\n<\/div>\n<\/div>\n<\/div>\n<div class=\"hJDwNd-AhqUyc-II5mzb purZT-AhqUyc-II5mzb pSzOP-AhqUyc-II5mzb JNdkSc\">\n<div class=\"JNdkSc-SmKAyb\">\n<div class=\"\">\n<div class=\"oKdM2c Kzv0Me\">\n<div id=\"h.p_ID_44\" class=\"hJDwNd-AhqUyc-II5mzb pSzOP-AhqUyc-II5mzb jXK9ad D2fZ2 OjCsFc wHaque\">\n<div class=\"jXK9ad-SmKAyb\">\n<div class=\"tyJCtd baZpAe\">\n<div class=\"t3iYD\"><img decoding=\"async\" class=\"CENy8b aligncenter\" role=\"img\" src=\"https:\/\/lh4.googleusercontent.com\/iP_1nlEQbDVRRHA91bQ-CZn1ZsZ-Rqaz88cajibA93Pu-i4mRGAAi4-qKxUs85B7rt8r155O1hewUMWwDi2ENaVALe1ctKZreD2FKnsuweodp0ENZUs=w1280\" alt=\"Tots som iguals, tots som diferents!!\" \/><\/div>\n<\/div>\n<\/div>\n<\/div>\n<\/div>\n<\/div>\n<\/div>\n<\/div>\n","protected":false},"excerpt":{"rendered":"<p>INTERCULTURALITAT<\/p>\n<p>La Setmana Cultural del curs 02-03 va estar dedicada a \u201cLa Interculturalitat\u201d. V\u00e0rem escollir aquest tema perqu\u00e8 des de feia temps est\u00e0vem observant que estaven arribant a la ciutat un nombre important de persones provinents d&#8217;altres pa\u00efsos. Aquest fet va provocar a l\u2019escola un inter\u00e8s&hellip;  <a href=\"https:\/\/agora.xtec.cat\/ceip-amadeuvives\/projectes\/setmana-cultural\/sc-2002-03\/\" title=\"Read SC 2002-03\">Llegeix m\u00e9s\u00bb<\/a><\/p>\n","protected":false},"author":1,"featured_media":0,"parent":596,"menu_order":0,"comment_status":"closed","ping_status":"closed","template":"page-templates\/side-menu.php","meta":{"_bbp_topic_count":0,"_bbp_reply_count":0,"_bbp_total_topic_count":0,"_bbp_total_reply_count":0,"_bbp_voice_count":0,"_bbp_anonymous_reply_count":0,"_bbp_topic_count_hidden":0,"_bbp_reply_count_hidden":0,"_bbp_forum_subforum_count":0,"footnotes":""},"class_list":["post-670","page","type-page","status-publish","hentry"],"post_mailing_queue_ids":[],"_links":{"self":[{"href":"https:\/\/agora.xtec.cat\/ceip-amadeuvives\/wp-json\/wp\/v2\/pages\/670","targetHints":{"allow":["GET"]}}],"collection":[{"href":"https:\/\/agora.xtec.cat\/ceip-amadeuvives\/wp-json\/wp\/v2\/pages"}],"about":[{"href":"https:\/\/agora.xtec.cat\/ceip-amadeuvives\/wp-json\/wp\/v2\/types\/page"}],"author":[{"embeddable":true,"href":"https:\/\/agora.xtec.cat\/ceip-amadeuvives\/wp-json\/wp\/v2\/users\/1"}],"replies":[{"embeddable":true,"href":"https:\/\/agora.xtec.cat\/ceip-amadeuvives\/wp-json\/wp\/v2\/comments?post=670"}],"version-history":[{"count":1,"href":"https:\/\/agora.xtec.cat\/ceip-amadeuvives\/wp-json\/wp\/v2\/pages\/670\/revisions"}],"predecessor-version":[{"id":671,"href":"https:\/\/agora.xtec.cat\/ceip-amadeuvives\/wp-json\/wp\/v2\/pages\/670\/revisions\/671"}],"up":[{"embeddable":true,"href":"https:\/\/agora.xtec.cat\/ceip-amadeuvives\/wp-json\/wp\/v2\/pages\/596"}],"wp:attachment":[{"href":"https:\/\/agora.xtec.cat\/ceip-amadeuvives\/wp-json\/wp\/v2\/media?parent=670"}],"curies":[{"name":"wp","href":"https:\/\/api.w.org\/{rel}","templated":true}]}}