{"id":666,"date":"2020-04-16T12:43:13","date_gmt":"2020-04-16T10:43:13","guid":{"rendered":"https:\/\/agora.xtec.cat\/ceip-amadeuvives\/?page_id=666"},"modified":"2020-04-16T12:43:13","modified_gmt":"2020-04-16T10:43:13","slug":"sc-2004-05","status":"publish","type":"page","link":"https:\/\/agora.xtec.cat\/ceip-amadeuvives\/projectes\/setmana-cultural\/sc-2004-05\/","title":{"rendered":"SC 2004-05"},"content":{"rendered":"<h3 style=\"text-align: center;\"><strong>LES PLANTES<\/strong><\/h3>\n<p id=\"h.p_ID_32\" class=\"zfr3Q\" style=\"text-align: justify;\">La Setmana Cultural del curs 04-05, l\u2019escola va acordar destinar-la, sota el t\u00edtol\u00a0<strong>\u201cConviure amb les plantes\u201d<\/strong>, a l\u2019estudi del paper que juguen aquestes a la natura, al coneixement dels diferents tipus de plantes, a l\u2019aprofundiment del coneixement de l\u2019aprofitament que fem d&#8217;aquests \u00e9ssers vius i, fonamentalment, vam intentar aprendre que el principal que haur\u00edem de fer \u00e9s respectar i tenir cura d&#8217;elles.<\/p>\n<p id=\"h.p_ID_34\" class=\"zfr3Q\" style=\"text-align: justify;\">Per estudiar el tema v\u00e0rem dur a terme tota mena d&#8217;activitats entre les que voldr\u00edem destacar una plantada de plantes i germinaci\u00f3 de llavors, diferents manualitats, elaboraci\u00f3 de col\u00f2nia, pintada de samarretes amb motius florals, visita a un Jard\u00ed Bot\u00e0nic i a un viver, recital de poemes i, finalment, una exposici\u00f3 de treballs.<\/p>\n<p id=\"h.p_ID_36\" class=\"zfr3Q\" style=\"text-align: justify;\">Amb la Setmana Cultural, i aprofitant, la participaci\u00f3 de l\u2019escola en Projecte de l\u2019Agenda 21, vam voler tamb\u00e9 que la nostra escola esdevingu\u00e9s un espai m\u00e9s verd i agradable, motiu pel qual, i per no oblidar el que hav\u00edem apr\u00e8s, vam distribuir pels diferents espais del centre un gran nombre de les plantes, de les que vam comprometre&#8217;ns a tenir cura a partir d&#8217;aleshores.<\/p>\n<p id=\"h.p_ID_38\" class=\"zfr3Q\" style=\"text-align: center;\"><strong>Si estimes la natura, tracta-la amb cura.<\/strong><\/p>\n","protected":false},"excerpt":{"rendered":"<p>LES PLANTES<br \/>\nLa Setmana Cultural del curs 04-05, l\u2019escola va acordar destinar-la, sota el t\u00edtol\u00a0\u201cConviure amb les plantes\u201d, a l\u2019estudi del paper que juguen aquestes a la natura, al coneixement dels diferents tipus de plantes, a l\u2019aprofundiment del coneixement de l\u2019aprofitament que fem d&#8217;aquests \u00e9ssers vius&hellip;  <a href=\"https:\/\/agora.xtec.cat\/ceip-amadeuvives\/projectes\/setmana-cultural\/sc-2004-05\/\" title=\"Read SC 2004-05\">Llegeix m\u00e9s\u00bb<\/a><\/p>\n","protected":false},"author":1,"featured_media":0,"parent":596,"menu_order":0,"comment_status":"closed","ping_status":"closed","template":"page-templates\/side-menu.php","meta":{"_bbp_topic_count":0,"_bbp_reply_count":0,"_bbp_total_topic_count":0,"_bbp_total_reply_count":0,"_bbp_voice_count":0,"_bbp_anonymous_reply_count":0,"_bbp_topic_count_hidden":0,"_bbp_reply_count_hidden":0,"_bbp_forum_subforum_count":0,"footnotes":""},"class_list":["post-666","page","type-page","status-publish","hentry"],"post_mailing_queue_ids":[],"_links":{"self":[{"href":"https:\/\/agora.xtec.cat\/ceip-amadeuvives\/wp-json\/wp\/v2\/pages\/666","targetHints":{"allow":["GET"]}}],"collection":[{"href":"https:\/\/agora.xtec.cat\/ceip-amadeuvives\/wp-json\/wp\/v2\/pages"}],"about":[{"href":"https:\/\/agora.xtec.cat\/ceip-amadeuvives\/wp-json\/wp\/v2\/types\/page"}],"author":[{"embeddable":true,"href":"https:\/\/agora.xtec.cat\/ceip-amadeuvives\/wp-json\/wp\/v2\/users\/1"}],"replies":[{"embeddable":true,"href":"https:\/\/agora.xtec.cat\/ceip-amadeuvives\/wp-json\/wp\/v2\/comments?post=666"}],"version-history":[{"count":1,"href":"https:\/\/agora.xtec.cat\/ceip-amadeuvives\/wp-json\/wp\/v2\/pages\/666\/revisions"}],"predecessor-version":[{"id":667,"href":"https:\/\/agora.xtec.cat\/ceip-amadeuvives\/wp-json\/wp\/v2\/pages\/666\/revisions\/667"}],"up":[{"embeddable":true,"href":"https:\/\/agora.xtec.cat\/ceip-amadeuvives\/wp-json\/wp\/v2\/pages\/596"}],"wp:attachment":[{"href":"https:\/\/agora.xtec.cat\/ceip-amadeuvives\/wp-json\/wp\/v2\/media?parent=666"}],"curies":[{"name":"wp","href":"https:\/\/api.w.org\/{rel}","templated":true}]}}