{"id":664,"date":"2020-04-16T12:42:03","date_gmt":"2020-04-16T10:42:03","guid":{"rendered":"https:\/\/agora.xtec.cat\/ceip-amadeuvives\/?page_id=664"},"modified":"2020-04-16T12:42:03","modified_gmt":"2020-04-16T10:42:03","slug":"sc-2005-06","status":"publish","type":"page","link":"https:\/\/agora.xtec.cat\/ceip-amadeuvives\/projectes\/setmana-cultural\/sc-2005-06\/","title":{"rendered":"SC 2005-06"},"content":{"rendered":"<h3 style=\"text-align: center;\"><strong>ELS INVENTS<\/strong><\/h3>\n<p>&nbsp;<\/p>\n<p id=\"h.p_ID_32\" class=\"zfr3Q\" style=\"text-align: justify;\">La Setmana Cultural per al curs 05-06 l\u2019escola va dedicar-la al treball dels invents. Durant tots el dies que vam dedicar-hi v\u00e0rem estar estudiant el paper que han tingut els invents al llarg de la hist\u00f2ria i que tenen a la nostra vida de cada dia. V\u00e0rem veure que han nascut de la necessitat i que la majoria duells eren fruit de la imaginaci\u00f3, la curiositat, l\u2019esfor\u00e7, la const\u00e0ncia i el treball de molts homes i dones.<\/p>\n<p id=\"h.p_ID_34\" class=\"zfr3Q\" style=\"text-align: justify;\">Per tal d&#8217;aprofundir el m\u00e0xim en el nostre objecte d&#8217;estudi es van dur a terme tota mena d&#8217;activitats entre les que podr\u00edem destacar-ne les seg\u00fcents: representaci\u00f3 teatral per a tal d&#8217;inaugurar la Setmana Cultural, diverses manualitats i tallers, sortides al CosmoCaixa i al Parc Central, elaboraci\u00f3 de murals, recerca d&#8217;informaci\u00f3 sobre els invents i els inventors que hi ha hagut al llarg de la hist\u00f2ria de la humanitat, v\u00e0rem passar enquestes als avis per tal de poder comparar l\u2019estil de vida en la seva infantesa amb el nostre actual, va venir un cient\u00edfic a efectuar una xerrada als alumnes m\u00e9s grans del centre i, finalment, tot aquest treball va quedar recollit en una exposici\u00f3, la visita de la qual va estar oberta a tot aquell que ho desitg\u00e9s.<\/p>\n<p id=\"h.p_ID_36\" class=\"zfr3Q\" style=\"text-align: justify;\">Aix\u00ed doncs, la Setmana Cultural d&#8217;aquest curs, va voler introduir als alumnes del centre en el m\u00f3n cient\u00edfic, per tal d&#8217;ajudar-los a prendre consci\u00e8ncia de com els invents ens han fet la vida m\u00e9s f\u00e0cil i de permetre&#8217;ls valorar molt m\u00e9s la idea d&#8217;evoluci\u00f3 i progr\u00e9s en que es troba la societat actual.<\/p>\n","protected":false},"excerpt":{"rendered":"<p>ELS INVENTS<br \/>\n&nbsp;<br \/>\nLa Setmana Cultural per al curs 05-06 l\u2019escola va dedicar-la al treball dels invents. Durant tots el dies que vam dedicar-hi v\u00e0rem estar estudiant el paper que han tingut els invents al llarg de la hist\u00f2ria i que tenen a la nostra vida de&hellip;  <a href=\"https:\/\/agora.xtec.cat\/ceip-amadeuvives\/projectes\/setmana-cultural\/sc-2005-06\/\" title=\"Read SC 2005-06\">Llegeix m\u00e9s\u00bb<\/a><\/p>\n","protected":false},"author":1,"featured_media":0,"parent":596,"menu_order":0,"comment_status":"closed","ping_status":"closed","template":"page-templates\/side-menu.php","meta":{"_bbp_topic_count":0,"_bbp_reply_count":0,"_bbp_total_topic_count":0,"_bbp_total_reply_count":0,"_bbp_voice_count":0,"_bbp_anonymous_reply_count":0,"_bbp_topic_count_hidden":0,"_bbp_reply_count_hidden":0,"_bbp_forum_subforum_count":0,"footnotes":""},"class_list":["post-664","page","type-page","status-publish","hentry"],"post_mailing_queue_ids":[],"_links":{"self":[{"href":"https:\/\/agora.xtec.cat\/ceip-amadeuvives\/wp-json\/wp\/v2\/pages\/664","targetHints":{"allow":["GET"]}}],"collection":[{"href":"https:\/\/agora.xtec.cat\/ceip-amadeuvives\/wp-json\/wp\/v2\/pages"}],"about":[{"href":"https:\/\/agora.xtec.cat\/ceip-amadeuvives\/wp-json\/wp\/v2\/types\/page"}],"author":[{"embeddable":true,"href":"https:\/\/agora.xtec.cat\/ceip-amadeuvives\/wp-json\/wp\/v2\/users\/1"}],"replies":[{"embeddable":true,"href":"https:\/\/agora.xtec.cat\/ceip-amadeuvives\/wp-json\/wp\/v2\/comments?post=664"}],"version-history":[{"count":1,"href":"https:\/\/agora.xtec.cat\/ceip-amadeuvives\/wp-json\/wp\/v2\/pages\/664\/revisions"}],"predecessor-version":[{"id":665,"href":"https:\/\/agora.xtec.cat\/ceip-amadeuvives\/wp-json\/wp\/v2\/pages\/664\/revisions\/665"}],"up":[{"embeddable":true,"href":"https:\/\/agora.xtec.cat\/ceip-amadeuvives\/wp-json\/wp\/v2\/pages\/596"}],"wp:attachment":[{"href":"https:\/\/agora.xtec.cat\/ceip-amadeuvives\/wp-json\/wp\/v2\/media?parent=664"}],"curies":[{"name":"wp","href":"https:\/\/api.w.org\/{rel}","templated":true}]}}