{"id":658,"date":"2020-04-16T12:34:53","date_gmt":"2020-04-16T10:34:53","guid":{"rendered":"https:\/\/agora.xtec.cat\/ceip-amadeuvives\/?page_id=658"},"modified":"2020-04-16T12:35:31","modified_gmt":"2020-04-16T10:35:31","slug":"sc-2007-08","status":"publish","type":"page","link":"https:\/\/agora.xtec.cat\/ceip-amadeuvives\/projectes\/setmana-cultural\/sc-2007-08\/","title":{"rendered":"SC 2007-08"},"content":{"rendered":"<h3 style=\"text-align: center;\"><strong>M\u00c0GIA!<\/strong><\/h3>\n<section id=\"h.p_ID_18\" class=\"yaqOZd\">\n<div class=\"mYVXT\">\n<div class=\"LS81yb VICjCf\" tabindex=\"-1\">\n<div class=\"hJDwNd-AhqUyc-OiUrBf purZT-AhqUyc-II5mzb pSzOP-AhqUyc-qWD73c JNdkSc yYI8W \">\n<div class=\"JNdkSc-SmKAyb\">\n<div class=\"\">\n<div class=\"oKdM2c Kzv0Me\">\n<div id=\"h.p_ID_24\" class=\"hJDwNd-AhqUyc-OiUrBf jXK9ad D2fZ2 OjCsFc GNzUNc\">\n<div class=\"jXK9ad-SmKAyb\">\n<div class=\"tyJCtd mGzaTb baZpAe\">\n<p id=\"h.p_ID_32\" class=\"zfr3Q\">La Setmana Cultural per aquest curs ha estat dedicada a &#8220;<strong>La M\u00e0gia<\/strong>&#8220;. Tal i com vam comen\u00e7ar a fer el curs passat, han estat els alumnes del centre els que han escollit el tema a treballar durant aquest dies. Arran d&#8217;aquesta elecci\u00f3 des del centre, partint dels interessos que mostraven els nois i noies de l&#8217;escola, es va anar concretant el programa a desenvolupar al llarg d&#8217;aquests dies.<\/p>\n<p id=\"h.p_ID_34\" class=\"zfr3Q\"><strong>TEXT DEL PROGRAMA<\/strong><\/p>\n<p id=\"h.p_ID_36\" class=\"zfr3Q\">Les festes es fan per divertir-se i per gaudir de cada moment.Aix\u00f2 tamb\u00e9 passa amb la vida.Aix\u00ed que posa\u2019t les piles, juga i comparteix amb els altres els \u00faltims trucs i encanteris que has apr\u00e8s, per\u00f2 no ho facis sense estar segur de com es trenquen aquests encanteris, perqu\u00e8 enviar un amic de tornada a casa convertit en un gripau no \u00e9s de bona educaci\u00f3.<\/p>\n<p id=\"h.p_ID_38\" class=\"zfr3Q\">Una cosa m\u00e9s (i molt important).La m\u00e0gia sempre \u00e9s m\u00e9s poderosa quan ens apleguem amb els nostres amics i fam\u00edlia, aix\u00ed doncs\u2026Per qu\u00e8 esperar m\u00e9s temps per demostrar a aquestes persones com d\u2019especials s\u00f3n per a tu?<\/p>\n<\/div>\n<\/div>\n<\/div>\n<\/div>\n<div class=\"oKdM2c\">\n<div id=\"h.p_ID_47\" class=\"hJDwNd-AhqUyc-OiUrBf jXK9ad D2fZ2 GNzUNc\">\n<div class=\"jXK9ad-SmKAyb\">\n<div class=\"tyJCtd mGzaTb baZpAe\">\n<p id=\"h.p_ID_55\" class=\"zfr3Q\"><em>KILBY, Janice Eaton; TAYLOR, Terry.<\/em><\/p>\n<p id=\"h.p_ID_57\" class=\"zfr3Q\"><strong>El llibre de Jocs de l\u2019Aprenent de Bruixot<\/strong>.Ed. La Magrana<\/p>\n<\/div>\n<\/div>\n<\/div>\n<\/div>\n<div class=\"oKdM2c\">\n<div id=\"h.p_ID_66\" class=\"hJDwNd-AhqUyc-OiUrBf jXK9ad D2fZ2 wHaque GNzUNc\">\n<div class=\"jXK9ad-SmKAyb\">\n<div class=\"tyJCtd mGzaTb baZpAe\">\n<p id=\"h.p_ID_74\" class=\"zfr3Q\">\n<\/div>\n<\/div>\n<\/div>\n<\/div>\n<\/div>\n<\/div>\n<\/div>\n<div class=\"hJDwNd-AhqUyc-ibL1re purZT-AhqUyc-II5mzb pSzOP-AhqUyc-qWD73c JNdkSc\">\n<div class=\"JNdkSc-SmKAyb\">\n<div class=\"\">\n<div class=\"oKdM2c Kzv0Me\">\n<div id=\"h.p_ID_85\" class=\"hJDwNd-AhqUyc-ibL1re purZT-AhqUyc-II5mzb pSzOP-AhqUyc-qWD73c jXK9ad D2fZ2 OjCsFc wHaque GNzUNc\">\n<div class=\"jXK9ad-SmKAyb\">\n<div class=\"tyJCtd mGzaTb baZpAe\">\n<p id=\"h.p_ID_93\" class=\"zfr3Q\" style=\"text-align: center;\">La nostra mascota&#8230;<\/p>\n<\/div>\n<\/div>\n<\/div>\n<\/div>\n<\/div>\n<\/div>\n<\/div>\n<div class=\"hJDwNd-AhqUyc-ibL1re purZT-AhqUyc-ibL1re pSzOP-AhqUyc-ibL1re JNdkSc\">\n<div class=\"JNdkSc-SmKAyb\">\n<div class=\"\">\n<div class=\"oKdM2c Kzv0Me\">\n<div id=\"h.p_ID_98\" class=\"hJDwNd-AhqUyc-ibL1re purZT-AhqUyc-ibL1re pSzOP-AhqUyc-ibL1re jXK9ad D2fZ2 OjCsFc wHaque\">\n<div class=\"jXK9ad-SmKAyb\">\n<div class=\"tyJCtd baZpAe\">\n<div class=\"t3iYD\"><img decoding=\"async\" class=\"CENy8b aligncenter\" role=\"img\" src=\"https:\/\/lh4.googleusercontent.com\/eV8O0y1Gmmj0-Sjvmln6njbpMPJAfmblOkzChP5qWnaHnsNVvjdxxq74qtQktzVo1JbyufuUxOvImNmLABqGUvkJzzOK1JByb8Acyli0X8GntR4rJnUA=w1280\" \/><\/div>\n<\/div>\n<\/div>\n<\/div>\n<\/div>\n<\/div>\n<\/div>\n<\/div>\n<\/div>\n<\/div>\n<\/section>\n<section id=\"h.p_ID_100\" class=\"yaqOZd\">\n<div class=\"yaqOZd IFuOkc\"><\/div>\n<div class=\"mYVXT\">\n<div class=\"LS81yb VICjCf\" tabindex=\"-1\">\n<div class=\"hJDwNd-AhqUyc-R6PoUb JNdkSc L6cTce-purZT L6cTce-pSzOP\">\n<div class=\"JNdkSc-SmKAyb\">\n<div class=\"\"><\/div>\n<\/div>\n<\/div>\n<div class=\"hJDwNd-AhqUyc-c5RTEf purZT-AhqUyc-II5mzb pSzOP-AhqUyc-qWD73c JNdkSc\">\n<div class=\"JNdkSc-SmKAyb\">\n<div class=\"\">\n<div class=\"oKdM2c Kzv0Me\">\n<div id=\"h.p_ID_112\" class=\"hJDwNd-AhqUyc-c5RTEf purZT-AhqUyc-II5mzb pSzOP-AhqUyc-qWD73c jXK9ad D2fZ2 OjCsFc wHaque GNzUNc\">\n<div class=\"jXK9ad-SmKAyb\">\n<div class=\"tyJCtd mGzaTb baZpAe\">\n<p id=\"h.p_ID_120\" class=\"zfr3Q\" style=\"text-align: center;\">La\u00a0<strong>Xemimag<\/strong>\u00a0ha estat la mascota que entre tots els nens i nenes de l&#8217;escola hem escollit per a la nostra Setmana Cultural relacionada amb la m\u00e0gia. Va ser dissenyada per l&#8217;alumna de 5\u00e8 B Laia Hern\u00e1ndez Aguilera i va rebre un total de 121 vots.<\/p>\n<\/div>\n<\/div>\n<\/div>\n<\/div>\n<\/div>\n<\/div>\n<\/div>\n<\/div>\n<\/div>\n<\/section>\n<section id=\"h.p_ID_124\" class=\"yaqOZd\">\n<div class=\"yaqOZd IFuOkc\"><\/div>\n<div class=\"mYVXT\">\n<div class=\"LS81yb VICjCf\" tabindex=\"-1\">\n<div class=\"hJDwNd-AhqUyc-uQSCkd purZT-AhqUyc-II5mzb pSzOP-AhqUyc-qWD73c JNdkSc\">\n<div class=\"JNdkSc-SmKAyb\">\n<div class=\"\">\n<div class=\"oKdM2c Kzv0Me\">\n<div id=\"h.p_ID_130\" class=\"hJDwNd-AhqUyc-uQSCkd jXK9ad D2fZ2 OjCsFc wHaque GNzUNc\">\n<div class=\"jXK9ad-SmKAyb\">\n<div class=\"tyJCtd mGzaTb baZpAe\">\n<p><strong>OBJECTIUS:<\/strong><\/p>\n<table border=\"0\" width=\"607\" align=\"center\" data-table-local-id=\"table-2\">\n<tbody>\n<tr>\n<td width=\"601\">&#8211; Implicar els alumnes en l\u2019elecci\u00f3, la programaci\u00f3 i la preparaci\u00f3 del tema.<\/td>\n<\/tr>\n<tr>\n<td>&#8211; Compartir l\u2019estudi d\u2019un tema amb tots els nens de l\u2019escola.<\/td>\n<\/tr>\n<tr>\n<td>&#8211; Valorar les aportacions de tots per a l\u2019enriquiment del treball.<\/td>\n<\/tr>\n<tr>\n<td>&#8211; Implicar totes les \u00e0rees en el treball.<\/td>\n<\/tr>\n<tr>\n<td>&#8211; Participar tota la comunitat educativa en la decoraci\u00f3 de l\u2019escola.<\/td>\n<\/tr>\n<tr>\n<td>&#8211; Buscar una mascota per a la Setmana Cultural.<\/td>\n<\/tr>\n<tr>\n<td>&#8211; Estudiar la relaci\u00f3 que ha tingut la m\u00e0gia amb la descoberta del m\u00f3n durant la hist\u00f2ria.<\/td>\n<\/tr>\n<tr>\n<td>&#8211; Con\u00e8ixer la relaci\u00f3 que ha tingut la m\u00e0gia amb el poder.<\/td>\n<\/tr>\n<tr>\n<td>&#8211; Con\u00e8ixer el paper de la m\u00e0gia a la literatura.<\/td>\n<\/tr>\n<tr>\n<td>&#8211; Con\u00e8ixer i estudiar alguns personatges fant\u00e0stics (fades, follets, bruixes, mags,\u2026).<\/td>\n<\/tr>\n<tr>\n<td>&#8211; Produir textos relacionats amb la m\u00e0gia (encanteris, contes, jerogl\u00edfics,\u2026).<\/td>\n<\/tr>\n<tr>\n<td>&#8211; Con\u00e8ixer diferents tipus de m\u00e0gia.<\/td>\n<\/tr>\n<tr>\n<td>&#8211; Gaudir d\u2019un espectacle de m\u00e0gia.<\/td>\n<\/tr>\n<tr>\n<td>&#8211; Aprendre alguns trucs.<\/td>\n<\/tr>\n<tr>\n<td>&#8211; Con\u00e8ixer de primera m\u00e0 les experi\u00e8ncies i la feina del mag.<\/td>\n<\/tr>\n<tr>\n<td>&#8211; Fer que els propis nens fessin m\u00e0gia als seus companys.<\/td>\n<\/tr>\n<tr>\n<td>&#8211; Fer tallers de m\u00e0gia.<\/td>\n<\/tr>\n<tr>\n<td>&#8211; Veure alguna pel\u00b7l\u00edcula sobre el tema.<\/td>\n<\/tr>\n<tr>\n<td>&#8211; Visitar un Museu de M\u00e0gia.<\/td>\n<\/tr>\n<tr>\n<td>&#8211; Participar i gaudir d\u2019una activitat relacionada amb personatges m\u00e0gics.<\/td>\n<\/tr>\n<tr>\n<td>&#8211; Aprofitar les noves tecnologies per fer recerca.<\/td>\n<\/tr>\n<tr>\n<td>&#8211; Elaborar un article per a la revista.<\/td>\n<\/tr>\n<\/tbody>\n<\/table>\n<p>&nbsp;<\/p>\n<p id=\"h.p_ID_138\" class=\"zfr3Q\"><strong>QU\u00c8 HEM FET DURANT AQUESTS DIES&#8230; <\/strong><\/p>\n<p id=\"h.p_ID_140\" class=\"zfr3Q\"><strong>ACTIVITATS:<\/strong><\/p>\n<p id=\"h.p_ID_142\" class=\"zfr3Q\">Inauguraci\u00f3 de la Setmana Cultural<\/p>\n<p id=\"h.p_ID_144\" class=\"zfr3Q\">Espectacle de m\u00e0gia per a tots i totes a c\u00e0rrec de Charlie Mag.<\/p>\n<p id=\"h.p_ID_146\" class=\"zfr3Q\">Tallers de m\u00e0gia per a Educaci\u00f3 Prim\u00e0ria amb el Charlie Mag.<\/p>\n<p id=\"h.p_ID_148\" class=\"zfr3Q\">Altres tallers per a tots els cursos.<\/p>\n<p id=\"h.p_ID_150\" class=\"zfr3Q\">Activitat <em>&#8220;Fades i Follets&#8221;<\/em> per als nens i nenes d&#8217;Educaci\u00f3 Infantil al Parc Catalunya (Sabadell).<\/p>\n<p id=\"h.p_ID_152\" class=\"zfr3Q\">Visita dels i les alumnes de Cicle Inicial al Museu de la M\u00e0gia de Barcelona.<\/p>\n<p id=\"h.p_ID_154\" class=\"zfr3Q\">Visita dels i les alumnes de Cicle Mitj\u00e0 al Museu de la M\u00e0gia de Santa Cristina d&#8217;Aro (Girona).<\/p>\n<p id=\"h.p_ID_156\" class=\"zfr3Q\">Jocs matem\u00e0tics i m\u00e0gia.<\/p>\n<p id=\"h.p_ID_158\" class=\"zfr3Q\">M\u00e0gia del color.<\/p>\n<p id=\"h.p_ID_160\" class=\"zfr3Q\">Projecci\u00f3 de pel\u00b7l\u00edcules relacionades amb el tema de la m\u00e0gia.<\/p>\n<p id=\"h.p_ID_162\" class=\"zfr3Q\">Visualitzaci\u00f3 de DVD en angl\u00e8s a Cicle Mitj\u00e0 i Cicle Superior.<\/p>\n<p id=\"h.p_ID_164\" class=\"zfr3Q\">Lectures i consultes de llibres que tracten el tema.<\/p>\n<p id=\"h.p_ID_166\" class=\"zfr3Q\">Activitats relacionades amb el tema de la m\u00e0gia a la Biblioteca Oberta.<\/p>\n<\/div>\n<\/div>\n<\/div>\n<\/div>\n<\/div>\n<\/div>\n<\/div>\n<\/div>\n<\/div>\n<\/section>\n<section id=\"h.p_ID_173\" class=\"yaqOZd\">\n<div class=\"yaqOZd IFuOkc\"><\/div>\n<div class=\"mYVXT\">\n<div class=\"LS81yb VICjCf\" tabindex=\"-1\">\n<div class=\"hJDwNd-AhqUyc-c5RTEf purZT-AhqUyc-c5RTEf pSzOP-AhqUyc-c5RTEf JNdkSc\">\n<div class=\"JNdkSc-SmKAyb\">\n<div class=\"\">\n<div class=\"oKdM2c Kzv0Me\">\n<div id=\"h.p_ID_179\" class=\"hJDwNd-AhqUyc-c5RTEf purZT-AhqUyc-c5RTEf pSzOP-AhqUyc-c5RTEf jXK9ad D2fZ2 OjCsFc wHaque\">\n<div class=\"jXK9ad-SmKAyb\">\n<div class=\"tyJCtd baZpAe\">\n<div class=\"t3iYD\"><img loading=\"lazy\" decoding=\"async\" class=\"CENy8b aligncenter\" role=\"img\" src=\"https:\/\/lh5.googleusercontent.com\/_h3ZORg3srMgMds-IZkt80Gsm7EZDqxXh5MJ_a4A5Ua4YzjhcvwL4cg6-MQRdXgw6c4RaSb4YsOJpxhxDwRdYLzLVx63k7VwFDU_dDl1NON7MiSjDA=w1280\" width=\"484\" height=\"489\" \/><\/div>\n<\/div>\n<\/div>\n<\/div>\n<\/div>\n<\/div>\n<\/div>\n<\/div>\n<div class=\"hJDwNd-AhqUyc-OwsYgb JNdkSc L6cTce-purZT L6cTce-pSzOP\">\n<div class=\"JNdkSc-SmKAyb\">\n<div class=\"\"><\/div>\n<\/div>\n<\/div>\n<div class=\"hJDwNd-AhqUyc-ibL1re purZT-AhqUyc-ibL1re pSzOP-AhqUyc-ibL1re JNdkSc\">\n<div class=\"JNdkSc-SmKAyb\">\n<div class=\"\">\n<div class=\"oKdM2c Kzv0Me\">\n<div id=\"h.p_ID_185\" class=\"hJDwNd-AhqUyc-ibL1re purZT-AhqUyc-ibL1re pSzOP-AhqUyc-ibL1re jXK9ad D2fZ2 OjCsFc wHaque\">\n<div class=\"jXK9ad-SmKAyb\">\n<div class=\"tyJCtd baZpAe\">\n<div class=\"t3iYD\"><img loading=\"lazy\" decoding=\"async\" class=\"CENy8b aligncenter\" role=\"img\" src=\"https:\/\/lh4.googleusercontent.com\/51cC7ZQZ0VN0tzGDEdd39GaXHH1OP-Pqnn3rWLdcza2twh3tDdqsOOsd_oyrhVFQJGT_VgW4eXdydfXuMq_TMqY4sDQPTgJnAruy2O1vhkL88nTO6mU=w1280\" width=\"430\" height=\"462\" \/><\/div>\n<\/div>\n<\/div>\n<\/div>\n<\/div>\n<\/div>\n<\/div>\n<\/div>\n<\/div>\n<\/div>\n<\/section>\n","protected":false},"excerpt":{"rendered":"<p>M\u00c0GIA!<\/p>\n<p>La Setmana Cultural per aquest curs ha estat dedicada a &#8220;La M\u00e0gia&#8220;. Tal i com vam comen\u00e7ar a fer el curs passat, han estat els alumnes del centre els que han escollit el tema a treballar durant aquest dies. Arran d&#8217;aquesta elecci\u00f3 des del centre,&hellip;  <a href=\"https:\/\/agora.xtec.cat\/ceip-amadeuvives\/projectes\/setmana-cultural\/sc-2007-08\/\" title=\"Read SC 2007-08\">Llegeix m\u00e9s\u00bb<\/a><\/p>\n","protected":false},"author":1,"featured_media":0,"parent":596,"menu_order":0,"comment_status":"closed","ping_status":"closed","template":"page-templates\/side-menu.php","meta":{"_bbp_topic_count":0,"_bbp_reply_count":0,"_bbp_total_topic_count":0,"_bbp_total_reply_count":0,"_bbp_voice_count":0,"_bbp_anonymous_reply_count":0,"_bbp_topic_count_hidden":0,"_bbp_reply_count_hidden":0,"_bbp_forum_subforum_count":0,"footnotes":""},"class_list":["post-658","page","type-page","status-publish","hentry"],"post_mailing_queue_ids":[],"_links":{"self":[{"href":"https:\/\/agora.xtec.cat\/ceip-amadeuvives\/wp-json\/wp\/v2\/pages\/658","targetHints":{"allow":["GET"]}}],"collection":[{"href":"https:\/\/agora.xtec.cat\/ceip-amadeuvives\/wp-json\/wp\/v2\/pages"}],"about":[{"href":"https:\/\/agora.xtec.cat\/ceip-amadeuvives\/wp-json\/wp\/v2\/types\/page"}],"author":[{"embeddable":true,"href":"https:\/\/agora.xtec.cat\/ceip-amadeuvives\/wp-json\/wp\/v2\/users\/1"}],"replies":[{"embeddable":true,"href":"https:\/\/agora.xtec.cat\/ceip-amadeuvives\/wp-json\/wp\/v2\/comments?post=658"}],"version-history":[{"count":3,"href":"https:\/\/agora.xtec.cat\/ceip-amadeuvives\/wp-json\/wp\/v2\/pages\/658\/revisions"}],"predecessor-version":[{"id":661,"href":"https:\/\/agora.xtec.cat\/ceip-amadeuvives\/wp-json\/wp\/v2\/pages\/658\/revisions\/661"}],"up":[{"embeddable":true,"href":"https:\/\/agora.xtec.cat\/ceip-amadeuvives\/wp-json\/wp\/v2\/pages\/596"}],"wp:attachment":[{"href":"https:\/\/agora.xtec.cat\/ceip-amadeuvives\/wp-json\/wp\/v2\/media?parent=658"}],"curies":[{"name":"wp","href":"https:\/\/api.w.org\/{rel}","templated":true}]}}