{"id":653,"date":"2020-04-16T12:08:22","date_gmt":"2020-04-16T10:08:22","guid":{"rendered":"https:\/\/agora.xtec.cat\/ceip-amadeuvives\/?page_id=653"},"modified":"2020-04-16T12:21:32","modified_gmt":"2020-04-16T10:21:32","slug":"sc-2009-10","status":"publish","type":"page","link":"https:\/\/agora.xtec.cat\/ceip-amadeuvives\/projectes\/setmana-cultural\/sc-2009-10\/","title":{"rendered":"SC 2009-10"},"content":{"rendered":"<h3 style=\"text-align: center;\"><strong>EL TERROR<\/strong><\/h3>\n<p>&nbsp;<\/p>\n<section id=\"h.p_ID_18\" class=\"yaqOZd\">\n<div class=\"yaqOZd IFuOkc\"><\/div>\n<div class=\"mYVXT\">\n<div class=\"LS81yb VICjCf\" tabindex=\"-1\">\n<div class=\"hJDwNd-AhqUyc-II5mzb purZT-AhqUyc-II5mzb pSzOP-AhqUyc-II5mzb JNdkSc\">\n<div class=\"JNdkSc-SmKAyb\">\n<div class=\"\">\n<div class=\"oKdM2c Kzv0Me\">\n<div id=\"h.p_ID_24\" class=\"hJDwNd-AhqUyc-II5mzb pSzOP-AhqUyc-II5mzb jXK9ad D2fZ2 OjCsFc wHaque\">\n<div class=\"jXK9ad-SmKAyb\">\n<div class=\"tyJCtd baZpAe\">\n<div class=\"t3iYD\"><img decoding=\"async\" class=\"CENy8b aligncenter\" role=\"img\" src=\"https:\/\/lh5.googleusercontent.com\/gyFPeDA3Vs6xU6XfJ0p5VEAlQ1rqI1kUlovdN1VrB2ewnO12WUDdr9_gYt7ZS7NYOJn3PvjbN4ebLu5bCgV3ZS9DyKnM-BBg40icjpv3w_njZevbP3c=w1280\" \/><\/div>\n<\/div>\n<\/div>\n<\/div>\n<\/div>\n<\/div>\n<\/div>\n<\/div>\n<div class=\"hJDwNd-AhqUyc-OiUrBf purZT-AhqUyc-II5mzb pSzOP-AhqUyc-qWD73c JNdkSc\">\n<div class=\"JNdkSc-SmKAyb\">\n<div class=\"\">\n<div class=\"oKdM2c Kzv0Me\">\n<div id=\"h.p_ID_30\" class=\"hJDwNd-AhqUyc-OiUrBf jXK9ad D2fZ2 OjCsFc wHaque GNzUNc\">\n<div class=\"jXK9ad-SmKAyb\">\n<div class=\"tyJCtd mGzaTb baZpAe\">\n<p>&nbsp;<\/p>\n<p id=\"h.p_ID_38\" class=\"zfr3Q\">Creus que ets poruc? De vegades tenir por \u00e9s molt bo, perqu\u00e8&#8230; Imagina&#8217;t que no tingu\u00e9ssim por de res. Veur\u00edem un forat a terra i hi ficar\u00edem la m\u00e0 sense pensar-nos-hi. Per\u00f2 la por \u00e9s com una alarma que ens avisa: &#8220;Ei, vigila, que potser hi ha una aranya verinosa&#8221;. Ens fa anar amb compte, i aix\u00ed no ens passa res!!!<\/p>\n<p id=\"h.p_ID_40\" class=\"zfr3Q\">De vegades l\u2019alarma s\u2019espatlla, i ens fan por coses que no representen cap perill, com per exemple una mosca. Llavors la por ja no \u00e9s tan bona, i es fa tan grossa i tan pesada que no ens deixa fer res!<\/p>\n<p id=\"h.p_ID_42\" class=\"zfr3Q\">(\u2026)<\/p>\n<p id=\"h.p_ID_44\" class=\"zfr3Q\">No tinguis por de tenir por; ja veur\u00e0s com de mica en mica es fa cada cop m\u00e9s petita fins a desapar\u00e8ixer. Per\u00f2 no te\u2019n quedis sense: sempre fa falta una miqueta de por!<\/p>\n<p id=\"h.p_ID_46\" class=\"zfr3Q\">I sobretot, no et riguis mai de les pors dels altres nens i nenes. Pensa que poden fer por molt\u00edssimes coses, de la mateixa manera que ens fan feli\u00e7os coses molt diferents! \u00c0nim, valent o valenta, a veure quantes pors trobes!<\/p>\n<p id=\"h.p_ID_48\" class=\"zfr3Q\">Extret de <em><strong><u>La por, del m\u00e9s poruc al m\u00e9s valent<\/u><\/strong><\/em>, de <strong>N\u00faria Roca<\/strong> (Ed. Molino)<\/p>\n<\/div>\n<\/div>\n<\/div>\n<\/div>\n<\/div>\n<\/div>\n<\/div>\n<\/div>\n<\/div>\n<\/section>\n<section id=\"h.p_ID_61\" class=\"yaqOZd\">\n<div class=\"yaqOZd IFuOkc\"><\/div>\n<div class=\"mYVXT\">\n<div class=\"LS81yb VICjCf\" tabindex=\"-1\">\n<div class=\"hJDwNd-AhqUyc-c5RTEf JNdkSc L6cTce-purZT L6cTce-pSzOP\">\n<div class=\"JNdkSc-SmKAyb\">\n<div class=\"\"><\/div>\n<\/div>\n<\/div>\n<div class=\"hJDwNd-AhqUyc-c5RTEf purZT-AhqUyc-II5mzb pSzOP-AhqUyc-qWD73c JNdkSc\">\n<div class=\"JNdkSc-SmKAyb\">\n<div class=\"\">\n<div class=\"oKdM2c Kzv0Me\">\n<div id=\"h.p_ID_67\" class=\"hJDwNd-AhqUyc-c5RTEf purZT-AhqUyc-II5mzb pSzOP-AhqUyc-qWD73c jXK9ad D2fZ2 OjCsFc wHaque GNzUNc\">\n<div class=\"jXK9ad-SmKAyb\">\n<div class=\"tyJCtd mGzaTb baZpAe\">\n<p id=\"h.p_ID_75\" class=\"zfr3Q\"><strong>Vampi-Rap<\/strong> ha estat la mascota que entre tots els nens i nenes de l&#8217;escola hem escollit per a la nostra Setmana Cultural relacionada amb el terror. Va ser dissenyada per l&#8217;alumna <strong>CRISTINA GARC\u00cdA SELL\u00c9S <\/strong>(6\u00e8 A).<\/p>\n<\/div>\n<\/div>\n<\/div>\n<\/div>\n<\/div>\n<\/div>\n<\/div>\n<div class=\"hJDwNd-AhqUyc-R6PoUb JNdkSc L6cTce-purZT L6cTce-pSzOP\">\n<div class=\"JNdkSc-SmKAyb\">\n<div class=\"\"><\/div>\n<\/div>\n<\/div>\n<div class=\"hJDwNd-AhqUyc-II5mzb purZT-AhqUyc-II5mzb pSzOP-AhqUyc-II5mzb JNdkSc\">\n<div class=\"JNdkSc-SmKAyb\">\n<div class=\"\">\n<div class=\"oKdM2c Kzv0Me\">\n<div id=\"h.p_ID_86\" class=\"hJDwNd-AhqUyc-II5mzb pSzOP-AhqUyc-II5mzb jXK9ad D2fZ2 OjCsFc wHaque\">\n<div class=\"jXK9ad-SmKAyb\">\n<div class=\"tyJCtd OWlOyc baZpAe\">\n<div>\n<div class=\"WIdY2d M1aSXe\">\n<div><\/div>\n<div class=\"YMEQtf\"><\/div>\n<\/div>\n<\/div>\n<\/div>\n<\/div>\n<\/div>\n<\/div>\n<\/div>\n<\/div>\n<\/div>\n<div class=\"hJDwNd-AhqUyc-R6PoUb JNdkSc L6cTce-purZT L6cTce-pSzOP\">\n<div class=\"JNdkSc-SmKAyb\">\n<div class=\"\"><\/div>\n<\/div>\n<\/div>\n<\/div>\n<\/div>\n<\/section>\n<section id=\"h.p_ID_88\" class=\"yaqOZd\">\n<div class=\"yaqOZd IFuOkc\"><\/div>\n<div class=\"mYVXT\">\n<div class=\"LS81yb VICjCf\" tabindex=\"-1\">\n<div class=\"hJDwNd-AhqUyc-qWD73c purZT-AhqUyc-II5mzb pSzOP-AhqUyc-qWD73c JNdkSc\">\n<div class=\"JNdkSc-SmKAyb\">\n<div class=\"\">\n<div class=\"oKdM2c Kzv0Me\">\n<div id=\"h.p_ID_94\" class=\"hJDwNd-AhqUyc-qWD73c jXK9ad D2fZ2 OjCsFc wHaque GNzUNc\">\n<div class=\"jXK9ad-SmKAyb\">\n<div class=\"tyJCtd mGzaTb baZpAe\">\n<p id=\"h.p_ID_102\" class=\"zfr3Q\"><strong>OBJECTIUS:<\/strong><\/p>\n<table border=\"0\" width=\"607\" align=\"center\" data-table-local-id=\"table-2\">\n<tbody>\n<tr>\n<td width=\"601\"><span style=\"font-family: Verdana, Arial, Helvetica, sans-serif;\">&#8211; Implicar els alumnes en l\u2019elecci\u00f3, la programaci\u00f3 i la preparaci\u00f3<br \/>\ndel tema.<\/span><\/td>\n<\/tr>\n<tr>\n<td>&#8211; Compartir l\u2019estudi d\u2019un tema amb tots els nens de l\u2019escola.<\/td>\n<\/tr>\n<tr>\n<td>&#8211; Valorar les aportacions de tots per a l\u2019enriquiment del treball.<\/td>\n<\/tr>\n<tr>\n<td>&#8211; Implicar totes les \u00e0rees en el treball.<\/td>\n<\/tr>\n<tr>\n<td>&#8211; Participar tota la comunitat educativa en la decoraci\u00f3 de l\u2019escola.<\/td>\n<\/tr>\n<tr>\n<td>&#8211; Buscar una mascota per a la Setmana Cultural.<\/td>\n<\/tr>\n<tr>\n<td>&#8211; Veure una pel\u00b7l\u00edcula sobre el tema.<\/td>\n<\/tr>\n<tr>\n<td>&#8211; Fer tallers barrejant els alumnes del cicle.<\/td>\n<\/tr>\n<tr>\n<td>&#8211; Treballar la por a trav\u00e9s dels sentits.<\/td>\n<\/tr>\n<tr>\n<td>&#8211; Redactar contes de por.<\/td>\n<\/tr>\n<tr>\n<td>&#8211; Gaudir d\u2019una sessi\u00f3 de contes.<\/td>\n<\/tr>\n<tr>\n<td>&#8211; Con\u00e8ixer quin paper juguen el maquillatge i els efectes especials<br \/>\nal teatre i el cinema de terror.<\/td>\n<\/tr>\n<tr>\n<td>&#8211; Aprofitar les noves tecnologies per fer recerca.<\/td>\n<\/tr>\n<tr>\n<td>&#8211; Elaborar un article per a la revista.<\/td>\n<\/tr>\n<\/tbody>\n<\/table>\n<\/div>\n<\/div>\n<\/div>\n<\/div>\n<\/div>\n<\/div>\n<\/div>\n<div class=\"hJDwNd-AhqUyc-qWD73c purZT-AhqUyc-II5mzb pSzOP-AhqUyc-qWD73c JNdkSc\">\n<div class=\"JNdkSc-SmKAyb\">\n<div class=\"\">\n<div class=\"oKdM2c Kzv0Me\">\n<div id=\"h.p_ID_110\" class=\"hJDwNd-AhqUyc-qWD73c jXK9ad D2fZ2 OjCsFc wHaque GNzUNc\">\n<div class=\"jXK9ad-SmKAyb\">\n<div class=\"tyJCtd mGzaTb baZpAe\">\n<p id=\"h.p_ID_118\" class=\"zfr3Q\"><strong>ACTIVITATS:<\/strong><\/p>\n<p>Inauguraci\u00f3 de la Setmana Cultural a c\u00e0rrec dels alumnes de 6\u00e8.<br \/>\nDecoraci\u00f3 i ambientaci\u00f3 de l\u2019escola.<br \/>\nXerrada \u2013 demostraci\u00f3 sobre el maquillatge al teatre per atots els nens.<br \/>\nXerrada \u2013 taller sobre els efectes especials al cinema per als alumnes de 4t, 5\u00e8 i 6\u00e8, a c\u00e0rrec de Kim Herrero.<br \/>\nContes de por per als alumnes de cicle superior, a c\u00e0rrec de La Taca.<br \/>\nTallers per a tots a c\u00e0rrec dels mestres de l\u2019escola:<\/p>\n<blockquote>\n<ul>\n<li>Parvulari:sons, tacte, cuina, disfresses, circuit amb llanterna, conte<\/li>\n<li>Cicle inicial:ball, m\u00e0scares, teatre, disfresses, cuina, imants reflectants, maquetes, circuit dels sentits.<\/li>\n<li>Cicle mitj\u00e0:maquillatge, m\u00fasica, m\u00e0scara, figures en tres dimensions, disfresses.<\/li>\n<li>Cicle superior:fem un PowerPoint amb imatges i personatges de terror, carotes, c\u00f2mic, truites terror\u00edfiques, t\u00fanel del terror, imant de terror.<\/li>\n<\/ul>\n<\/blockquote>\n<p>Passi de pel\u00b7l\u00edcules.<br \/>\nContes encadenats.<br \/>\nLectures i consultes de llibres que tracten el tema.<br \/>\nActivitats a la biblioteca oberta a partir de les 5 de la tarda:<\/p>\n<blockquote>\n<ul>\n<li>Divendres 5 es projectar\u00e0 la pel\u00b7l\u00edcula \u201cEls m\u00f3ns de Coraline\u201d a la classe d\u2019audiovisuals.<\/li>\n<li>Dimecres 10 sessi\u00f3 de \u201cContes amb llum negra\u201d (contes per no tenir por a la foscor), a c\u00e0rrec de La Taca a la classe del 3-6.<\/li>\n<\/ul>\n<\/blockquote>\n<\/div>\n<\/div>\n<\/div>\n<\/div>\n<\/div>\n<\/div>\n<\/div>\n<\/div>\n<\/div>\n<\/section>\n<section id=\"h.p_ID_122\" class=\"yaqOZd\">\n<div class=\"yaqOZd IFuOkc\"><\/div>\n<div class=\"mYVXT\">\n<div class=\"LS81yb VICjCf\" tabindex=\"-1\">\n<div class=\"hJDwNd-AhqUyc-OiUrBf purZT-AhqUyc-II5mzb pSzOP-AhqUyc-qWD73c JNdkSc\">\n<div class=\"JNdkSc-SmKAyb\">\n<div class=\"\">\n<div class=\"oKdM2c Kzv0Me\">\n<div id=\"h.p_ID_128\" class=\"hJDwNd-AhqUyc-OiUrBf jXK9ad D2fZ2 OjCsFc wHaque\">\n<div class=\"jXK9ad-SmKAyb\">\n<div class=\"tyJCtd OWlOyc baZpAe\">\n<div>\n<div class=\"WIdY2d M1aSXe\">\n<div><\/div>\n<\/div>\n<\/div>\n<\/div>\n<\/div>\n<\/div>\n<\/div>\n<\/div>\n<\/div>\n<\/div>\n<\/div>\n<\/div>\n<\/section>\n","protected":false},"excerpt":{"rendered":"<p>EL TERROR<br \/>\n&nbsp;<\/p>\n<p>&nbsp;<br \/>\nCreus que ets poruc? De vegades tenir por \u00e9s molt bo, perqu\u00e8&#8230; Imagina&#8217;t que no tingu\u00e9ssim por de res. Veur\u00edem un forat a terra i hi ficar\u00edem la m\u00e0 sense pensar-nos-hi. Per\u00f2 la por \u00e9s com una alarma que ens avisa: &#8220;Ei, vigila, que&hellip;  <a href=\"https:\/\/agora.xtec.cat\/ceip-amadeuvives\/projectes\/setmana-cultural\/sc-2009-10\/\" title=\"Read SC 2009-10\">Llegeix m\u00e9s\u00bb<\/a><\/p>\n","protected":false},"author":1,"featured_media":0,"parent":596,"menu_order":0,"comment_status":"closed","ping_status":"closed","template":"page-templates\/side-menu.php","meta":{"_bbp_topic_count":0,"_bbp_reply_count":0,"_bbp_total_topic_count":0,"_bbp_total_reply_count":0,"_bbp_voice_count":0,"_bbp_anonymous_reply_count":0,"_bbp_topic_count_hidden":0,"_bbp_reply_count_hidden":0,"_bbp_forum_subforum_count":0,"footnotes":""},"class_list":["post-653","page","type-page","status-publish","hentry"],"post_mailing_queue_ids":[],"_links":{"self":[{"href":"https:\/\/agora.xtec.cat\/ceip-amadeuvives\/wp-json\/wp\/v2\/pages\/653","targetHints":{"allow":["GET"]}}],"collection":[{"href":"https:\/\/agora.xtec.cat\/ceip-amadeuvives\/wp-json\/wp\/v2\/pages"}],"about":[{"href":"https:\/\/agora.xtec.cat\/ceip-amadeuvives\/wp-json\/wp\/v2\/types\/page"}],"author":[{"embeddable":true,"href":"https:\/\/agora.xtec.cat\/ceip-amadeuvives\/wp-json\/wp\/v2\/users\/1"}],"replies":[{"embeddable":true,"href":"https:\/\/agora.xtec.cat\/ceip-amadeuvives\/wp-json\/wp\/v2\/comments?post=653"}],"version-history":[{"count":1,"href":"https:\/\/agora.xtec.cat\/ceip-amadeuvives\/wp-json\/wp\/v2\/pages\/653\/revisions"}],"predecessor-version":[{"id":654,"href":"https:\/\/agora.xtec.cat\/ceip-amadeuvives\/wp-json\/wp\/v2\/pages\/653\/revisions\/654"}],"up":[{"embeddable":true,"href":"https:\/\/agora.xtec.cat\/ceip-amadeuvives\/wp-json\/wp\/v2\/pages\/596"}],"wp:attachment":[{"href":"https:\/\/agora.xtec.cat\/ceip-amadeuvives\/wp-json\/wp\/v2\/media?parent=653"}],"curies":[{"name":"wp","href":"https:\/\/api.w.org\/{rel}","templated":true}]}}