{"id":649,"date":"2020-04-16T12:03:07","date_gmt":"2020-04-16T10:03:07","guid":{"rendered":"https:\/\/agora.xtec.cat\/ceip-amadeuvives\/?page_id=649"},"modified":"2020-04-16T12:03:07","modified_gmt":"2020-04-16T10:03:07","slug":"sc-2010-11","status":"publish","type":"page","link":"https:\/\/agora.xtec.cat\/ceip-amadeuvives\/projectes\/setmana-cultural\/sc-2010-11\/","title":{"rendered":"SC 2010-11"},"content":{"rendered":"<h3 style=\"text-align: center;\"><strong>LA XOCOLATA<\/strong><\/h3>\n<section id=\"h.p_ID_18\" class=\"yaqOZd\">\n<div class=\"yaqOZd IFuOkc\"><\/div>\n<div class=\"mYVXT\">\n<div class=\"LS81yb VICjCf\" tabindex=\"-1\">\n<div class=\"hJDwNd-AhqUyc-R6PoUb JNdkSc L6cTce-purZT L6cTce-pSzOP\">\n<div class=\"JNdkSc-SmKAyb\">\n<div class=\"\"><\/div>\n<\/div>\n<\/div>\n<div class=\"hJDwNd-AhqUyc-II5mzb purZT-AhqUyc-II5mzb pSzOP-AhqUyc-II5mzb JNdkSc\">\n<div class=\"JNdkSc-SmKAyb\">\n<div class=\"\">\n<div class=\"oKdM2c Kzv0Me\">\n<div id=\"h.p_ID_24\" class=\"hJDwNd-AhqUyc-II5mzb pSzOP-AhqUyc-II5mzb jXK9ad D2fZ2 OjCsFc wHaque\">\n<div class=\"jXK9ad-SmKAyb\">\n<div class=\"tyJCtd baZpAe\">\n<div class=\"t3iYD\"><img decoding=\"async\" class=\"CENy8b aligncenter\" role=\"img\" src=\"https:\/\/lh6.googleusercontent.com\/VZjotnPRw3ZbTlOPmH_G3qyuQ1is7HZyp3DVJNNAgc_lZpcYa2ZEkxjNbTtoF9nUKv31HOJcn6yowjcTNCIqNSbCGOfs8rfotL4FBlkwuS6T5A3OoLwO=w1280\" \/><\/div>\n<\/div>\n<\/div>\n<\/div>\n<\/div>\n<\/div>\n<\/div>\n<\/div>\n<div class=\"hJDwNd-AhqUyc-qWD73c purZT-AhqUyc-II5mzb pSzOP-AhqUyc-qWD73c JNdkSc\">\n<div class=\"JNdkSc-SmKAyb\">\n<div class=\"\">\n<div class=\"oKdM2c Kzv0Me\">\n<div id=\"h.p_ID_30\" class=\"hJDwNd-AhqUyc-qWD73c jXK9ad D2fZ2 OjCsFc wHaque GNzUNc\">\n<div class=\"jXK9ad-SmKAyb\">\n<div class=\"tyJCtd mGzaTb baZpAe\">\n<p>&nbsp;<\/p>\n<p id=\"h.p_ID_38\" class=\"zfr3Q\" style=\"text-align: center;\"><em>Espesa i lluent,<\/em><\/p>\n<p id=\"h.p_ID_40\" class=\"zfr3Q\" style=\"text-align: center;\"><em>tothom se la menja,<\/em><\/p>\n<p id=\"h.p_ID_42\" class=\"zfr3Q\" style=\"text-align: center;\"><em>ai!, a cremadent.<\/em><\/p>\n<p id=\"h.p_ID_44\" class=\"zfr3Q\" style=\"text-align: center;\"><em>En xicra o en tassa,<\/em><\/p>\n<p id=\"h.p_ID_46\" class=\"zfr3Q\" style=\"text-align: center;\"><em>prou que ho diu la gent,<\/em><\/p>\n<p id=\"h.p_ID_48\" class=\"zfr3Q\" style=\"text-align: center;\"><em>mai no n&#8217;hi ha massa.<\/em><\/p>\n<p id=\"h.p_ID_50\" class=\"zfr3Q\" style=\"text-align: center;\"><em>S&#8217;hi poden sucar<\/em><\/p>\n<p id=\"h.p_ID_52\" class=\"zfr3Q\" style=\"text-align: center;\"><em>galetes, melindros,<\/em><\/p>\n<p id=\"h.p_ID_54\" class=\"zfr3Q\" style=\"text-align: center;\"><em>o b\u00e9 un tros de pa.<\/em><\/p>\n<p id=\"h.p_ID_56\" class=\"zfr3Q\" style=\"text-align: center;\"><em>\u00c9s bona al mat\u00ed<\/em><\/p>\n<p id=\"h.p_ID_58\" class=\"zfr3Q\" style=\"text-align: center;\"><em>i quan s&#8217;hi berena<\/em><\/p>\n<p id=\"h.p_ID_60\" class=\"zfr3Q\" style=\"text-align: center;\"><em>t\u00e9 un gustet molt fi.<\/em><\/p>\n<p id=\"h.p_ID_62\" class=\"zfr3Q\" style=\"text-align: center;\"><em>Espessa i lluent,<\/em><\/p>\n<p id=\"h.p_ID_64\" class=\"zfr3Q\" style=\"text-align: center;\"><em>tothom se la menja,<\/em><\/p>\n<p id=\"h.p_ID_66\" class=\"zfr3Q\" style=\"text-align: center;\"><em>ai!, a cremadent.<\/em><\/p>\n<p id=\"h.p_ID_68\" class=\"zfr3Q\" style=\"text-align: center;\"><a class=\"dhtgD aw5Odc\" href=\"http:\/\/www.google.com\/url?q=http%3A%2F%2Fwww.miquelmartiipol.cat%2F&amp;sa=D&amp;sntz=1&amp;usg=AFQjCNEUQWyczq1pWk6VA--8MtMmp5OwtA\" target=\"_blank\" rel=\"noopener noreferrer\">Miquel Mart\u00ed i Pol<\/a><\/p>\n<p id=\"h.p_ID_70\" class=\"zfr3Q\" style=\"text-align: center;\">Extret de <em>Mart\u00ed i Pol, Miquel <strong><u>Bon Profit i Per Molts Anys<\/u><\/strong>, Ed. Barcanova<\/em><\/p>\n<\/div>\n<\/div>\n<\/div>\n<\/div>\n<\/div>\n<\/div>\n<\/div>\n<div class=\"hJDwNd-AhqUyc-R6PoUb JNdkSc L6cTce-purZT L6cTce-pSzOP\">\n<div class=\"JNdkSc-SmKAyb\">\n<div class=\"\"><\/div>\n<\/div>\n<\/div>\n<\/div>\n<\/div>\n<\/section>\n<section id=\"h.p_ID_86\" class=\"yaqOZd\">\n<div class=\"yaqOZd IFuOkc\"><\/div>\n<div class=\"mYVXT\">\n<div class=\"LS81yb VICjCf\" tabindex=\"-1\">\n<div class=\"hJDwNd-AhqUyc-R6PoUb JNdkSc L6cTce-purZT L6cTce-pSzOP\">\n<div class=\"JNdkSc-SmKAyb\">\n<div class=\"\"><\/div>\n<\/div>\n<\/div>\n<div class=\"hJDwNd-AhqUyc-c5RTEf purZT-AhqUyc-II5mzb pSzOP-AhqUyc-qWD73c JNdkSc\">\n<div class=\"JNdkSc-SmKAyb\">\n<div class=\"\">\n<div class=\"oKdM2c Kzv0Me\">\n<div id=\"h.p_ID_92\" class=\"hJDwNd-AhqUyc-c5RTEf purZT-AhqUyc-II5mzb pSzOP-AhqUyc-qWD73c jXK9ad D2fZ2 OjCsFc wHaque GNzUNc\">\n<div class=\"jXK9ad-SmKAyb\">\n<div class=\"tyJCtd mGzaTb baZpAe\">\n<p id=\"h.p_ID_100\" class=\"zfr3Q\">L&#8217;<strong>Amadeu Kinder <\/strong>ha estat la mascota que entre tots els nens i nenes de l&#8217;escola hem escollit per a la nostra Setmana Cultural relacionada amb la xocolata. Ha estat dissenyada per l&#8217;alumna <strong>CARLA VALIENTE CHAMORRO<\/strong>, de 6\u00e8 A.<\/p>\n<\/div>\n<\/div>\n<\/div>\n<\/div>\n<\/div>\n<\/div>\n<\/div>\n<div class=\"hJDwNd-AhqUyc-OiUrBf JNdkSc L6cTce-purZT L6cTce-pSzOP\">\n<div class=\"JNdkSc-SmKAyb\">\n<div class=\"\"><\/div>\n<\/div>\n<\/div>\n<\/div>\n<\/div>\n<\/section>\n<section id=\"h.p_ID_107\" class=\"yaqOZd\">\n<div class=\"yaqOZd IFuOkc\"><\/div>\n<div class=\"mYVXT\">\n<div class=\"LS81yb VICjCf\" tabindex=\"-1\">\n<div class=\"hJDwNd-AhqUyc-uQSCkd purZT-AhqUyc-II5mzb pSzOP-AhqUyc-qWD73c JNdkSc\">\n<div class=\"JNdkSc-SmKAyb\">\n<div class=\"\">\n<div class=\"oKdM2c Kzv0Me\">\n<div id=\"h.p_ID_113\" class=\"hJDwNd-AhqUyc-uQSCkd jXK9ad D2fZ2 OjCsFc wHaque GNzUNc\">\n<div class=\"jXK9ad-SmKAyb\">\n<div class=\"tyJCtd mGzaTb baZpAe\">\n<p id=\"h.p_ID_121\" class=\"zfr3Q\"><em><strong>ACTIVITATS<\/strong><\/em><\/p>\n<p id=\"h.p_ID_123\" class=\"zfr3Q\">\u00a7 Inauguraci\u00f3 de la Setmana Cultural a c\u00e0rrec dels alumnes de 6\u00e8.<\/p>\n<p id=\"h.p_ID_125\" class=\"zfr3Q\">\u00a7 Xocolatada per a tots a c\u00e0rrec de l\u2019AMPA de l\u2019escola.<\/p>\n<p id=\"h.p_ID_127\" class=\"zfr3Q\">\u00a7 Decoraci\u00f3 i ambientaci\u00f3 de l\u2019escola.<\/p>\n<p id=\"h.p_ID_129\" class=\"zfr3Q\">\u00a7 Contes de xocolata per a tots, a c\u00e0rrec de Nona Umbert.<\/p>\n<p id=\"h.p_ID_131\" class=\"zfr3Q\">\u00a7 Visita al Museu de la Xocolata de Barcelona.<\/p>\n<p id=\"h.p_ID_133\" class=\"zfr3Q\">\u00a7 Parvulari i cicle mitj\u00e0 visitaran la f\u00e0brica de la xocolata Torras.<\/p>\n<p id=\"h.p_ID_135\" class=\"zfr3Q\">\u00a7 Cicle superior visitar\u00e0 la f\u00e0brica Nutrexpa.<\/p>\n<p id=\"h.p_ID_137\" class=\"zfr3Q\">\u00a7 Taller d\u2019impressi\u00f3 amb xocolata per a parvulari a c\u00e0rrec de La Taca.<\/p>\n<p id=\"h.p_ID_139\" class=\"zfr3Q\">\u00a7 Taller per a cicle inicial a c\u00e0rrec de Marina Navarro.<\/p>\n<p id=\"h.p_ID_141\" class=\"zfr3Q\">\u00a7 Taller d\u2019escriptura amb xocolata per a cicle mitj\u00e0 a c\u00e0rrec de La Taca.<\/p>\n<p id=\"h.p_ID_143\" class=\"zfr3Q\">\u00a7 Xerrada de Francesc sobre el comer\u00e7 just per als alumnes de cicle superior.<\/p>\n<p id=\"h.p_ID_145\" class=\"zfr3Q\">\u00a7 Tallers a c\u00e0rrec dels mestres de l\u2019escola:<\/p>\n<p id=\"h.p_ID_147\" class=\"zfr3Q\">&#8211; Cuina: Fondue de fruites, piruleta, tartaleta, caseta de xocolata, pastisset de galetes, bombons, degustaci\u00f3, cacau de truites.<\/p>\n<p id=\"h.p_ID_149\" class=\"zfr3Q\">&#8211; Altres tallers: Barret de pastisser, treball sensorial, pintem amb xocolata, caseta de xocolata, la proced\u00e8ncia del cacau.<\/p>\n<p id=\"h.p_ID_151\" class=\"zfr3Q\">\u00a7 Passi de pel\u00b7l\u00edcules i documentals.<\/p>\n<p id=\"h.p_ID_153\" class=\"zfr3Q\">\u00a7 La xocolata a la publicitat i als contes.<\/p>\n<p id=\"h.p_ID_155\" class=\"zfr3Q\">\u00a7 Monogr\u00e0fic del cacau i la xocolata.<\/p>\n<p id=\"h.p_ID_157\" class=\"zfr3Q\">\u00a7 Tast de xocolata per a pares i mares amb activitat per als nens.<\/p>\n<\/div>\n<\/div>\n<\/div>\n<\/div>\n<\/div>\n<\/div>\n<\/div>\n<\/div>\n<\/div>\n<\/section>\n","protected":false},"excerpt":{"rendered":"<p>LA XOCOLATA<\/p>\n<p>&nbsp;<br \/>\nEspesa i lluent,<br \/>\ntothom se la menja,<br \/>\nai!, a cremadent.<br \/>\nEn xicra o en tassa,<br \/>\nprou que ho diu la gent,<br \/>\nmai no n&#8217;hi ha massa.<br \/>\nS&#8217;hi poden sucar<br \/>\ngaletes, melindros,<br \/>\no b\u00e9 un tros de pa.<br \/>\n\u00c9s bona al mat\u00ed<br \/>\ni quan s&#8217;hi berena<br \/>\nt\u00e9 un gustet molt fi.<br \/>\nEspessa i lluent,<br \/>\ntothom se la menja,<br \/>\nai!,&hellip;  <a href=\"https:\/\/agora.xtec.cat\/ceip-amadeuvives\/projectes\/setmana-cultural\/sc-2010-11\/\" title=\"Read SC 2010-11\">Llegeix m\u00e9s\u00bb<\/a><\/p>\n","protected":false},"author":1,"featured_media":0,"parent":596,"menu_order":0,"comment_status":"closed","ping_status":"closed","template":"page-templates\/side-menu.php","meta":{"_bbp_topic_count":0,"_bbp_reply_count":0,"_bbp_total_topic_count":0,"_bbp_total_reply_count":0,"_bbp_voice_count":0,"_bbp_anonymous_reply_count":0,"_bbp_topic_count_hidden":0,"_bbp_reply_count_hidden":0,"_bbp_forum_subforum_count":0,"footnotes":""},"class_list":["post-649","page","type-page","status-publish","hentry"],"post_mailing_queue_ids":[],"_links":{"self":[{"href":"https:\/\/agora.xtec.cat\/ceip-amadeuvives\/wp-json\/wp\/v2\/pages\/649","targetHints":{"allow":["GET"]}}],"collection":[{"href":"https:\/\/agora.xtec.cat\/ceip-amadeuvives\/wp-json\/wp\/v2\/pages"}],"about":[{"href":"https:\/\/agora.xtec.cat\/ceip-amadeuvives\/wp-json\/wp\/v2\/types\/page"}],"author":[{"embeddable":true,"href":"https:\/\/agora.xtec.cat\/ceip-amadeuvives\/wp-json\/wp\/v2\/users\/1"}],"replies":[{"embeddable":true,"href":"https:\/\/agora.xtec.cat\/ceip-amadeuvives\/wp-json\/wp\/v2\/comments?post=649"}],"version-history":[{"count":2,"href":"https:\/\/agora.xtec.cat\/ceip-amadeuvives\/wp-json\/wp\/v2\/pages\/649\/revisions"}],"predecessor-version":[{"id":651,"href":"https:\/\/agora.xtec.cat\/ceip-amadeuvives\/wp-json\/wp\/v2\/pages\/649\/revisions\/651"}],"up":[{"embeddable":true,"href":"https:\/\/agora.xtec.cat\/ceip-amadeuvives\/wp-json\/wp\/v2\/pages\/596"}],"wp:attachment":[{"href":"https:\/\/agora.xtec.cat\/ceip-amadeuvives\/wp-json\/wp\/v2\/media?parent=649"}],"curies":[{"name":"wp","href":"https:\/\/api.w.org\/{rel}","templated":true}]}}