{"id":642,"date":"2020-04-16T11:55:43","date_gmt":"2020-04-16T09:55:43","guid":{"rendered":"https:\/\/agora.xtec.cat\/ceip-amadeuvives\/?page_id=642"},"modified":"2020-04-16T11:55:43","modified_gmt":"2020-04-16T09:55:43","slug":"sc-2012-13","status":"publish","type":"page","link":"https:\/\/agora.xtec.cat\/ceip-amadeuvives\/projectes\/setmana-cultural\/sc-2012-13\/","title":{"rendered":"SC 2012-13"},"content":{"rendered":"<h3 style=\"text-align: center;\"><strong>ELS INDIS I EL FAR WEST<\/strong><\/h3>\n<section id=\"h.p_ID_3\" class=\"yaqOZd LB7kq tpmmCb gk8rDe\">\n<div class=\"mYVXT\">\n<div class=\"LS81yb VICjCf\" tabindex=\"-1\">\n<div class=\"hJDwNd-AhqUyc-uQSCkd purZT-AhqUyc-II5mzb pSzOP-AhqUyc-qWD73c JNdkSc\">\n<div class=\"JNdkSc-SmKAyb\">\n<div class=\"\">\n<div class=\"oKdM2c Kzv0Me\">\n<div class=\"hJDwNd-AhqUyc-II5mzb jXK9ad D2fZ2 OjCsFc wHaque L6cTce-purZT L6cTce-pSzOP\">\n<div class=\"jXK9ad-SmKAyb\">\n<div class=\"tyJCtd baZpAe\"><\/div>\n<\/div>\n<\/div>\n<\/div>\n<\/div>\n<\/div>\n<\/div>\n<\/div>\n<\/div>\n<\/section>\n<section id=\"h.p_ID_18\" class=\"yaqOZd\">\n<div class=\"yaqOZd IFuOkc\"><\/div>\n<div class=\"mYVXT\">\n<div class=\"LS81yb VICjCf\" tabindex=\"-1\">\n<div class=\"hJDwNd-AhqUyc-II5mzb JNdkSc L6cTce-purZT L6cTce-pSzOP\">\n<div class=\"JNdkSc-SmKAyb\">\n<div class=\"\"><\/div>\n<\/div>\n<\/div>\n<div class=\"hJDwNd-AhqUyc-c5RTEf purZT-AhqUyc-c5RTEf pSzOP-AhqUyc-c5RTEf JNdkSc\">\n<div class=\"JNdkSc-SmKAyb\">\n<div class=\"\">\n<div class=\"oKdM2c Kzv0Me\">\n<div id=\"h.p_ID_24\" class=\"hJDwNd-AhqUyc-c5RTEf purZT-AhqUyc-c5RTEf pSzOP-AhqUyc-c5RTEf jXK9ad D2fZ2 OjCsFc wHaque\">\n<div class=\"jXK9ad-SmKAyb\">\n<div class=\"tyJCtd baZpAe\">\n<div class=\"t3iYD\"><img decoding=\"async\" class=\"CENy8b aligncenter\" role=\"img\" src=\"https:\/\/lh5.googleusercontent.com\/V3PRlnYJqIgdIepDpTJ6BGc0znK2uBLdqzE1ErVeZKHi5YYB9RxKmMCgOXy_csY71QE2IVKQakwE69_oD0gKHb8XME8zFm0HkkHbswWbhd_OOX21JA=w1280\" \/><\/div>\n<\/div>\n<\/div>\n<\/div>\n<\/div>\n<\/div>\n<\/div>\n<\/div>\n<div class=\"hJDwNd-AhqUyc-wNfPc JNdkSc L6cTce-purZT L6cTce-pSzOP\">\n<div class=\"JNdkSc-SmKAyb\">\n<div class=\"\"><\/div>\n<\/div>\n<\/div>\n<\/div>\n<\/div>\n<\/section>\n<section id=\"h.p_ID_26\" class=\"yaqOZd\">\n<div class=\"yaqOZd IFuOkc\"><\/div>\n<div class=\"mYVXT\">\n<div class=\"LS81yb VICjCf\" tabindex=\"-1\">\n<div class=\"hJDwNd-AhqUyc-uQSCkd purZT-AhqUyc-II5mzb pSzOP-AhqUyc-qWD73c JNdkSc\">\n<div class=\"JNdkSc-SmKAyb\">\n<div class=\"\">\n<div class=\"oKdM2c Kzv0Me\">\n<div id=\"h.p_ID_32\" class=\"hJDwNd-AhqUyc-uQSCkd jXK9ad D2fZ2 OjCsFc wHaque GNzUNc\">\n<div class=\"jXK9ad-SmKAyb\">\n<div class=\"tyJCtd mGzaTb baZpAe\">\n<p id=\"h.p_ID_40\" class=\"zfr3Q\">Durant aquest curs, hem dedicat el monogr\u00e0fic de la Setmana Cultural al tema <em><strong>&#8220;ELS INDIS I EL FAR WEST&#8221;<\/strong><\/em>, han estat unes setmanes (fins i tot mesos) de molta feina de recerca per part de tota la comunitat educativa. Calia trobar el m\u00e0xim d&#8217;informaci\u00f3 possible per tal d&#8217;aprendre moltes coses sobre qui eren, com vivien, com vestien, etc. els indis al lluny\u00e0 Oest.<\/p>\n<p id=\"h.p_ID_42\" class=\"zfr3Q\">Aix\u00ed doncs vam comen\u00e7ar a llegir documentaci\u00f3 que vam buscar per Internet, a les biblioteques de l&#8217;escola, de la ciutat i el barri, vam veure pel\u00b7licules i vam fer sortides i activitats que ens van permetre acostar-nos a aquest m\u00f3n d&#8217;una manera m\u00e9s experimental.<\/p>\n<p id=\"h.p_ID_44\" class=\"zfr3Q\">Com que va ser una feina en gran equip i vam gaudir molt\u00edssim tots plegats, volem compartir-ho amb vosaltres tamb\u00e9!! Podeu visitar l&#8217;exemplar de la Revista LA CEBA on la nostra escola va publicar el recull de totes les activitats de la Setmana Cultural i el Bloc de l&#8217;escola on tamb\u00e9 trobareu algunes fotografies&#8230;<\/p>\n<\/div>\n<\/div>\n<\/div>\n<\/div>\n<\/div>\n<\/div>\n<\/div>\n<\/div>\n<\/div>\n<\/section>\n<section id=\"h.p_ID_51\" class=\"yaqOZd\">\n<div class=\"yaqOZd IFuOkc\"><\/div>\n<div class=\"mYVXT\">\n<div class=\"LS81yb VICjCf\" tabindex=\"-1\">\n<div class=\"hJDwNd-AhqUyc-II5mzb purZT-AhqUyc-II5mzb pSzOP-AhqUyc-qWD73c JNdkSc\">\n<div class=\"JNdkSc-SmKAyb\">\n<div class=\"\">\n<div class=\"oKdM2c Kzv0Me\">\n<div id=\"h.p_ID_57\" class=\"hJDwNd-AhqUyc-II5mzb pSzOP-AhqUyc-qWD73c jXK9ad D2fZ2 OjCsFc wHaque GNzUNc\">\n<div class=\"jXK9ad-SmKAyb\">\n<div class=\"tyJCtd mGzaTb baZpAe\">\n<p id=\"h.p_ID_65\" class=\"zfr3Q\" style=\"text-align: center;\"><strong>HIMNE A LA BELLESA NAVAHA<\/strong><\/p>\n<p id=\"h.p_ID_67\" class=\"zfr3Q\" style=\"text-align: center;\">De les muntanyes<\/p>\n<p id=\"h.p_ID_69\" class=\"zfr3Q\" style=\"text-align: center;\">en formo part.<\/p>\n<p id=\"h.p_ID_71\" class=\"zfr3Q\" style=\"text-align: center;\">De l&#8217;herba i les plantes verdes,<\/p>\n<p id=\"h.p_ID_73\" class=\"zfr3Q\" style=\"text-align: center;\">tamb\u00e9 en formo part.<\/p>\n<p id=\"h.p_ID_75\" class=\"zfr3Q\" style=\"text-align: center;\">De la boira matinal i els n\u00favols,<\/p>\n<p id=\"h.p_ID_77\" class=\"zfr3Q\" style=\"text-align: center;\">de les aig\u00fces que es retroben,<\/p>\n<p id=\"h.p_ID_79\" class=\"zfr3Q\" style=\"text-align: center;\">en formo part.<\/p>\n<p id=\"h.p_ID_81\" class=\"zfr3Q\" style=\"text-align: center;\">De les gotes de la rosada i el pol\u00b7len,<\/p>\n<p id=\"h.p_ID_83\" class=\"zfr3Q\" style=\"text-align: center;\">tamb\u00e9 en formo part.<\/p>\n<p id=\"h.p_ID_85\" class=\"zfr3Q\" style=\"text-align: center;\">SAUERWEIN, Leigh<\/p>\n<\/div>\n<\/div>\n<\/div>\n<\/div>\n<\/div>\n<\/div>\n<\/div>\n<div class=\"hJDwNd-AhqUyc-c5RTEf purZT-AhqUyc-c5RTEf pSzOP-AhqUyc-c5RTEf JNdkSc\">\n<div class=\"JNdkSc-SmKAyb\">\n<div class=\"\">\n<div class=\"oKdM2c Kzv0Me\">\n<div id=\"h.p_ID_90\" class=\"hJDwNd-AhqUyc-c5RTEf purZT-AhqUyc-c5RTEf pSzOP-AhqUyc-c5RTEf jXK9ad D2fZ2 OjCsFc wHaque\">\n<div class=\"jXK9ad-SmKAyb\">\n<div class=\"tyJCtd baZpAe\">\n<div class=\"t3iYD\"><img decoding=\"async\" class=\"CENy8b aligncenter\" role=\"img\" src=\"https:\/\/lh6.googleusercontent.com\/RGhSTxMknnemOsQAe4ZEZRX3C15WxIlZUQMS471sQtQJ22EP7UmyNdNXe4B5UrJd_MwFzkGUxRtsIBnSA3cFH1gyzgji0iVu79pLSP-LL3Q-IvDyMJw=w1280\" \/><\/div>\n<\/div>\n<\/div>\n<\/div>\n<\/div>\n<\/div>\n<\/div>\n<\/div>\n<div class=\"hJDwNd-AhqUyc-II5mzb purZT-AhqUyc-II5mzb pSzOP-AhqUyc-qWD73c JNdkSc\">\n<div class=\"JNdkSc-SmKAyb\">\n<div class=\"\">\n<div class=\"oKdM2c Kzv0Me\">\n<div id=\"h.p_ID_96\" class=\"hJDwNd-AhqUyc-II5mzb pSzOP-AhqUyc-qWD73c jXK9ad D2fZ2 OjCsFc wHaque GNzUNc\">\n<div class=\"jXK9ad-SmKAyb\">\n<div class=\"tyJCtd mGzaTb baZpAe\">\n<p style=\"text-align: center;\">La <strong>Torre Jonh<\/strong> \u00e9s la mascota que entre tots els nens i nenes de l&#8217;escola hem escollit per a la nostra Setmana Cultural dedicada a l&#8217;Antic Oest, ha estat dissenyada per l&#8217;alumne <strong>DANIEL ROBLEDILLO MANOTAS<\/strong>, de 3r A.<\/p>\n<p>&nbsp;<\/p>\n<p id=\"h.p_ID_104\" class=\"zfr3Q\"><strong><u>PROGRAMA D&#8217;ACTIVITATS<\/u><\/strong><\/p>\n<ul class=\"n8H08c UVNKR\">\n<li id=\"h.p_ID_106\" class=\"TYR86d zfr3Q\">Inauguraci\u00f3 de la Setmana Cultural a c\u00e0rrec dels i les alumnes de sis\u00e8 de prim\u00e0ria.<\/li>\n<li id=\"h.p_ID_108\" class=\"TYR86d zfr3Q\">Decoraci\u00f3 i ambientaci\u00f3 de l&#8217;escola.<\/li>\n<li id=\"h.p_ID_110\" class=\"TYR86d zfr3Q\">Exposici\u00f3 de construccions de l&#8217;Oest fetes pels nens i nenes en col\u00b7laboraci\u00f3 directa amb les seves fam\u00edlies.<\/li>\n<li id=\"h.p_ID_112\" class=\"TYR86d zfr3Q\">Sortides:\n<ul class=\"n8H08c UVNKR\">\n<li id=\"h.p_ID_114\" class=\"TYR86d zfr3Q\">Educaci\u00f3 Infantil i el Cicle Inicial de Prim\u00e0ria: &#8220;<a class=\"dhtgD aw5Odc\" href=\"http:\/\/www.google.com\/url?q=http%3A%2F%2Felxaragall.wordpress.com%2F&amp;sa=D&amp;sntz=1&amp;usg=AFQjCNGjHSnJy4wK_DvdIc7fT_t3QuEgVQ\" target=\"_blank\" rel=\"noopener noreferrer\">El Xaragall<\/a>&#8221; (Llinars del V.)<\/li>\n<li id=\"h.p_ID_116\" class=\"TYR86d zfr3Q\">Cicle Mitj\u00e0 i Superior de Prim\u00e0ria: &#8220;<a class=\"dhtgD aw5Odc\" href=\"http:\/\/www.google.com\/url?q=http%3A%2F%2Fwww.naturalhipic.com%2Fcentro%2F&amp;sa=D&amp;sntz=1&amp;usg=AFQjCNHjT09fS0JYoklos-flWy7jV_rfEw\" target=\"_blank\" rel=\"noopener noreferrer\">Naturalh\u00edpic<\/a>&#8221; (Castellbell i el Vilar)<\/li>\n<\/ul>\n<\/li>\n<li id=\"h.p_ID_118\" class=\"TYR86d zfr3Q\">Tallers (tipis, t\u00f2tems, atrapasomnis, quadre, teatre pl\u00e0stic d&#8217;un conte, danses, collarets, paisatge de l&#8217;Oest, c\u00f2mic, cartells, plomalls&#8230;)<\/li>\n<li id=\"h.p_ID_120\" class=\"TYR86d zfr3Q\">Audicions de m\u00fasica Country i de timbals d&#8217;indis.<\/li>\n<li id=\"h.p_ID_122\" class=\"TYR86d zfr3Q\">Contes<\/li>\n<li id=\"h.p_ID_124\" class=\"TYR86d zfr3Q\">Xapes<\/li>\n<li id=\"h.p_ID_126\" class=\"TYR86d zfr3Q\">Projeccions de pel\u00b7l\u00edcules i documentals.<\/li>\n<li id=\"h.p_ID_128\" class=\"TYR86d zfr3Q\">Projectes al voltant del tema central.<\/li>\n<li id=\"h.p_ID_130\" class=\"TYR86d zfr3Q\">Dossier monogr\u00e0fic.<\/li>\n<li id=\"h.p_ID_132\" class=\"TYR86d zfr3Q\">Redacci\u00f3 d&#8217;un article per a la revista col\u00b7laborativa de les escoles de Sabadell:\n<ul class=\"n8H08c UVNKR\">\n<li id=\"h.p_ID_134\" class=\"TYR86d zfr3Q\">&#8220;<a class=\"dhtgD aw5Odc\" href=\"http:\/\/www.google.com\/url?q=http%3A%2F%2Fsites.google.com%2Fa%2Fxtec.cat%2Fla-ceba-2012-2013%2Fescola-amadeu-vives&amp;sa=D&amp;sntz=1&amp;usg=AFQjCNHK9iImVI_0k-o2RGUJGHBSKR83fg\" target=\"_blank\" rel=\"noopener noreferrer\">LA CEBA<\/a>&#8220;<\/li>\n<\/ul>\n<\/li>\n<\/ul>\n<\/div>\n<\/div>\n<\/div>\n<\/div>\n<\/div>\n<\/div>\n<\/div>\n<div class=\"hJDwNd-AhqUyc-R6PoUb JNdkSc L6cTce-purZT L6cTce-pSzOP\">\n<div class=\"JNdkSc-SmKAyb\">\n<div class=\"\"><\/div>\n<\/div>\n<\/div>\n<\/div>\n<\/div>\n<\/section>\n<section id=\"h.p_ID_150\" class=\"yaqOZd\">\n<div class=\"yaqOZd IFuOkc\" style=\"text-align: center;\"><\/div>\n<\/section>\n<section id=\"h.p_ID_171\" class=\"yaqOZd\">\n<div class=\"yaqOZd IFuOkc\" style=\"text-align: center;\"><\/div>\n<div class=\"mYVXT\">\n<div class=\"LS81yb VICjCf\" tabindex=\"-1\">\n<div class=\"hJDwNd-AhqUyc-uQSCkd purZT-AhqUyc-II5mzb pSzOP-AhqUyc-qWD73c JNdkSc\">\n<div class=\"JNdkSc-SmKAyb\">\n<div class=\"\">\n<div class=\"oKdM2c Kzv0Me\">\n<div id=\"h.p_ID_177\" class=\"hJDwNd-AhqUyc-uQSCkd jXK9ad D2fZ2 OjCsFc wHaque GNzUNc\">\n<div class=\"jXK9ad-SmKAyb\">\n<div class=\"tyJCtd mGzaTb baZpAe\">\n<p id=\"h.p_ID_185\" class=\"zfr3Q\" style=\"text-align: center;\"><a class=\"dhtgD aw5Odc\" href=\"http:\/\/www.google.com\/url?q=http%3A%2F%2Fblocs.xtec.cat%2Fescolaamadeuvives%2F2013%2F02%2F&amp;sa=D&amp;sntz=1&amp;usg=AFQjCNGzMSSmiqK55AYuUY78ZFGMBe2Sew\" target=\"_blank\" rel=\"noopener noreferrer\">Bloc\u00a0 (Arxius Febrer&#8217;13)<\/a><\/p>\n<p id=\"h.p_ID_187\" class=\"zfr3Q\" style=\"text-align: center;\"><a class=\"dhtgD aw5Odc\" href=\"http:\/\/www.google.com\/url?q=http%3A%2F%2Fsites.google.com%2Fa%2Fxtec.cat%2Fla-ceba-2012-2013%2Fescola-amadeu-vives&amp;sa=D&amp;sntz=1&amp;usg=AFQjCNHK9iImVI_0k-o2RGUJGHBSKR83fg\" target=\"_blank\" rel=\"noopener noreferrer\">LA CEBA (Article ELS INDIS I EL FAR WEST)<\/a><\/p>\n<\/div>\n<\/div>\n<\/div>\n<\/div>\n<\/div>\n<\/div>\n<\/div>\n<\/div>\n<\/div>\n<\/section>\n","protected":false},"excerpt":{"rendered":"<p>ELS INDIS I EL FAR WEST<\/p>\n<p>Durant aquest curs, hem dedicat el monogr\u00e0fic de la Setmana Cultural al tema &#8220;ELS INDIS I EL FAR WEST&#8221;, han estat unes setmanes (fins i tot mesos) de molta feina de recerca per part de tota la comunitat educativa. Calia&hellip;  <a href=\"https:\/\/agora.xtec.cat\/ceip-amadeuvives\/projectes\/setmana-cultural\/sc-2012-13\/\" title=\"Read SC 2012-13\">Llegeix m\u00e9s\u00bb<\/a><\/p>\n","protected":false},"author":1,"featured_media":0,"parent":596,"menu_order":0,"comment_status":"closed","ping_status":"closed","template":"page-templates\/side-menu.php","meta":{"_bbp_topic_count":0,"_bbp_reply_count":0,"_bbp_total_topic_count":0,"_bbp_total_reply_count":0,"_bbp_voice_count":0,"_bbp_anonymous_reply_count":0,"_bbp_topic_count_hidden":0,"_bbp_reply_count_hidden":0,"_bbp_forum_subforum_count":0,"footnotes":""},"class_list":["post-642","page","type-page","status-publish","hentry"],"post_mailing_queue_ids":[],"_links":{"self":[{"href":"https:\/\/agora.xtec.cat\/ceip-amadeuvives\/wp-json\/wp\/v2\/pages\/642","targetHints":{"allow":["GET"]}}],"collection":[{"href":"https:\/\/agora.xtec.cat\/ceip-amadeuvives\/wp-json\/wp\/v2\/pages"}],"about":[{"href":"https:\/\/agora.xtec.cat\/ceip-amadeuvives\/wp-json\/wp\/v2\/types\/page"}],"author":[{"embeddable":true,"href":"https:\/\/agora.xtec.cat\/ceip-amadeuvives\/wp-json\/wp\/v2\/users\/1"}],"replies":[{"embeddable":true,"href":"https:\/\/agora.xtec.cat\/ceip-amadeuvives\/wp-json\/wp\/v2\/comments?post=642"}],"version-history":[{"count":2,"href":"https:\/\/agora.xtec.cat\/ceip-amadeuvives\/wp-json\/wp\/v2\/pages\/642\/revisions"}],"predecessor-version":[{"id":644,"href":"https:\/\/agora.xtec.cat\/ceip-amadeuvives\/wp-json\/wp\/v2\/pages\/642\/revisions\/644"}],"up":[{"embeddable":true,"href":"https:\/\/agora.xtec.cat\/ceip-amadeuvives\/wp-json\/wp\/v2\/pages\/596"}],"wp:attachment":[{"href":"https:\/\/agora.xtec.cat\/ceip-amadeuvives\/wp-json\/wp\/v2\/media?parent=642"}],"curies":[{"name":"wp","href":"https:\/\/api.w.org\/{rel}","templated":true}]}}