{"id":639,"date":"2020-04-16T11:33:33","date_gmt":"2020-04-16T09:33:33","guid":{"rendered":"https:\/\/agora.xtec.cat\/ceip-amadeuvives\/?page_id=639"},"modified":"2020-04-16T11:35:11","modified_gmt":"2020-04-16T09:35:11","slug":"sc-2013-14","status":"publish","type":"page","link":"https:\/\/agora.xtec.cat\/ceip-amadeuvives\/projectes\/setmana-cultural\/sc-2013-14\/","title":{"rendered":"SC 2013-14"},"content":{"rendered":"<h3 style=\"text-align: center;\"><strong>EL CINEMA<\/strong><\/h3>\n<p>&nbsp;<\/p>\n<div class=\"UtePc RCETm\" dir=\"ltr\" role=\"main\" aria-hidden=\"false\">\n<section id=\"h.p_ID_18\" class=\"yaqOZd\">\n<div class=\"mYVXT\">\n<div class=\"LS81yb VICjCf\" tabindex=\"-1\">\n<div class=\"hJDwNd-AhqUyc-uQSCkd purZT-AhqUyc-II5mzb pSzOP-AhqUyc-qWD73c JNdkSc\">\n<div class=\"JNdkSc-SmKAyb\">\n<div class=\"\">\n<div class=\"oKdM2c Kzv0Me\">\n<div id=\"h.p_ID_24\" class=\"hJDwNd-AhqUyc-uQSCkd jXK9ad D2fZ2 OjCsFc wHaque GNzUNc\">\n<div class=\"jXK9ad-SmKAyb\">\n<div class=\"tyJCtd mGzaTb baZpAe\">\n<p id=\"h.p_ID_32\" class=\"zfr3Q\" style=\"text-align: center;\">Aquest any el nostre projecte est\u00e0 centrat en <strong>EL CINEMA<\/strong>.<\/p>\n<p id=\"h.p_ID_34\" class=\"zfr3Q\" style=\"text-align: center;\">Tota l&#8217;escola hem treballat molt per gaudir d&#8217;una Setmana Cultural, did\u00e0ctica, divertida, interessant&#8230;<\/p>\n<\/div>\n<\/div>\n<\/div>\n<\/div>\n<\/div>\n<\/div>\n<\/div>\n<\/div>\n<\/div>\n<\/section>\n<section id=\"h.p_ID_38\" class=\"yaqOZd\">\n<div class=\"mYVXT\">\n<div class=\"LS81yb VICjCf\" tabindex=\"-1\">\n<div class=\"hJDwNd-AhqUyc-c5RTEf purZT-AhqUyc-c5RTEf pSzOP-AhqUyc-c5RTEf JNdkSc\">\n<div class=\"JNdkSc-SmKAyb\">\n<div class=\"\">\n<div class=\"oKdM2c Kzv0Me\">\n<div id=\"h.p_ID_44\" class=\"hJDwNd-AhqUyc-c5RTEf purZT-AhqUyc-c5RTEf pSzOP-AhqUyc-c5RTEf jXK9ad D2fZ2 OjCsFc wHaque\">\n<div class=\"jXK9ad-SmKAyb\">\n<div class=\"tyJCtd baZpAe\">\n<div class=\"t3iYD\"><img decoding=\"async\" class=\"CENy8b aligncenter\" role=\"img\" src=\"https:\/\/lh3.googleusercontent.com\/9WoKVsfgj33wb0q___eEUiev-v1cKIr5MGwEriId9VLRlZim8xMgLbI4iSB6pbjj5YIMUmIZVn-x9d9udkAhXUJnuyXTpcPKxxqkitdKE4vfkbblTNKz=w1280\" \/><\/div>\n<\/div>\n<\/div>\n<\/div>\n<\/div>\n<\/div>\n<\/div>\n<\/div>\n<div class=\"hJDwNd-AhqUyc-qWD73c purZT-AhqUyc-II5mzb pSzOP-AhqUyc-qWD73c JNdkSc\">\n<div class=\"JNdkSc-SmKAyb\">\n<div class=\"\">\n<div class=\"oKdM2c Kzv0Me\">\n<div id=\"h.p_ID_50\" class=\"hJDwNd-AhqUyc-qWD73c jXK9ad D2fZ2 OjCsFc wHaque GNzUNc\">\n<div class=\"jXK9ad-SmKAyb\">\n<div class=\"tyJCtd mGzaTb baZpAe\">\n<p>&nbsp;<\/p>\n<p id=\"h.p_ID_58\" class=\"zfr3Q vDPrib\"><em>Hem investigat sobre&#8230;<\/em><\/p>\n<ul class=\"n8H08c UVNKR\">\n<li style=\"list-style-type: none;\">\n<ul class=\"n8H08c UVNKR\">\n<li style=\"list-style-type: none;\">\n<ul class=\"n8H08c UVNKR\">\n<li id=\"h.p_ID_60\" class=\"TYR86d zfr3Q\">Quan va n\u00e8ixer el cinema?<\/li>\n<li id=\"h.p_ID_62\" class=\"TYR86d zfr3Q\">La c\u00e0mera fotogr\u00e0fica<\/li>\n<li id=\"h.p_ID_64\" class=\"TYR86d zfr3Q\">Quins invents van ajduar a fer moure&#8217;s les imatges?<\/li>\n<li id=\"h.p_ID_66\" class=\"TYR86d zfr3Q\">Qu\u00e8 \u00e9s el cinema mut?<\/li>\n<li id=\"h.p_ID_68\" class=\"TYR86d zfr3Q\">Projecci\u00f3 de pel\u00b7l\u00edcules, curtmetratges&#8230;<\/li>\n<li id=\"h.p_ID_70\" class=\"TYR86d zfr3Q\">Personatges com: Charlot, Cantinflas&#8230;<\/li>\n<\/ul>\n<\/li>\n<\/ul>\n<\/li>\n<\/ul>\n<\/div>\n<\/div>\n<\/div>\n<\/div>\n<\/div>\n<\/div>\n<\/div>\n<div class=\"hJDwNd-AhqUyc-c5RTEf purZT-AhqUyc-c5RTEf pSzOP-AhqUyc-c5RTEf JNdkSc\">\n<div class=\"JNdkSc-SmKAyb\">\n<div class=\"\">\n<div class=\"oKdM2c Kzv0Me\">\n<div id=\"h.p_ID_78\" class=\"hJDwNd-AhqUyc-c5RTEf purZT-AhqUyc-c5RTEf pSzOP-AhqUyc-c5RTEf jXK9ad D2fZ2 OjCsFc wHaque\">\n<div class=\"jXK9ad-SmKAyb\">\n<div class=\"tyJCtd baZpAe\">\n<div class=\"t3iYD\"><img decoding=\"async\" class=\"CENy8b aligncenter\" role=\"img\" src=\"https:\/\/lh3.googleusercontent.com\/k7sHgQP9vss2dogCnZtW9fTLvH74C4PKCLu5agLx8W3ZmV-ruLus6uAaRzhLEAw1ulv8--EXmDFO2-U0lQtKDKdOXgsj2d8Uy1nD8OeMqvcXpb_krA=w1280\" \/><\/div>\n<\/div>\n<\/div>\n<\/div>\n<\/div>\n<\/div>\n<\/div>\n<\/div>\n<\/div>\n<\/div>\n<\/section>\n<section id=\"h.p_ID_80\" class=\"yaqOZd\">\n<div class=\"yaqOZd IFuOkc\"><\/div>\n<div class=\"mYVXT\">\n<div class=\"LS81yb VICjCf\" tabindex=\"-1\">\n<div class=\"hJDwNd-AhqUyc-OiUrBf JNdkSc L6cTce-purZT L6cTce-pSzOP\">\n<div class=\"JNdkSc-SmKAyb\">\n<div class=\"\"><\/div>\n<\/div>\n<\/div>\n<div class=\"hJDwNd-AhqUyc-c5RTEf purZT-AhqUyc-II5mzb pSzOP-AhqUyc-qWD73c JNdkSc\">\n<div class=\"JNdkSc-SmKAyb\">\n<div class=\"\">\n<div class=\"oKdM2c Kzv0Me\">\n<div id=\"h.p_ID_86\" class=\"hJDwNd-AhqUyc-c5RTEf purZT-AhqUyc-II5mzb pSzOP-AhqUyc-qWD73c jXK9ad D2fZ2 OjCsFc wHaque GNzUNc\">\n<div class=\"jXK9ad-SmKAyb\">\n<div class=\"tyJCtd mGzaTb baZpAe\">\n<p id=\"h.p_ID_94\" class=\"zfr3Q\" style=\"text-align: center;\"><strong>Amadeu&#8217;s Film<\/strong> \u00e9s la mascota que entre tots els nens i nenes de l&#8217;escola hem escollit per a la nostra Setmana Cultural dedicada al Cinema, ha estat dissenyada per l&#8217;alumne <strong>DAVID DOM\u00cdNGUEZ GARC\u00cdA<\/strong>, de 6\u00e8 A.<\/p>\n<\/div>\n<\/div>\n<\/div>\n<\/div>\n<\/div>\n<\/div>\n<\/div>\n<div class=\"hJDwNd-AhqUyc-R6PoUb JNdkSc L6cTce-purZT L6cTce-pSzOP\">\n<div class=\"JNdkSc-SmKAyb\">\n<div class=\"\"><\/div>\n<\/div>\n<\/div>\n<\/div>\n<\/div>\n<\/section>\n<section id=\"h.p_ID_101\" class=\"yaqOZd\">\n<div class=\"yaqOZd IFuOkc\"><\/div>\n<div class=\"mYVXT\">\n<div class=\"LS81yb VICjCf\" tabindex=\"-1\">\n<div class=\"hJDwNd-AhqUyc-uQSCkd purZT-AhqUyc-II5mzb pSzOP-AhqUyc-qWD73c JNdkSc\">\n<div class=\"JNdkSc-SmKAyb\">\n<div class=\"\">\n<div class=\"oKdM2c Kzv0Me\">\n<div id=\"h.p_ID_107\" class=\"hJDwNd-AhqUyc-uQSCkd jXK9ad D2fZ2 OjCsFc wHaque GNzUNc\">\n<div class=\"jXK9ad-SmKAyb\">\n<div class=\"tyJCtd mGzaTb baZpAe\">\n<p id=\"h.p_ID_115\" class=\"zfr3Q\"><em><strong>ACTIVITATS:<\/strong><\/em><\/p>\n<\/div>\n<\/div>\n<\/div>\n<\/div>\n<\/div>\n<\/div>\n<\/div>\n<\/div>\n<\/div>\n<\/section>\n<section id=\"h.p_ID_122\" class=\"yaqOZd\">\n<div class=\"yaqOZd IFuOkc\"><\/div>\n<div class=\"mYVXT\">\n<div class=\"LS81yb VICjCf\" tabindex=\"-1\">\n<div class=\"hJDwNd-AhqUyc-qWD73c purZT-AhqUyc-II5mzb pSzOP-AhqUyc-qWD73c JNdkSc\">\n<div class=\"JNdkSc-SmKAyb\">\n<div class=\"\">\n<div class=\"oKdM2c Kzv0Me\">\n<div id=\"h.p_ID_128\" class=\"hJDwNd-AhqUyc-qWD73c jXK9ad D2fZ2 OjCsFc wHaque GNzUNc\">\n<div class=\"jXK9ad-SmKAyb\">\n<div class=\"tyJCtd mGzaTb baZpAe\">\n<p id=\"h.p_ID_136\" class=\"zfr3Q\"><strong>Educaci\u00f3 Infantil<\/strong><\/p>\n<ul class=\"n8H08c UVNKR\">\n<li id=\"h.p_ID_138\" class=\"TYR86d zfr3Q\">Creaci\u00f3 de joguines \u00f2ptiques<\/li>\n<li id=\"h.p_ID_140\" class=\"TYR86d zfr3Q\">Taller d&#8217;ombres xinesques a c\u00e0rrec d&#8217;Artur D\u00edez.<\/li>\n<li id=\"h.p_ID_142\" class=\"TYR86d zfr3Q\">Xerrades a c\u00e0rrec de Jes\u00fas M\u00e9ndez:\n<ul class=\"n8H08c UVNKR\">\n<li id=\"h.p_ID_144\" class=\"TYR86d zfr3Q\">&#8220;Els inicis del cinema&#8221; i<\/li>\n<li id=\"h.p_ID_146\" class=\"TYR86d zfr3Q\">&#8220;El naixement del cinema&#8221;<\/li>\n<\/ul>\n<\/li>\n<li id=\"h.p_ID_148\" class=\"TYR86d zfr3Q\">&#8220;Chom\u00f3n per a la mainada&#8221; (sessi\u00f3 de Filmoteca).<\/li>\n<li id=\"h.p_ID_150\" class=\"TYR86d zfr3Q\">Visita al Parc Audiovisual de Catalunya (Terrassa)<\/li>\n<li id=\"h.p_ID_152\" class=\"TYR86d zfr3Q\">Exposici\u00f3 de construccions i manualitats realitzades pels alumnes i les fam\u00edlies.<\/li>\n<li id=\"h.p_ID_154\" class=\"TYR86d zfr3Q\">Multisales. GRAN CINEMA AMADEU VIVES (podeu veure els t\u00edtols de les pel\u00b7l\u00edcules al tr\u00edptic adjunt).<\/li>\n<\/ul>\n<\/div>\n<\/div>\n<\/div>\n<\/div>\n<\/div>\n<\/div>\n<\/div>\n<div class=\"hJDwNd-AhqUyc-qWD73c purZT-AhqUyc-II5mzb pSzOP-AhqUyc-qWD73c JNdkSc\">\n<div class=\"JNdkSc-SmKAyb\">\n<div class=\"\">\n<div class=\"oKdM2c Kzv0Me\">\n<div id=\"h.p_ID_162\" class=\"hJDwNd-AhqUyc-qWD73c jXK9ad D2fZ2 OjCsFc wHaque GNzUNc\">\n<div class=\"jXK9ad-SmKAyb\">\n<div class=\"tyJCtd mGzaTb baZpAe\">\n<p id=\"h.p_ID_170\" class=\"zfr3Q\"><strong>Educaci\u00f3 Prim\u00e0ria<\/strong><\/p>\n<ul class=\"n8H08c UVNKR\">\n<li id=\"h.p_ID_172\" class=\"TYR86d zfr3Q\">&#8220;De la idea a la pantalla&#8221;, a c\u00e0rrec de Jes\u00fas M\u00e9ndez.<\/li>\n<li id=\"h.p_ID_174\" class=\"TYR86d zfr3Q\">&#8220;Chom\u00f3n per a la mainada&#8221; (sessi\u00f3 de Filmoteca)<\/li>\n<li id=\"h.p_ID_176\" class=\"TYR86d zfr3Q\">&#8220;El treball dels actors i les actrius&#8221;, a c\u00e0rrec de Mois\u00e8s Ram\u00edrez.<\/li>\n<li id=\"h.p_ID_178\" class=\"TYR86d zfr3Q\">&#8220;Els dibuixos animats i el proc\u00e9s creatiu&#8221;, a c\u00e0rrec de Llu\u00eds Viciana, dibuixant de Neptuno Films.<\/li>\n<li id=\"h.p_ID_180\" class=\"TYR86d zfr3Q\">&#8220;Chom\u00f3n, m\u00e0gies, p\u00f2cimes i fades&#8221; (sessi\u00f3 de Filmoteca)<\/li>\n<li id=\"h.p_ID_182\" class=\"TYR86d zfr3Q\">&#8220;Breu hist\u00f2ria del cinema. De la idea a la pel\u00b7l\u00edcula&#8221;, a c\u00e0rrec de F. Xavier Soler, realitzador audiovisual.<\/li>\n<li id=\"h.p_ID_184\" class=\"TYR86d zfr3Q\">Tallers a c\u00e0rrec dels mestres del cicle.<\/li>\n<li id=\"h.p_ID_186\" class=\"TYR86d zfr3Q\">Concurs de truites de cinema.<\/li>\n<li id=\"h.p_ID_188\" class=\"TYR86d zfr3Q\">Visita al Parc Audiovisual de Catalunya.<\/li>\n<li id=\"h.p_ID_190\" class=\"TYR86d zfr3Q\">Exposici\u00f3 de construccions i manualitats realitzades pels alumnes i les fam\u00edlies.<\/li>\n<li id=\"h.p_ID_192\" class=\"TYR86d zfr3Q\">Multisales. GRAN CINEMA AMADEU VIVES (podeu veure els titols de les pel\u00b7l\u00edcules al tr\u00edptic adjunt).<\/li>\n<\/ul>\n<\/div>\n<\/div>\n<\/div>\n<\/div>\n<\/div>\n<\/div>\n<\/div>\n<\/div>\n<\/div>\n<\/section>\n<section id=\"h.p_ID_196\" class=\"yaqOZd\">\n<div class=\"yaqOZd IFuOkc\"><\/div>\n<div class=\"mYVXT\">\n<div class=\"LS81yb VICjCf\" tabindex=\"-1\">\n<div class=\"hJDwNd-AhqUyc-uQSCkd purZT-AhqUyc-II5mzb pSzOP-AhqUyc-qWD73c JNdkSc\">\n<div class=\"JNdkSc-SmKAyb\">\n<div class=\"\">\n<div class=\"oKdM2c Kzv0Me\">\n<div id=\"h.p_ID_202\" class=\"hJDwNd-AhqUyc-uQSCkd jXK9ad D2fZ2 OjCsFc wHaque GNzUNc\">\n<div class=\"jXK9ad-SmKAyb\">\n<div class=\"tyJCtd mGzaTb baZpAe\">\n<p id=\"h.p_ID_210\" class=\"zfr3Q\"><em>AGRA\u00cfMENTS<\/em><\/p>\n<ul class=\"n8H08c UVNKR\">\n<li id=\"h.p_ID_212\" class=\"TYR86d zfr3Q\">Col\u00b7laboraci\u00f3 de l&#8217;AMPA.<\/li>\n<li id=\"h.p_ID_214\" class=\"TYR86d zfr3Q\">Fam\u00edlies i alumnes que des de casa han ajudat en la realitzaci\u00f3 de maquetes, disfresses, recerca d&#8217;informaci\u00f3&#8230;<\/li>\n<li id=\"h.p_ID_216\" class=\"TYR86d zfr3Q\">A Jes\u00fas M\u00e9ndez, Xavi Soler i Mois\u00e8s Ram\u00edrez per la seva col\u00b7laboraci\u00f3 desinteresada.<\/li>\n<li id=\"h.p_ID_218\" class=\"TYR86d zfr3Q\">I sense dubtar-ho als protagonistes d&#8217;aquesta aventura&#8230;<\/li>\n<li id=\"h.p_ID_220\" class=\"TYR86d zfr3Q\">Nens i nenes de l&#8217;escola, especialment els i les alumnes de sis\u00e8 de prim\u00e0ria, pel seu esfor\u00e7 i dedicaci\u00f3.<\/li>\n<\/ul>\n<p id=\"h.p_ID_222\" class=\"zfr3Q\"><em>No deixeu de visitar el BLOC seg\u00fcent on trobareu fotografies, videos&#8230;<\/em><\/p>\n<p id=\"h.p_ID_224\" class=\"zfr3Q\" style=\"text-align: center;\"><a class=\"dhtgD aw5Odc\" href=\"http:\/\/www.google.com\/url?q=http%3A%2F%2Fblocs.xtec.cat%2Fescolaamadeuvives%2Fsetmana-cultural14-el-cinema%2F&amp;sa=D&amp;sntz=1&amp;usg=AFQjCNHm7Jh4lHPokO2rkuPQq_DCbsgxIQ\" target=\"_blank\" rel=\"noopener noreferrer\"><em>SETMANA CULTURAL&#8217;14<\/em><\/a><\/p>\n<p id=\"h.p_ID_226\" class=\"zfr3Q\" style=\"text-align: center;\"><a class=\"dhtgD aw5Odc\" href=\"http:\/\/www.google.com\/url?q=http%3A%2F%2Fissuu.com%2Fjbueno26%2Fdocs%2Frevista_14_el_m__n_del_cinema&amp;sa=D&amp;sntz=1&amp;usg=AFQjCNHyZb898_PAQx0OjNbGkIT-qhiE0A\" target=\"_blank\" rel=\"noopener noreferrer\">Revista&#8217;14 &#8220;El m\u00f3n del cinema&#8221;<\/a><\/p>\n<\/div>\n<\/div>\n<\/div>\n<\/div>\n<\/div>\n<\/div>\n<\/div>\n<\/div>\n<\/div>\n<\/section>\n<section id=\"h.p_ID_239\" class=\"yaqOZd\">\n<div class=\"yaqOZd IFuOkc\"><\/div>\n<div class=\"mYVXT\">\n<div class=\"LS81yb VICjCf\" tabindex=\"-1\">\n<div class=\"hJDwNd-AhqUyc-II5mzb JNdkSc L6cTce-purZT L6cTce-pSzOP\">\n<div class=\"JNdkSc-SmKAyb\">\n<div class=\"\"><\/div>\n<\/div>\n<\/div>\n<div class=\"hJDwNd-AhqUyc-ibL1re purZT-AhqUyc-ibL1re pSzOP-AhqUyc-ibL1re JNdkSc\">\n<div class=\"JNdkSc-SmKAyb\">\n<div class=\"\">\n<div class=\"oKdM2c Kzv0Me\">\n<div id=\"h.p_ID_245\" class=\"hJDwNd-AhqUyc-ibL1re purZT-AhqUyc-ibL1re pSzOP-AhqUyc-ibL1re jXK9ad D2fZ2 OjCsFc wHaque\">\n<div class=\"jXK9ad-SmKAyb\">\n<div class=\"tyJCtd baZpAe\">\n<div class=\"t3iYD\"><a href=\"http:\/\/www.google.com\/url?q=http%3A%2F%2Fissuu.com%2Fjbueno26%2Fdocs%2Frevista_14_el_m__n_del_cinema&amp;sa=D&amp;sntz=1&amp;usg=AFQjCNHyZb898_PAQx0OjNbGkIT-qhiE0A\" target=\"_blank\" rel=\"noopener noreferrer\"><img decoding=\"async\" class=\"CENy8b aligncenter\" src=\"https:\/\/lh6.googleusercontent.com\/hjjT83kLYg56q11Gk_C_ZhuirGwMg4Qb3zSRdn2xYvHoA-IKLfR3ho3Rvnp7RPjKcBAXrXHSko_EAhy7yczauAEBKkJpGF_zk6st1AIsb-62-tccw02w=w1280\" alt=\"Revista escolar\" \/><\/a><\/div>\n<\/div>\n<\/div>\n<\/div>\n<\/div>\n<\/div>\n<\/div>\n<\/div>\n<div class=\"hJDwNd-AhqUyc-qWD73c JNdkSc L6cTce-purZT L6cTce-pSzOP\">\n<div class=\"JNdkSc-SmKAyb\">\n<div class=\"\"><\/div>\n<\/div>\n<\/div>\n<\/div>\n<\/div>\n<\/section>\n<section id=\"h.p_ID_247\" class=\"yaqOZd\">\n<div class=\"yaqOZd IFuOkc\"><\/div>\n<div class=\"mYVXT\">\n<div class=\"LS81yb VICjCf\" tabindex=\"-1\">\n<div class=\"hJDwNd-AhqUyc-uQSCkd purZT-AhqUyc-II5mzb pSzOP-AhqUyc-qWD73c JNdkSc\">\n<div class=\"JNdkSc-SmKAyb\">\n<div class=\"\">\n<div class=\"oKdM2c Kzv0Me\">\n<div id=\"h.p_ID_253\" class=\"hJDwNd-AhqUyc-uQSCkd jXK9ad D2fZ2 OjCsFc wHaque GNzUNc\">\n<div class=\"jXK9ad-SmKAyb\">\n<div class=\"tyJCtd mGzaTb baZpAe\">\n<p id=\"h.p_ID_261\" class=\"zfr3Q\" style=\"text-align: center;\">(edici\u00f3 digital)<\/p>\n<\/div>\n<\/div>\n<\/div>\n<\/div>\n<\/div>\n<\/div>\n<\/div>\n<\/div>\n<\/div>\n<\/section>\n<section id=\"h.p_ID_262\" class=\"yaqOZd\">\n<div class=\"yaqOZd IFuOkc\"><\/div>\n<div class=\"mYVXT\">\n<div class=\"LS81yb VICjCf\" tabindex=\"-1\">\n<div class=\"hJDwNd-AhqUyc-ibL1re purZT-AhqUyc-ibL1re pSzOP-AhqUyc-ibL1re JNdkSc\">\n<div class=\"JNdkSc-SmKAyb\">\n<div class=\"\">\n<div class=\"oKdM2c Kzv0Me\">\n<div id=\"h.p_ID_268\" class=\"hJDwNd-AhqUyc-ibL1re purZT-AhqUyc-ibL1re pSzOP-AhqUyc-ibL1re jXK9ad D2fZ2 OjCsFc wHaque\">\n<div class=\"jXK9ad-SmKAyb\">\n<div class=\"tyJCtd baZpAe\">\n<div class=\"t3iYD\"><img decoding=\"async\" class=\"CENy8b alignleft\" role=\"img\" src=\"https:\/\/lh5.googleusercontent.com\/imUq5h3JDUtxd-7Zb-lzjdIQwzQbxmS_cGRdhliWjQAAU5O7IEJM62lpe1-DaTpMMJHOICxvPnCLI3Vco6vBXM48sNZJXHZJ0eoHv-SX1jSQaX7WJw=w1280\" \/><\/div>\n<\/div>\n<\/div>\n<\/div>\n<\/div>\n<\/div>\n<\/div>\n<\/div>\n<div class=\"hJDwNd-AhqUyc-ibL1re JNdkSc L6cTce-purZT L6cTce-pSzOP\">\n<div class=\"JNdkSc-SmKAyb\">\n<div class=\"\"><\/div>\n<\/div>\n<\/div>\n<div class=\"hJDwNd-AhqUyc-ibL1re purZT-AhqUyc-ibL1re pSzOP-AhqUyc-ibL1re JNdkSc\">\n<div class=\"JNdkSc-SmKAyb\">\n<div class=\"\">\n<div class=\"oKdM2c Kzv0Me\">\n<div id=\"h.p_ID_274\" class=\"hJDwNd-AhqUyc-ibL1re purZT-AhqUyc-ibL1re pSzOP-AhqUyc-ibL1re jXK9ad D2fZ2 OjCsFc wHaque\">\n<div class=\"jXK9ad-SmKAyb\">\n<div class=\"tyJCtd baZpAe\">\n<div class=\"t3iYD\"><img decoding=\"async\" class=\"CENy8b alignright\" role=\"img\" src=\"https:\/\/lh5.googleusercontent.com\/XWpAzOwDzIv_HHAJgq3cy5_pyQ8bX8Wygjk_B8t7CHf3LQNfLaC7_veCCt0qTwq6b9s-L-ow4IEh3HI7ubCJjfn90VYrykbGYDlNU9L3AP5EEkvl1w=w1280\" alt=\"http:\/\/www.filmoteca.cat\/web\/\" \/><\/div>\n<\/div>\n<\/div>\n<\/div>\n<\/div>\n<\/div>\n<\/div>\n<\/div>\n<div class=\"hJDwNd-AhqUyc-ibL1re purZT-AhqUyc-ibL1re pSzOP-AhqUyc-ibL1re JNdkSc\">\n<div class=\"JNdkSc-SmKAyb\">\n<div class=\"\">\n<div class=\"oKdM2c Kzv0Me\">\n<div id=\"h.p_ID_280\" class=\"hJDwNd-AhqUyc-ibL1re purZT-AhqUyc-ibL1re pSzOP-AhqUyc-ibL1re jXK9ad D2fZ2 OjCsFc wHaque\">\n<div class=\"jXK9ad-SmKAyb\">\n<div class=\"tyJCtd baZpAe\">\n<div class=\"t3iYD\"><img decoding=\"async\" class=\"CENy8b aligncenter\" role=\"img\" src=\"https:\/\/lh3.googleusercontent.com\/V3HzYHX22ipc3MTZLgt_UDiRBaFW30yubn2VZNUoGHrXiy0_e8UbJOMbZmqSBnXAY9CQbLc4XoqxtSSwkIPiX1lkUwrWBFanAd79WNswcFj4wwNG_h8=w1280\" \/><\/div>\n<\/div>\n<\/div>\n<\/div>\n<\/div>\n<\/div>\n<\/div>\n<\/div>\n<div class=\"hJDwNd-AhqUyc-ibL1re JNdkSc L6cTce-purZT L6cTce-pSzOP\">\n<div class=\"JNdkSc-SmKAyb\">\n<div class=\"\"><\/div>\n<\/div>\n<\/div>\n<\/div>\n<\/div>\n<\/section>\n<\/div>\n<div class=\"Xpil1b\"><\/div>\n","protected":false},"excerpt":{"rendered":"<p>EL CINEMA<br \/>\n&nbsp;<\/p>\n<p>Aquest any el nostre projecte est\u00e0 centrat en EL CINEMA.<br \/>\nTota l&#8217;escola hem treballat molt per gaudir d&#8217;una Setmana Cultural, did\u00e0ctica, divertida, interessant&#8230;<\/p>\n<p>&nbsp;<br \/>\nHem investigat sobre&#8230;<\/p>\n<ul class=\"n8H08c UVNKR\">\n<li style=\"list-style-type: none;\">\n<ul class=\"n8H08c UVNKR\">\n<li style=\"list-style-type: none;\">\n<ul class=\"n8H08c UVNKR\">\n<li id=\"h.p_ID_60\" class=\"TYR86d zfr3Q\">Quan va n\u00e8ixer el cinema?<\/li>\n<li id=\"h.p_ID_62\" class=\"TYR86d zfr3Q\">La&hellip;  <a href=\"https:\/\/agora.xtec.cat\/ceip-amadeuvives\/projectes\/setmana-cultural\/sc-2013-14\/\" title=\"Read SC 2013-14\">Llegeix m\u00e9s\u00bb<\/a><br \/>\n","protected":false},"author":1,"featured_media":0,"parent":596,"menu_order":0,"comment_status":"closed","ping_status":"closed","template":"page-templates\/side-menu.php","meta":{"_bbp_topic_count":0,"_bbp_reply_count":0,"_bbp_total_topic_count":0,"_bbp_total_reply_count":0,"_bbp_voice_count":0,"_bbp_anonymous_reply_count":0,"_bbp_topic_count_hidden":0,"_bbp_reply_count_hidden":0,"_bbp_forum_subforum_count":0,"footnotes":""},"class_list":["post-639","page","type-page","status-publish","hentry"],"post_mailing_queue_ids":[],"_links":{"self":[{"href":"https:\/\/agora.xtec.cat\/ceip-amadeuvives\/wp-json\/wp\/v2\/pages\/639","targetHints":{"allow":["GET"]}}],"collection":[{"href":"https:\/\/agora.xtec.cat\/ceip-amadeuvives\/wp-json\/wp\/v2\/pages"}],"about":[{"href":"https:\/\/agora.xtec.cat\/ceip-amadeuvives\/wp-json\/wp\/v2\/types\/page"}],"author":[{"embeddable":true,"href":"https:\/\/agora.xtec.cat\/ceip-amadeuvives\/wp-json\/wp\/v2\/users\/1"}],"replies":[{"embeddable":true,"href":"https:\/\/agora.xtec.cat\/ceip-amadeuvives\/wp-json\/wp\/v2\/comments?post=639"}],"version-history":[{"count":2,"href":"https:\/\/agora.xtec.cat\/ceip-amadeuvives\/wp-json\/wp\/v2\/pages\/639\/revisions"}],"predecessor-version":[{"id":641,"href":"https:\/\/agora.xtec.cat\/ceip-amadeuvives\/wp-json\/wp\/v2\/pages\/639\/revisions\/641"}],"up":[{"embeddable":true,"href":"https:\/\/agora.xtec.cat\/ceip-amadeuvives\/wp-json\/wp\/v2\/pages\/596"}],"wp:attachment":[{"href":"https:\/\/agora.xtec.cat\/ceip-amadeuvives\/wp-json\/wp\/v2\/media?parent=639"}],"curies":[{"name":"wp","href":"https:\/\/api.w.org\/{rel}","templated":true}]}}