{"id":598,"date":"2020-04-15T20:13:42","date_gmt":"2020-04-15T18:13:42","guid":{"rendered":"https:\/\/agora.xtec.cat\/ceip-amadeuvives\/?page_id=598"},"modified":"2020-04-16T11:24:00","modified_gmt":"2020-04-16T09:24:00","slug":"2019-20","status":"publish","type":"page","link":"https:\/\/agora.xtec.cat\/ceip-amadeuvives\/projectes\/setmana-cultural\/2019-20\/","title":{"rendered":"SC 2019-20"},"content":{"rendered":"<h3 style=\"text-align: center;\"><strong>ELS ASTRONAUTES I L&#8217;ESPAI<\/strong><\/h3>\n<p id=\"h.p_mixE4wx8ovff\" class=\"zfr3Q\" style=\"text-align: center;\">Aquest curs el tema que ha estat triat per l&#8217;alumnat de l&#8217;escola per a la setmana cultural ha estat:<\/p>\n<p class=\"zfr3Q\" style=\"text-align: center;\">&#8220;L&#8217;espai &#8211; Astronautes&#8221;.<\/p>\n<p><img decoding=\"async\" class=\"aligncenter\" src=\"https:\/\/lh6.googleusercontent.com\/WZlmqkoDB8j0PnGHhia6MgxeL-4yRi9nv937DssvgkIBcMAkMkvCRDevhAAeXy7PLA_Dx2CGugxvvjnNZRiUlBRsY9y4UOJUJwUmvt270QAW-yAiq7oZ=w1280\" \/><\/p>\n<p id=\"h.p_JkjevY25ovfh\" class=\"zfr3Q\" style=\"text-align: justify;\">Aix\u00ed doncs, durant la setmana del 17 al 21 de febrer des de P3 fins a 6\u00e8 realitzarem diferents activitats, tallers i sortides relacionades amb aquesta tem\u00e0tica.<\/p>\n<p id=\"h.p_TFFLAcnUovfi\" class=\"zfr3Q\" style=\"text-align: justify;\">Dilluns a la tarda iniciarem amb el preg\u00f3 del senyor Carnestoltes realitzat per l&#8217;alumnat de sis\u00e8 i per a la resta de companys de l&#8217;escola on aprofitar\u00e0 el senyor carnestoltes per donar les consignes que els vostres fills i filles podran portar durant aquests dies.<\/p>\n<p id=\"h.p_pCSA2Tt1ovfj\" class=\"zfr3Q\" style=\"text-align: justify;\">Aquestes consignes les trobareu penjades a la porta de l&#8217;escola.<\/p>\n<div><img loading=\"lazy\" decoding=\"async\" class=\"aligncenter\" src=\"https:\/\/lh3.googleusercontent.com\/9lWhfYi_usjH9y6Nl_ms9Qn6v_RBVuWYgeBdtbIHPHf_dpacTDJXM5rQfFpIE_IOyy8kaV35dw=w1280\" width=\"275\" height=\"275\" \/><\/div>\n<div><\/div>\n<div class=\"CjVfdc\" style=\"text-align: center;\">La mascota guanyadora de la setmana cultural 2019-20 es diu: &#8220;Sunmoon&#8221;<\/div>\n<p id=\"h.p__SvlYlpWovfe\" class=\"zfr3Q\" style=\"text-align: center;\"><em><strong>Realitzada per l&#8217;alumna de 6\u00e8A Natalia M\u00e9ndez<\/strong><\/em><\/p>\n<div><\/div>\n<div class=\"CjVfdc\">Una setmana cultural per l&#8217;Univers, les constel\u00b7lacions, els planetes, els coets i els astronautes.<\/div>\n<div class=\"CjVfdc\">\n<div class=\"PPhIP rviiZ\">\n<div class=\"U26fgb mUbCce fKz7Od LRAOtb rm120e\" role=\"presentation\" aria-describedby=\"h.p_GgdwohbZpmrh\" aria-label=\"Copia l'enlla\u00e7 del t\u00edtol\" aria-disabled=\"false\" data-tooltip=\"Copia l'enlla\u00e7 del t\u00edtol\" aria-hidden=\"true\" data-tooltip-position=\"top\" data-tooltip-vertical-offset=\"12\" data-tooltip-horizontal-offset=\"0\">\n<div class=\"VTBa7b MbhUzd\"><\/div>\n<\/div>\n<\/div>\n<p>Entre totes i tots, mares de la comissi\u00f3 de festes, alumnat i professorat hem portat una mica de l&#8217;espai a l&#8217;escola.<\/p>\n<\/div>\n<div class=\"CjVfdc\">\n<div class=\"PPhIP rviiZ\">\n<div class=\"U26fgb mUbCce fKz7Od LRAOtb rm120e\" role=\"presentation\" aria-describedby=\"h.p_Nd1rzx_Dpmrk\" aria-label=\"Copia l'enlla\u00e7 del t\u00edtol\" aria-disabled=\"false\" data-tooltip=\"Copia l'enlla\u00e7 del t\u00edtol\" aria-hidden=\"true\" data-tooltip-position=\"top\" data-tooltip-vertical-offset=\"12\" data-tooltip-horizontal-offset=\"0\">\n<div class=\"VTBa7b MbhUzd\"><\/div>\n<\/div>\n<\/div>\n<p style=\"text-align: center;\">Gr\u00e0cies a totes i a tots. <strong>Fem escola!<\/strong><\/p>\n<table>\n<tbody>\n<tr>\n<td><img loading=\"lazy\" decoding=\"async\" class=\"aligncenter\" src=\"https:\/\/lh4.googleusercontent.com\/0W4jju0FsghCdk8SOpZxsoaSv6qOVOEjXUGLkKztpcVrKitif0X1Y4qcNriIqGP5YJ3Xw5bw=w16383\" alt=\"Imatge del carrusel\" width=\"251\" height=\"252\" \/><\/td>\n<td><img loading=\"lazy\" decoding=\"async\" class=\"\" src=\"https:\/\/lh6.googleusercontent.com\/Q5MR-ESxXFy3eqQSkb3TRR97Rt3DQPSjeouEH53a1RvVbDcjR9bjrA5PuYly7Re-rUoACOJTQ9gXzSUr3dM5cgPEr3WUgn0e4ynKae0kewbLLQ4XrX-y=w1280\" width=\"334\" height=\"251\" \/><\/td>\n<td><img loading=\"lazy\" decoding=\"async\" class=\"\" src=\"https:\/\/lh6.googleusercontent.com\/yUti115aSIQoa0yMA2Mbh3ZmYz9eG3DJHlgXVBzZLpXXd2cZ5_0Jvkc67jGBaRb3sCEAmuI=w1280\" width=\"251\" height=\"252\" \/><\/td>\n<\/tr>\n<\/tbody>\n<\/table>\n<p>&nbsp;<\/p>\n<p>&nbsp;<\/p>\n<p style=\"text-align: center;\">\n<\/div>\n<div><\/div>\n","protected":false},"excerpt":{"rendered":"<p>ELS ASTRONAUTES I L&#8217;ESPAI<br \/>\nAquest curs el tema que ha estat triat per l&#8217;alumnat de l&#8217;escola per a la setmana cultural ha estat:<br \/>\n&#8220;L&#8217;espai &#8211; Astronautes&#8221;.<\/p>\n<p>Aix\u00ed doncs, durant la setmana del 17 al 21 de febrer des de P3 fins a 6\u00e8 realitzarem diferents activitats, tallers i&hellip;  <a href=\"https:\/\/agora.xtec.cat\/ceip-amadeuvives\/projectes\/setmana-cultural\/2019-20\/\" title=\"Read SC 2019-20\">Llegeix m\u00e9s\u00bb<\/a><\/p>\n","protected":false},"author":1,"featured_media":0,"parent":596,"menu_order":0,"comment_status":"closed","ping_status":"closed","template":"page-templates\/side-menu.php","meta":{"_bbp_topic_count":0,"_bbp_reply_count":0,"_bbp_total_topic_count":0,"_bbp_total_reply_count":0,"_bbp_voice_count":0,"_bbp_anonymous_reply_count":0,"_bbp_topic_count_hidden":0,"_bbp_reply_count_hidden":0,"_bbp_forum_subforum_count":0,"footnotes":""},"class_list":["post-598","page","type-page","status-publish","hentry"],"post_mailing_queue_ids":[],"_links":{"self":[{"href":"https:\/\/agora.xtec.cat\/ceip-amadeuvives\/wp-json\/wp\/v2\/pages\/598","targetHints":{"allow":["GET"]}}],"collection":[{"href":"https:\/\/agora.xtec.cat\/ceip-amadeuvives\/wp-json\/wp\/v2\/pages"}],"about":[{"href":"https:\/\/agora.xtec.cat\/ceip-amadeuvives\/wp-json\/wp\/v2\/types\/page"}],"author":[{"embeddable":true,"href":"https:\/\/agora.xtec.cat\/ceip-amadeuvives\/wp-json\/wp\/v2\/users\/1"}],"replies":[{"embeddable":true,"href":"https:\/\/agora.xtec.cat\/ceip-amadeuvives\/wp-json\/wp\/v2\/comments?post=598"}],"version-history":[{"count":4,"href":"https:\/\/agora.xtec.cat\/ceip-amadeuvives\/wp-json\/wp\/v2\/pages\/598\/revisions"}],"predecessor-version":[{"id":637,"href":"https:\/\/agora.xtec.cat\/ceip-amadeuvives\/wp-json\/wp\/v2\/pages\/598\/revisions\/637"}],"up":[{"embeddable":true,"href":"https:\/\/agora.xtec.cat\/ceip-amadeuvives\/wp-json\/wp\/v2\/pages\/596"}],"wp:attachment":[{"href":"https:\/\/agora.xtec.cat\/ceip-amadeuvives\/wp-json\/wp\/v2\/media?parent=598"}],"curies":[{"name":"wp","href":"https:\/\/api.w.org\/{rel}","templated":true}]}}