{"id":594,"date":"2020-04-15T20:06:56","date_gmt":"2020-04-15T18:06:56","guid":{"rendered":"https:\/\/agora.xtec.cat\/ceip-amadeuvives\/?page_id=594"},"modified":"2020-04-15T20:19:17","modified_gmt":"2020-04-15T18:19:17","slug":"agenda-21","status":"publish","type":"page","link":"https:\/\/agora.xtec.cat\/ceip-amadeuvives\/projectes\/agenda-21\/","title":{"rendered":"Agenda 21"},"content":{"rendered":"<p>L&#8217;Agenda 21 Escolar \u00e9s un programa que fomenta\u00a0<strong>les pr\u00e0ctiques participatives als centres educatius des del punt de vista de la sostenibilitat, que s&#8217;emmarca en\u00a0<span class=\"tittar10\">l&#8217;Agenda 21 Local de Sabadell<\/span>\u00a0<\/strong>. Introdueix projectes i\/o iniciatives de sostenibilitat als centres educatius mitjan\u00e7ant l&#8217;educaci\u00f3 en l&#8217;acci\u00f3, i refor\u00e7a els vincles entre la ciutat i l&#8217;escola.<\/p>\n<p><a href=\"http:\/\/ca.sabadell.cat\/Agenda21\/p\/A21Escolar_cat.asp\"><img loading=\"lazy\" decoding=\"async\" class=\"aligncenter\" src=\"https:\/\/ca.sabadell.cat\/Agenda21\/i\/esdihort.jpg\" alt=\"Agenda 21 escolar\" width=\"508\" height=\"287\" \/><\/a><\/p>\n","protected":false},"excerpt":{"rendered":"<p>L&#8217;Agenda 21 Escolar \u00e9s un programa que fomenta\u00a0les pr\u00e0ctiques participatives als centres educatius des del punt de vista de la sostenibilitat, que s&#8217;emmarca en\u00a0l&#8217;Agenda 21 Local de Sabadell\u00a0. Introdueix projectes i\/o iniciatives de sostenibilitat als centres educatius mitjan\u00e7ant l&#8217;educaci\u00f3 en l&#8217;acci\u00f3, i refor\u00e7a els vincles&hellip;  <a href=\"https:\/\/agora.xtec.cat\/ceip-amadeuvives\/projectes\/agenda-21\/\" title=\"Read Agenda 21\">Llegeix m\u00e9s\u00bb<\/a><\/p>\n","protected":false},"author":1,"featured_media":0,"parent":585,"menu_order":0,"comment_status":"closed","ping_status":"closed","template":"page-templates\/side-menu.php","meta":{"_bbp_topic_count":0,"_bbp_reply_count":0,"_bbp_total_topic_count":0,"_bbp_total_reply_count":0,"_bbp_voice_count":0,"_bbp_anonymous_reply_count":0,"_bbp_topic_count_hidden":0,"_bbp_reply_count_hidden":0,"_bbp_forum_subforum_count":0,"footnotes":""},"class_list":["post-594","page","type-page","status-publish","hentry"],"post_mailing_queue_ids":[],"_links":{"self":[{"href":"https:\/\/agora.xtec.cat\/ceip-amadeuvives\/wp-json\/wp\/v2\/pages\/594","targetHints":{"allow":["GET"]}}],"collection":[{"href":"https:\/\/agora.xtec.cat\/ceip-amadeuvives\/wp-json\/wp\/v2\/pages"}],"about":[{"href":"https:\/\/agora.xtec.cat\/ceip-amadeuvives\/wp-json\/wp\/v2\/types\/page"}],"author":[{"embeddable":true,"href":"https:\/\/agora.xtec.cat\/ceip-amadeuvives\/wp-json\/wp\/v2\/users\/1"}],"replies":[{"embeddable":true,"href":"https:\/\/agora.xtec.cat\/ceip-amadeuvives\/wp-json\/wp\/v2\/comments?post=594"}],"version-history":[{"count":2,"href":"https:\/\/agora.xtec.cat\/ceip-amadeuvives\/wp-json\/wp\/v2\/pages\/594\/revisions"}],"predecessor-version":[{"id":608,"href":"https:\/\/agora.xtec.cat\/ceip-amadeuvives\/wp-json\/wp\/v2\/pages\/594\/revisions\/608"}],"up":[{"embeddable":true,"href":"https:\/\/agora.xtec.cat\/ceip-amadeuvives\/wp-json\/wp\/v2\/pages\/585"}],"wp:attachment":[{"href":"https:\/\/agora.xtec.cat\/ceip-amadeuvives\/wp-json\/wp\/v2\/media?parent=594"}],"curies":[{"name":"wp","href":"https:\/\/api.w.org\/{rel}","templated":true}]}}