{"id":560,"date":"2021-11-05T11:56:44","date_gmt":"2021-11-05T10:56:44","guid":{"rendered":"https:\/\/agora.xtec.cat\/ceip-amadeuvives\/?page_id=560"},"modified":"2024-12-10T16:46:43","modified_gmt":"2024-12-10T15:46:43","slug":"pla-anual-del-centre","status":"publish","type":"page","link":"https:\/\/agora.xtec.cat\/ceip-amadeuvives\/curs-2022-23\/pla-anual-del-centre\/","title":{"rendered":"Pla Anual del Centre"},"content":{"rendered":"<div class=\"CjVfdc\" style=\"text-align: justify;\">El <strong>pla anual de centre (PAC)<\/strong> \u00e9s un document on es recull la <strong>programaci\u00f3 general anual<\/strong> de centre <strong>(PGA)<\/strong>.<\/div>\n<div class=\"CjVfdc\" style=\"text-align: justify;\">Entre d&#8217;altres punts, trobem els objectius estrat\u00e8gics per al curs actual que persegueixen:<\/div>\n<div><\/div>\n<div>1.1.Promoure l\u2019\u00e8xit educatiu de tot l\u2019alumnat a trav\u00e9s del desenvolupament global de les compet\u00e8ncies.<\/div>\n<div class=\"CjVfdc\" style=\"text-align: justify;\">\u00a0 \u00a0 \u00a0 \u00a0 \u00a0 \u00a0 \u00a0 \u00a0 \u00a0 \u00a0 \u00a0 \u00a0&#8211; Millora dels resultats en la compet\u00e8ncia de comunicaci\u00f3 ling\u00fc\u00edstica.<\/div>\n<div class=\"CjVfdc\" style=\"text-align: justify;\">\u00a0 \u00a0 \u00a0 \u00a0 \u00a0 \u00a0 \u00a0 \u00a0 \u00a0 \u00a0 \u00a0 \u00a0&#8211; Millora de la compet\u00e8ncia digital<\/div>\n<div>1.2.Promoure el benestar emocional i la inclusi\u00f3 de tot l\u2019alumnat i la participaci\u00f3 de la comunitat educativa.<\/div>\n<div class=\"CjVfdc\" style=\"text-align: justify;\">\u00a0 \u00a0 \u00a0 \u00a0 \u00a0 \u00a0 \u00a0 \u00a0 \u00a0 \u00a0 \u00a0 \u00a0&#8211; Millora del benestar emocional dels alumnes<\/div>\n<div>\u00a0 \u00a0 \u00a0 \u00a0 \u00a0 \u00a0 \u00a0 \u00a0 \u00a0 \u00a0 \u00a0 \u00a0&#8211; Millora del benestar emocional dels docents<\/div>\n<div>\u00a0 \u00a0 \u00a0 \u00a0 \u00a0 \u00a0 \u00a0 \u00a0 \u00a0 \u00a0 \u00a0 \u00a0&#8211; Millora de la participaci\u00f3 de les fam\u00edlies<\/div>\n<div>\u00a0 \u00a0 \u00a0 \u00a0 \u00a0 \u00a0 \u00a0 \u00a0 \u00a0 \u00a0 \u00a0 \u00a0&#8211; Augment de les relacions amb l\u2019entorn<\/div>\n<div>\u00a0 \u00a0 \u00a0 \u00a0 \u00a0 \u00a0 \u00a0 \u00a0 \u00a0 \u00a0 \u00a0 \u00a0&#8211; Impuls i implementaci\u00f3 de la transici\u00f3 ecol\u00f2gica tenint com a referent els objectius de desenvolupament\u00a0sostenible (ODS)<\/div>\n<div>1.3.Millora de la gesti\u00f3 de la diversitat<\/div>\n<div>\u00a0 \u00a0 \u00a0 \u00a0 \u00a0 \u00a0 \u00a0 \u00a0 \u00a0 \u00a0 \u00a0 \u00a0&#8211; Millora de la inclusi\u00f3<\/div>\n<div>\u00a0 \u00a0 \u00a0 \u00a0 \u00a0 \u00a0 \u00a0 \u00a0 \u00a0 \u00a0 \u00a0 \u00a0&#8211; Millora de les oportunitats educatives de l\u2019alumnat m\u00e9s desfavorits (PMOE PROA+)<\/div>\n<div><\/div>\n<div>\n<div class=\"yaqOZd IFuOkc\"><\/div>\n<div class=\"mYVXT\">\n<div class=\"LS81yb VICjCf\" tabindex=\"-1\">\n<div class=\"hJDwNd-AhqUyc-uQSCkd purZT-AhqUyc-II5mzb pSzOP-AhqUyc-qWD73c JNdkSc\">\n<div class=\"JNdkSc-SmKAyb\">\n<div class=\"\">\n<div class=\"oKdM2c Kzv0Me\">\n<div id=\"h.p_TS58fBvyWgoF\" class=\"hJDwNd-AhqUyc-uQSCkd jXK9ad D2fZ2 OjCsFc wHaque GNzUNc\">\n<div class=\"jXK9ad-SmKAyb\">\n<div class=\"tyJCtd mGzaTb baZpAe\">\n<div class=\"PPhIP rviiZ\">\n<div class=\"U26fgb mUbCce fKz7Od LRAOtb rm120e\" role=\"presentation\" aria-describedby=\"h.p_MOyzijPIWgoK\" aria-label=\"Copia l'enlla\u00e7 del t\u00edtol\" aria-disabled=\"false\" data-tooltip=\"Copia l'enlla\u00e7 del t\u00edtol\" aria-hidden=\"true\" data-tooltip-position=\"top\" data-tooltip-vertical-offset=\"12\" data-tooltip-horizontal-offset=\"0\">\n<div class=\"VTBa7b MbhUzd\" style=\"text-align: center;\"><\/div>\n<\/div>\n<\/div>\n<h5 class=\"CjVfdc\" style=\"text-align: center;\"><a href=\"https:\/\/drive.google.com\/file\/d\/1NZ1JqagA2YwoQe8OtmD09-0J3HL1kUN1\/view?usp=sharing\">PROGRAMACI\u00d3 GENERAL ANUAL DE CENTRE 2024-2025<\/a><\/h5>\n<\/div>\n<\/div>\n<\/div>\n<\/div>\n<\/div>\n<\/div>\n<\/div>\n<\/div>\n<\/div>\n<\/div>\n","protected":false},"excerpt":{"rendered":"<p>El pla anual de centre (PAC) \u00e9s un document on es recull la programaci\u00f3 general anual de centre (PGA).<br \/>\nEntre d&#8217;altres punts, trobem els objectius estrat\u00e8gics per al curs actual que persegueixen:<\/p>\n<p>1.1.Promoure l\u2019\u00e8xit educatiu de tot l\u2019alumnat a trav\u00e9s del desenvolupament global de les compet\u00e8ncies.<br \/>\n\u00a0 \u00a0&hellip;  <a href=\"https:\/\/agora.xtec.cat\/ceip-amadeuvives\/curs-2022-23\/pla-anual-del-centre\/\" title=\"Read Pla Anual del Centre\">Llegeix m\u00e9s\u00bb<\/a><\/p>\n","protected":false},"author":1,"featured_media":0,"parent":552,"menu_order":0,"comment_status":"closed","ping_status":"closed","template":"page-templates\/side-menu.php","meta":{"_bbp_topic_count":0,"_bbp_reply_count":0,"_bbp_total_topic_count":0,"_bbp_total_reply_count":0,"_bbp_voice_count":0,"_bbp_anonymous_reply_count":0,"_bbp_topic_count_hidden":0,"_bbp_reply_count_hidden":0,"_bbp_forum_subforum_count":0,"footnotes":""},"class_list":["post-560","page","type-page","status-publish","hentry"],"post_mailing_queue_ids":[],"_links":{"self":[{"href":"https:\/\/agora.xtec.cat\/ceip-amadeuvives\/wp-json\/wp\/v2\/pages\/560","targetHints":{"allow":["GET"]}}],"collection":[{"href":"https:\/\/agora.xtec.cat\/ceip-amadeuvives\/wp-json\/wp\/v2\/pages"}],"about":[{"href":"https:\/\/agora.xtec.cat\/ceip-amadeuvives\/wp-json\/wp\/v2\/types\/page"}],"author":[{"embeddable":true,"href":"https:\/\/agora.xtec.cat\/ceip-amadeuvives\/wp-json\/wp\/v2\/users\/1"}],"replies":[{"embeddable":true,"href":"https:\/\/agora.xtec.cat\/ceip-amadeuvives\/wp-json\/wp\/v2\/comments?post=560"}],"version-history":[{"count":4,"href":"https:\/\/agora.xtec.cat\/ceip-amadeuvives\/wp-json\/wp\/v2\/pages\/560\/revisions"}],"predecessor-version":[{"id":4720,"href":"https:\/\/agora.xtec.cat\/ceip-amadeuvives\/wp-json\/wp\/v2\/pages\/560\/revisions\/4720"}],"up":[{"embeddable":true,"href":"https:\/\/agora.xtec.cat\/ceip-amadeuvives\/wp-json\/wp\/v2\/pages\/552"}],"wp:attachment":[{"href":"https:\/\/agora.xtec.cat\/ceip-amadeuvives\/wp-json\/wp\/v2\/media?parent=560"}],"curies":[{"name":"wp","href":"https:\/\/api.w.org\/{rel}","templated":true}]}}