{"id":549,"date":"2020-04-08T13:20:41","date_gmt":"2020-04-08T11:20:41","guid":{"rendered":"https:\/\/agora.xtec.cat\/ceip-amadeuvives\/?page_id=549"},"modified":"2024-12-10T15:29:20","modified_gmt":"2024-12-10T14:29:20","slug":"projecte-de-direccio","status":"publish","type":"page","link":"https:\/\/agora.xtec.cat\/ceip-amadeuvives\/projecte-educatiu\/projecte-de-direccio\/","title":{"rendered":"Projecte de direcci\u00f3"},"content":{"rendered":"<div class=\"CjVfdc CJIdie\" style=\"text-align: justify;\">El <strong>projecte de direcci\u00f3<\/strong> \u00e9s un instrument essencial de l&#8217;autonomia dels centres educatius perqu\u00e8 ordena el desplegament i l&#8217;aplicaci\u00f3 del projecte educatiu per al per\u00edode de mandat de la direcci\u00f3 del centre, en concreta l&#8217;estructura organitzativa i n&#8217;inclou uns indicadors, derivats del que estableix el projecte educatiu del centre, que han de servir per avaluar l&#8217;exercici de la direcci\u00f3.<\/div>\n<div><\/div>\n<div>\n<div class=\"yaqOZd IFuOkc\"><\/div>\n<div class=\"mYVXT\">\n<div class=\"LS81yb VICjCf\" tabindex=\"-1\">\n<div class=\"hJDwNd-AhqUyc-uQSCkd purZT-AhqUyc-II5mzb pSzOP-AhqUyc-qWD73c JNdkSc\">\n<div class=\"JNdkSc-SmKAyb\">\n<div class=\"\">\n<div class=\"oKdM2c Kzv0Me\">\n<div id=\"h.p_s4-VcUAlNuze\" class=\"hJDwNd-AhqUyc-uQSCkd jXK9ad D2fZ2 OjCsFc wHaque GNzUNc\">\n<div class=\"jXK9ad-SmKAyb\">\n<div class=\"tyJCtd mGzaTb baZpAe\">\n<div class=\"PPhIP rviiZ\">\n<div class=\"U26fgb mUbCce fKz7Od LRAOtb rm120e\" role=\"presentation\" aria-describedby=\"h.p_7KO9iq6UNuzj\" aria-label=\"Copia l'enlla\u00e7 del t\u00edtol\" aria-disabled=\"false\" data-tooltip=\"Copia l'enlla\u00e7 del t\u00edtol\" aria-hidden=\"true\" data-tooltip-position=\"top\" data-tooltip-vertical-offset=\"12\" data-tooltip-horizontal-offset=\"0\">\n<div class=\"VTBa7b MbhUzd\"><\/div>\n<\/div>\n<\/div>\n<h5 class=\"CjVfdc\" style=\"text-align: center;\"><strong><a href=\"https:\/\/drive.google.com\/file\/d\/1LmHpxczAgJLquAFN59mojLHtXBABR7mu\/view?usp=drive_link\">PROJECTE DE DIRECCI\u00d3<\/a><\/strong><\/h5>\n<\/div>\n<\/div>\n<\/div>\n<\/div>\n<\/div>\n<\/div>\n<\/div>\n<\/div>\n<\/div>\n<\/div>\n","protected":false},"excerpt":{"rendered":"<p>El projecte de direcci\u00f3 \u00e9s un instrument essencial de l&#8217;autonomia dels centres educatius perqu\u00e8 ordena el desplegament i l&#8217;aplicaci\u00f3 del projecte educatiu per al per\u00edode de mandat de la direcci\u00f3 del centre, en concreta l&#8217;estructura organitzativa i n&#8217;inclou uns indicadors, derivats del que estableix el&hellip;  <a href=\"https:\/\/agora.xtec.cat\/ceip-amadeuvives\/projecte-educatiu\/projecte-de-direccio\/\" title=\"Read Projecte de direcci\u00f3\">Llegeix m\u00e9s\u00bb<\/a><\/p>\n","protected":false},"author":1,"featured_media":0,"parent":64,"menu_order":0,"comment_status":"closed","ping_status":"closed","template":"page-templates\/side-menu.php","meta":{"_bbp_topic_count":0,"_bbp_reply_count":0,"_bbp_total_topic_count":0,"_bbp_total_reply_count":0,"_bbp_voice_count":0,"_bbp_anonymous_reply_count":0,"_bbp_topic_count_hidden":0,"_bbp_reply_count_hidden":0,"_bbp_forum_subforum_count":0,"footnotes":""},"class_list":["post-549","page","type-page","status-publish","hentry"],"post_mailing_queue_ids":[],"_links":{"self":[{"href":"https:\/\/agora.xtec.cat\/ceip-amadeuvives\/wp-json\/wp\/v2\/pages\/549","targetHints":{"allow":["GET"]}}],"collection":[{"href":"https:\/\/agora.xtec.cat\/ceip-amadeuvives\/wp-json\/wp\/v2\/pages"}],"about":[{"href":"https:\/\/agora.xtec.cat\/ceip-amadeuvives\/wp-json\/wp\/v2\/types\/page"}],"author":[{"embeddable":true,"href":"https:\/\/agora.xtec.cat\/ceip-amadeuvives\/wp-json\/wp\/v2\/users\/1"}],"replies":[{"embeddable":true,"href":"https:\/\/agora.xtec.cat\/ceip-amadeuvives\/wp-json\/wp\/v2\/comments?post=549"}],"version-history":[{"count":2,"href":"https:\/\/agora.xtec.cat\/ceip-amadeuvives\/wp-json\/wp\/v2\/pages\/549\/revisions"}],"predecessor-version":[{"id":4719,"href":"https:\/\/agora.xtec.cat\/ceip-amadeuvives\/wp-json\/wp\/v2\/pages\/549\/revisions\/4719"}],"up":[{"embeddable":true,"href":"https:\/\/agora.xtec.cat\/ceip-amadeuvives\/wp-json\/wp\/v2\/pages\/64"}],"wp:attachment":[{"href":"https:\/\/agora.xtec.cat\/ceip-amadeuvives\/wp-json\/wp\/v2\/media?parent=549"}],"curies":[{"name":"wp","href":"https:\/\/api.w.org\/{rel}","templated":true}]}}