{"id":542,"date":"2022-10-25T18:19:33","date_gmt":"2022-10-25T16:19:33","guid":{"rendered":"https:\/\/agora.xtec.cat\/ceip-amadeuvives\/?page_id=542"},"modified":"2025-07-11T09:51:41","modified_gmt":"2025-07-11T07:51:41","slug":"nofc","status":"publish","type":"page","link":"https:\/\/agora.xtec.cat\/ceip-amadeuvives\/projecte-educatiu\/nofc\/","title":{"rendered":"Normes &#8211; NOFC"},"content":{"rendered":"<div>\n<h4 id=\"h.p_zPzxk6EFMQ9C\" class=\"zfr3Q duRjpb\" style=\"text-align: center;\">NOFC &#8211; Normes d&#8217;Organitzaci\u00f3 i Funcionament de Centre<\/h4>\n<\/div>\n<div class=\"CjVfdc CJIdie\">Les<strong> NOFC<\/strong> contenen els elements relacionats amb l&#8217;estructura organitzativa del centre: els <strong>criteris organitzatius,\u00a0<\/strong><strong>pedag\u00f2gics i de funcionament del centre<\/strong>, aix\u00ed com la regulaci\u00f3 dels mecanismes de participaci\u00f3 de la comunitat escolar en la vida del centre, la concreci\u00f3 de les mesures reguladores de la conviv\u00e8ncia, els procediments a seguir en cas de queixes i altres mesures que faciliten el funcionament de l&#8217;escola.<\/div>\n<div><\/div>\n<div>\n<section id=\"h.p_AM0FVi1dNIOz\" class=\"yaqOZd qeLZfd\">\n<div class=\"mYVXT\">\n<div class=\"LS81yb VICjCf\" tabindex=\"-1\">\n<div class=\"hJDwNd-AhqUyc-uQSCkd purZT-AhqUyc-II5mzb pSzOP-AhqUyc-qWD73c JNdkSc\">\n<div class=\"JNdkSc-SmKAyb\">\n<div class=\"\">\n<div class=\"oKdM2c Kzv0Me\">\n<div id=\"h.p_HAysKNB6NIOv\" class=\"hJDwNd-AhqUyc-uQSCkd jXK9ad D2fZ2 OjCsFc wHaque GNzUNc\">\n<div class=\"jXK9ad-SmKAyb\">\n<div class=\"tyJCtd mGzaTb baZpAe\">\n<div class=\"CjVfdc\">.<\/div>\n<\/div>\n<\/div>\n<\/div>\n<\/div>\n<\/div>\n<\/div>\n<\/div>\n<\/div>\n<\/div>\n<\/section>\n<section id=\"h.p_kHLpDM3oNJQ8\" class=\"yaqOZd\">\n<div class=\"mYVXT\">\n<div class=\"LS81yb VICjCf\" tabindex=\"-1\">\n<div class=\"hJDwNd-AhqUyc-uQSCkd purZT-AhqUyc-II5mzb pSzOP-AhqUyc-qWD73c JNdkSc\">\n<div class=\"JNdkSc-SmKAyb\">\n<div class=\"\">\n<div class=\"oKdM2c Kzv0Me\">\n<div id=\"h.p_5eRFZ8c4NJQ3\" class=\"hJDwNd-AhqUyc-uQSCkd jXK9ad D2fZ2 OjCsFc wHaque GNzUNc\">\n<div class=\"jXK9ad-SmKAyb\">\n<div class=\"tyJCtd mGzaTb baZpAe\">\n<div class=\"PPhIP rviiZ\">\n<div class=\"U26fgb mUbCce fKz7Od LRAOtb rm120e\" role=\"presentation\" aria-describedby=\"h.p_0jALTjTONJQ6\" aria-label=\"Copia l'enlla\u00e7 del t\u00edtol\" aria-disabled=\"false\" data-tooltip=\"Copia l'enlla\u00e7 del t\u00edtol\" aria-hidden=\"true\" data-tooltip-position=\"top\" data-tooltip-vertical-offset=\"12\" data-tooltip-horizontal-offset=\"0\">\n<div class=\"VTBa7b MbhUzd\"><\/div>\n<\/div>\n<\/div>\n<h5 class=\"CjVfdc\" style=\"text-align: center;\"><a href=\"https:\/\/drive.google.com\/file\/d\/16ezdtREhwf_prCxMShVDDyfG7X-rY3cO\/view?usp=sharing\">NORMES D&#8217;ORGANITZACI\u00d3 I FUNCIONAMENT DE CENTRE<\/a><\/h5>\n<p style=\"text-align: center;\">El Consell Escolar va aprovar aquest document en la sessi\u00f3 del 27 de juny del 2025<\/p>\n<\/div>\n<\/div>\n<\/div>\n<\/div>\n<\/div>\n<\/div>\n<\/div>\n<\/div>\n<\/div>\n<\/section>\n<\/div>\n","protected":false},"excerpt":{"rendered":"<p>NOFC &#8211; Normes d&#8217;Organitzaci\u00f3 i Funcionament de Centre<\/p>\n<p>Les NOFC contenen els elements relacionats amb l&#8217;estructura organitzativa del centre: els criteris organitzatius,\u00a0pedag\u00f2gics i de funcionament del centre, aix\u00ed com la regulaci\u00f3 dels mecanismes de participaci\u00f3 de la comunitat escolar en la vida del centre, la concreci\u00f3&hellip;  <a href=\"https:\/\/agora.xtec.cat\/ceip-amadeuvives\/projecte-educatiu\/nofc\/\" title=\"Read Normes &#8211; NOFC\">Llegeix m\u00e9s\u00bb<\/a><\/p>\n","protected":false},"author":1,"featured_media":0,"parent":64,"menu_order":0,"comment_status":"closed","ping_status":"closed","template":"page-templates\/side-menu.php","meta":{"_bbp_topic_count":0,"_bbp_reply_count":0,"_bbp_total_topic_count":0,"_bbp_total_reply_count":0,"_bbp_voice_count":0,"_bbp_anonymous_reply_count":0,"_bbp_topic_count_hidden":0,"_bbp_reply_count_hidden":0,"_bbp_forum_subforum_count":0,"footnotes":""},"class_list":["post-542","page","type-page","status-publish","hentry"],"post_mailing_queue_ids":[],"_links":{"self":[{"href":"https:\/\/agora.xtec.cat\/ceip-amadeuvives\/wp-json\/wp\/v2\/pages\/542","targetHints":{"allow":["GET"]}}],"collection":[{"href":"https:\/\/agora.xtec.cat\/ceip-amadeuvives\/wp-json\/wp\/v2\/pages"}],"about":[{"href":"https:\/\/agora.xtec.cat\/ceip-amadeuvives\/wp-json\/wp\/v2\/types\/page"}],"author":[{"embeddable":true,"href":"https:\/\/agora.xtec.cat\/ceip-amadeuvives\/wp-json\/wp\/v2\/users\/1"}],"replies":[{"embeddable":true,"href":"https:\/\/agora.xtec.cat\/ceip-amadeuvives\/wp-json\/wp\/v2\/comments?post=542"}],"version-history":[{"count":7,"href":"https:\/\/agora.xtec.cat\/ceip-amadeuvives\/wp-json\/wp\/v2\/pages\/542\/revisions"}],"predecessor-version":[{"id":5013,"href":"https:\/\/agora.xtec.cat\/ceip-amadeuvives\/wp-json\/wp\/v2\/pages\/542\/revisions\/5013"}],"up":[{"embeddable":true,"href":"https:\/\/agora.xtec.cat\/ceip-amadeuvives\/wp-json\/wp\/v2\/pages\/64"}],"wp:attachment":[{"href":"https:\/\/agora.xtec.cat\/ceip-amadeuvives\/wp-json\/wp\/v2\/media?parent=542"}],"curies":[{"name":"wp","href":"https:\/\/api.w.org\/{rel}","templated":true}]}}