{"id":531,"date":"2020-04-08T12:58:50","date_gmt":"2020-04-08T10:58:50","guid":{"rendered":"https:\/\/agora.xtec.cat\/ceip-amadeuvives\/?page_id=531"},"modified":"2020-04-08T13:02:43","modified_gmt":"2020-04-08T11:02:43","slug":"fonaments-metodologics","status":"publish","type":"page","link":"https:\/\/agora.xtec.cat\/ceip-amadeuvives\/projecte-educatiu\/fonaments-metodologics\/","title":{"rendered":"Fonaments metodol\u00f2gics"},"content":{"rendered":"<h5 style=\"text-align: center;\"><\/h5>\n<p>L&#8217;escola intenta abastar els diferents aspectes que integren la personalitat dels alumnes i posa els mitjans per potenciar-los:<\/p>\n<ul style=\"list-style-type: square;\">\n<li>Fomenta una educaci\u00f3 moral basada en la solidaritat, el respecte als altres i a si mateixos, el sentit de la llibertat lligat al de responsabilitat i el gust per la feina ben feta.<\/li>\n<li>S&#8217;esfor\u00e7a en esdevenir un medi ric i estimulant per aconseguir el ple desenvolupament de la personalitat dels alumnes i de totes les seves potencialitats.<\/li>\n<li>Ofereix un ensenyament exigent i actiu, fomentant l&#8217;esfor\u00e7, la iniciativa i el treball personal i en equip.<\/li>\n<li>Respecta el desenvolupament de la personalitat dels alumnes, d&#8217;acord amb les seves capacitats i es procura el seguiment individual de cadascun d&#8217;ells.<\/li>\n<li>Fomenta els valors de la cooperaci\u00f3 en lloc de la competici\u00f3.<\/li>\n<li>Es mant\u00e9 oberta a tots aquells canvis metodol\u00f2gics que, un cop analitzats cr\u00edticament, puguin millorar-la i potenciar-la.<\/li>\n<li>Posa els aven\u00e7os tecnol\u00f2gics al servei de l&#8217;educaci\u00f3 i prepara l&#8217;alumnat ensenyant-lo a comprendre i tenir una actitud cr\u00edtica davant les noves formes d&#8217;expressi\u00f3 habituals a la nostra societat.<\/li>\n<li>Projecta l&#8217;educaci\u00f3 m\u00e9s enll\u00e0 de l&#8217;aula a trav\u00e9s de m\u00faltiples activitats formatives que ajuden a l&#8217;alumne a obrir-se a un m\u00f3n de dimensions cada dia m\u00e9s \u00e0mplies i a prendre part en iniciatives socials.<\/li>\n<\/ul>\n","protected":false},"excerpt":{"rendered":"<p>L&#8217;escola intenta abastar els diferents aspectes que integren la personalitat dels alumnes i posa els mitjans per potenciar-los:<\/p>\n<ul style=\"list-style-type: square;\">\n<li>Fomenta una educaci\u00f3 moral basada en la solidaritat, el respecte als altres i a si mateixos, el sentit de la llibertat lligat al de responsabilitat i&hellip;  <a href=\"https:\/\/agora.xtec.cat\/ceip-amadeuvives\/projecte-educatiu\/fonaments-metodologics\/\" title=\"Read Fonaments metodol\u00f2gics\">Llegeix m\u00e9s\u00bb<\/a><br \/>\n","protected":false},"author":1,"featured_media":0,"parent":64,"menu_order":0,"comment_status":"closed","ping_status":"closed","template":"page-templates\/side-menu.php","meta":{"_bbp_topic_count":0,"_bbp_reply_count":0,"_bbp_total_topic_count":0,"_bbp_total_reply_count":0,"_bbp_voice_count":0,"_bbp_anonymous_reply_count":0,"_bbp_topic_count_hidden":0,"_bbp_reply_count_hidden":0,"_bbp_forum_subforum_count":0,"footnotes":""},"class_list":["post-531","page","type-page","status-publish","hentry"],"post_mailing_queue_ids":[],"_links":{"self":[{"href":"https:\/\/agora.xtec.cat\/ceip-amadeuvives\/wp-json\/wp\/v2\/pages\/531","targetHints":{"allow":["GET"]}}],"collection":[{"href":"https:\/\/agora.xtec.cat\/ceip-amadeuvives\/wp-json\/wp\/v2\/pages"}],"about":[{"href":"https:\/\/agora.xtec.cat\/ceip-amadeuvives\/wp-json\/wp\/v2\/types\/page"}],"author":[{"embeddable":true,"href":"https:\/\/agora.xtec.cat\/ceip-amadeuvives\/wp-json\/wp\/v2\/users\/1"}],"replies":[{"embeddable":true,"href":"https:\/\/agora.xtec.cat\/ceip-amadeuvives\/wp-json\/wp\/v2\/comments?post=531"}],"version-history":[{"count":3,"href":"https:\/\/agora.xtec.cat\/ceip-amadeuvives\/wp-json\/wp\/v2\/pages\/531\/revisions"}],"predecessor-version":[{"id":536,"href":"https:\/\/agora.xtec.cat\/ceip-amadeuvives\/wp-json\/wp\/v2\/pages\/531\/revisions\/536"}],"up":[{"embeddable":true,"href":"https:\/\/agora.xtec.cat\/ceip-amadeuvives\/wp-json\/wp\/v2\/pages\/64"}],"wp:attachment":[{"href":"https:\/\/agora.xtec.cat\/ceip-amadeuvives\/wp-json\/wp\/v2\/media?parent=531"}],"curies":[{"name":"wp","href":"https:\/\/api.w.org\/{rel}","templated":true}]}}