{"id":36,"date":"2021-09-30T14:52:11","date_gmt":"2021-09-30T12:52:11","guid":{"rendered":"http:\/\/agora.xtec.cat\/ceip-amadeuvives\/?page_id=36"},"modified":"2025-09-10T17:12:52","modified_gmt":"2025-09-10T15:12:52","slug":"material-escolar","status":"publish","type":"page","link":"https:\/\/agora.xtec.cat\/ceip-amadeuvives\/curs-2022-23\/material-escolar\/","title":{"rendered":"Material escolar &#8211; QUOTES CURS 2025-26"},"content":{"rendered":"<p><strong>QUOTES CURS ESCOLAR 2025-26 &#8211; MATERIAL DID\u00c0CTIC, LLIBRES\u00a0 SOCIALITZATS, ACTIVITATS I SORTIDES &#8211;\u00a0\u00a0<\/strong><\/p>\n<table style=\"height: 115px; width: 42.8701%;\">\n<tbody>\n<tr style=\"height: 31px;\">\n<td style=\"height: 31px; width: 45.7512%;\"><strong>NIVELL<\/strong><\/td>\n<td style=\"height: 31px; width: 1.69205%; text-align: center;\"><strong>I3<\/strong><\/td>\n<td style=\"height: 31px; width: 8.4317%; text-align: center;\"><strong>I4<\/strong><\/td>\n<td style=\"height: 31px; width: 8.4317%; text-align: center;\"><strong>I5<\/strong><\/td>\n<td style=\"height: 31px; width: 8.60034%; text-align: center;\"><strong>1r<\/strong><\/td>\n<td style=\"height: 31px; width: 8.60034%; text-align: center;\"><strong>2n<\/strong><\/td>\n<td style=\"height: 31px; width: 8.60034%; text-align: center;\"><strong>3r<\/strong><\/td>\n<td style=\"height: 31px; width: 8.60034%; text-align: center;\"><strong>4t<\/strong><\/td>\n<td style=\"height: 31px; width: 8.60034%; text-align: center;\"><strong>5\u00e8<\/strong><\/td>\n<td style=\"height: 31px; width: 8.60034%; text-align: center;\"><strong>6\u00e8<\/strong><\/td>\n<\/tr>\n<tr style=\"height: 53px;\">\n<td style=\"height: 53px; width: 45.7512%;\"><strong>Quota material: <\/strong><strong>Curs 25-26<\/strong><\/td>\n<td style=\"height: 53px; width: 1.69205%; text-align: center;\">115\u20ac<\/td>\n<td style=\"height: 53px; width: 8.4317%; text-align: center;\">115\u20ac<\/td>\n<td style=\"height: 53px; width: 8.4317%; text-align: center;\">115\u20ac<\/td>\n<td style=\"height: 53px; width: 8.60034%; text-align: center;\">165\u20ac<\/td>\n<td style=\"height: 53px; width: 8.60034%; text-align: center;\">165\u20ac<\/td>\n<td style=\"height: 53px; width: 8.60034%; text-align: center;\">165\u20ac<\/td>\n<td style=\"height: 53px; width: 8.60034%; text-align: center;\">165\u20ac<\/td>\n<td style=\"height: 53px; width: 8.60034%; text-align: center;\">165\u20ac<\/td>\n<td style=\"height: 53px; width: 8.60034%; text-align: center;\">165\u20ac<\/td>\n<\/tr>\n<tr>\n<td style=\"width: 45.7512%;\"><strong>Quota sortides: Curs 25-26 *<\/strong><\/td>\n<td style=\"width: 1.69205%; text-align: center;\">50\u20ac<\/td>\n<td style=\"width: 8.4317%; text-align: center;\">50\u20ac<\/td>\n<td style=\"width: 8.4317%; text-align: center;\">50\u20ac<\/td>\n<td style=\"width: 8.60034%; text-align: center;\">50\u20ac<\/td>\n<td style=\"width: 8.60034%; text-align: center;\">50\u20ac<\/td>\n<td style=\"width: 8.60034%; text-align: center;\">50\u20ac<\/td>\n<td style=\"width: 8.60034%; text-align: center;\">50\u20ac<\/td>\n<td style=\"width: 8.60034%; text-align: center;\">50\u20ac<\/td>\n<td style=\"width: 8.60034%; text-align: center;\">50\u20ac<\/td>\n<\/tr>\n<\/tbody>\n<\/table>\n<p><strong>\u00a0*Durant el curs 2025-26 comptem amb subvenci\u00f3 PROA+, per tant la quota d&#8217;activitats i sortides \u00e9s m\u00e9s redu\u00efda<\/strong><\/p>\n","protected":false},"excerpt":{"rendered":"<p>QUOTES CURS ESCOLAR 2025-26 &#8211; MATERIAL DID\u00c0CTIC, LLIBRES\u00a0 SOCIALITZATS, ACTIVITATS I SORTIDES &#8211;\u00a0\u00a0<\/p>\n<p>NIVELL<br \/>\nI3<br \/>\nI4<br \/>\nI5<br \/>\n1r<br \/>\n2n<br \/>\n3r<br \/>\n4t<br \/>\n5\u00e8<br \/>\n6\u00e8<\/p>\n<p>Quota material: Curs 25-26<br \/>\n115\u20ac<br \/>\n115\u20ac<br \/>\n115\u20ac<br \/>\n165\u20ac<br \/>\n165\u20ac<br \/>\n165\u20ac<br \/>\n165\u20ac<br \/>\n165\u20ac<br \/>\n165\u20ac<\/p>\n<p>Quota sortides: Curs 25-26 *<br \/>\n50\u20ac<br \/>\n50\u20ac<br \/>\n50\u20ac<br \/>\n50\u20ac<br \/>\n50\u20ac<br \/>\n50\u20ac<br \/>\n50\u20ac<br \/>\n50\u20ac<br \/>\n50\u20ac<\/p>\n<p>\u00a0*Durant el curs 2025-26 comptem amb subvenci\u00f3 PROA+, per tant la quota d&#8217;activitats i sortides \u00e9s m\u00e9s redu\u00efda<\/p>\n","protected":false},"author":1,"featured_media":0,"parent":552,"menu_order":70,"comment_status":"closed","ping_status":"closed","template":"page-templates\/side-menu.php","meta":{"_bbp_topic_count":0,"_bbp_reply_count":0,"_bbp_total_topic_count":0,"_bbp_total_reply_count":0,"_bbp_voice_count":0,"_bbp_anonymous_reply_count":0,"_bbp_topic_count_hidden":0,"_bbp_reply_count_hidden":0,"_bbp_forum_subforum_count":0,"footnotes":""},"class_list":["post-36","page","type-page","status-publish","hentry"],"post_mailing_queue_ids":[],"_links":{"self":[{"href":"https:\/\/agora.xtec.cat\/ceip-amadeuvives\/wp-json\/wp\/v2\/pages\/36","targetHints":{"allow":["GET"]}}],"collection":[{"href":"https:\/\/agora.xtec.cat\/ceip-amadeuvives\/wp-json\/wp\/v2\/pages"}],"about":[{"href":"https:\/\/agora.xtec.cat\/ceip-amadeuvives\/wp-json\/wp\/v2\/types\/page"}],"author":[{"embeddable":true,"href":"https:\/\/agora.xtec.cat\/ceip-amadeuvives\/wp-json\/wp\/v2\/users\/1"}],"replies":[{"embeddable":true,"href":"https:\/\/agora.xtec.cat\/ceip-amadeuvives\/wp-json\/wp\/v2\/comments?post=36"}],"version-history":[{"count":7,"href":"https:\/\/agora.xtec.cat\/ceip-amadeuvives\/wp-json\/wp\/v2\/pages\/36\/revisions"}],"predecessor-version":[{"id":5029,"href":"https:\/\/agora.xtec.cat\/ceip-amadeuvives\/wp-json\/wp\/v2\/pages\/36\/revisions\/5029"}],"up":[{"embeddable":true,"href":"https:\/\/agora.xtec.cat\/ceip-amadeuvives\/wp-json\/wp\/v2\/pages\/552"}],"wp:attachment":[{"href":"https:\/\/agora.xtec.cat\/ceip-amadeuvives\/wp-json\/wp\/v2\/media?parent=36"}],"curies":[{"name":"wp","href":"https:\/\/api.w.org\/{rel}","templated":true}]}}