{"id":34,"date":"2021-09-29T16:11:18","date_gmt":"2021-09-29T14:11:18","guid":{"rendered":"http:\/\/agora.xtec.cat\/ceip-amadeuvives\/?page_id=34"},"modified":"2024-02-03T14:57:21","modified_gmt":"2024-02-03T13:57:21","slug":"oferta-educativa","status":"publish","type":"page","link":"https:\/\/agora.xtec.cat\/ceip-amadeuvives\/lescola\/oferta-educativa\/","title":{"rendered":"Oferta educativa"},"content":{"rendered":"<p>Estudis de 3 a 12 anys: Compren el <strong>2n cicle d&#8217;Educaci\u00f3 Infantil<\/strong> i <strong>Educaci\u00f3 Prim\u00e0ria<\/strong><\/p>\n<p>L&#8217;escola ofereix <strong>9 nivells<\/strong>: 3 d&#8217;Ed. Infantil i 6 d&#8217;Ed. Prim\u00e0ria, amb 2 l\u00ednies autoritzades a cada nivell.<\/p>\n<table>\n<tbody>\n<tr>\n<td style=\"text-align: center;\"><strong>EDUCACI\u00d3 INFANTIL<\/strong><\/td>\n<td style=\"text-align: center;\"><strong>EDUCACI\u00d3 PRIM\u00c0RIA<\/strong><\/td>\n<\/tr>\n<tr>\n<td style=\"text-align: center;\">6 grups<\/td>\n<td style=\"text-align: center;\">12 grups<\/td>\n<\/tr>\n<\/tbody>\n<\/table>\n","protected":false},"excerpt":{"rendered":"<p>Estudis de 3 a 12 anys: Compren el 2n cicle d&#8217;Educaci\u00f3 Infantil i Educaci\u00f3 Prim\u00e0ria<br \/>\nL&#8217;escola ofereix 9 nivells: 3 d&#8217;Ed. Infantil i 6 d&#8217;Ed. Prim\u00e0ria, amb 2 l\u00ednies autoritzades a cada nivell.<\/p>\n<p>EDUCACI\u00d3 INFANTIL<br \/>\nEDUCACI\u00d3 PRIM\u00c0RIA<\/p>\n<p>6 grups<br \/>\n12 grups<\/p>\n","protected":false},"author":1,"featured_media":0,"parent":22,"menu_order":60,"comment_status":"closed","ping_status":"closed","template":"page-templates\/side-menu.php","meta":{"_bbp_topic_count":0,"_bbp_reply_count":0,"_bbp_total_topic_count":0,"_bbp_total_reply_count":0,"_bbp_voice_count":0,"_bbp_anonymous_reply_count":0,"_bbp_topic_count_hidden":0,"_bbp_reply_count_hidden":0,"_bbp_forum_subforum_count":0,"footnotes":""},"class_list":["post-34","page","type-page","status-publish","hentry"],"post_mailing_queue_ids":[],"_links":{"self":[{"href":"https:\/\/agora.xtec.cat\/ceip-amadeuvives\/wp-json\/wp\/v2\/pages\/34","targetHints":{"allow":["GET"]}}],"collection":[{"href":"https:\/\/agora.xtec.cat\/ceip-amadeuvives\/wp-json\/wp\/v2\/pages"}],"about":[{"href":"https:\/\/agora.xtec.cat\/ceip-amadeuvives\/wp-json\/wp\/v2\/types\/page"}],"author":[{"embeddable":true,"href":"https:\/\/agora.xtec.cat\/ceip-amadeuvives\/wp-json\/wp\/v2\/users\/1"}],"replies":[{"embeddable":true,"href":"https:\/\/agora.xtec.cat\/ceip-amadeuvives\/wp-json\/wp\/v2\/comments?post=34"}],"version-history":[{"count":5,"href":"https:\/\/agora.xtec.cat\/ceip-amadeuvives\/wp-json\/wp\/v2\/pages\/34\/revisions"}],"predecessor-version":[{"id":4195,"href":"https:\/\/agora.xtec.cat\/ceip-amadeuvives\/wp-json\/wp\/v2\/pages\/34\/revisions\/4195"}],"up":[{"embeddable":true,"href":"https:\/\/agora.xtec.cat\/ceip-amadeuvives\/wp-json\/wp\/v2\/pages\/22"}],"wp:attachment":[{"href":"https:\/\/agora.xtec.cat\/ceip-amadeuvives\/wp-json\/wp\/v2\/media?parent=34"}],"curies":[{"name":"wp","href":"https:\/\/api.w.org\/{rel}","templated":true}]}}