{"id":30,"date":"2014-09-18T12:30:23","date_gmt":"2014-09-18T11:30:23","guid":{"rendered":"http:\/\/agora.xtec.cat\/ceip-amadeuvives\/?page_id=30"},"modified":"2020-04-07T12:00:11","modified_gmt":"2020-04-07T10:00:11","slug":"instal%c2%b7lacions","status":"publish","type":"page","link":"https:\/\/agora.xtec.cat\/ceip-amadeuvives\/lescola\/instal%c2%b7lacions\/","title":{"rendered":"Instal\u00b7lacions"},"content":{"rendered":"<p id=\"h.p_ID_32\" class=\"zfr3Q\">L&#8217;escola compta amb els seg\u00fcents equipaments:<\/p>\n<p id=\"h.p_ID_34\" class=\"zfr3Q\"><em><strong>Aulari d&#8217;Educaci\u00f3 Infantil<\/strong><\/em>: Es tracta de 7 aules ordin\u00e0ries, de les quals 4 disposen de WC i aig\u00fcera dins la mateixa aula, i un aula de refor\u00e7 per al treball en grups redu\u00efts. Tamb\u00e9 disposem d&#8217;un aula de Racons de joc simb\u00f2lic amb espais diferenciats com s\u00f3n el rac\u00f3 de la casa\/cuineta, el rac\u00f3 de la botiga, el rac\u00f3 dels cotxes, el rac\u00f3 de les nines, el rac\u00f3 del metge, rac\u00f3 de les disfresses i el rac\u00f3 medieval.<\/p>\n<p id=\"h.p_ID_36\" class=\"zfr3Q\"><em><strong>Aulari d&#8217;Educaci\u00f3 Prim\u00e0ria<\/strong><\/em>: Compost per 14 aules ordin\u00e0ries, dues per a cada nivell des del primer fins al sis\u00e8 curs, totes equipades amb PDI, i dues aules de refor\u00e7, situades a la segona planta del centre. Tamb\u00e9 disposem de quatre aules petites per fer atenci\u00f3 a la diversitat amb petit grups.<\/p>\n<p id=\"h.p_ID_38\" class=\"zfr3Q\">Tamb\u00e9 comptem amb espais d&#8217;\u00fas com\u00fa com s\u00f3n la <em><strong>biblioteca<\/strong><\/em>,l&#8217;<em><strong>aula d&#8217;inform\u00e0tica<\/strong><\/em> dotada amb una vintena de PC&#8217;s amb connexi\u00f3 a Internet per cable, dues impressores l\u00e0ser (color i blanc i negre), la qual cosa permet que els i les alumnes disposin d&#8217;un ordinador per a cadasc\u00fa i, en alguns casos, puguin treballar per parelles. D&#8217;altra banda, tenim l&#8217;<em><strong>aula de m\u00fasica<\/strong><\/em>, on s&#8217;imparteixen les sessions dedicades a aquesta mat\u00e8ria i que compta amb una gran varietat d&#8217;instruments, incl\u00f2s un piano. A la primera planta tamb\u00e9 s&#8217;ubica una <em><strong>sala d&#8217;usos m\u00faltiples<\/strong><\/em>, equipada amb PC i can\u00f3 de projecci\u00f3. Altres espais s\u00f3n el <em><strong>gimn\u00e0s<\/strong><\/em>, la<em><strong> sala de psicomotricitat<\/strong><\/em>, el <em><strong>menjador<\/strong><\/em> i els <em><strong>dos patis<\/strong><\/em>, diferenciats per als alumnes de prim\u00e0ria i d&#8217;infantil. La zona de jocs del m\u00e9s petits disposa de tobogan, gronxadors, caseta de jocs aix\u00ed com galledes, pales, sedasos, camions, bolquets i jocs de pati que fan de l&#8217;esbarjo un moment de diversi\u00f3.<\/p>\n<p>&nbsp;<\/p>\n","protected":false},"excerpt":{"rendered":"<p>L&#8217;escola compta amb els seg\u00fcents equipaments:<br \/>\nAulari d&#8217;Educaci\u00f3 Infantil: Es tracta de 7 aules ordin\u00e0ries, de les quals 4 disposen de WC i aig\u00fcera dins la mateixa aula, i un aula de refor\u00e7 per al treball en grups redu\u00efts. Tamb\u00e9 disposem d&#8217;un aula de Racons de&hellip;  <a href=\"https:\/\/agora.xtec.cat\/ceip-amadeuvives\/lescola\/instal%c2%b7lacions\/\" title=\"Read Instal\u00b7lacions\">Llegeix m\u00e9s\u00bb<\/a><\/p>\n","protected":false},"author":1,"featured_media":0,"parent":22,"menu_order":40,"comment_status":"closed","ping_status":"closed","template":"page-templates\/side-menu.php","meta":{"_bbp_topic_count":0,"_bbp_reply_count":0,"_bbp_total_topic_count":0,"_bbp_total_reply_count":0,"_bbp_voice_count":0,"_bbp_anonymous_reply_count":0,"_bbp_topic_count_hidden":0,"_bbp_reply_count_hidden":0,"_bbp_forum_subforum_count":0,"footnotes":""},"class_list":["post-30","page","type-page","status-publish","hentry"],"post_mailing_queue_ids":[],"_links":{"self":[{"href":"https:\/\/agora.xtec.cat\/ceip-amadeuvives\/wp-json\/wp\/v2\/pages\/30","targetHints":{"allow":["GET"]}}],"collection":[{"href":"https:\/\/agora.xtec.cat\/ceip-amadeuvives\/wp-json\/wp\/v2\/pages"}],"about":[{"href":"https:\/\/agora.xtec.cat\/ceip-amadeuvives\/wp-json\/wp\/v2\/types\/page"}],"author":[{"embeddable":true,"href":"https:\/\/agora.xtec.cat\/ceip-amadeuvives\/wp-json\/wp\/v2\/users\/1"}],"replies":[{"embeddable":true,"href":"https:\/\/agora.xtec.cat\/ceip-amadeuvives\/wp-json\/wp\/v2\/comments?post=30"}],"version-history":[{"count":1,"href":"https:\/\/agora.xtec.cat\/ceip-amadeuvives\/wp-json\/wp\/v2\/pages\/30\/revisions"}],"predecessor-version":[{"id":482,"href":"https:\/\/agora.xtec.cat\/ceip-amadeuvives\/wp-json\/wp\/v2\/pages\/30\/revisions\/482"}],"up":[{"embeddable":true,"href":"https:\/\/agora.xtec.cat\/ceip-amadeuvives\/wp-json\/wp\/v2\/pages\/22"}],"wp:attachment":[{"href":"https:\/\/agora.xtec.cat\/ceip-amadeuvives\/wp-json\/wp\/v2\/media?parent=30"}],"curies":[{"name":"wp","href":"https:\/\/api.w.org\/{rel}","templated":true}]}}