{"id":26,"date":"2014-09-18T12:24:32","date_gmt":"2014-09-18T11:24:32","guid":{"rendered":"http:\/\/agora.xtec.cat\/ceip-amadeuvives\/?page_id=26"},"modified":"2020-04-07T11:55:14","modified_gmt":"2020-04-07T09:55:14","slug":"historia","status":"publish","type":"page","link":"https:\/\/agora.xtec.cat\/ceip-amadeuvives\/lescola\/historia\/","title":{"rendered":"Hist\u00f2ria"},"content":{"rendered":"<p id=\"h.p_ID_32\" class=\"zfr3Q\">El <strong>CEIP Amadeu Vives<\/strong>, tal i com avui el coneixem, va n\u00e9ixer l&#8217;any 1995 arran de la fusi\u00f3 de dos dels centres educatius de la zona: el Col\u00b7legi P\u00fablic Amadeu Vives i el Col\u00b7legi P\u00fablic Les Termes. El 14 de Gener d&#8217;aquell any, el President de la Generalitat Jordi Pujol va oficialitzar l&#8217;acte d&#8217;inauguraci\u00f3 del centre.<\/p>\n<p id=\"h.p_ID_34\" class=\"zfr3Q\">L&#8217;edifici en el qual es troba situada l&#8217;escola actualment va ser fruit de la renovaci\u00f3 de la f\u00e0brica\u00a0<strong>El Vapor de Ca l&#8217;Escap\u00e7at<\/strong>, la qual estava formada per una s\u00e8rie de naus amb una xemeneia de 38 metres d&#8217;al\u00e7ada que dominava el seu conjunt. De l&#8217;antiga f\u00e0brica, dedicada a la ind\u00fastria del t\u00e8xtil i constru\u00efda en la segona d\u00e8cada del Segle XX, \u00fanicament se&#8217;n va conservar la gran nau i la xemeneia central. Aquesta rehabilitaci\u00f3 de l&#8217;edifici va guanyar, l&#8217;any 1996 el Premi Bonaplata que s&#8217;atorga cada dos anys a la millor recuperaci\u00f3 del Patrimoni Arquitect\u00f2nic Industrial Catal\u00e0.<\/p>\n","protected":false},"excerpt":{"rendered":"<p>El CEIP Amadeu Vives, tal i com avui el coneixem, va n\u00e9ixer l&#8217;any 1995 arran de la fusi\u00f3 de dos dels centres educatius de la zona: el Col\u00b7legi P\u00fablic Amadeu Vives i el Col\u00b7legi P\u00fablic Les Termes. El 14 de Gener d&#8217;aquell any, el President&hellip;  <a href=\"https:\/\/agora.xtec.cat\/ceip-amadeuvives\/lescola\/historia\/\" title=\"Read Hist\u00f2ria\">Llegeix m\u00e9s\u00bb<\/a><\/p>\n","protected":false},"author":1,"featured_media":0,"parent":22,"menu_order":20,"comment_status":"closed","ping_status":"closed","template":"page-templates\/side-menu.php","meta":{"_bbp_topic_count":0,"_bbp_reply_count":0,"_bbp_total_topic_count":0,"_bbp_total_reply_count":0,"_bbp_voice_count":0,"_bbp_anonymous_reply_count":0,"_bbp_topic_count_hidden":0,"_bbp_reply_count_hidden":0,"_bbp_forum_subforum_count":0,"footnotes":""},"class_list":["post-26","page","type-page","status-publish","hentry"],"post_mailing_queue_ids":[],"_links":{"self":[{"href":"https:\/\/agora.xtec.cat\/ceip-amadeuvives\/wp-json\/wp\/v2\/pages\/26","targetHints":{"allow":["GET"]}}],"collection":[{"href":"https:\/\/agora.xtec.cat\/ceip-amadeuvives\/wp-json\/wp\/v2\/pages"}],"about":[{"href":"https:\/\/agora.xtec.cat\/ceip-amadeuvives\/wp-json\/wp\/v2\/types\/page"}],"author":[{"embeddable":true,"href":"https:\/\/agora.xtec.cat\/ceip-amadeuvives\/wp-json\/wp\/v2\/users\/1"}],"replies":[{"embeddable":true,"href":"https:\/\/agora.xtec.cat\/ceip-amadeuvives\/wp-json\/wp\/v2\/comments?post=26"}],"version-history":[{"count":1,"href":"https:\/\/agora.xtec.cat\/ceip-amadeuvives\/wp-json\/wp\/v2\/pages\/26\/revisions"}],"predecessor-version":[{"id":479,"href":"https:\/\/agora.xtec.cat\/ceip-amadeuvives\/wp-json\/wp\/v2\/pages\/26\/revisions\/479"}],"up":[{"embeddable":true,"href":"https:\/\/agora.xtec.cat\/ceip-amadeuvives\/wp-json\/wp\/v2\/pages\/22"}],"wp:attachment":[{"href":"https:\/\/agora.xtec.cat\/ceip-amadeuvives\/wp-json\/wp\/v2\/media?parent=26"}],"curies":[{"name":"wp","href":"https:\/\/api.w.org\/{rel}","templated":true}]}}